{"id":1791,"date":"2023-11-30T00:33:49","date_gmt":"2023-11-29T23:33:49","guid":{"rendered":"https:\/\/www.marronglace.com\/privacy-policy\/"},"modified":"2024-02-02T13:52:21","modified_gmt":"2024-02-02T12:52:21","slug":"privacy-policy","status":"publish","type":"page","link":"https:\/\/www.marronglace.com\/en\/privacy-policy\/","title":{"rendered":"Privacy Policy"},"content":{"rendered":"\t\t<div data-elementor-type=\"wp-page\" data-elementor-id=\"1791\" class=\"elementor elementor-1791 elementor-1215\" data-elementor-post-type=\"page\">\n\t\t\t\t\t\t<section class=\"elementor-section elementor-top-section elementor-element elementor-element-e2fe833 elementor-section-boxed elementor-section-height-default elementor-section-height-default\" data-id=\"e2fe833\" data-element_type=\"section\" data-e-type=\"section\">\n\t\t\t\t\t\t<div class=\"elementor-container elementor-column-gap-default\">\n\t\t\t\t\t<div class=\"elementor-column elementor-col-100 elementor-top-column elementor-element elementor-element-16bcb47\" data-id=\"16bcb47\" data-element_type=\"column\" data-e-type=\"column\">\n\t\t\t<div class=\"elementor-widget-wrap elementor-element-populated\">\n\t\t\t\t\t\t<div class=\"elementor-element elementor-element-0dbc8ec elementor-widget elementor-widget-heading\" data-id=\"0dbc8ec\" data-element_type=\"widget\" data-e-type=\"widget\" data-widget_type=\"heading.default\">\n\t\t\t\t<div class=\"elementor-widget-container\">\n\t\t\t\t\t<h2 class=\"elementor-heading-title elementor-size-default\">Privacy Policy<\/h2>\t\t\t\t<\/div>\n\t\t\t\t<\/div>\n\t\t\t\t<div class=\"elementor-element elementor-element-169c97a elementor-widget elementor-widget-text-editor\" data-id=\"169c97a\" data-element_type=\"widget\" data-e-type=\"widget\" data-widget_type=\"text-editor.default\">\n\t\t\t\t<div class=\"elementor-widget-container\">\n\t\t\t\t\t\t\t\t\t<p><span style=\"color: var( --e-global-color-text ); font-family: var( --e-global-typography-text-font-family ), Sans-serif; font-size: var( --e-global-typography-text-font-size ); font-weight: var( --e-global-typography-text-font-weight ); background-color: rgba(255, 255, 255, 0); letter-spacing: var(--the7-base-letter-spacing); text-transform: var(--the7-base-text-transform); word-spacing: normal;\">Your privacy is important to us. We recommend that you take a few minutes to read, understand and, where appropriate, accept our Privacy Policy.<\/span><\/p>\n<h3>1. Who is the data controller?<\/h3>\n<p>Cuevas y C\u00eda S.A.<br \/>Pol\u00edgono industrial San Cibrao das vi\u00f1as calle n\u00ba10 Ourense<br \/>info@marronglace.com<br \/>Phone: 988 383 822<\/p>\n<\/p>\n<h3>2. What data of yours do we process, for what purpose and how long do we keep it?<\/h3>\n<p>We process the data you have provided us with \u2013 either through purchase forms on our website or through the contact form &#8211; when:<\/p>\n<p>a) When you fill in the form to place the purchase order: name and surname, ID (only in the case of a natural person who carries out a professional activity and requests an invoice in their name), landline and\/or mobile phone, email address, town and province of residence.<\/p>\n<p>Purpose: to be able to manage the purchase order and the delivery of our products in an optimal way.<br \/>Retention: we will store your data provided that you do not expressly request its erasure. In this case, it will be deleted with the appropriate safety measures.<\/p>\n<p>b) When you request to receive our Newsletter, &#8220;Push&#8221; notifications, &#8220;Mail&#8221; notifications, &#8220;sms&#8221; notifications or any other notification about our products, services and activities: name and surname, mobile phone, email address, town, province of residence.<\/p>\n<p>Purpose: to be able to inform you about news, products and services of our brands, as well as receive alerts about opportunities and promotions that are updated.<br \/>Retention: we will store your data provided that you do not request your cancellation as a recipient of the aforementioned communications.<\/p>\n<p>c) When you give us your consent to record images\/sounds for draws, competitions or other promotions, as well as when you participate in visits to our facilities: name and surname, ID card, image (photograph and\/or video), audio, date of birth, landline number, mobile telephone number, email address and signature.<\/p>\n<p>Purpose:<br \/>\u2013 The publication of the images\/sound recordings on the company&#8217;s private Intranet<br \/>\u2013 The publication of the images\/sound recordings on social networks of Cuevas y Cia and companies of the Cuevas group.<br \/>&#8211; The publication of the images\/sound recordings in a potential magazine, blog or other corporate material\/format.<br \/>&#8211; The communication of images\/sound recordings to the media.<\/p>\n<p>Retention: we will store your data provided that you do not expressly request its erasure. In this case, it will be deleted with the appropriate safety measures.<\/p>\n<p>d) When you contact us through customer support concerning a general matter or about a particular product or service: name and surname, email address.<\/p>\n<p>Purpose: to know the opinion of our customers and resolve any type of incident either related to the product and the conditions of purchase and delivery as well as accounting\/tax matters.<br \/>Retention: we will store your data provided that you do not expressly request its erasure. In this case, it will be deleted with the appropriate safety measures.<\/p>\n<\/p>\n<h3>3. What is the legal basis that authorises Cuevas y C\u00eda, S,A. to process your data?<\/h3>\n<p>a) When you request the processing of an order for our products, we are authorised by the fact that you have given us your express and unequivocal consent.<\/p>\n<p>b) When you request to receive our Newsletter, &#8220;Push&#8221; notifications, &#8220;Mail&#8221; notifications, &#8220;sms&#8221; notifications or any other notification about our products, services and activities, we are authorised by your consent to receive this type of notification.<\/p>\n<p>c) When you participate in any image\/sound recording for draws, or other promotions or when you participate in visits to our facilities, we are authorised by the fact that you have given us your express and unequivocal consent.<\/p>\n<p>d) When you contact us through customer support concerning a general question or about a particular product or service, we are authorised by you having given us your express and unequivocal consent.<\/p>\n<\/p>\n<h3>4. Who is the recipient of your data?<\/h3>\n<p>The data you have provided us with by any of the means explained above will not be communicated to third parties except in the following cases:<\/p>\n<p>\u2013 When you request the processing of an order for our products, to third parties that provide us with support services, such as financial entities, anti-fraud entities, suppliers of technological, logistics, transport and delivery services.<\/p>\n<p>\u2013 When you participate in the recording of images\/sounds for draws, or other promotions, as well as in visits to our facilities, and you have given us express consent to communicate your data to the media.<\/p>\n<p>\u2013 When you are the recipient of our Newsletter, &#8220;Push&#8221; notifications, &#8220;Mail&#8221; notifications, &#8220;sms&#8221; notifications or any other notification about our products, services and activities and you have given us your consent to communicate your data to third parties to manage its sending.<\/p>\n<p>In no other case will your data be communicated to third parties, unless we are legally obliged to do so. This Policy will be amended as and when it becomes necessary to communicate your data to third parties in cases other than those mentioned above and provided that we have your prior express consent.<\/p>\n<\/p>\n<h3>5. What are your rights when you give us your details?<\/h3>\n<p>In your dealings with us, you have a number of rights so that you can decide and control how we use your personal data at all times. You can exercise these rights at any time and free of charge. You can contact us through any of the following channels:<\/p>\n<p>CUEVAS Y CIA S.A.<br \/>Pol. Industrial San Cibrao das vi\u00f1as, calle 1 n\u00ba 10, 32901 Ourense<br \/>info@marronglace.com<br \/>In order for us to comply with your request, we need to make sure that it is really you, so you must provide us with a copy of your identity document; we will also need you to indicate the right you wish to exercise. If your application does not meet the above requirements, we will ask you to correct it.<\/p>\n<p>In particular, you have the following rights:<\/p>\n<p>\u2013 Right to request access to your personal data<br \/>\u2013 Right to request rectification<br \/>\u2013 Right to request their erasure<br \/>\u2013 Right to request restriction of its processing<br \/>\u2013 Right to object to processing<br \/>\u2013 Right to data portability<\/p>\n<p><b>What is the right of access?<\/b><br \/>You may ask us to tell you whether or not we are using your personal data; if we are, we will also provide you with additional information such as what personal data we have about you, what we are using it for, the entities we share it with, the period during which we will retain your data, or whether we are conducting profiling, among other issues.<\/p>\n<p><b>What is the right of rectification?<\/b><br \/>You can ask us to modify some of the personal information we have about you to make it accurate and up-to-date. In any case, it is advisable that you keep the data we store about you updated at all times.<\/p>\n<p><b>What is the right of erasure?<\/b><br \/>You may ask us to delete the personal data we hold about you when it is no longer needed for the purpose for which we use it or when you withdraw your consent, if we only process it for purposes based on it.<\/p>\n<p>What is the right of restriction?<br \/>You can ask us to temporarily restrict the use of your personal data<br \/>(i) when you consider that your data is inaccurate, until we verify or update it<br \/>(ii) when we no longer need it to carry out the purposes indicated in section 2 above but you prefer that we keep it so that you can exercise or defend yourself against claims and<br \/>(iii) when you object to us using your data for any of the purposes set out in section 2 of this Privacy Policy, while we assess whether the legitimate interest we have in Ignacio de las Cuevas S.A. prevails over your right to object to us using them.<\/p>\n<p><b>What is the right of portability?<\/b><br \/>You can ask us to deliver directly to you or to deliver to another entity, whenever technically possible, a structured file, of common use and readable by a computer system, containing the personal data we have.<\/p>\n<p><b>What is the right of objection?<\/b><br \/>You may object to our use of your data for any of the purposes set out in section 2 of this Privacy Policy. We especially want to remind you that you can ask us to stop analysing your profile to send you promotional communications. In addition, you can lodge a complaint with the competent data protection supervisory authority: Spanish Data Protection Agency. Likewise, you may withdraw any consent you have given at any time.<\/p>\n<\/p>\n<h3>6. Updates to our privacy policy.<\/h3>\n<p>We may make updates to our Privacy Policy when necessary. The latest version will always be available on our website.<\/p>\n\t\t\t\t\t\t\t\t<\/div>\n\t\t\t\t<\/div>\n\t\t\t\t\t<\/div>\n\t\t<\/div>\n\t\t\t\t\t<\/div>\n\t\t<\/section>\n\t\t\t\t<\/div>\n\t\t","protected":false},"excerpt":{"rendered":"<p>Privacy Policy Your privacy is important to us. We recommend that you take a few minutes to read, understand and, where appropriate, accept our Privacy Policy. 1. Who is the data controller? Cuevas y C\u00eda S.A.Pol\u00edgono industrial San Cibrao das vi\u00f1as calle n\u00ba10 Ourenseinfo@marronglace.comPhone: 988 383 822 2. What data of yours do we process,&hellip;<\/p>\n","protected":false},"author":3,"featured_media":0,"parent":0,"menu_order":0,"comment_status":"closed","ping_status":"open","template":"","meta":{"_acf_changed":false,"footnotes":""},"class_list":["post-1791","page","type-page","status-publish","hentry"],"acf":[],"yoast_head":"<!-- This site is optimized with the Yoast SEO plugin v27.4 - https:\/\/yoast.com\/product\/yoast-seo-wordpress\/ -->\n<title>Privacy Policy - Marron Glac\u00e9<\/title>\n<meta name=\"robots\" content=\"index, follow, max-snippet:-1, max-image-preview:large, max-video-preview:-1\" \/>\n<link rel=\"canonical\" href=\"https:\/\/www.marronglace.com\/en\/privacy-policy\/\" \/>\n<meta property=\"og:locale\" content=\"en_US\" \/>\n<meta property=\"og:type\" content=\"article\" \/>\n<meta property=\"og:title\" content=\"Privacy Policy - Marron Glac\u00e9\" \/>\n<meta property=\"og:description\" content=\"Privacy Policy Your privacy is important to us. We recommend that you take a few minutes to read, understand and, where appropriate, accept our Privacy Policy. 1. Who is the data controller? Cuevas y C\u00eda S.A.Pol\u00edgono industrial San Cibrao das vi\u00f1as calle n\u00ba10 Ourenseinfo@marronglace.comPhone: 988 383 822 2. What data of yours do we process,&hellip;\" \/>\n<meta property=\"og:url\" content=\"https:\/\/www.marronglace.com\/en\/privacy-policy\/\" \/>\n<meta property=\"og:site_name\" content=\"Marron Glac\u00e9\" \/>\n<meta property=\"article:modified_time\" content=\"2024-02-02T12:52:21+00:00\" \/>\n<meta name=\"twitter:card\" content=\"summary_large_image\" \/>\n<meta name=\"twitter:label1\" content=\"Est. reading time\" \/>\n\t<meta name=\"twitter:data1\" content=\"7 minutes\" \/>\n<script type=\"application\/ld+json\" class=\"yoast-schema-graph\">{\"@context\":\"https:\\\/\\\/schema.org\",\"@graph\":[{\"@type\":\"WebPage\",\"@id\":\"https:\\\/\\\/www.marronglace.com\\\/en\\\/privacy-policy\\\/\",\"url\":\"https:\\\/\\\/www.marronglace.com\\\/en\\\/privacy-policy\\\/\",\"name\":\"Privacy Policy - Marron Glac\u00e9\",\"isPartOf\":{\"@id\":\"https:\\\/\\\/www.marronglace.com\\\/en\\\/#website\"},\"datePublished\":\"2023-11-29T23:33:49+00:00\",\"dateModified\":\"2024-02-02T12:52:21+00:00\",\"breadcrumb\":{\"@id\":\"https:\\\/\\\/www.marronglace.com\\\/en\\\/privacy-policy\\\/#breadcrumb\"},\"inLanguage\":\"en-US\",\"potentialAction\":[{\"@type\":\"ReadAction\",\"target\":[\"https:\\\/\\\/www.marronglace.com\\\/en\\\/privacy-policy\\\/\"]}]},{\"@type\":\"BreadcrumbList\",\"@id\":\"https:\\\/\\\/www.marronglace.com\\\/en\\\/privacy-policy\\\/#breadcrumb\",\"itemListElement\":[{\"@type\":\"ListItem\",\"position\":1,\"name\":\"Portada\",\"item\":\"https:\\\/\\\/www.marronglace.com\\\/en\\\/\"},{\"@type\":\"ListItem\",\"position\":2,\"name\":\"Privacy Policy\"}]},{\"@type\":\"WebSite\",\"@id\":\"https:\\\/\\\/www.marronglace.com\\\/en\\\/#website\",\"url\":\"https:\\\/\\\/www.marronglace.com\\\/en\\\/\",\"name\":\"Marron Glac\u00e9\",\"description\":\"\",\"publisher\":{\"@id\":\"https:\\\/\\\/www.marronglace.com\\\/en\\\/#organization\"},\"potentialAction\":[{\"@type\":\"SearchAction\",\"target\":{\"@type\":\"EntryPoint\",\"urlTemplate\":\"https:\\\/\\\/www.marronglace.com\\\/en\\\/?s={search_term_string}\"},\"query-input\":{\"@type\":\"PropertyValueSpecification\",\"valueRequired\":true,\"valueName\":\"search_term_string\"}}],\"inLanguage\":\"en-US\"},{\"@type\":\"Organization\",\"@id\":\"https:\\\/\\\/www.marronglace.com\\\/en\\\/#organization\",\"name\":\"Marron Glac\u00e9\",\"url\":\"https:\\\/\\\/www.marronglace.com\\\/en\\\/\",\"logo\":{\"@type\":\"ImageObject\",\"inLanguage\":\"en-US\",\"@id\":\"https:\\\/\\\/www.marronglace.com\\\/en\\\/#\\\/schema\\\/logo\\\/image\\\/\",\"url\":\"https:\\\/\\\/www.marronglace.com\\\/wp-content\\\/uploads\\\/2023\\\/11\\\/logo-cuevas-cia-normal.png\",\"contentUrl\":\"https:\\\/\\\/www.marronglace.com\\\/wp-content\\\/uploads\\\/2023\\\/11\\\/logo-cuevas-cia-normal.png\",\"width\":228,\"height\":57,\"caption\":\"Marron Glac\u00e9\"},\"image\":{\"@id\":\"https:\\\/\\\/www.marronglace.com\\\/en\\\/#\\\/schema\\\/logo\\\/image\\\/\"}}]}<\/script>\n<!-- \/ Yoast SEO plugin. -->","yoast_head_json":{"title":"Privacy Policy - Marron Glac\u00e9","robots":{"index":"index","follow":"follow","max-snippet":"max-snippet:-1","max-image-preview":"max-image-preview:large","max-video-preview":"max-video-preview:-1"},"canonical":"https:\/\/www.marronglace.com\/en\/privacy-policy\/","og_locale":"en_US","og_type":"article","og_title":"Privacy Policy - Marron Glac\u00e9","og_description":"Privacy Policy Your privacy is important to us. We recommend that you take a few minutes to read, understand and, where appropriate, accept our Privacy Policy. 1. Who is the data controller? Cuevas y C\u00eda S.A.Pol\u00edgono industrial San Cibrao das vi\u00f1as calle n\u00ba10 Ourenseinfo@marronglace.comPhone: 988 383 822 2. What data of yours do we process,&hellip;","og_url":"https:\/\/www.marronglace.com\/en\/privacy-policy\/","og_site_name":"Marron Glac\u00e9","article_modified_time":"2024-02-02T12:52:21+00:00","twitter_card":"summary_large_image","twitter_misc":{"Est. reading time":"7 minutes"},"schema":{"@context":"https:\/\/schema.org","@graph":[{"@type":"WebPage","@id":"https:\/\/www.marronglace.com\/en\/privacy-policy\/","url":"https:\/\/www.marronglace.com\/en\/privacy-policy\/","name":"Privacy Policy - Marron Glac\u00e9","isPartOf":{"@id":"https:\/\/www.marronglace.com\/en\/#website"},"datePublished":"2023-11-29T23:33:49+00:00","dateModified":"2024-02-02T12:52:21+00:00","breadcrumb":{"@id":"https:\/\/www.marronglace.com\/en\/privacy-policy\/#breadcrumb"},"inLanguage":"en-US","potentialAction":[{"@type":"ReadAction","target":["https:\/\/www.marronglace.com\/en\/privacy-policy\/"]}]},{"@type":"BreadcrumbList","@id":"https:\/\/www.marronglace.com\/en\/privacy-policy\/#breadcrumb","itemListElement":[{"@type":"ListItem","position":1,"name":"Portada","item":"https:\/\/www.marronglace.com\/en\/"},{"@type":"ListItem","position":2,"name":"Privacy Policy"}]},{"@type":"WebSite","@id":"https:\/\/www.marronglace.com\/en\/#website","url":"https:\/\/www.marronglace.com\/en\/","name":"Marron Glac\u00e9","description":"","publisher":{"@id":"https:\/\/www.marronglace.com\/en\/#organization"},"potentialAction":[{"@type":"SearchAction","target":{"@type":"EntryPoint","urlTemplate":"https:\/\/www.marronglace.com\/en\/?s={search_term_string}"},"query-input":{"@type":"PropertyValueSpecification","valueRequired":true,"valueName":"search_term_string"}}],"inLanguage":"en-US"},{"@type":"Organization","@id":"https:\/\/www.marronglace.com\/en\/#organization","name":"Marron Glac\u00e9","url":"https:\/\/www.marronglace.com\/en\/","logo":{"@type":"ImageObject","inLanguage":"en-US","@id":"https:\/\/www.marronglace.com\/en\/#\/schema\/logo\/image\/","url":"https:\/\/www.marronglace.com\/wp-content\/uploads\/2023\/11\/logo-cuevas-cia-normal.png","contentUrl":"https:\/\/www.marronglace.com\/wp-content\/uploads\/2023\/11\/logo-cuevas-cia-normal.png","width":228,"height":57,"caption":"Marron Glac\u00e9"},"image":{"@id":"https:\/\/www.marronglace.com\/en\/#\/schema\/logo\/image\/"}}]}},"_links":{"self":[{"href":"https:\/\/www.marronglace.com\/en\/wp-json\/wp\/v2\/pages\/1791","targetHints":{"allow":["GET"]}}],"collection":[{"href":"https:\/\/www.marronglace.com\/en\/wp-json\/wp\/v2\/pages"}],"about":[{"href":"https:\/\/www.marronglace.com\/en\/wp-json\/wp\/v2\/types\/page"}],"author":[{"embeddable":true,"href":"https:\/\/www.marronglace.com\/en\/wp-json\/wp\/v2\/users\/3"}],"replies":[{"embeddable":true,"href":"https:\/\/www.marronglace.com\/en\/wp-json\/wp\/v2\/comments?post=1791"}],"version-history":[{"count":1,"href":"https:\/\/www.marronglace.com\/en\/wp-json\/wp\/v2\/pages\/1791\/revisions"}],"predecessor-version":[{"id":1792,"href":"https:\/\/www.marronglace.com\/en\/wp-json\/wp\/v2\/pages\/1791\/revisions\/1792"}],"wp:attachment":[{"href":"https:\/\/www.marronglace.com\/en\/wp-json\/wp\/v2\/media?parent=1791"}],"curies":[{"name":"wp","href":"https:\/\/api.w.org\/{rel}","templated":true}]}}