{"id":1807,"date":"2023-11-30T01:06:31","date_gmt":"2023-11-30T00:06:31","guid":{"rendered":"https:\/\/www.marronglace.com\/subsidies\/"},"modified":"2024-02-07T17:28:49","modified_gmt":"2024-02-07T16:28:49","slug":"subsidies","status":"publish","type":"page","link":"https:\/\/www.marronglace.com\/en\/subsidies\/","title":{"rendered":"Subsidies"},"content":{"rendered":"\t\t<div data-elementor-type=\"wp-page\" data-elementor-id=\"1807\" class=\"elementor elementor-1807 elementor-1242\" data-elementor-post-type=\"page\">\n\t\t\t\t\t\t<section class=\"elementor-section elementor-top-section elementor-element elementor-element-e2fe833 elementor-section-boxed elementor-section-height-default elementor-section-height-default\" data-id=\"e2fe833\" data-element_type=\"section\" data-e-type=\"section\">\n\t\t\t\t\t\t<div class=\"elementor-container elementor-column-gap-default\">\n\t\t\t\t\t<div class=\"elementor-column elementor-col-100 elementor-top-column elementor-element elementor-element-16bcb47\" data-id=\"16bcb47\" data-element_type=\"column\" data-e-type=\"column\">\n\t\t\t<div class=\"elementor-widget-wrap elementor-element-populated\">\n\t\t\t\t\t\t<div class=\"elementor-element elementor-element-0dbc8ec elementor-widget elementor-widget-heading\" data-id=\"0dbc8ec\" data-element_type=\"widget\" data-e-type=\"widget\" data-widget_type=\"heading.default\">\n\t\t\t\t<div class=\"elementor-widget-container\">\n\t\t\t\t\t<h2 class=\"elementor-heading-title elementor-size-default\">Subsidies and projects financed<\/h2>\t\t\t\t<\/div>\n\t\t\t\t<\/div>\n\t\t\t\t\t<\/div>\n\t\t<\/div>\n\t\t\t\t\t<\/div>\n\t\t<\/section>\n\t\t\t\t<section class=\"elementor-section elementor-top-section elementor-element elementor-element-383c54f elementor-section-boxed elementor-section-height-default elementor-section-height-default\" data-id=\"383c54f\" data-element_type=\"section\" data-e-type=\"section\">\n\t\t\t\t\t\t<div class=\"elementor-container elementor-column-gap-default\">\n\t\t\t\t\t<div class=\"elementor-column elementor-col-100 elementor-top-column elementor-element elementor-element-24727e5\" data-id=\"24727e5\" data-element_type=\"column\" data-e-type=\"column\">\n\t\t\t<div class=\"elementor-widget-wrap elementor-element-populated\">\n\t\t\t\t\t\t<div class=\"elementor-element elementor-element-e533dd2 elementor-widget elementor-widget-heading\" data-id=\"e533dd2\" data-element_type=\"widget\" data-e-type=\"widget\" data-widget_type=\"heading.default\">\n\t\t\t\t<div class=\"elementor-widget-container\">\n\t\t\t\t\t<h3 class=\"elementor-heading-title elementor-size-default\">Technological improvement project of the production process and data management<\/h3>\t\t\t\t<\/div>\n\t\t\t\t<\/div>\n\t\t\t\t<div class=\"elementor-element elementor-element-943014c elementor-widget elementor-widget-image\" data-id=\"943014c\" data-element_type=\"widget\" data-e-type=\"widget\" data-widget_type=\"image.default\">\n\t\t\t\t<div class=\"elementor-widget-container\">\n\t\t\t\t\t\t\t\t\t\t\t\t\t\t\t<img fetchpriority=\"high\" decoding=\"async\" width=\"520\" height=\"329\" src=\"https:\/\/www.marronglace.com\/wp-content\/uploads\/2023\/11\/cartel-desenvolvemento-rural-2.jpg\" class=\"attachment-full size-full wp-image-1245\" alt=\"\" srcset=\"https:\/\/www.marronglace.com\/wp-content\/uploads\/2023\/11\/cartel-desenvolvemento-rural-2.jpg 520w, https:\/\/www.marronglace.com\/wp-content\/uploads\/2023\/11\/cartel-desenvolvemento-rural-2-300x190.jpg 300w\" sizes=\"(max-width: 520px) 100vw, 520px\" \/>\t\t\t\t\t\t\t\t\t\t\t\t\t\t\t<\/div>\n\t\t\t\t<\/div>\n\t\t\t\t\t<\/div>\n\t\t<\/div>\n\t\t\t\t\t<\/div>\n\t\t<\/section>\n\t\t\t\t<section class=\"elementor-section elementor-top-section elementor-element elementor-element-bb0df1d elementor-section-boxed elementor-section-height-default elementor-section-height-default\" data-id=\"bb0df1d\" data-element_type=\"section\" data-e-type=\"section\">\n\t\t\t\t\t\t<div class=\"elementor-container elementor-column-gap-default\">\n\t\t\t\t\t<div class=\"elementor-column elementor-col-100 elementor-top-column elementor-element elementor-element-59337c1\" data-id=\"59337c1\" data-element_type=\"column\" data-e-type=\"column\">\n\t\t\t<div class=\"elementor-widget-wrap elementor-element-populated\">\n\t\t\t\t\t\t<div class=\"elementor-element elementor-element-38e591b elementor-widget elementor-widget-heading\" data-id=\"38e591b\" data-element_type=\"widget\" data-e-type=\"widget\" data-widget_type=\"heading.default\">\n\t\t\t\t<div class=\"elementor-widget-container\">\n\t\t\t\t\t<h3 class=\"elementor-heading-title elementor-size-default\">Project for technological improvements in the production process and data management in the chestnut handling, processing and packaging industry.<\/h3>\t\t\t\t<\/div>\n\t\t\t\t<\/div>\n\t\t\t\t<div class=\"elementor-element elementor-element-65d1bc0 elementor-widget elementor-widget-image\" data-id=\"65d1bc0\" data-element_type=\"widget\" data-e-type=\"widget\" data-widget_type=\"image.default\">\n\t\t\t\t<div class=\"elementor-widget-container\">\n\t\t\t\t\t\t\t\t\t\t\t\t\t\t\t<img decoding=\"async\" width=\"520\" height=\"326\" src=\"https:\/\/www.marronglace.com\/wp-content\/uploads\/2023\/11\/cartel-desenvolvemento-rural.jpg\" class=\"attachment-full size-full wp-image-1249\" alt=\"\" srcset=\"https:\/\/www.marronglace.com\/wp-content\/uploads\/2023\/11\/cartel-desenvolvemento-rural.jpg 520w, https:\/\/www.marronglace.com\/wp-content\/uploads\/2023\/11\/cartel-desenvolvemento-rural-300x188.jpg 300w\" sizes=\"(max-width: 520px) 100vw, 520px\" \/>\t\t\t\t\t\t\t\t\t\t\t\t\t\t\t<\/div>\n\t\t\t\t<\/div>\n\t\t\t\t\t<\/div>\n\t\t<\/div>\n\t\t\t\t\t<\/div>\n\t\t<\/section>\n\t\t\t\t<section class=\"elementor-section elementor-top-section elementor-element elementor-element-6b89247 elementor-section-boxed elementor-section-height-default elementor-section-height-default\" data-id=\"6b89247\" data-element_type=\"section\" data-e-type=\"section\">\n\t\t\t\t\t\t<div class=\"elementor-container elementor-column-gap-default\">\n\t\t\t\t\t<div class=\"elementor-column elementor-col-100 elementor-top-column elementor-element elementor-element-a795cac\" data-id=\"a795cac\" data-element_type=\"column\" data-e-type=\"column\">\n\t\t\t<div class=\"elementor-widget-wrap elementor-element-populated\">\n\t\t\t\t\t\t<div class=\"elementor-element elementor-element-fab15c6 elementor-widget elementor-widget-heading\" data-id=\"fab15c6\" data-element_type=\"widget\" data-e-type=\"widget\" data-widget_type=\"heading.default\">\n\t\t\t\t<div class=\"elementor-widget-container\">\n\t\t\t\t\t<h3 class=\"elementor-heading-title elementor-size-default\">Project for technological improvements in the production process and data management in the chestnut handling, processing and packaging industry.<\/h3>\t\t\t\t<\/div>\n\t\t\t\t<\/div>\n\t\t\t\t<div class=\"elementor-element elementor-element-50cb501 elementor-widget elementor-widget-image\" data-id=\"50cb501\" data-element_type=\"widget\" data-e-type=\"widget\" data-widget_type=\"image.default\">\n\t\t\t\t<div class=\"elementor-widget-container\">\n\t\t\t\t\t\t\t\t\t\t\t\t\t\t\t<img decoding=\"async\" src=\"https:\/\/www.marronglace.com\/wp-content\/uploads\/elementor\/thumbs\/cartel-desenvolvemento-rural2-qg49u2xcopcvg52puvpn8tmzm4vpa80u2qdxpw5upo.jpg\" title=\"cartel-desenvolvemento-rural2\" alt=\"cartel-desenvolvemento-rural2\" loading=\"lazy\" \/>\t\t\t\t\t\t\t\t\t\t\t\t\t\t\t<\/div>\n\t\t\t\t<\/div>\n\t\t\t\t\t<\/div>\n\t\t<\/div>\n\t\t\t\t\t<\/div>\n\t\t<\/section>\n\t\t\t\t<section class=\"elementor-section elementor-top-section elementor-element elementor-element-d78832a elementor-section-boxed elementor-section-height-default elementor-section-height-default\" data-id=\"d78832a\" data-element_type=\"section\" data-e-type=\"section\">\n\t\t\t\t\t\t<div class=\"elementor-container elementor-column-gap-default\">\n\t\t\t\t\t<div class=\"elementor-column elementor-col-100 elementor-top-column elementor-element elementor-element-f42157d\" data-id=\"f42157d\" data-element_type=\"column\" data-e-type=\"column\">\n\t\t\t<div class=\"elementor-widget-wrap elementor-element-populated\">\n\t\t\t\t\t\t<div class=\"elementor-element elementor-element-e767b98 elementor-widget elementor-widget-heading\" data-id=\"e767b98\" data-element_type=\"widget\" data-e-type=\"widget\" data-widget_type=\"heading.default\">\n\t\t\t\t<div class=\"elementor-widget-container\">\n\t\t\t\t\t<h3 class=\"elementor-heading-title elementor-size-default\">CONNECT PEME 2018 NEUROFOOD<\/h3>\t\t\t\t<\/div>\n\t\t\t\t<\/div>\n\t\t\t\t<div class=\"elementor-element elementor-element-0a20733 elementor-widget elementor-widget-text-editor\" data-id=\"0a20733\" data-element_type=\"widget\" data-e-type=\"widget\" data-widget_type=\"text-editor.default\">\n\t\t\t\t<div class=\"elementor-widget-container\">\n\t\t\t\t\t\t\t\t\t<p>R&amp;D project whose fundamental aim is to design new functional foodstuffs directed toward the promotion of correct neurocognitive development in the public in general and food supplements capable of providing benefits in pathological cases.<\/p>\n<p>Nutrition, like other environmental factors, conditions the brain development and growth of the individual. Thus, certain nutrients (unsaturated fatty acids, vitamins D and B12 or iron) are essential for proper neurocognitive development in both children and adults. Chestnuts and some species of edible mushrooms are a natural source of some of these nutrients, so they may be of interest for the design of new food products aimed at promoting proper neurocognitive development in the general public.  <\/p>\n<p>Project subsidised by the Galician Innovation Agency and developed with the support of the Ministry of Economy, Environment and Industry of the Galician Autonomous Government.<\/p>\n<p>Budget: Hifas da Terra S.L. (\u20ac310,303.29); Cuevas y C\u00eda S.A. and Algamar.<br \/>Subsidy approved: Hifas da Terra S.L. (\u20ac186,181.97); Cuevas y C\u00eda S.A. and Algamar.<br \/>Collaborative Project: Hifas da Terra, Cuevas y C\u00eda, Algamar, Fundaci\u00f3n Foltra, Anfaco-Cecopesca, Centro Tecnol\u00f3xico da Carne and Universidade de Santiago de Compostela (USC).<\/p>\n\t\t\t\t\t\t\t\t<\/div>\n\t\t\t\t<\/div>\n\t\t\t\t<div class=\"elementor-element elementor-element-9a9b50f elementor-widget elementor-widget-image\" data-id=\"9a9b50f\" data-element_type=\"widget\" data-e-type=\"widget\" data-widget_type=\"image.default\">\n\t\t\t\t<div class=\"elementor-widget-container\">\n\t\t\t\t\t\t\t\t\t\t\t\t\t\t\t<img decoding=\"async\" width=\"520\" height=\"58\" src=\"https:\/\/www.marronglace.com\/wp-content\/uploads\/2023\/11\/logos-feder.jpg\" class=\"attachment-large size-large wp-image-1258\" alt=\"\" srcset=\"https:\/\/www.marronglace.com\/wp-content\/uploads\/2023\/11\/logos-feder.jpg 520w, https:\/\/www.marronglace.com\/wp-content\/uploads\/2023\/11\/logos-feder-300x33.jpg 300w\" sizes=\"(max-width: 520px) 100vw, 520px\" \/>\t\t\t\t\t\t\t\t\t\t\t\t\t\t\t<\/div>\n\t\t\t\t<\/div>\n\t\t\t\t<div class=\"elementor-element elementor-element-392eef4 elementor-widget elementor-widget-text-editor\" data-id=\"392eef4\" data-element_type=\"widget\" data-e-type=\"widget\" data-widget_type=\"text-editor.default\">\n\t\t\t\t<div class=\"elementor-widget-container\">\n\t\t\t\t\t\t\t\t\t<p><b>Phase 1 of the Neurofood R&amp;D project no. IN852A2018\/58 in which CUEVAS y COMPA\u00d1\u00cdA S.A. participates with other Galician companies and centres is concluded.<\/b><\/p>\n<p>The Neurofood R&amp;D project aims to develop new functional foods and nutritional supplements aimed at cognitive development by applying synergies between different species of wild mushrooms and the Galician chestnut.<\/p>\n<p>During the first phase of the project, Cuevas y Compa\u00f1\u00eda has developed products based on chestnut and mushroom extracts provided by Hifas da Terra providing antioxidants such as Ergothioneine and neurotransmitters such as gamma aminobutyric acid (GABA). These molecules can contribute to the normal function of the nervous system. <\/p>\n<p>Cuevas y Compa\u00f1\u00eda has developed 30 formulations with different ingredients, at the moment GABA and ERGOTIONEINA content, sensory characteristics, stability over time and other production processes are being evaluated in the formulations in order to advance in the formulation of the product.<\/p>\n<p>Once the food prototype\/matrix is approved, the second phase will begin, which will consist of testing the product from the Foltra Foundation by carrying out a clinical trial in which the impact of functional foods on healthy individuals will be evaluated.<\/p>\n<p>At the end of this project, Cuevas y Compa\u00f1\u00eda hopes to launch a range of functional foods derived from this research.<\/p>\n\t\t\t\t\t\t\t\t<\/div>\n\t\t\t\t<\/div>\n\t\t\t\t\t<\/div>\n\t\t<\/div>\n\t\t\t\t\t<\/div>\n\t\t<\/section>\n\t\t\t\t<\/div>\n\t\t","protected":false},"excerpt":{"rendered":"<p>Subsidies and projects financed Technological improvement project of the production process and data management Project for technological improvements in the production process and data management in the chestnut handling, processing and packaging industry. Project for technological improvements in the production process and data management in the chestnut handling, processing and packaging industry. CONNECT PEME 2018&hellip;<\/p>\n","protected":false},"author":3,"featured_media":0,"parent":0,"menu_order":0,"comment_status":"closed","ping_status":"open","template":"","meta":{"_acf_changed":false,"footnotes":""},"class_list":["post-1807","page","type-page","status-publish","hentry"],"acf":[],"yoast_head":"<!-- This site is optimized with the Yoast SEO plugin v27.5 - https:\/\/yoast.com\/product\/yoast-seo-wordpress\/ -->\n<title>Subsidies - Marron Glac\u00e9<\/title>\n<meta name=\"robots\" content=\"index, follow, max-snippet:-1, max-image-preview:large, max-video-preview:-1\" \/>\n<link rel=\"canonical\" href=\"https:\/\/www.marronglace.com\/en\/subsidies\/\" \/>\n<meta property=\"og:locale\" content=\"en_US\" \/>\n<meta property=\"og:type\" content=\"article\" \/>\n<meta property=\"og:title\" content=\"Subsidies - Marron Glac\u00e9\" \/>\n<meta property=\"og:description\" content=\"Subsidies and projects financed Technological improvement project of the production process and data management Project for technological improvements in the production process and data management in the chestnut handling, processing and packaging industry. Project for technological improvements in the production process and data management in the chestnut handling, processing and packaging industry. CONNECT PEME 2018&hellip;\" \/>\n<meta property=\"og:url\" content=\"https:\/\/www.marronglace.com\/en\/subsidies\/\" \/>\n<meta property=\"og:site_name\" content=\"Marron Glac\u00e9\" \/>\n<meta property=\"article:modified_time\" content=\"2024-02-07T16:28:49+00:00\" \/>\n<meta property=\"og:image\" content=\"https:\/\/www.marronglace.com\/wp-content\/uploads\/2023\/11\/cartel-desenvolvemento-rural-2.jpg\" \/>\n<meta name=\"twitter:card\" content=\"summary_large_image\" \/>\n<meta name=\"twitter:label1\" content=\"Est. reading time\" \/>\n\t<meta name=\"twitter:data1\" content=\"2 minutes\" \/>\n<script type=\"application\/ld+json\" class=\"yoast-schema-graph\">{\"@context\":\"https:\\\/\\\/schema.org\",\"@graph\":[{\"@type\":\"WebPage\",\"@id\":\"https:\\\/\\\/www.marronglace.com\\\/en\\\/subsidies\\\/\",\"url\":\"https:\\\/\\\/www.marronglace.com\\\/en\\\/subsidies\\\/\",\"name\":\"Subsidies - Marron Glac\u00e9\",\"isPartOf\":{\"@id\":\"https:\\\/\\\/www.marronglace.com\\\/en\\\/#website\"},\"primaryImageOfPage\":{\"@id\":\"https:\\\/\\\/www.marronglace.com\\\/en\\\/subsidies\\\/#primaryimage\"},\"image\":{\"@id\":\"https:\\\/\\\/www.marronglace.com\\\/en\\\/subsidies\\\/#primaryimage\"},\"thumbnailUrl\":\"https:\\\/\\\/www.marronglace.com\\\/wp-content\\\/uploads\\\/2023\\\/11\\\/cartel-desenvolvemento-rural-2.jpg\",\"datePublished\":\"2023-11-30T00:06:31+00:00\",\"dateModified\":\"2024-02-07T16:28:49+00:00\",\"breadcrumb\":{\"@id\":\"https:\\\/\\\/www.marronglace.com\\\/en\\\/subsidies\\\/#breadcrumb\"},\"inLanguage\":\"en-US\",\"potentialAction\":[{\"@type\":\"ReadAction\",\"target\":[\"https:\\\/\\\/www.marronglace.com\\\/en\\\/subsidies\\\/\"]}]},{\"@type\":\"ImageObject\",\"inLanguage\":\"en-US\",\"@id\":\"https:\\\/\\\/www.marronglace.com\\\/en\\\/subsidies\\\/#primaryimage\",\"url\":\"https:\\\/\\\/www.marronglace.com\\\/wp-content\\\/uploads\\\/2023\\\/11\\\/cartel-desenvolvemento-rural-2.jpg\",\"contentUrl\":\"https:\\\/\\\/www.marronglace.com\\\/wp-content\\\/uploads\\\/2023\\\/11\\\/cartel-desenvolvemento-rural-2.jpg\"},{\"@type\":\"BreadcrumbList\",\"@id\":\"https:\\\/\\\/www.marronglace.com\\\/en\\\/subsidies\\\/#breadcrumb\",\"itemListElement\":[{\"@type\":\"ListItem\",\"position\":1,\"name\":\"Portada\",\"item\":\"https:\\\/\\\/www.marronglace.com\\\/en\\\/\"},{\"@type\":\"ListItem\",\"position\":2,\"name\":\"Subsidies\"}]},{\"@type\":\"WebSite\",\"@id\":\"https:\\\/\\\/www.marronglace.com\\\/en\\\/#website\",\"url\":\"https:\\\/\\\/www.marronglace.com\\\/en\\\/\",\"name\":\"Marron Glac\u00e9\",\"description\":\"\",\"publisher\":{\"@id\":\"https:\\\/\\\/www.marronglace.com\\\/en\\\/#organization\"},\"potentialAction\":[{\"@type\":\"SearchAction\",\"target\":{\"@type\":\"EntryPoint\",\"urlTemplate\":\"https:\\\/\\\/www.marronglace.com\\\/en\\\/?s={search_term_string}\"},\"query-input\":{\"@type\":\"PropertyValueSpecification\",\"valueRequired\":true,\"valueName\":\"search_term_string\"}}],\"inLanguage\":\"en-US\"},{\"@type\":\"Organization\",\"@id\":\"https:\\\/\\\/www.marronglace.com\\\/en\\\/#organization\",\"name\":\"Marron Glac\u00e9\",\"url\":\"https:\\\/\\\/www.marronglace.com\\\/en\\\/\",\"logo\":{\"@type\":\"ImageObject\",\"inLanguage\":\"en-US\",\"@id\":\"https:\\\/\\\/www.marronglace.com\\\/en\\\/#\\\/schema\\\/logo\\\/image\\\/\",\"url\":\"https:\\\/\\\/www.marronglace.com\\\/wp-content\\\/uploads\\\/2023\\\/11\\\/logo-cuevas-cia-normal.png\",\"contentUrl\":\"https:\\\/\\\/www.marronglace.com\\\/wp-content\\\/uploads\\\/2023\\\/11\\\/logo-cuevas-cia-normal.png\",\"width\":228,\"height\":57,\"caption\":\"Marron Glac\u00e9\"},\"image\":{\"@id\":\"https:\\\/\\\/www.marronglace.com\\\/en\\\/#\\\/schema\\\/logo\\\/image\\\/\"}}]}<\/script>\n<!-- \/ Yoast SEO plugin. -->","yoast_head_json":{"title":"Subsidies - Marron Glac\u00e9","robots":{"index":"index","follow":"follow","max-snippet":"max-snippet:-1","max-image-preview":"max-image-preview:large","max-video-preview":"max-video-preview:-1"},"canonical":"https:\/\/www.marronglace.com\/en\/subsidies\/","og_locale":"en_US","og_type":"article","og_title":"Subsidies - Marron Glac\u00e9","og_description":"Subsidies and projects financed Technological improvement project of the production process and data management Project for technological improvements in the production process and data management in the chestnut handling, processing and packaging industry. Project for technological improvements in the production process and data management in the chestnut handling, processing and packaging industry. CONNECT PEME 2018&hellip;","og_url":"https:\/\/www.marronglace.com\/en\/subsidies\/","og_site_name":"Marron Glac\u00e9","article_modified_time":"2024-02-07T16:28:49+00:00","og_image":[{"url":"https:\/\/www.marronglace.com\/wp-content\/uploads\/2023\/11\/cartel-desenvolvemento-rural-2.jpg","type":"","width":"","height":""}],"twitter_card":"summary_large_image","twitter_misc":{"Est. reading time":"2 minutes"},"schema":{"@context":"https:\/\/schema.org","@graph":[{"@type":"WebPage","@id":"https:\/\/www.marronglace.com\/en\/subsidies\/","url":"https:\/\/www.marronglace.com\/en\/subsidies\/","name":"Subsidies - Marron Glac\u00e9","isPartOf":{"@id":"https:\/\/www.marronglace.com\/en\/#website"},"primaryImageOfPage":{"@id":"https:\/\/www.marronglace.com\/en\/subsidies\/#primaryimage"},"image":{"@id":"https:\/\/www.marronglace.com\/en\/subsidies\/#primaryimage"},"thumbnailUrl":"https:\/\/www.marronglace.com\/wp-content\/uploads\/2023\/11\/cartel-desenvolvemento-rural-2.jpg","datePublished":"2023-11-30T00:06:31+00:00","dateModified":"2024-02-07T16:28:49+00:00","breadcrumb":{"@id":"https:\/\/www.marronglace.com\/en\/subsidies\/#breadcrumb"},"inLanguage":"en-US","potentialAction":[{"@type":"ReadAction","target":["https:\/\/www.marronglace.com\/en\/subsidies\/"]}]},{"@type":"ImageObject","inLanguage":"en-US","@id":"https:\/\/www.marronglace.com\/en\/subsidies\/#primaryimage","url":"https:\/\/www.marronglace.com\/wp-content\/uploads\/2023\/11\/cartel-desenvolvemento-rural-2.jpg","contentUrl":"https:\/\/www.marronglace.com\/wp-content\/uploads\/2023\/11\/cartel-desenvolvemento-rural-2.jpg"},{"@type":"BreadcrumbList","@id":"https:\/\/www.marronglace.com\/en\/subsidies\/#breadcrumb","itemListElement":[{"@type":"ListItem","position":1,"name":"Portada","item":"https:\/\/www.marronglace.com\/en\/"},{"@type":"ListItem","position":2,"name":"Subsidies"}]},{"@type":"WebSite","@id":"https:\/\/www.marronglace.com\/en\/#website","url":"https:\/\/www.marronglace.com\/en\/","name":"Marron Glac\u00e9","description":"","publisher":{"@id":"https:\/\/www.marronglace.com\/en\/#organization"},"potentialAction":[{"@type":"SearchAction","target":{"@type":"EntryPoint","urlTemplate":"https:\/\/www.marronglace.com\/en\/?s={search_term_string}"},"query-input":{"@type":"PropertyValueSpecification","valueRequired":true,"valueName":"search_term_string"}}],"inLanguage":"en-US"},{"@type":"Organization","@id":"https:\/\/www.marronglace.com\/en\/#organization","name":"Marron Glac\u00e9","url":"https:\/\/www.marronglace.com\/en\/","logo":{"@type":"ImageObject","inLanguage":"en-US","@id":"https:\/\/www.marronglace.com\/en\/#\/schema\/logo\/image\/","url":"https:\/\/www.marronglace.com\/wp-content\/uploads\/2023\/11\/logo-cuevas-cia-normal.png","contentUrl":"https:\/\/www.marronglace.com\/wp-content\/uploads\/2023\/11\/logo-cuevas-cia-normal.png","width":228,"height":57,"caption":"Marron Glac\u00e9"},"image":{"@id":"https:\/\/www.marronglace.com\/en\/#\/schema\/logo\/image\/"}}]}},"_links":{"self":[{"href":"https:\/\/www.marronglace.com\/en\/wp-json\/wp\/v2\/pages\/1807","targetHints":{"allow":["GET"]}}],"collection":[{"href":"https:\/\/www.marronglace.com\/en\/wp-json\/wp\/v2\/pages"}],"about":[{"href":"https:\/\/www.marronglace.com\/en\/wp-json\/wp\/v2\/types\/page"}],"author":[{"embeddable":true,"href":"https:\/\/www.marronglace.com\/en\/wp-json\/wp\/v2\/users\/3"}],"replies":[{"embeddable":true,"href":"https:\/\/www.marronglace.com\/en\/wp-json\/wp\/v2\/comments?post=1807"}],"version-history":[{"count":1,"href":"https:\/\/www.marronglace.com\/en\/wp-json\/wp\/v2\/pages\/1807\/revisions"}],"predecessor-version":[{"id":1808,"href":"https:\/\/www.marronglace.com\/en\/wp-json\/wp\/v2\/pages\/1807\/revisions\/1808"}],"wp:attachment":[{"href":"https:\/\/www.marronglace.com\/en\/wp-json\/wp\/v2\/media?parent=1807"}],"curies":[{"name":"wp","href":"https:\/\/api.w.org\/{rel}","templated":true}]}}