{"id":1833,"date":"2023-12-01T00:33:31","date_gmt":"2023-11-30T23:33:31","guid":{"rendered":"https:\/\/www.marronglace.com\/producto\/pack-gourmet-flavours\/"},"modified":"2024-02-07T18:02:48","modified_gmt":"2024-02-07T17:02:48","slug":"pack-gourmet-flavours","status":"publish","type":"product","link":"https:\/\/www.marronglace.com\/en\/producto\/pack-gourmet-flavours\/","title":{"rendered":"Pack \u2013 Gourmet Flavours"},"content":{"rendered":"","protected":false},"excerpt":{"rendered":"<p>Pack of several products ideal as a gift. During the purchase process you can indicate that it is for a gift and add a text that will be included in a card with the box.<\/p>\n<p>This pack includes the following products:<\/p>\n<p>1 Marron Glac\u00e9 Classic 160g<br \/>\n1 Brandy Marron Glac\u00e9 160g<br \/>\n1 Williams Pear Liqueur Marron Glac\u00e9<br \/>\n1 Candied Chestnut covered with Dark Chocolate<br \/>\n1 Marron Glac\u00e9 Cream<br \/>\n1 Chestnuts in Syrup<\/p>\n","protected":false},"featured_media":1538,"template":"","meta":{"_acf_changed":false},"product_brand":[],"product_cat":[39],"product_tag":[],"class_list":{"0":"post-1833","1":"product","2":"type-product","3":"status-publish","4":"has-post-thumbnail","6":"product_cat-packs-en","7":"description-off","9":"first","10":"instock","11":"taxable","12":"shipping-taxable","13":"purchasable","14":"product-type-simple"},"acf":[],"yoast_head":"<!-- This site is optimized with the Yoast SEO plugin v27.4 - https:\/\/yoast.com\/product\/yoast-seo-wordpress\/ -->\n<title>Pack \u2013 Gourmet Flavours - Marron Glac\u00e9<\/title>\n<meta name=\"robots\" content=\"index, follow, max-snippet:-1, max-image-preview:large, max-video-preview:-1\" \/>\n<link rel=\"canonical\" href=\"https:\/\/www.marronglace.com\/en\/producto\/pack-gourmet-flavours\/\" \/>\n<meta property=\"og:locale\" content=\"en_US\" \/>\n<meta property=\"og:type\" content=\"article\" \/>\n<meta property=\"og:title\" content=\"Pack \u2013 Gourmet Flavours - Marron Glac\u00e9\" \/>\n<meta property=\"og:description\" content=\"Pack of several products ideal as a gift. During the purchase process you can indicate that it is for a gift and add a text that will be included in a card with the box. This pack includes the following products: 1 Marron Glac\u00e9 Classic 160g 1 Brandy Marron Glac\u00e9 160g 1 Williams Pear Liqueur Marron Glac\u00e9 1 Candied Chestnut covered with Dark Chocolate 1 Marron Glac\u00e9 Cream 1 Chestnuts in Syrup\" \/>\n<meta property=\"og:url\" content=\"https:\/\/www.marronglace.com\/en\/producto\/pack-gourmet-flavours\/\" \/>\n<meta property=\"og:site_name\" content=\"Marron Glac\u00e9\" \/>\n<meta property=\"article:modified_time\" content=\"2024-02-07T17:02:48+00:00\" \/>\n<meta property=\"og:image\" content=\"https:\/\/www.marronglace.biz\/wp-content\/uploads\/2023\/12\/pack1-sabores-gourmet.png\" \/>\n\t<meta property=\"og:image:width\" content=\"510\" \/>\n\t<meta property=\"og:image:height\" content=\"510\" \/>\n\t<meta property=\"og:image:type\" content=\"image\/png\" \/>\n<meta name=\"twitter:card\" content=\"summary_large_image\" \/>\n<script type=\"application\/ld+json\" class=\"yoast-schema-graph\">{\"@context\":\"https:\\\/\\\/schema.org\",\"@graph\":[{\"@type\":\"WebPage\",\"@id\":\"https:\\\/\\\/www.marronglace.com\\\/en\\\/producto\\\/pack-gourmet-flavours\\\/\",\"url\":\"https:\\\/\\\/www.marronglace.com\\\/en\\\/producto\\\/pack-gourmet-flavours\\\/\",\"name\":\"Pack \u2013 Gourmet Flavours - Marron Glac\u00e9\",\"isPartOf\":{\"@id\":\"https:\\\/\\\/www.marronglace.com\\\/en\\\/#website\"},\"primaryImageOfPage\":{\"@id\":\"https:\\\/\\\/www.marronglace.com\\\/en\\\/producto\\\/pack-gourmet-flavours\\\/#primaryimage\"},\"image\":{\"@id\":\"https:\\\/\\\/www.marronglace.com\\\/en\\\/producto\\\/pack-gourmet-flavours\\\/#primaryimage\"},\"thumbnailUrl\":\"https:\\\/\\\/www.marronglace.com\\\/wp-content\\\/uploads\\\/2023\\\/12\\\/pack1-sabores-gourmet.png\",\"datePublished\":\"2023-11-30T23:33:31+00:00\",\"dateModified\":\"2024-02-07T17:02:48+00:00\",\"breadcrumb\":{\"@id\":\"https:\\\/\\\/www.marronglace.com\\\/en\\\/producto\\\/pack-gourmet-flavours\\\/#breadcrumb\"},\"inLanguage\":\"en-US\",\"potentialAction\":[{\"@type\":\"ReadAction\",\"target\":[\"https:\\\/\\\/www.marronglace.com\\\/en\\\/producto\\\/pack-gourmet-flavours\\\/\"]}]},{\"@type\":\"ImageObject\",\"inLanguage\":\"en-US\",\"@id\":\"https:\\\/\\\/www.marronglace.com\\\/en\\\/producto\\\/pack-gourmet-flavours\\\/#primaryimage\",\"url\":\"https:\\\/\\\/www.marronglace.com\\\/wp-content\\\/uploads\\\/2023\\\/12\\\/pack1-sabores-gourmet.png\",\"contentUrl\":\"https:\\\/\\\/www.marronglace.com\\\/wp-content\\\/uploads\\\/2023\\\/12\\\/pack1-sabores-gourmet.png\",\"width\":510,\"height\":510,\"caption\":\"Pack \u2013 Gourmet Flavours\"},{\"@type\":\"BreadcrumbList\",\"@id\":\"https:\\\/\\\/www.marronglace.com\\\/en\\\/producto\\\/pack-gourmet-flavours\\\/#breadcrumb\",\"itemListElement\":[{\"@type\":\"ListItem\",\"position\":1,\"name\":\"Portada\",\"item\":\"https:\\\/\\\/www.marronglace.com\\\/en\\\/\"},{\"@type\":\"ListItem\",\"position\":2,\"name\":\"Shop\",\"item\":\"https:\\\/\\\/www.marronglace.com\\\/en\\\/shop\\\/\"},{\"@type\":\"ListItem\",\"position\":3,\"name\":\"Pack \u2013 Gourmet Flavours\"}]},{\"@type\":\"WebSite\",\"@id\":\"https:\\\/\\\/www.marronglace.com\\\/en\\\/#website\",\"url\":\"https:\\\/\\\/www.marronglace.com\\\/en\\\/\",\"name\":\"Marron Glac\u00e9\",\"description\":\"\",\"publisher\":{\"@id\":\"https:\\\/\\\/www.marronglace.com\\\/en\\\/#organization\"},\"potentialAction\":[{\"@type\":\"SearchAction\",\"target\":{\"@type\":\"EntryPoint\",\"urlTemplate\":\"https:\\\/\\\/www.marronglace.com\\\/en\\\/?s={search_term_string}\"},\"query-input\":{\"@type\":\"PropertyValueSpecification\",\"valueRequired\":true,\"valueName\":\"search_term_string\"}}],\"inLanguage\":\"en-US\"},{\"@type\":\"Organization\",\"@id\":\"https:\\\/\\\/www.marronglace.com\\\/en\\\/#organization\",\"name\":\"Marron Glac\u00e9\",\"url\":\"https:\\\/\\\/www.marronglace.com\\\/en\\\/\",\"logo\":{\"@type\":\"ImageObject\",\"inLanguage\":\"en-US\",\"@id\":\"https:\\\/\\\/www.marronglace.com\\\/en\\\/#\\\/schema\\\/logo\\\/image\\\/\",\"url\":\"https:\\\/\\\/www.marronglace.com\\\/wp-content\\\/uploads\\\/2023\\\/11\\\/logo-cuevas-cia-normal.png\",\"contentUrl\":\"https:\\\/\\\/www.marronglace.com\\\/wp-content\\\/uploads\\\/2023\\\/11\\\/logo-cuevas-cia-normal.png\",\"width\":228,\"height\":57,\"caption\":\"Marron Glac\u00e9\"},\"image\":{\"@id\":\"https:\\\/\\\/www.marronglace.com\\\/en\\\/#\\\/schema\\\/logo\\\/image\\\/\"}}]}<\/script>\n<!-- \/ Yoast SEO plugin. -->","yoast_head_json":{"title":"Pack \u2013 Gourmet Flavours - Marron Glac\u00e9","robots":{"index":"index","follow":"follow","max-snippet":"max-snippet:-1","max-image-preview":"max-image-preview:large","max-video-preview":"max-video-preview:-1"},"canonical":"https:\/\/www.marronglace.com\/en\/producto\/pack-gourmet-flavours\/","og_locale":"en_US","og_type":"article","og_title":"Pack \u2013 Gourmet Flavours - Marron Glac\u00e9","og_description":"Pack of several products ideal as a gift. During the purchase process you can indicate that it is for a gift and add a text that will be included in a card with the box. This pack includes the following products: 1 Marron Glac\u00e9 Classic 160g 1 Brandy Marron Glac\u00e9 160g 1 Williams Pear Liqueur Marron Glac\u00e9 1 Candied Chestnut covered with Dark Chocolate 1 Marron Glac\u00e9 Cream 1 Chestnuts in Syrup","og_url":"https:\/\/www.marronglace.com\/en\/producto\/pack-gourmet-flavours\/","og_site_name":"Marron Glac\u00e9","article_modified_time":"2024-02-07T17:02:48+00:00","og_image":[{"width":510,"height":510,"url":"https:\/\/www.marronglace.biz\/wp-content\/uploads\/2023\/12\/pack1-sabores-gourmet.png","type":"image\/png"}],"twitter_card":"summary_large_image","schema":{"@context":"https:\/\/schema.org","@graph":[{"@type":"WebPage","@id":"https:\/\/www.marronglace.com\/en\/producto\/pack-gourmet-flavours\/","url":"https:\/\/www.marronglace.com\/en\/producto\/pack-gourmet-flavours\/","name":"Pack \u2013 Gourmet Flavours - Marron Glac\u00e9","isPartOf":{"@id":"https:\/\/www.marronglace.com\/en\/#website"},"primaryImageOfPage":{"@id":"https:\/\/www.marronglace.com\/en\/producto\/pack-gourmet-flavours\/#primaryimage"},"image":{"@id":"https:\/\/www.marronglace.com\/en\/producto\/pack-gourmet-flavours\/#primaryimage"},"thumbnailUrl":"https:\/\/www.marronglace.com\/wp-content\/uploads\/2023\/12\/pack1-sabores-gourmet.png","datePublished":"2023-11-30T23:33:31+00:00","dateModified":"2024-02-07T17:02:48+00:00","breadcrumb":{"@id":"https:\/\/www.marronglace.com\/en\/producto\/pack-gourmet-flavours\/#breadcrumb"},"inLanguage":"en-US","potentialAction":[{"@type":"ReadAction","target":["https:\/\/www.marronglace.com\/en\/producto\/pack-gourmet-flavours\/"]}]},{"@type":"ImageObject","inLanguage":"en-US","@id":"https:\/\/www.marronglace.com\/en\/producto\/pack-gourmet-flavours\/#primaryimage","url":"https:\/\/www.marronglace.com\/wp-content\/uploads\/2023\/12\/pack1-sabores-gourmet.png","contentUrl":"https:\/\/www.marronglace.com\/wp-content\/uploads\/2023\/12\/pack1-sabores-gourmet.png","width":510,"height":510,"caption":"Pack \u2013 Gourmet Flavours"},{"@type":"BreadcrumbList","@id":"https:\/\/www.marronglace.com\/en\/producto\/pack-gourmet-flavours\/#breadcrumb","itemListElement":[{"@type":"ListItem","position":1,"name":"Portada","item":"https:\/\/www.marronglace.com\/en\/"},{"@type":"ListItem","position":2,"name":"Shop","item":"https:\/\/www.marronglace.com\/en\/shop\/"},{"@type":"ListItem","position":3,"name":"Pack \u2013 Gourmet Flavours"}]},{"@type":"WebSite","@id":"https:\/\/www.marronglace.com\/en\/#website","url":"https:\/\/www.marronglace.com\/en\/","name":"Marron Glac\u00e9","description":"","publisher":{"@id":"https:\/\/www.marronglace.com\/en\/#organization"},"potentialAction":[{"@type":"SearchAction","target":{"@type":"EntryPoint","urlTemplate":"https:\/\/www.marronglace.com\/en\/?s={search_term_string}"},"query-input":{"@type":"PropertyValueSpecification","valueRequired":true,"valueName":"search_term_string"}}],"inLanguage":"en-US"},{"@type":"Organization","@id":"https:\/\/www.marronglace.com\/en\/#organization","name":"Marron Glac\u00e9","url":"https:\/\/www.marronglace.com\/en\/","logo":{"@type":"ImageObject","inLanguage":"en-US","@id":"https:\/\/www.marronglace.com\/en\/#\/schema\/logo\/image\/","url":"https:\/\/www.marronglace.com\/wp-content\/uploads\/2023\/11\/logo-cuevas-cia-normal.png","contentUrl":"https:\/\/www.marronglace.com\/wp-content\/uploads\/2023\/11\/logo-cuevas-cia-normal.png","width":228,"height":57,"caption":"Marron Glac\u00e9"},"image":{"@id":"https:\/\/www.marronglace.com\/en\/#\/schema\/logo\/image\/"}}]}},"_links":{"self":[{"href":"https:\/\/www.marronglace.com\/en\/wp-json\/wp\/v2\/product\/1833","targetHints":{"allow":["GET"]}}],"collection":[{"href":"https:\/\/www.marronglace.com\/en\/wp-json\/wp\/v2\/product"}],"about":[{"href":"https:\/\/www.marronglace.com\/en\/wp-json\/wp\/v2\/types\/product"}],"wp:featuredmedia":[{"embeddable":true,"href":"https:\/\/www.marronglace.com\/en\/wp-json\/wp\/v2\/media\/1538"}],"wp:attachment":[{"href":"https:\/\/www.marronglace.com\/en\/wp-json\/wp\/v2\/media?parent=1833"}],"wp:term":[{"taxonomy":"product_brand","embeddable":true,"href":"https:\/\/www.marronglace.com\/en\/wp-json\/wp\/v2\/product_brand?post=1833"},{"taxonomy":"product_cat","embeddable":true,"href":"https:\/\/www.marronglace.com\/en\/wp-json\/wp\/v2\/product_cat?post=1833"},{"taxonomy":"product_tag","embeddable":true,"href":"https:\/\/www.marronglace.com\/en\/wp-json\/wp\/v2\/product_tag?post=1833"}],"curies":[{"name":"wp","href":"https:\/\/api.w.org\/{rel}","templated":true}]}}