{"id":1846,"date":"2023-11-16T02:03:08","date_gmt":"2023-11-16T01:03:08","guid":{"rendered":"https:\/\/www.marronglace.com\/producto\/marron-glace-gran-seleccion-classic\/"},"modified":"2023-11-16T02:03:08","modified_gmt":"2023-11-16T01:03:08","slug":"marron-glace-gran-seleccion-classic","status":"publish","type":"product","link":"https:\/\/www.marronglace.com\/en\/producto\/marron-glace-gran-seleccion-classic\/","title":{"rendered":"Marron Glac\u00e9 &#8220;Gran Selecci\u00f3n&#8221; Classic"},"content":{"rendered":"<p><strong>Ingredients:<\/strong><br \/>\nChestnut (57%), sugar, glucose syrup, vanilla flavor and preservative E223 (sulfites).<\/p>\n<p>Keep in a cool and dry place. Product subject to drying. Once opened, keep refrigerated. Contains an oxygen absorbing sachet, do not consume.<\/p>\n<p><strong>Nutritional values (g\/100g):<\/strong><br \/>\nEnergy value: 311 Kcal &#8211; 1.322 kJ<br \/>\nFat: 0.2 g (of which saturated: 0.0 g)<br \/>\nCarbohydrates: 75 g (of which sugars: 58 g)<br \/>\nDietary fiber: 2.8g<br \/>\nFood proteins: 1,2 g<br \/>\nSalt: 0,04 g<\/p>\n","protected":false},"excerpt":{"rendered":"<p class=\"entrada\">A special selection of the most distinguished chestnut varieties, characterised by their special size and excellent taste. Comes in an exclusive format.<\/p>\n<p class=\"info_tecnica\">Marron Glac\u00e9 &#8220;Gran Selecci\u00f3n&#8221; individually wrapped and vacuum packed.<br \/>\nSuitable for people with coeliac disease.<br \/>\nGlass jar. Net weight: 190g<\/p>\n","protected":false},"featured_media":164,"template":"","meta":{"_acf_changed":false},"product_brand":[],"product_cat":[40],"product_tag":[],"class_list":{"0":"post-1846","1":"product","2":"type-product","3":"status-publish","4":"has-post-thumbnail","6":"product_cat-marron-glace-en","7":"description-off","9":"first","10":"instock","11":"taxable","12":"shipping-taxable","13":"purchasable","14":"product-type-simple"},"acf":[],"yoast_head":"<!-- This site is optimized with the Yoast SEO plugin v27.4 - https:\/\/yoast.com\/product\/yoast-seo-wordpress\/ -->\n<title>Marron Glac\u00e9 &quot;Gran Selecci\u00f3n&quot; Classic - Marron Glac\u00e9<\/title>\n<meta name=\"robots\" content=\"index, follow, max-snippet:-1, max-image-preview:large, max-video-preview:-1\" \/>\n<link rel=\"canonical\" href=\"https:\/\/www.marronglace.com\/en\/producto\/marron-glace-gran-seleccion-classic\/\" \/>\n<meta property=\"og:locale\" content=\"en_US\" \/>\n<meta property=\"og:type\" content=\"article\" \/>\n<meta property=\"og:title\" content=\"Marron Glac\u00e9 &quot;Gran Selecci\u00f3n&quot; Classic - Marron Glac\u00e9\" \/>\n<meta property=\"og:description\" content=\"A special selection of the most distinguished chestnut varieties, characterised by their special size and excellent taste. Comes in an exclusive format. Marron Glac\u00e9 &quot;Gran Selecci\u00f3n&quot; individually wrapped and vacuum packed. Suitable for people with coeliac disease. Glass jar. Net weight: 190g\" \/>\n<meta property=\"og:url\" content=\"https:\/\/www.marronglace.com\/en\/producto\/marron-glace-gran-seleccion-classic\/\" \/>\n<meta property=\"og:site_name\" content=\"Marron Glac\u00e9\" \/>\n<meta property=\"og:image\" content=\"https:\/\/www.marronglace.com\/wp-content\/uploads\/2023\/11\/marron-glace-classic-gs.jpg\" \/>\n\t<meta property=\"og:image:width\" content=\"510\" \/>\n\t<meta property=\"og:image:height\" content=\"510\" \/>\n\t<meta property=\"og:image:type\" content=\"image\/jpeg\" \/>\n<meta name=\"twitter:card\" content=\"summary_large_image\" \/>\n<script type=\"application\/ld+json\" class=\"yoast-schema-graph\">{\"@context\":\"https:\\\/\\\/schema.org\",\"@graph\":[{\"@type\":\"WebPage\",\"@id\":\"https:\\\/\\\/www.marronglace.com\\\/en\\\/producto\\\/marron-glace-gran-seleccion-classic\\\/\",\"url\":\"https:\\\/\\\/www.marronglace.com\\\/en\\\/producto\\\/marron-glace-gran-seleccion-classic\\\/\",\"name\":\"Marron Glac\u00e9 \\\"Gran Selecci\u00f3n\\\" Classic - Marron Glac\u00e9\",\"isPartOf\":{\"@id\":\"https:\\\/\\\/www.marronglace.com\\\/en\\\/#website\"},\"primaryImageOfPage\":{\"@id\":\"https:\\\/\\\/www.marronglace.com\\\/en\\\/producto\\\/marron-glace-gran-seleccion-classic\\\/#primaryimage\"},\"image\":{\"@id\":\"https:\\\/\\\/www.marronglace.com\\\/en\\\/producto\\\/marron-glace-gran-seleccion-classic\\\/#primaryimage\"},\"thumbnailUrl\":\"https:\\\/\\\/www.marronglace.com\\\/wp-content\\\/uploads\\\/2023\\\/11\\\/marron-glace-classic-gs.jpg\",\"datePublished\":\"2023-11-16T01:03:08+00:00\",\"breadcrumb\":{\"@id\":\"https:\\\/\\\/www.marronglace.com\\\/en\\\/producto\\\/marron-glace-gran-seleccion-classic\\\/#breadcrumb\"},\"inLanguage\":\"en-US\",\"potentialAction\":[{\"@type\":\"ReadAction\",\"target\":[\"https:\\\/\\\/www.marronglace.com\\\/en\\\/producto\\\/marron-glace-gran-seleccion-classic\\\/\"]}]},{\"@type\":\"ImageObject\",\"inLanguage\":\"en-US\",\"@id\":\"https:\\\/\\\/www.marronglace.com\\\/en\\\/producto\\\/marron-glace-gran-seleccion-classic\\\/#primaryimage\",\"url\":\"https:\\\/\\\/www.marronglace.com\\\/wp-content\\\/uploads\\\/2023\\\/11\\\/marron-glace-classic-gs.jpg\",\"contentUrl\":\"https:\\\/\\\/www.marronglace.com\\\/wp-content\\\/uploads\\\/2023\\\/11\\\/marron-glace-classic-gs.jpg\",\"width\":510,\"height\":510},{\"@type\":\"BreadcrumbList\",\"@id\":\"https:\\\/\\\/www.marronglace.com\\\/en\\\/producto\\\/marron-glace-gran-seleccion-classic\\\/#breadcrumb\",\"itemListElement\":[{\"@type\":\"ListItem\",\"position\":1,\"name\":\"Portada\",\"item\":\"https:\\\/\\\/www.marronglace.com\\\/en\\\/\"},{\"@type\":\"ListItem\",\"position\":2,\"name\":\"Shop\",\"item\":\"https:\\\/\\\/www.marronglace.com\\\/en\\\/shop\\\/\"},{\"@type\":\"ListItem\",\"position\":3,\"name\":\"Marron Glac\u00e9 &#8220;Gran Selecci\u00f3n&#8221; Classic\"}]},{\"@type\":\"WebSite\",\"@id\":\"https:\\\/\\\/www.marronglace.com\\\/en\\\/#website\",\"url\":\"https:\\\/\\\/www.marronglace.com\\\/en\\\/\",\"name\":\"Marron Glac\u00e9\",\"description\":\"\",\"publisher\":{\"@id\":\"https:\\\/\\\/www.marronglace.com\\\/en\\\/#organization\"},\"potentialAction\":[{\"@type\":\"SearchAction\",\"target\":{\"@type\":\"EntryPoint\",\"urlTemplate\":\"https:\\\/\\\/www.marronglace.com\\\/en\\\/?s={search_term_string}\"},\"query-input\":{\"@type\":\"PropertyValueSpecification\",\"valueRequired\":true,\"valueName\":\"search_term_string\"}}],\"inLanguage\":\"en-US\"},{\"@type\":\"Organization\",\"@id\":\"https:\\\/\\\/www.marronglace.com\\\/en\\\/#organization\",\"name\":\"Marron Glac\u00e9\",\"url\":\"https:\\\/\\\/www.marronglace.com\\\/en\\\/\",\"logo\":{\"@type\":\"ImageObject\",\"inLanguage\":\"en-US\",\"@id\":\"https:\\\/\\\/www.marronglace.com\\\/en\\\/#\\\/schema\\\/logo\\\/image\\\/\",\"url\":\"https:\\\/\\\/www.marronglace.com\\\/wp-content\\\/uploads\\\/2023\\\/11\\\/logo-cuevas-cia-normal.png\",\"contentUrl\":\"https:\\\/\\\/www.marronglace.com\\\/wp-content\\\/uploads\\\/2023\\\/11\\\/logo-cuevas-cia-normal.png\",\"width\":228,\"height\":57,\"caption\":\"Marron Glac\u00e9\"},\"image\":{\"@id\":\"https:\\\/\\\/www.marronglace.com\\\/en\\\/#\\\/schema\\\/logo\\\/image\\\/\"}}]}<\/script>\n<!-- \/ Yoast SEO plugin. -->","yoast_head_json":{"title":"Marron Glac\u00e9 \"Gran Selecci\u00f3n\" Classic - Marron Glac\u00e9","robots":{"index":"index","follow":"follow","max-snippet":"max-snippet:-1","max-image-preview":"max-image-preview:large","max-video-preview":"max-video-preview:-1"},"canonical":"https:\/\/www.marronglace.com\/en\/producto\/marron-glace-gran-seleccion-classic\/","og_locale":"en_US","og_type":"article","og_title":"Marron Glac\u00e9 \"Gran Selecci\u00f3n\" Classic - Marron Glac\u00e9","og_description":"A special selection of the most distinguished chestnut varieties, characterised by their special size and excellent taste. Comes in an exclusive format. Marron Glac\u00e9 \"Gran Selecci\u00f3n\" individually wrapped and vacuum packed. Suitable for people with coeliac disease. Glass jar. Net weight: 190g","og_url":"https:\/\/www.marronglace.com\/en\/producto\/marron-glace-gran-seleccion-classic\/","og_site_name":"Marron Glac\u00e9","og_image":[{"width":510,"height":510,"url":"https:\/\/www.marronglace.com\/wp-content\/uploads\/2023\/11\/marron-glace-classic-gs.jpg","type":"image\/jpeg"}],"twitter_card":"summary_large_image","schema":{"@context":"https:\/\/schema.org","@graph":[{"@type":"WebPage","@id":"https:\/\/www.marronglace.com\/en\/producto\/marron-glace-gran-seleccion-classic\/","url":"https:\/\/www.marronglace.com\/en\/producto\/marron-glace-gran-seleccion-classic\/","name":"Marron Glac\u00e9 \"Gran Selecci\u00f3n\" Classic - Marron Glac\u00e9","isPartOf":{"@id":"https:\/\/www.marronglace.com\/en\/#website"},"primaryImageOfPage":{"@id":"https:\/\/www.marronglace.com\/en\/producto\/marron-glace-gran-seleccion-classic\/#primaryimage"},"image":{"@id":"https:\/\/www.marronglace.com\/en\/producto\/marron-glace-gran-seleccion-classic\/#primaryimage"},"thumbnailUrl":"https:\/\/www.marronglace.com\/wp-content\/uploads\/2023\/11\/marron-glace-classic-gs.jpg","datePublished":"2023-11-16T01:03:08+00:00","breadcrumb":{"@id":"https:\/\/www.marronglace.com\/en\/producto\/marron-glace-gran-seleccion-classic\/#breadcrumb"},"inLanguage":"en-US","potentialAction":[{"@type":"ReadAction","target":["https:\/\/www.marronglace.com\/en\/producto\/marron-glace-gran-seleccion-classic\/"]}]},{"@type":"ImageObject","inLanguage":"en-US","@id":"https:\/\/www.marronglace.com\/en\/producto\/marron-glace-gran-seleccion-classic\/#primaryimage","url":"https:\/\/www.marronglace.com\/wp-content\/uploads\/2023\/11\/marron-glace-classic-gs.jpg","contentUrl":"https:\/\/www.marronglace.com\/wp-content\/uploads\/2023\/11\/marron-glace-classic-gs.jpg","width":510,"height":510},{"@type":"BreadcrumbList","@id":"https:\/\/www.marronglace.com\/en\/producto\/marron-glace-gran-seleccion-classic\/#breadcrumb","itemListElement":[{"@type":"ListItem","position":1,"name":"Portada","item":"https:\/\/www.marronglace.com\/en\/"},{"@type":"ListItem","position":2,"name":"Shop","item":"https:\/\/www.marronglace.com\/en\/shop\/"},{"@type":"ListItem","position":3,"name":"Marron Glac\u00e9 &#8220;Gran Selecci\u00f3n&#8221; Classic"}]},{"@type":"WebSite","@id":"https:\/\/www.marronglace.com\/en\/#website","url":"https:\/\/www.marronglace.com\/en\/","name":"Marron Glac\u00e9","description":"","publisher":{"@id":"https:\/\/www.marronglace.com\/en\/#organization"},"potentialAction":[{"@type":"SearchAction","target":{"@type":"EntryPoint","urlTemplate":"https:\/\/www.marronglace.com\/en\/?s={search_term_string}"},"query-input":{"@type":"PropertyValueSpecification","valueRequired":true,"valueName":"search_term_string"}}],"inLanguage":"en-US"},{"@type":"Organization","@id":"https:\/\/www.marronglace.com\/en\/#organization","name":"Marron Glac\u00e9","url":"https:\/\/www.marronglace.com\/en\/","logo":{"@type":"ImageObject","inLanguage":"en-US","@id":"https:\/\/www.marronglace.com\/en\/#\/schema\/logo\/image\/","url":"https:\/\/www.marronglace.com\/wp-content\/uploads\/2023\/11\/logo-cuevas-cia-normal.png","contentUrl":"https:\/\/www.marronglace.com\/wp-content\/uploads\/2023\/11\/logo-cuevas-cia-normal.png","width":228,"height":57,"caption":"Marron Glac\u00e9"},"image":{"@id":"https:\/\/www.marronglace.com\/en\/#\/schema\/logo\/image\/"}}]}},"_links":{"self":[{"href":"https:\/\/www.marronglace.com\/en\/wp-json\/wp\/v2\/product\/1846","targetHints":{"allow":["GET"]}}],"collection":[{"href":"https:\/\/www.marronglace.com\/en\/wp-json\/wp\/v2\/product"}],"about":[{"href":"https:\/\/www.marronglace.com\/en\/wp-json\/wp\/v2\/types\/product"}],"wp:featuredmedia":[{"embeddable":true,"href":"https:\/\/www.marronglace.com\/en\/wp-json\/wp\/v2\/media\/164"}],"wp:attachment":[{"href":"https:\/\/www.marronglace.com\/en\/wp-json\/wp\/v2\/media?parent=1846"}],"wp:term":[{"taxonomy":"product_brand","embeddable":true,"href":"https:\/\/www.marronglace.com\/en\/wp-json\/wp\/v2\/product_brand?post=1846"},{"taxonomy":"product_cat","embeddable":true,"href":"https:\/\/www.marronglace.com\/en\/wp-json\/wp\/v2\/product_cat?post=1846"},{"taxonomy":"product_tag","embeddable":true,"href":"https:\/\/www.marronglace.com\/en\/wp-json\/wp\/v2\/product_tag?post=1846"}],"curies":[{"name":"wp","href":"https:\/\/api.w.org\/{rel}","templated":true}]}}