{"id":1848,"date":"2023-11-16T02:08:16","date_gmt":"2023-11-16T01:08:16","guid":{"rendered":"https:\/\/www.marronglace.com\/producto\/candied-chesnut-with-sherry-wine-pedro-ximenez\/"},"modified":"2023-11-16T02:08:16","modified_gmt":"2023-11-16T01:08:16","slug":"candied-chesnut-with-sherry-wine-pedro-ximenez","status":"publish","type":"product","link":"https:\/\/www.marronglace.com\/en\/producto\/candied-chesnut-with-sherry-wine-pedro-ximenez\/","title":{"rendered":"Candied Chesnut with Sherry Wine &#8220;Pedro Ximenez&#8221;"},"content":{"rendered":"<p><b>Ingredients<\/b>: Chestnuts (60%), sugar, glucose syrup, Pedro Xim\u00e9nez wine water (5%) and aroma.<\/p>\n<p>Ready to consume. Without preservatives or colorings. Low fat content. Fiber source. Without salt. Keep in a cool and dry place. Once opened, keep refrigerated.<\/p>\n<p><b>Nutritional values (g\/100g):<\/b><br \/>\nEnergy value: 207 Kcal &#8211; 874 kJ<br \/>\nFat: 1.0 g (of which saturated: 0.2 g)<br \/>\nCarbohydrates: 44 g (of which sugars: 19 g)<br \/>\nDietary fiber: 5.3 g<br \/>\nProtein: 1.6 g<br \/>\nSalt: 0.01 g<\/p>\n","protected":false},"excerpt":{"rendered":"<p class=\"entrada\">A special selection of the noblest varieties of chestnuts, candied and macerated in &#8220;Pedro Xim\u00e9nez&#8221; sherry wine. Comes in an exclusive format.<\/p>\n<p class=\"info_tecnica\">Marron Glac\u00e9 confit with &#8220;Pedro Xim\u00e9nez&#8221; sherry wine, vacuum packed.<br \/>\nSuitable for coeliacs and without preservatives or colourings.<br \/>\nGlass jar. Net weight: 415g. Drained net weight: 250g<\/p>\n","protected":false},"featured_media":174,"template":"","meta":{"_acf_changed":false},"product_brand":[],"product_cat":[40],"product_tag":[],"class_list":{"0":"post-1848","1":"product","2":"type-product","3":"status-publish","4":"has-post-thumbnail","6":"product_cat-marron-glace-en","7":"description-off","9":"first","10":"instock","11":"taxable","12":"shipping-taxable","13":"purchasable","14":"product-type-simple"},"acf":[],"yoast_head":"<!-- This site is optimized with the Yoast SEO plugin v27.4 - https:\/\/yoast.com\/product\/yoast-seo-wordpress\/ -->\n<title>Candied Chesnut with Sherry Wine &quot;Pedro Ximenez&quot; - Marron Glac\u00e9<\/title>\n<meta name=\"robots\" content=\"index, follow, max-snippet:-1, max-image-preview:large, max-video-preview:-1\" \/>\n<link rel=\"canonical\" href=\"https:\/\/www.marronglace.com\/en\/producto\/candied-chesnut-with-sherry-wine-pedro-ximenez\/\" \/>\n<meta property=\"og:locale\" content=\"en_US\" \/>\n<meta property=\"og:type\" content=\"article\" \/>\n<meta property=\"og:title\" content=\"Candied Chesnut with Sherry Wine &quot;Pedro Ximenez&quot; - Marron Glac\u00e9\" \/>\n<meta property=\"og:description\" content=\"A special selection of the noblest varieties of chestnuts, candied and macerated in &quot;Pedro Xim\u00e9nez&quot; sherry wine. Comes in an exclusive format. Marron Glac\u00e9 confit with &quot;Pedro Xim\u00e9nez&quot; sherry wine, vacuum packed. Suitable for coeliacs and without preservatives or colourings. Glass jar. Net weight: 415g. Drained net weight: 250g\" \/>\n<meta property=\"og:url\" content=\"https:\/\/www.marronglace.com\/en\/producto\/candied-chesnut-with-sherry-wine-pedro-ximenez\/\" \/>\n<meta property=\"og:site_name\" content=\"Marron Glac\u00e9\" \/>\n<meta property=\"og:image\" content=\"https:\/\/www.marronglace.com\/wp-content\/uploads\/2023\/11\/marron-glace-classic-gs-jerez.jpg\" \/>\n\t<meta property=\"og:image:width\" content=\"510\" \/>\n\t<meta property=\"og:image:height\" content=\"510\" \/>\n\t<meta property=\"og:image:type\" content=\"image\/jpeg\" \/>\n<meta name=\"twitter:card\" content=\"summary_large_image\" \/>\n<script type=\"application\/ld+json\" class=\"yoast-schema-graph\">{\"@context\":\"https:\\\/\\\/schema.org\",\"@graph\":[{\"@type\":\"WebPage\",\"@id\":\"https:\\\/\\\/www.marronglace.com\\\/en\\\/producto\\\/candied-chesnut-with-sherry-wine-pedro-ximenez\\\/\",\"url\":\"https:\\\/\\\/www.marronglace.com\\\/en\\\/producto\\\/candied-chesnut-with-sherry-wine-pedro-ximenez\\\/\",\"name\":\"Candied Chesnut with Sherry Wine \\\"Pedro Ximenez\\\" - Marron Glac\u00e9\",\"isPartOf\":{\"@id\":\"https:\\\/\\\/www.marronglace.com\\\/en\\\/#website\"},\"primaryImageOfPage\":{\"@id\":\"https:\\\/\\\/www.marronglace.com\\\/en\\\/producto\\\/candied-chesnut-with-sherry-wine-pedro-ximenez\\\/#primaryimage\"},\"image\":{\"@id\":\"https:\\\/\\\/www.marronglace.com\\\/en\\\/producto\\\/candied-chesnut-with-sherry-wine-pedro-ximenez\\\/#primaryimage\"},\"thumbnailUrl\":\"https:\\\/\\\/www.marronglace.com\\\/wp-content\\\/uploads\\\/2023\\\/11\\\/marron-glace-classic-gs-jerez.jpg\",\"datePublished\":\"2023-11-16T01:08:16+00:00\",\"breadcrumb\":{\"@id\":\"https:\\\/\\\/www.marronglace.com\\\/en\\\/producto\\\/candied-chesnut-with-sherry-wine-pedro-ximenez\\\/#breadcrumb\"},\"inLanguage\":\"en-US\",\"potentialAction\":[{\"@type\":\"ReadAction\",\"target\":[\"https:\\\/\\\/www.marronglace.com\\\/en\\\/producto\\\/candied-chesnut-with-sherry-wine-pedro-ximenez\\\/\"]}]},{\"@type\":\"ImageObject\",\"inLanguage\":\"en-US\",\"@id\":\"https:\\\/\\\/www.marronglace.com\\\/en\\\/producto\\\/candied-chesnut-with-sherry-wine-pedro-ximenez\\\/#primaryimage\",\"url\":\"https:\\\/\\\/www.marronglace.com\\\/wp-content\\\/uploads\\\/2023\\\/11\\\/marron-glace-classic-gs-jerez.jpg\",\"contentUrl\":\"https:\\\/\\\/www.marronglace.com\\\/wp-content\\\/uploads\\\/2023\\\/11\\\/marron-glace-classic-gs-jerez.jpg\",\"width\":510,\"height\":510},{\"@type\":\"BreadcrumbList\",\"@id\":\"https:\\\/\\\/www.marronglace.com\\\/en\\\/producto\\\/candied-chesnut-with-sherry-wine-pedro-ximenez\\\/#breadcrumb\",\"itemListElement\":[{\"@type\":\"ListItem\",\"position\":1,\"name\":\"Portada\",\"item\":\"https:\\\/\\\/www.marronglace.com\\\/en\\\/\"},{\"@type\":\"ListItem\",\"position\":2,\"name\":\"Shop\",\"item\":\"https:\\\/\\\/www.marronglace.com\\\/en\\\/shop\\\/\"},{\"@type\":\"ListItem\",\"position\":3,\"name\":\"Candied Chesnut with Sherry Wine &#8220;Pedro Ximenez&#8221;\"}]},{\"@type\":\"WebSite\",\"@id\":\"https:\\\/\\\/www.marronglace.com\\\/en\\\/#website\",\"url\":\"https:\\\/\\\/www.marronglace.com\\\/en\\\/\",\"name\":\"Marron Glac\u00e9\",\"description\":\"\",\"publisher\":{\"@id\":\"https:\\\/\\\/www.marronglace.com\\\/en\\\/#organization\"},\"potentialAction\":[{\"@type\":\"SearchAction\",\"target\":{\"@type\":\"EntryPoint\",\"urlTemplate\":\"https:\\\/\\\/www.marronglace.com\\\/en\\\/?s={search_term_string}\"},\"query-input\":{\"@type\":\"PropertyValueSpecification\",\"valueRequired\":true,\"valueName\":\"search_term_string\"}}],\"inLanguage\":\"en-US\"},{\"@type\":\"Organization\",\"@id\":\"https:\\\/\\\/www.marronglace.com\\\/en\\\/#organization\",\"name\":\"Marron Glac\u00e9\",\"url\":\"https:\\\/\\\/www.marronglace.com\\\/en\\\/\",\"logo\":{\"@type\":\"ImageObject\",\"inLanguage\":\"en-US\",\"@id\":\"https:\\\/\\\/www.marronglace.com\\\/en\\\/#\\\/schema\\\/logo\\\/image\\\/\",\"url\":\"https:\\\/\\\/www.marronglace.com\\\/wp-content\\\/uploads\\\/2023\\\/11\\\/logo-cuevas-cia-normal.png\",\"contentUrl\":\"https:\\\/\\\/www.marronglace.com\\\/wp-content\\\/uploads\\\/2023\\\/11\\\/logo-cuevas-cia-normal.png\",\"width\":228,\"height\":57,\"caption\":\"Marron Glac\u00e9\"},\"image\":{\"@id\":\"https:\\\/\\\/www.marronglace.com\\\/en\\\/#\\\/schema\\\/logo\\\/image\\\/\"}}]}<\/script>\n<!-- \/ Yoast SEO plugin. -->","yoast_head_json":{"title":"Candied Chesnut with Sherry Wine \"Pedro Ximenez\" - Marron Glac\u00e9","robots":{"index":"index","follow":"follow","max-snippet":"max-snippet:-1","max-image-preview":"max-image-preview:large","max-video-preview":"max-video-preview:-1"},"canonical":"https:\/\/www.marronglace.com\/en\/producto\/candied-chesnut-with-sherry-wine-pedro-ximenez\/","og_locale":"en_US","og_type":"article","og_title":"Candied Chesnut with Sherry Wine \"Pedro Ximenez\" - Marron Glac\u00e9","og_description":"A special selection of the noblest varieties of chestnuts, candied and macerated in \"Pedro Xim\u00e9nez\" sherry wine. Comes in an exclusive format. Marron Glac\u00e9 confit with \"Pedro Xim\u00e9nez\" sherry wine, vacuum packed. Suitable for coeliacs and without preservatives or colourings. Glass jar. Net weight: 415g. Drained net weight: 250g","og_url":"https:\/\/www.marronglace.com\/en\/producto\/candied-chesnut-with-sherry-wine-pedro-ximenez\/","og_site_name":"Marron Glac\u00e9","og_image":[{"width":510,"height":510,"url":"https:\/\/www.marronglace.com\/wp-content\/uploads\/2023\/11\/marron-glace-classic-gs-jerez.jpg","type":"image\/jpeg"}],"twitter_card":"summary_large_image","schema":{"@context":"https:\/\/schema.org","@graph":[{"@type":"WebPage","@id":"https:\/\/www.marronglace.com\/en\/producto\/candied-chesnut-with-sherry-wine-pedro-ximenez\/","url":"https:\/\/www.marronglace.com\/en\/producto\/candied-chesnut-with-sherry-wine-pedro-ximenez\/","name":"Candied Chesnut with Sherry Wine \"Pedro Ximenez\" - Marron Glac\u00e9","isPartOf":{"@id":"https:\/\/www.marronglace.com\/en\/#website"},"primaryImageOfPage":{"@id":"https:\/\/www.marronglace.com\/en\/producto\/candied-chesnut-with-sherry-wine-pedro-ximenez\/#primaryimage"},"image":{"@id":"https:\/\/www.marronglace.com\/en\/producto\/candied-chesnut-with-sherry-wine-pedro-ximenez\/#primaryimage"},"thumbnailUrl":"https:\/\/www.marronglace.com\/wp-content\/uploads\/2023\/11\/marron-glace-classic-gs-jerez.jpg","datePublished":"2023-11-16T01:08:16+00:00","breadcrumb":{"@id":"https:\/\/www.marronglace.com\/en\/producto\/candied-chesnut-with-sherry-wine-pedro-ximenez\/#breadcrumb"},"inLanguage":"en-US","potentialAction":[{"@type":"ReadAction","target":["https:\/\/www.marronglace.com\/en\/producto\/candied-chesnut-with-sherry-wine-pedro-ximenez\/"]}]},{"@type":"ImageObject","inLanguage":"en-US","@id":"https:\/\/www.marronglace.com\/en\/producto\/candied-chesnut-with-sherry-wine-pedro-ximenez\/#primaryimage","url":"https:\/\/www.marronglace.com\/wp-content\/uploads\/2023\/11\/marron-glace-classic-gs-jerez.jpg","contentUrl":"https:\/\/www.marronglace.com\/wp-content\/uploads\/2023\/11\/marron-glace-classic-gs-jerez.jpg","width":510,"height":510},{"@type":"BreadcrumbList","@id":"https:\/\/www.marronglace.com\/en\/producto\/candied-chesnut-with-sherry-wine-pedro-ximenez\/#breadcrumb","itemListElement":[{"@type":"ListItem","position":1,"name":"Portada","item":"https:\/\/www.marronglace.com\/en\/"},{"@type":"ListItem","position":2,"name":"Shop","item":"https:\/\/www.marronglace.com\/en\/shop\/"},{"@type":"ListItem","position":3,"name":"Candied Chesnut with Sherry Wine &#8220;Pedro Ximenez&#8221;"}]},{"@type":"WebSite","@id":"https:\/\/www.marronglace.com\/en\/#website","url":"https:\/\/www.marronglace.com\/en\/","name":"Marron Glac\u00e9","description":"","publisher":{"@id":"https:\/\/www.marronglace.com\/en\/#organization"},"potentialAction":[{"@type":"SearchAction","target":{"@type":"EntryPoint","urlTemplate":"https:\/\/www.marronglace.com\/en\/?s={search_term_string}"},"query-input":{"@type":"PropertyValueSpecification","valueRequired":true,"valueName":"search_term_string"}}],"inLanguage":"en-US"},{"@type":"Organization","@id":"https:\/\/www.marronglace.com\/en\/#organization","name":"Marron Glac\u00e9","url":"https:\/\/www.marronglace.com\/en\/","logo":{"@type":"ImageObject","inLanguage":"en-US","@id":"https:\/\/www.marronglace.com\/en\/#\/schema\/logo\/image\/","url":"https:\/\/www.marronglace.com\/wp-content\/uploads\/2023\/11\/logo-cuevas-cia-normal.png","contentUrl":"https:\/\/www.marronglace.com\/wp-content\/uploads\/2023\/11\/logo-cuevas-cia-normal.png","width":228,"height":57,"caption":"Marron Glac\u00e9"},"image":{"@id":"https:\/\/www.marronglace.com\/en\/#\/schema\/logo\/image\/"}}]}},"_links":{"self":[{"href":"https:\/\/www.marronglace.com\/en\/wp-json\/wp\/v2\/product\/1848","targetHints":{"allow":["GET"]}}],"collection":[{"href":"https:\/\/www.marronglace.com\/en\/wp-json\/wp\/v2\/product"}],"about":[{"href":"https:\/\/www.marronglace.com\/en\/wp-json\/wp\/v2\/types\/product"}],"wp:featuredmedia":[{"embeddable":true,"href":"https:\/\/www.marronglace.com\/en\/wp-json\/wp\/v2\/media\/174"}],"wp:attachment":[{"href":"https:\/\/www.marronglace.com\/en\/wp-json\/wp\/v2\/media?parent=1848"}],"wp:term":[{"taxonomy":"product_brand","embeddable":true,"href":"https:\/\/www.marronglace.com\/en\/wp-json\/wp\/v2\/product_brand?post=1848"},{"taxonomy":"product_cat","embeddable":true,"href":"https:\/\/www.marronglace.com\/en\/wp-json\/wp\/v2\/product_cat?post=1848"},{"taxonomy":"product_tag","embeddable":true,"href":"https:\/\/www.marronglace.com\/en\/wp-json\/wp\/v2\/product_tag?post=1848"}],"curies":[{"name":"wp","href":"https:\/\/api.w.org\/{rel}","templated":true}]}}