{"id":2660,"date":"2024-12-12T08:58:16","date_gmt":"2024-12-12T07:58:16","guid":{"rendered":"https:\/\/www.marronglace.com\/?post_type=product&#038;p=2660"},"modified":"2024-12-12T11:08:04","modified_gmt":"2024-12-12T10:08:04","slug":"goat-cheese-marron-glace","status":"publish","type":"product","link":"https:\/\/www.marronglace.com\/en\/producto\/goat-cheese-marron-glace\/","title":{"rendered":"Goat cheese with marron glace"},"content":{"rendered":"<p><strong>Ingredients<\/strong>:<br \/>\nPasteurized goat milk, marron glac\u00e9 cream (15%): (57% marron glac\u00e9, chestnut 19%, water and glucose syrup),<br \/>\ncandied and glazed chestnut (10%): (chestnuts (57%), sugar, glucose syrup, vanilla flavor and preservative E223<br \/>\n(sulfites)), rennet, sea salt, lactic ferments, and preservative: E-202.<\/p>\n<p>Origin of milk: Spain.<\/p>\n<p><strong>Nutritional values (g\/100g)<\/strong>:<br \/>\nEnergy value: 366 Kcal &#8211; 1,525 kJ<br \/>\nFat: 26.0 g (of which saturated: 18.0 g)<br \/>\nCarbohydrates: 15 g (of which sugars: 12 g)<br \/>\nDietary fiber: 2.8g<br \/>\nSalt: 0.38g<\/p>\n","protected":false},"excerpt":{"rendered":"<p>Cheese made from goat curd, marron glac\u00e9 cream and pieces of marron glac\u00e9. Sea salt is added and lactic ferments.<\/p>\n<p>Storage temperature between 4 and 8 \u02daC.<br \/>\n4 months useful life.<br \/>\nNet weight: 180g<\/p>\n<p>Shipping <strong>only available for purchases in the peninsula<\/strong>. For purchases in the Balearic Islands and other EU countries, contact us.<\/p>\n","protected":false},"featured_media":2664,"template":"","meta":{"_acf_changed":false},"product_brand":[],"product_cat":[41],"product_tag":[],"class_list":{"0":"post-2660","1":"product","2":"type-product","3":"status-publish","4":"has-post-thumbnail","6":"product_cat-cuevas-chef-en","7":"description-off","9":"first","10":"instock","11":"taxable","12":"shipping-taxable","13":"purchasable","14":"product-type-simple"},"acf":[],"yoast_head":"<!-- This site is optimized with the Yoast SEO plugin v27.4 - https:\/\/yoast.com\/product\/yoast-seo-wordpress\/ -->\n<title>Goat cheese with marron glace - Marron Glac\u00e9<\/title>\n<meta name=\"robots\" content=\"index, follow, max-snippet:-1, max-image-preview:large, max-video-preview:-1\" \/>\n<link rel=\"canonical\" href=\"https:\/\/www.marronglace.com\/en\/producto\/goat-cheese-marron-glace\/\" \/>\n<meta property=\"og:locale\" content=\"en_US\" \/>\n<meta property=\"og:type\" content=\"article\" \/>\n<meta property=\"og:title\" content=\"Goat cheese with marron glace - Marron Glac\u00e9\" \/>\n<meta property=\"og:description\" content=\"Cheese made from goat curd, marron glac\u00e9 cream and pieces of marron glac\u00e9. Sea salt is added and lactic ferments.  Storage temperature between 4 and 8 \u02daC. 4 months useful life. Net weight: 180g  Shipping only available for purchases in the peninsula. For purchases in the Balearic Islands and other EU countries, contact us.\" \/>\n<meta property=\"og:url\" content=\"https:\/\/www.marronglace.com\/en\/producto\/goat-cheese-marron-glace\/\" \/>\n<meta property=\"og:site_name\" content=\"Marron Glac\u00e9\" \/>\n<meta property=\"article:modified_time\" content=\"2024-12-12T10:08:04+00:00\" \/>\n<meta property=\"og:image\" content=\"https:\/\/www.marronglace.com\/wp-content\/uploads\/2024\/12\/queso-marron-glace.png\" \/>\n\t<meta property=\"og:image:width\" content=\"510\" \/>\n\t<meta property=\"og:image:height\" content=\"510\" \/>\n\t<meta property=\"og:image:type\" content=\"image\/png\" \/>\n<meta name=\"twitter:card\" content=\"summary_large_image\" \/>\n<meta name=\"twitter:label1\" content=\"Est. reading time\" \/>\n\t<meta name=\"twitter:data1\" content=\"1 minute\" \/>\n<script type=\"application\/ld+json\" class=\"yoast-schema-graph\">{\"@context\":\"https:\\\/\\\/schema.org\",\"@graph\":[{\"@type\":\"WebPage\",\"@id\":\"https:\\\/\\\/www.marronglace.com\\\/en\\\/producto\\\/goat-cheese-marron-glace\\\/\",\"url\":\"https:\\\/\\\/www.marronglace.com\\\/en\\\/producto\\\/goat-cheese-marron-glace\\\/\",\"name\":\"Goat cheese with marron glace - Marron Glac\u00e9\",\"isPartOf\":{\"@id\":\"https:\\\/\\\/www.marronglace.com\\\/en\\\/#website\"},\"primaryImageOfPage\":{\"@id\":\"https:\\\/\\\/www.marronglace.com\\\/en\\\/producto\\\/goat-cheese-marron-glace\\\/#primaryimage\"},\"image\":{\"@id\":\"https:\\\/\\\/www.marronglace.com\\\/en\\\/producto\\\/goat-cheese-marron-glace\\\/#primaryimage\"},\"thumbnailUrl\":\"https:\\\/\\\/www.marronglace.com\\\/wp-content\\\/uploads\\\/2024\\\/12\\\/queso-marron-glace.png\",\"datePublished\":\"2024-12-12T07:58:16+00:00\",\"dateModified\":\"2024-12-12T10:08:04+00:00\",\"breadcrumb\":{\"@id\":\"https:\\\/\\\/www.marronglace.com\\\/en\\\/producto\\\/goat-cheese-marron-glace\\\/#breadcrumb\"},\"inLanguage\":\"en-US\",\"potentialAction\":[{\"@type\":\"ReadAction\",\"target\":[\"https:\\\/\\\/www.marronglace.com\\\/en\\\/producto\\\/goat-cheese-marron-glace\\\/\"]}]},{\"@type\":\"ImageObject\",\"inLanguage\":\"en-US\",\"@id\":\"https:\\\/\\\/www.marronglace.com\\\/en\\\/producto\\\/goat-cheese-marron-glace\\\/#primaryimage\",\"url\":\"https:\\\/\\\/www.marronglace.com\\\/wp-content\\\/uploads\\\/2024\\\/12\\\/queso-marron-glace.png\",\"contentUrl\":\"https:\\\/\\\/www.marronglace.com\\\/wp-content\\\/uploads\\\/2024\\\/12\\\/queso-marron-glace.png\",\"width\":510,\"height\":510},{\"@type\":\"BreadcrumbList\",\"@id\":\"https:\\\/\\\/www.marronglace.com\\\/en\\\/producto\\\/goat-cheese-marron-glace\\\/#breadcrumb\",\"itemListElement\":[{\"@type\":\"ListItem\",\"position\":1,\"name\":\"Portada\",\"item\":\"https:\\\/\\\/www.marronglace.com\\\/en\\\/\"},{\"@type\":\"ListItem\",\"position\":2,\"name\":\"Shop\",\"item\":\"https:\\\/\\\/www.marronglace.com\\\/en\\\/shop\\\/\"},{\"@type\":\"ListItem\",\"position\":3,\"name\":\"Goat cheese with marron glace\"}]},{\"@type\":\"WebSite\",\"@id\":\"https:\\\/\\\/www.marronglace.com\\\/en\\\/#website\",\"url\":\"https:\\\/\\\/www.marronglace.com\\\/en\\\/\",\"name\":\"Marron Glac\u00e9\",\"description\":\"\",\"publisher\":{\"@id\":\"https:\\\/\\\/www.marronglace.com\\\/en\\\/#organization\"},\"potentialAction\":[{\"@type\":\"SearchAction\",\"target\":{\"@type\":\"EntryPoint\",\"urlTemplate\":\"https:\\\/\\\/www.marronglace.com\\\/en\\\/?s={search_term_string}\"},\"query-input\":{\"@type\":\"PropertyValueSpecification\",\"valueRequired\":true,\"valueName\":\"search_term_string\"}}],\"inLanguage\":\"en-US\"},{\"@type\":\"Organization\",\"@id\":\"https:\\\/\\\/www.marronglace.com\\\/en\\\/#organization\",\"name\":\"Marron Glac\u00e9\",\"url\":\"https:\\\/\\\/www.marronglace.com\\\/en\\\/\",\"logo\":{\"@type\":\"ImageObject\",\"inLanguage\":\"en-US\",\"@id\":\"https:\\\/\\\/www.marronglace.com\\\/en\\\/#\\\/schema\\\/logo\\\/image\\\/\",\"url\":\"https:\\\/\\\/www.marronglace.com\\\/wp-content\\\/uploads\\\/2023\\\/11\\\/logo-cuevas-cia-normal.png\",\"contentUrl\":\"https:\\\/\\\/www.marronglace.com\\\/wp-content\\\/uploads\\\/2023\\\/11\\\/logo-cuevas-cia-normal.png\",\"width\":228,\"height\":57,\"caption\":\"Marron Glac\u00e9\"},\"image\":{\"@id\":\"https:\\\/\\\/www.marronglace.com\\\/en\\\/#\\\/schema\\\/logo\\\/image\\\/\"}}]}<\/script>\n<!-- \/ Yoast SEO plugin. -->","yoast_head_json":{"title":"Goat cheese with marron glace - Marron Glac\u00e9","robots":{"index":"index","follow":"follow","max-snippet":"max-snippet:-1","max-image-preview":"max-image-preview:large","max-video-preview":"max-video-preview:-1"},"canonical":"https:\/\/www.marronglace.com\/en\/producto\/goat-cheese-marron-glace\/","og_locale":"en_US","og_type":"article","og_title":"Goat cheese with marron glace - Marron Glac\u00e9","og_description":"Cheese made from goat curd, marron glac\u00e9 cream and pieces of marron glac\u00e9. Sea salt is added and lactic ferments.  Storage temperature between 4 and 8 \u02daC. 4 months useful life. Net weight: 180g  Shipping only available for purchases in the peninsula. For purchases in the Balearic Islands and other EU countries, contact us.","og_url":"https:\/\/www.marronglace.com\/en\/producto\/goat-cheese-marron-glace\/","og_site_name":"Marron Glac\u00e9","article_modified_time":"2024-12-12T10:08:04+00:00","og_image":[{"width":510,"height":510,"url":"https:\/\/www.marronglace.com\/wp-content\/uploads\/2024\/12\/queso-marron-glace.png","type":"image\/png"}],"twitter_card":"summary_large_image","twitter_misc":{"Est. reading time":"1 minute"},"schema":{"@context":"https:\/\/schema.org","@graph":[{"@type":"WebPage","@id":"https:\/\/www.marronglace.com\/en\/producto\/goat-cheese-marron-glace\/","url":"https:\/\/www.marronglace.com\/en\/producto\/goat-cheese-marron-glace\/","name":"Goat cheese with marron glace - Marron Glac\u00e9","isPartOf":{"@id":"https:\/\/www.marronglace.com\/en\/#website"},"primaryImageOfPage":{"@id":"https:\/\/www.marronglace.com\/en\/producto\/goat-cheese-marron-glace\/#primaryimage"},"image":{"@id":"https:\/\/www.marronglace.com\/en\/producto\/goat-cheese-marron-glace\/#primaryimage"},"thumbnailUrl":"https:\/\/www.marronglace.com\/wp-content\/uploads\/2024\/12\/queso-marron-glace.png","datePublished":"2024-12-12T07:58:16+00:00","dateModified":"2024-12-12T10:08:04+00:00","breadcrumb":{"@id":"https:\/\/www.marronglace.com\/en\/producto\/goat-cheese-marron-glace\/#breadcrumb"},"inLanguage":"en-US","potentialAction":[{"@type":"ReadAction","target":["https:\/\/www.marronglace.com\/en\/producto\/goat-cheese-marron-glace\/"]}]},{"@type":"ImageObject","inLanguage":"en-US","@id":"https:\/\/www.marronglace.com\/en\/producto\/goat-cheese-marron-glace\/#primaryimage","url":"https:\/\/www.marronglace.com\/wp-content\/uploads\/2024\/12\/queso-marron-glace.png","contentUrl":"https:\/\/www.marronglace.com\/wp-content\/uploads\/2024\/12\/queso-marron-glace.png","width":510,"height":510},{"@type":"BreadcrumbList","@id":"https:\/\/www.marronglace.com\/en\/producto\/goat-cheese-marron-glace\/#breadcrumb","itemListElement":[{"@type":"ListItem","position":1,"name":"Portada","item":"https:\/\/www.marronglace.com\/en\/"},{"@type":"ListItem","position":2,"name":"Shop","item":"https:\/\/www.marronglace.com\/en\/shop\/"},{"@type":"ListItem","position":3,"name":"Goat cheese with marron glace"}]},{"@type":"WebSite","@id":"https:\/\/www.marronglace.com\/en\/#website","url":"https:\/\/www.marronglace.com\/en\/","name":"Marron Glac\u00e9","description":"","publisher":{"@id":"https:\/\/www.marronglace.com\/en\/#organization"},"potentialAction":[{"@type":"SearchAction","target":{"@type":"EntryPoint","urlTemplate":"https:\/\/www.marronglace.com\/en\/?s={search_term_string}"},"query-input":{"@type":"PropertyValueSpecification","valueRequired":true,"valueName":"search_term_string"}}],"inLanguage":"en-US"},{"@type":"Organization","@id":"https:\/\/www.marronglace.com\/en\/#organization","name":"Marron Glac\u00e9","url":"https:\/\/www.marronglace.com\/en\/","logo":{"@type":"ImageObject","inLanguage":"en-US","@id":"https:\/\/www.marronglace.com\/en\/#\/schema\/logo\/image\/","url":"https:\/\/www.marronglace.com\/wp-content\/uploads\/2023\/11\/logo-cuevas-cia-normal.png","contentUrl":"https:\/\/www.marronglace.com\/wp-content\/uploads\/2023\/11\/logo-cuevas-cia-normal.png","width":228,"height":57,"caption":"Marron Glac\u00e9"},"image":{"@id":"https:\/\/www.marronglace.com\/en\/#\/schema\/logo\/image\/"}}]}},"_links":{"self":[{"href":"https:\/\/www.marronglace.com\/en\/wp-json\/wp\/v2\/product\/2660","targetHints":{"allow":["GET"]}}],"collection":[{"href":"https:\/\/www.marronglace.com\/en\/wp-json\/wp\/v2\/product"}],"about":[{"href":"https:\/\/www.marronglace.com\/en\/wp-json\/wp\/v2\/types\/product"}],"wp:featuredmedia":[{"embeddable":true,"href":"https:\/\/www.marronglace.com\/en\/wp-json\/wp\/v2\/media\/2664"}],"wp:attachment":[{"href":"https:\/\/www.marronglace.com\/en\/wp-json\/wp\/v2\/media?parent=2660"}],"wp:term":[{"taxonomy":"product_brand","embeddable":true,"href":"https:\/\/www.marronglace.com\/en\/wp-json\/wp\/v2\/product_brand?post=2660"},{"taxonomy":"product_cat","embeddable":true,"href":"https:\/\/www.marronglace.com\/en\/wp-json\/wp\/v2\/product_cat?post=2660"},{"taxonomy":"product_tag","embeddable":true,"href":"https:\/\/www.marronglace.com\/en\/wp-json\/wp\/v2\/product_tag?post=2660"}],"curies":[{"name":"wp","href":"https:\/\/api.w.org\/{rel}","templated":true}]}}