{"id":2063,"date":"2023-11-28T14:17:27","date_gmt":"2023-11-28T13:17:27","guid":{"rendered":"https:\/\/www.marronglace.com\/tradition\/"},"modified":"2024-02-09T11:12:30","modified_gmt":"2024-02-09T10:12:30","slug":"tradition","status":"publish","type":"page","link":"https:\/\/www.marronglace.com\/fr\/tradition\/","title":{"rendered":"Tradition"},"content":{"rendered":"\t\t<div data-elementor-type=\"wp-page\" data-elementor-id=\"2063\" class=\"elementor elementor-2063 elementor-1976\" data-elementor-post-type=\"page\">\n\t\t\t\t\t\t<section class=\"elementor-section elementor-top-section elementor-element elementor-element-e2fe833 elementor-section-content-middle elementor-reverse-mobile elementor-section-boxed elementor-section-height-default elementor-section-height-default\" data-id=\"e2fe833\" data-element_type=\"section\" data-e-type=\"section\">\n\t\t\t\t\t\t<div class=\"elementor-container elementor-column-gap-default\">\n\t\t\t\t\t<div class=\"elementor-column elementor-col-50 elementor-top-column elementor-element elementor-element-16bcb47\" data-id=\"16bcb47\" data-element_type=\"column\" data-e-type=\"column\">\n\t\t\t<div class=\"elementor-widget-wrap elementor-element-populated\">\n\t\t\t\t\t\t<div class=\"elementor-element elementor-element-f5a38de elementor-widget elementor-widget-heading\" data-id=\"f5a38de\" data-element_type=\"widget\" data-e-type=\"widget\" data-widget_type=\"heading.default\">\n\t\t\t\t<div class=\"elementor-widget-container\">\n\t\t\t\t\t<h3 class=\"elementor-heading-title elementor-size-default\">NOTRE HISTOIRE<\/h3>\t\t\t\t<\/div>\n\t\t\t\t<\/div>\n\t\t\t\t<div class=\"elementor-element elementor-element-0dbc8ec elementor-widget elementor-widget-heading\" data-id=\"0dbc8ec\" data-element_type=\"widget\" data-e-type=\"widget\" data-widget_type=\"heading.default\">\n\t\t\t\t<div class=\"elementor-widget-container\">\n\t\t\t\t\t<h2 class=\"elementor-heading-title elementor-size-default\">Tradition et engagement envers notre patrimoine gastronomique<\/h2>\t\t\t\t<\/div>\n\t\t\t\t<\/div>\n\t\t\t\t<div class=\"elementor-element elementor-element-169c97a elementor-widget elementor-widget-text-editor\" data-id=\"169c97a\" data-element_type=\"widget\" data-e-type=\"widget\" data-widget_type=\"text-editor.default\">\n\t\t\t\t<div class=\"elementor-widget-container\">\n\t\t\t\t\t\t\t\t\t<p>Le long lien de Cuevas avec la ch\u00e2taigne remonte \u00e0 plus d&rsquo;un demi-si\u00e8cle, lorsque l&rsquo;important groupe d&rsquo;\u00e9migrants r\u00e9sidant en Am\u00e9rique demande \u00e0 distance l&rsquo;acc\u00e8s au plus nostalgique des fruits de nos for\u00eats.<\/p>\n<p>C&rsquo;est dans la symbiose entre la nature et l&rsquo;artisanat que Cuevas se distingue, ferme dans son engagement \u00e0 maintenir en vie un t\u00e9moin culinaire tellement charg\u00e9 d&rsquo;histoire. Un v\u00e9ritable produit avec une \u00ab\u00e2me\u00bb.<\/p>\n\t\t\t\t\t\t\t\t<\/div>\n\t\t\t\t<\/div>\n\t\t\t\t\t<\/div>\n\t\t<\/div>\n\t\t\t\t<div class=\"elementor-column elementor-col-50 elementor-top-column elementor-element elementor-element-24b40c1\" data-id=\"24b40c1\" data-element_type=\"column\" data-e-type=\"column\">\n\t\t\t<div class=\"elementor-widget-wrap elementor-element-populated\">\n\t\t\t\t\t\t<div class=\"elementor-element elementor-element-ff63551 elementor-invisible elementor-widget elementor-widget-image\" data-id=\"ff63551\" data-element_type=\"widget\" data-e-type=\"widget\" data-settings=\"{&quot;motion_fx_motion_fx_scrolling&quot;:&quot;yes&quot;,&quot;motion_fx_translateY_effect&quot;:&quot;yes&quot;,&quot;_animation&quot;:&quot;fadeIn&quot;,&quot;motion_fx_translateY_speed&quot;:{&quot;unit&quot;:&quot;px&quot;,&quot;size&quot;:4,&quot;sizes&quot;:[]},&quot;motion_fx_translateY_affectedRange&quot;:{&quot;unit&quot;:&quot;%&quot;,&quot;size&quot;:&quot;&quot;,&quot;sizes&quot;:{&quot;start&quot;:0,&quot;end&quot;:100}},&quot;motion_fx_devices&quot;:[&quot;desktop&quot;,&quot;tablet&quot;,&quot;mobile&quot;]}\" data-widget_type=\"image.default\">\n\t\t\t\t<div class=\"elementor-widget-container\">\n\t\t\t\t\t\t\t\t\t\t\t\t\t\t\t<img fetchpriority=\"high\" decoding=\"async\" width=\"539\" height=\"372\" src=\"https:\/\/www.marronglace.com\/wp-content\/uploads\/2023\/11\/castana-natural-1.jpg\" class=\"attachment-large size-large wp-image-708\" alt=\"Casta\u00f1a natural\" srcset=\"https:\/\/www.marronglace.com\/wp-content\/uploads\/2023\/11\/castana-natural-1.jpg 539w, https:\/\/www.marronglace.com\/wp-content\/uploads\/2023\/11\/castana-natural-1-300x207.jpg 300w\" sizes=\"(max-width: 539px) 100vw, 539px\" \/>\t\t\t\t\t\t\t\t\t\t\t\t\t\t\t<\/div>\n\t\t\t\t<\/div>\n\t\t\t\t\t<\/div>\n\t\t<\/div>\n\t\t\t\t\t<\/div>\n\t\t<\/section>\n\t\t\t\t<section class=\"elementor-section elementor-top-section elementor-element elementor-element-ddeac23 elementor-section-stretched elementor-section-boxed elementor-section-height-default elementor-section-height-default\" data-id=\"ddeac23\" data-element_type=\"section\" data-e-type=\"section\" data-settings=\"{&quot;stretch_section&quot;:&quot;section-stretched&quot;,&quot;background_background&quot;:&quot;classic&quot;}\">\n\t\t\t\t\t\t<div class=\"elementor-container elementor-column-gap-default\">\n\t\t\t\t\t<div class=\"elementor-column elementor-col-100 elementor-top-column elementor-element elementor-element-28262e1\" data-id=\"28262e1\" data-element_type=\"column\" data-e-type=\"column\">\n\t\t\t<div class=\"elementor-widget-wrap elementor-element-populated\">\n\t\t\t\t\t\t<section class=\"elementor-section elementor-inner-section elementor-element elementor-element-48d7c18 elementor-section-boxed elementor-section-height-default elementor-section-height-default\" data-id=\"48d7c18\" data-element_type=\"section\" data-e-type=\"section\">\n\t\t\t\t\t\t<div class=\"elementor-container elementor-column-gap-default\">\n\t\t\t\t\t<div class=\"elementor-column elementor-col-100 elementor-inner-column elementor-element elementor-element-1a64125\" data-id=\"1a64125\" data-element_type=\"column\" data-e-type=\"column\">\n\t\t\t<div class=\"elementor-widget-wrap elementor-element-populated\">\n\t\t\t\t\t\t<div class=\"elementor-element elementor-element-80d7252 elementor-widget elementor-widget-heading\" data-id=\"80d7252\" data-element_type=\"widget\" data-e-type=\"widget\" data-widget_type=\"heading.default\">\n\t\t\t\t<div class=\"elementor-widget-container\">\n\t\t\t\t\t<h3 class=\"elementor-heading-title elementor-size-default\">\u00c9TAPES<\/h3>\t\t\t\t<\/div>\n\t\t\t\t<\/div>\n\t\t\t\t<div class=\"elementor-element elementor-element-1a6319f elementor-widget elementor-widget-heading\" data-id=\"1a6319f\" data-element_type=\"widget\" data-e-type=\"widget\" data-widget_type=\"heading.default\">\n\t\t\t\t<div class=\"elementor-widget-container\">\n\t\t\t\t\t<h2 class=\"elementor-heading-title elementor-size-default\">Une \u00e9volution constante<\/h2>\t\t\t\t<\/div>\n\t\t\t\t<\/div>\n\t\t\t\t<div class=\"elementor-element elementor-element-16dbc63 elementor-widget__width-initial elementor-widget elementor-widget-text-editor\" data-id=\"16dbc63\" data-element_type=\"widget\" data-e-type=\"widget\" data-widget_type=\"text-editor.default\">\n\t\t\t\t<div class=\"elementor-widget-container\">\n\t\t\t\t\t\t\t\t\t<p>Tout au long d&rsquo;une trajectoire entrepreneuriale centenaire, les r\u00e9alisations, les objectifs et les buts atteints ont \u00e9t\u00e9 nombreux. Voici quelques-uns des plus pertinentes.<\/p>\n\t\t\t\t\t\t\t\t<\/div>\n\t\t\t\t<\/div>\n\t\t\t\t<div class=\"elementor-element elementor-element-d1830e9 elementor-widget elementor-widget-image\" data-id=\"d1830e9\" data-element_type=\"widget\" data-e-type=\"widget\" data-widget_type=\"image.default\">\n\t\t\t\t<div class=\"elementor-widget-container\">\n\t\t\t\t\t\t\t\t\t\t\t\t\t\t\t<img decoding=\"async\" width=\"20\" height=\"23\" src=\"https:\/\/www.marronglace.com\/wp-content\/uploads\/2023\/11\/icon-castana.png\" class=\"attachment-full size-full wp-image-719\" alt=\"Icono casta\u00f1a\" \/>\t\t\t\t\t\t\t\t\t\t\t\t\t\t\t<\/div>\n\t\t\t\t<\/div>\n\t\t\t\t<div class=\"elementor-element elementor-element-161cdeb elementor-widget__width-initial elementor-widget elementor-widget-text-editor\" data-id=\"161cdeb\" data-element_type=\"widget\" data-e-type=\"widget\" data-widget_type=\"text-editor.default\">\n\t\t\t\t<div class=\"elementor-widget-container\">\n\t\t\t\t\t\t\t\t\t<h4><span style=\"color: #401614;\">1867<\/span><\/h4>\n<p>Francisco de las Cuevas commence l&rsquo;activit\u00e9 de ce qui est aujourd&rsquo;hui le Groupe Cuevas.<\/p>\n\t\t\t\t\t\t\t\t<\/div>\n\t\t\t\t<\/div>\n\t\t\t\t<div class=\"elementor-element elementor-element-44bcd29 elementor-widget elementor-widget-image\" data-id=\"44bcd29\" data-element_type=\"widget\" data-e-type=\"widget\" data-widget_type=\"image.default\">\n\t\t\t\t<div class=\"elementor-widget-container\">\n\t\t\t\t\t\t\t\t\t\t\t\t\t\t\t<img decoding=\"async\" width=\"20\" height=\"23\" src=\"https:\/\/www.marronglace.com\/wp-content\/uploads\/2023\/11\/icon-castana.png\" class=\"attachment-full size-full wp-image-719\" alt=\"Icono casta\u00f1a\" \/>\t\t\t\t\t\t\t\t\t\t\t\t\t\t\t<\/div>\n\t\t\t\t<\/div>\n\t\t\t\t<div class=\"elementor-element elementor-element-16561c1 elementor-widget__width-initial elementor-widget elementor-widget-text-editor\" data-id=\"16561c1\" data-element_type=\"widget\" data-e-type=\"widget\" data-widget_type=\"text-editor.default\">\n\t\t\t\t<div class=\"elementor-widget-container\">\n\t\t\t\t\t\t\t\t\t<h4><span style=\"color: #401614;\">1944<\/span><\/h4>\n<p>Nous commen\u00e7ons \u00e0 exporter des ch\u00e2taignes et autres produits d&rsquo;agroforesterie vers l&rsquo;Am\u00e9rique.<\/p>\n\t\t\t\t\t\t\t\t<\/div>\n\t\t\t\t<\/div>\n\t\t\t\t<div class=\"elementor-element elementor-element-911061f elementor-widget elementor-widget-image\" data-id=\"911061f\" data-element_type=\"widget\" data-e-type=\"widget\" data-widget_type=\"image.default\">\n\t\t\t\t<div class=\"elementor-widget-container\">\n\t\t\t\t\t\t\t\t\t\t\t\t\t\t\t<img decoding=\"async\" width=\"20\" height=\"23\" src=\"https:\/\/www.marronglace.com\/wp-content\/uploads\/2023\/11\/icon-castana.png\" class=\"attachment-full size-full wp-image-719\" alt=\"Icono casta\u00f1a\" \/>\t\t\t\t\t\t\t\t\t\t\t\t\t\t\t<\/div>\n\t\t\t\t<\/div>\n\t\t\t\t<div class=\"elementor-element elementor-element-18f5454 elementor-widget__width-initial elementor-widget elementor-widget-text-editor\" data-id=\"18f5454\" data-element_type=\"widget\" data-e-type=\"widget\" data-widget_type=\"text-editor.default\">\n\t\t\t\t<div class=\"elementor-widget-container\">\n\t\t\t\t\t\t\t\t\t<h4><span style=\"color: #401614;\">1970<\/span><\/h4>\nNous avons commenc\u00e9 la cong\u00e9lation des ch\u00e2taignes fra\u00eeches pour r\u00e9pondre \u00e0 la demande du march\u00e9 asiatique.\t\t\t\t\t\t\t\t<\/div>\n\t\t\t\t<\/div>\n\t\t\t\t<div class=\"elementor-element elementor-element-36b6d86 elementor-widget elementor-widget-image\" data-id=\"36b6d86\" data-element_type=\"widget\" data-e-type=\"widget\" data-widget_type=\"image.default\">\n\t\t\t\t<div class=\"elementor-widget-container\">\n\t\t\t\t\t\t\t\t\t\t\t\t\t\t\t<img decoding=\"async\" width=\"20\" height=\"23\" src=\"https:\/\/www.marronglace.com\/wp-content\/uploads\/2023\/11\/icon-castana.png\" class=\"attachment-full size-full wp-image-719\" alt=\"Icono casta\u00f1a\" \/>\t\t\t\t\t\t\t\t\t\t\t\t\t\t\t<\/div>\n\t\t\t\t<\/div>\n\t\t\t\t<div class=\"elementor-element elementor-element-13f0516 elementor-widget__width-initial elementor-widget elementor-widget-text-editor\" data-id=\"13f0516\" data-element_type=\"widget\" data-e-type=\"widget\" data-widget_type=\"text-editor.default\">\n\t\t\t\t<div class=\"elementor-widget-container\">\n\t\t\t\t\t\t\t\t\t<h4><span style=\"color: #401614;\">1980<\/span><\/h4>\nNous ouvrons la premi\u00e8re usine produisant Marron Glac\u00e9. Nous avons \u00e9t\u00e9 des pionniers en Espagne.\t\t\t\t\t\t\t\t<\/div>\n\t\t\t\t<\/div>\n\t\t\t\t<div class=\"elementor-element elementor-element-c06db95 elementor-widget elementor-widget-image\" data-id=\"c06db95\" data-element_type=\"widget\" data-e-type=\"widget\" data-widget_type=\"image.default\">\n\t\t\t\t<div class=\"elementor-widget-container\">\n\t\t\t\t\t\t\t\t\t\t\t\t\t\t\t<img decoding=\"async\" width=\"20\" height=\"23\" src=\"https:\/\/www.marronglace.com\/wp-content\/uploads\/2023\/11\/icon-castana.png\" class=\"attachment-full size-full wp-image-719\" alt=\"Icono casta\u00f1a\" \/>\t\t\t\t\t\t\t\t\t\t\t\t\t\t\t<\/div>\n\t\t\t\t<\/div>\n\t\t\t\t<div class=\"elementor-element elementor-element-5c3a79a elementor-widget__width-initial elementor-widget elementor-widget-text-editor\" data-id=\"5c3a79a\" data-element_type=\"widget\" data-e-type=\"widget\" data-widget_type=\"text-editor.default\">\n\t\t\t\t<div class=\"elementor-widget-container\">\n\t\t\t\t\t\t\t\t\t<h4><span style=\"color: #401614;\">2012<\/span><\/h4>\nNous obtenons le prix argent de \u00abPackaging de produit\u00bb dans les BEST PACKS.\t\t\t\t\t\t\t\t<\/div>\n\t\t\t\t<\/div>\n\t\t\t\t<div class=\"elementor-element elementor-element-ac157ff elementor-widget elementor-widget-image\" data-id=\"ac157ff\" data-element_type=\"widget\" data-e-type=\"widget\" data-widget_type=\"image.default\">\n\t\t\t\t<div class=\"elementor-widget-container\">\n\t\t\t\t\t\t\t\t\t\t\t\t\t\t\t<img decoding=\"async\" width=\"20\" height=\"23\" src=\"https:\/\/www.marronglace.com\/wp-content\/uploads\/2023\/11\/icon-castana.png\" class=\"attachment-full size-full wp-image-719\" alt=\"Icono casta\u00f1a\" \/>\t\t\t\t\t\t\t\t\t\t\t\t\t\t\t<\/div>\n\t\t\t\t<\/div>\n\t\t\t\t<div class=\"elementor-element elementor-element-9732ea5 elementor-widget__width-initial elementor-widget elementor-widget-text-editor\" data-id=\"9732ea5\" data-element_type=\"widget\" data-e-type=\"widget\" data-widget_type=\"text-editor.default\">\n\t\t\t\t<div class=\"elementor-widget-container\">\n\t\t\t\t\t\t\t\t\t<h4><span style=\"color: #401614;\">AUJOURD&rsquo;HUI<\/span><\/h4>\nNous sommes pr\u00e9sents dans plus de 30 pays \u00e0 travers le monde et nous continuons \u00e0 cro\u00eetre&#8230;\t\t\t\t\t\t\t\t<\/div>\n\t\t\t\t<\/div>\n\t\t\t\t\t<\/div>\n\t\t<\/div>\n\t\t\t\t\t<\/div>\n\t\t<\/section>\n\t\t\t\t\t<\/div>\n\t\t<\/div>\n\t\t\t\t\t<\/div>\n\t\t<\/section>\n\t\t\t\t<\/div>\n\t\t","protected":false},"excerpt":{"rendered":"<p>NOTRE HISTOIRE Tradition et engagement envers notre patrimoine gastronomique Le long lien de Cuevas avec la ch\u00e2taigne remonte \u00e0 plus d&rsquo;un demi-si\u00e8cle, lorsque l&rsquo;important groupe d&rsquo;\u00e9migrants r\u00e9sidant en Am\u00e9rique demande \u00e0 distance l&rsquo;acc\u00e8s au plus nostalgique des fruits de nos for\u00eats. C&rsquo;est dans la symbiose entre la nature et l&rsquo;artisanat que Cuevas se distingue, ferme&hellip;<\/p>\n","protected":false},"author":3,"featured_media":0,"parent":0,"menu_order":0,"comment_status":"closed","ping_status":"open","template":"","meta":{"_acf_changed":false,"footnotes":""},"class_list":["post-2063","page","type-page","status-publish","hentry"],"acf":[],"yoast_head":"<!-- This site is optimized with the Yoast SEO plugin v27.4 - https:\/\/yoast.com\/product\/yoast-seo-wordpress\/ -->\n<title>Tradition - Marron Glac\u00e9<\/title>\n<meta name=\"robots\" content=\"index, follow, max-snippet:-1, max-image-preview:large, max-video-preview:-1\" \/>\n<link rel=\"canonical\" href=\"https:\/\/www.marronglace.com\/fr\/tradition\/\" \/>\n<meta property=\"og:locale\" content=\"fr_FR\" \/>\n<meta property=\"og:type\" content=\"article\" \/>\n<meta property=\"og:title\" content=\"Tradition - Marron Glac\u00e9\" \/>\n<meta property=\"og:description\" content=\"NOTRE HISTOIRE Tradition et engagement envers notre patrimoine gastronomique Le long lien de Cuevas avec la ch\u00e2taigne remonte \u00e0 plus d&rsquo;un demi-si\u00e8cle, lorsque l&rsquo;important groupe d&rsquo;\u00e9migrants r\u00e9sidant en Am\u00e9rique demande \u00e0 distance l&rsquo;acc\u00e8s au plus nostalgique des fruits de nos for\u00eats. C&rsquo;est dans la symbiose entre la nature et l&rsquo;artisanat que Cuevas se distingue, ferme&hellip;\" \/>\n<meta property=\"og:url\" content=\"https:\/\/www.marronglace.com\/fr\/tradition\/\" \/>\n<meta property=\"og:site_name\" content=\"Marron Glac\u00e9\" \/>\n<meta property=\"article:modified_time\" content=\"2024-02-09T10:12:30+00:00\" \/>\n<meta property=\"og:image\" content=\"https:\/\/www.marronglace.com\/wp-content\/uploads\/2023\/11\/castana-natural-1.jpg\" \/>\n<meta name=\"twitter:card\" content=\"summary_large_image\" \/>\n<meta name=\"twitter:label1\" content=\"Dur\u00e9e de lecture estim\u00e9e\" \/>\n\t<meta name=\"twitter:data1\" content=\"1 minute\" \/>\n<script type=\"application\/ld+json\" class=\"yoast-schema-graph\">{\"@context\":\"https:\\\/\\\/schema.org\",\"@graph\":[{\"@type\":\"WebPage\",\"@id\":\"https:\\\/\\\/www.marronglace.com\\\/fr\\\/tradition\\\/\",\"url\":\"https:\\\/\\\/www.marronglace.com\\\/fr\\\/tradition\\\/\",\"name\":\"Tradition - Marron Glac\u00e9\",\"isPartOf\":{\"@id\":\"https:\\\/\\\/www.marronglace.com\\\/fr\\\/#website\"},\"primaryImageOfPage\":{\"@id\":\"https:\\\/\\\/www.marronglace.com\\\/fr\\\/tradition\\\/#primaryimage\"},\"image\":{\"@id\":\"https:\\\/\\\/www.marronglace.com\\\/fr\\\/tradition\\\/#primaryimage\"},\"thumbnailUrl\":\"https:\\\/\\\/www.marronglace.com\\\/wp-content\\\/uploads\\\/2023\\\/11\\\/castana-natural-1.jpg\",\"datePublished\":\"2023-11-28T13:17:27+00:00\",\"dateModified\":\"2024-02-09T10:12:30+00:00\",\"breadcrumb\":{\"@id\":\"https:\\\/\\\/www.marronglace.com\\\/fr\\\/tradition\\\/#breadcrumb\"},\"inLanguage\":\"fr-FR\",\"potentialAction\":[{\"@type\":\"ReadAction\",\"target\":[\"https:\\\/\\\/www.marronglace.com\\\/fr\\\/tradition\\\/\"]}]},{\"@type\":\"ImageObject\",\"inLanguage\":\"fr-FR\",\"@id\":\"https:\\\/\\\/www.marronglace.com\\\/fr\\\/tradition\\\/#primaryimage\",\"url\":\"https:\\\/\\\/www.marronglace.com\\\/wp-content\\\/uploads\\\/2023\\\/11\\\/castana-natural-1.jpg\",\"contentUrl\":\"https:\\\/\\\/www.marronglace.com\\\/wp-content\\\/uploads\\\/2023\\\/11\\\/castana-natural-1.jpg\"},{\"@type\":\"BreadcrumbList\",\"@id\":\"https:\\\/\\\/www.marronglace.com\\\/fr\\\/tradition\\\/#breadcrumb\",\"itemListElement\":[{\"@type\":\"ListItem\",\"position\":1,\"name\":\"Portada\",\"item\":\"https:\\\/\\\/www.marronglace.com\\\/fr\\\/\"},{\"@type\":\"ListItem\",\"position\":2,\"name\":\"Tradition\"}]},{\"@type\":\"WebSite\",\"@id\":\"https:\\\/\\\/www.marronglace.com\\\/fr\\\/#website\",\"url\":\"https:\\\/\\\/www.marronglace.com\\\/fr\\\/\",\"name\":\"Marron Glac\u00e9\",\"description\":\"\",\"publisher\":{\"@id\":\"https:\\\/\\\/www.marronglace.com\\\/fr\\\/#organization\"},\"potentialAction\":[{\"@type\":\"SearchAction\",\"target\":{\"@type\":\"EntryPoint\",\"urlTemplate\":\"https:\\\/\\\/www.marronglace.com\\\/fr\\\/?s={search_term_string}\"},\"query-input\":{\"@type\":\"PropertyValueSpecification\",\"valueRequired\":true,\"valueName\":\"search_term_string\"}}],\"inLanguage\":\"fr-FR\"},{\"@type\":\"Organization\",\"@id\":\"https:\\\/\\\/www.marronglace.com\\\/fr\\\/#organization\",\"name\":\"Marron Glac\u00e9\",\"url\":\"https:\\\/\\\/www.marronglace.com\\\/fr\\\/\",\"logo\":{\"@type\":\"ImageObject\",\"inLanguage\":\"fr-FR\",\"@id\":\"https:\\\/\\\/www.marronglace.com\\\/fr\\\/#\\\/schema\\\/logo\\\/image\\\/\",\"url\":\"https:\\\/\\\/www.marronglace.com\\\/wp-content\\\/uploads\\\/2023\\\/11\\\/logo-cuevas-cia-normal.png\",\"contentUrl\":\"https:\\\/\\\/www.marronglace.com\\\/wp-content\\\/uploads\\\/2023\\\/11\\\/logo-cuevas-cia-normal.png\",\"width\":228,\"height\":57,\"caption\":\"Marron Glac\u00e9\"},\"image\":{\"@id\":\"https:\\\/\\\/www.marronglace.com\\\/fr\\\/#\\\/schema\\\/logo\\\/image\\\/\"}}]}<\/script>\n<!-- \/ Yoast SEO plugin. -->","yoast_head_json":{"title":"Tradition - Marron Glac\u00e9","robots":{"index":"index","follow":"follow","max-snippet":"max-snippet:-1","max-image-preview":"max-image-preview:large","max-video-preview":"max-video-preview:-1"},"canonical":"https:\/\/www.marronglace.com\/fr\/tradition\/","og_locale":"fr_FR","og_type":"article","og_title":"Tradition - Marron Glac\u00e9","og_description":"NOTRE HISTOIRE Tradition et engagement envers notre patrimoine gastronomique Le long lien de Cuevas avec la ch\u00e2taigne remonte \u00e0 plus d&rsquo;un demi-si\u00e8cle, lorsque l&rsquo;important groupe d&rsquo;\u00e9migrants r\u00e9sidant en Am\u00e9rique demande \u00e0 distance l&rsquo;acc\u00e8s au plus nostalgique des fruits de nos for\u00eats. C&rsquo;est dans la symbiose entre la nature et l&rsquo;artisanat que Cuevas se distingue, ferme&hellip;","og_url":"https:\/\/www.marronglace.com\/fr\/tradition\/","og_site_name":"Marron Glac\u00e9","article_modified_time":"2024-02-09T10:12:30+00:00","og_image":[{"url":"https:\/\/www.marronglace.com\/wp-content\/uploads\/2023\/11\/castana-natural-1.jpg","type":"","width":"","height":""}],"twitter_card":"summary_large_image","twitter_misc":{"Dur\u00e9e de lecture estim\u00e9e":"1 minute"},"schema":{"@context":"https:\/\/schema.org","@graph":[{"@type":"WebPage","@id":"https:\/\/www.marronglace.com\/fr\/tradition\/","url":"https:\/\/www.marronglace.com\/fr\/tradition\/","name":"Tradition - Marron Glac\u00e9","isPartOf":{"@id":"https:\/\/www.marronglace.com\/fr\/#website"},"primaryImageOfPage":{"@id":"https:\/\/www.marronglace.com\/fr\/tradition\/#primaryimage"},"image":{"@id":"https:\/\/www.marronglace.com\/fr\/tradition\/#primaryimage"},"thumbnailUrl":"https:\/\/www.marronglace.com\/wp-content\/uploads\/2023\/11\/castana-natural-1.jpg","datePublished":"2023-11-28T13:17:27+00:00","dateModified":"2024-02-09T10:12:30+00:00","breadcrumb":{"@id":"https:\/\/www.marronglace.com\/fr\/tradition\/#breadcrumb"},"inLanguage":"fr-FR","potentialAction":[{"@type":"ReadAction","target":["https:\/\/www.marronglace.com\/fr\/tradition\/"]}]},{"@type":"ImageObject","inLanguage":"fr-FR","@id":"https:\/\/www.marronglace.com\/fr\/tradition\/#primaryimage","url":"https:\/\/www.marronglace.com\/wp-content\/uploads\/2023\/11\/castana-natural-1.jpg","contentUrl":"https:\/\/www.marronglace.com\/wp-content\/uploads\/2023\/11\/castana-natural-1.jpg"},{"@type":"BreadcrumbList","@id":"https:\/\/www.marronglace.com\/fr\/tradition\/#breadcrumb","itemListElement":[{"@type":"ListItem","position":1,"name":"Portada","item":"https:\/\/www.marronglace.com\/fr\/"},{"@type":"ListItem","position":2,"name":"Tradition"}]},{"@type":"WebSite","@id":"https:\/\/www.marronglace.com\/fr\/#website","url":"https:\/\/www.marronglace.com\/fr\/","name":"Marron Glac\u00e9","description":"","publisher":{"@id":"https:\/\/www.marronglace.com\/fr\/#organization"},"potentialAction":[{"@type":"SearchAction","target":{"@type":"EntryPoint","urlTemplate":"https:\/\/www.marronglace.com\/fr\/?s={search_term_string}"},"query-input":{"@type":"PropertyValueSpecification","valueRequired":true,"valueName":"search_term_string"}}],"inLanguage":"fr-FR"},{"@type":"Organization","@id":"https:\/\/www.marronglace.com\/fr\/#organization","name":"Marron Glac\u00e9","url":"https:\/\/www.marronglace.com\/fr\/","logo":{"@type":"ImageObject","inLanguage":"fr-FR","@id":"https:\/\/www.marronglace.com\/fr\/#\/schema\/logo\/image\/","url":"https:\/\/www.marronglace.com\/wp-content\/uploads\/2023\/11\/logo-cuevas-cia-normal.png","contentUrl":"https:\/\/www.marronglace.com\/wp-content\/uploads\/2023\/11\/logo-cuevas-cia-normal.png","width":228,"height":57,"caption":"Marron Glac\u00e9"},"image":{"@id":"https:\/\/www.marronglace.com\/fr\/#\/schema\/logo\/image\/"}}]}},"_links":{"self":[{"href":"https:\/\/www.marronglace.com\/fr\/wp-json\/wp\/v2\/pages\/2063","targetHints":{"allow":["GET"]}}],"collection":[{"href":"https:\/\/www.marronglace.com\/fr\/wp-json\/wp\/v2\/pages"}],"about":[{"href":"https:\/\/www.marronglace.com\/fr\/wp-json\/wp\/v2\/types\/page"}],"author":[{"embeddable":true,"href":"https:\/\/www.marronglace.com\/fr\/wp-json\/wp\/v2\/users\/3"}],"replies":[{"embeddable":true,"href":"https:\/\/www.marronglace.com\/fr\/wp-json\/wp\/v2\/comments?post=2063"}],"version-history":[{"count":1,"href":"https:\/\/www.marronglace.com\/fr\/wp-json\/wp\/v2\/pages\/2063\/revisions"}],"predecessor-version":[{"id":2064,"href":"https:\/\/www.marronglace.com\/fr\/wp-json\/wp\/v2\/pages\/2063\/revisions\/2064"}],"wp:attachment":[{"href":"https:\/\/www.marronglace.com\/fr\/wp-json\/wp\/v2\/media?parent=2063"}],"curies":[{"name":"wp","href":"https:\/\/api.w.org\/{rel}","templated":true}]}}