{"id":2077,"date":"2023-11-30T01:06:31","date_gmt":"2023-11-30T00:06:31","guid":{"rendered":"https:\/\/www.marronglace.com\/aides\/"},"modified":"2024-02-09T11:46:27","modified_gmt":"2024-02-09T10:46:27","slug":"aides","status":"publish","type":"page","link":"https:\/\/www.marronglace.com\/fr\/aides\/","title":{"rendered":"Aides"},"content":{"rendered":"\t\t<div data-elementor-type=\"wp-page\" data-elementor-id=\"2077\" class=\"elementor elementor-2077 elementor-1242\" data-elementor-post-type=\"page\">\n\t\t\t\t\t\t<section class=\"elementor-section elementor-top-section elementor-element elementor-element-e2fe833 elementor-section-boxed elementor-section-height-default elementor-section-height-default\" data-id=\"e2fe833\" data-element_type=\"section\" data-e-type=\"section\">\n\t\t\t\t\t\t<div class=\"elementor-container elementor-column-gap-default\">\n\t\t\t\t\t<div class=\"elementor-column elementor-col-100 elementor-top-column elementor-element elementor-element-16bcb47\" data-id=\"16bcb47\" data-element_type=\"column\" data-e-type=\"column\">\n\t\t\t<div class=\"elementor-widget-wrap elementor-element-populated\">\n\t\t\t\t\t\t<div class=\"elementor-element elementor-element-0dbc8ec elementor-widget elementor-widget-heading\" data-id=\"0dbc8ec\" data-element_type=\"widget\" data-e-type=\"widget\" data-widget_type=\"heading.default\">\n\t\t\t\t<div class=\"elementor-widget-container\">\n\t\t\t\t\t<h2 class=\"elementor-heading-title elementor-size-default\">Aides et projets financ\u00e9s<\/h2>\t\t\t\t<\/div>\n\t\t\t\t<\/div>\n\t\t\t\t\t<\/div>\n\t\t<\/div>\n\t\t\t\t\t<\/div>\n\t\t<\/section>\n\t\t\t\t<section class=\"elementor-section elementor-top-section elementor-element elementor-element-383c54f elementor-section-boxed elementor-section-height-default elementor-section-height-default\" data-id=\"383c54f\" data-element_type=\"section\" data-e-type=\"section\">\n\t\t\t\t\t\t<div class=\"elementor-container elementor-column-gap-default\">\n\t\t\t\t\t<div class=\"elementor-column elementor-col-100 elementor-top-column elementor-element elementor-element-24727e5\" data-id=\"24727e5\" data-element_type=\"column\" data-e-type=\"column\">\n\t\t\t<div class=\"elementor-widget-wrap elementor-element-populated\">\n\t\t\t\t\t\t<div class=\"elementor-element elementor-element-e533dd2 elementor-widget elementor-widget-heading\" data-id=\"e533dd2\" data-element_type=\"widget\" data-e-type=\"widget\" data-widget_type=\"heading.default\">\n\t\t\t\t<div class=\"elementor-widget-container\">\n\t\t\t\t\t<h3 class=\"elementor-heading-title elementor-size-default\">Projet d'am\u00e9lioration technologique du processus de production et de la gestion des donn\u00e9es<\/h3>\t\t\t\t<\/div>\n\t\t\t\t<\/div>\n\t\t\t\t<div class=\"elementor-element elementor-element-943014c elementor-widget elementor-widget-image\" data-id=\"943014c\" data-element_type=\"widget\" data-e-type=\"widget\" data-widget_type=\"image.default\">\n\t\t\t\t<div class=\"elementor-widget-container\">\n\t\t\t\t\t\t\t\t\t\t\t\t\t\t\t<img fetchpriority=\"high\" decoding=\"async\" width=\"520\" height=\"329\" src=\"https:\/\/www.marronglace.com\/wp-content\/uploads\/2023\/11\/cartel-desenvolvemento-rural-2.jpg\" class=\"attachment-full size-full wp-image-1246\" alt=\"\" srcset=\"https:\/\/www.marronglace.com\/wp-content\/uploads\/2023\/11\/cartel-desenvolvemento-rural-2.jpg 520w, https:\/\/www.marronglace.com\/wp-content\/uploads\/2023\/11\/cartel-desenvolvemento-rural-2-300x190.jpg 300w\" sizes=\"(max-width: 520px) 100vw, 520px\" \/>\t\t\t\t\t\t\t\t\t\t\t\t\t\t\t<\/div>\n\t\t\t\t<\/div>\n\t\t\t\t\t<\/div>\n\t\t<\/div>\n\t\t\t\t\t<\/div>\n\t\t<\/section>\n\t\t\t\t<section class=\"elementor-section elementor-top-section elementor-element elementor-element-bb0df1d elementor-section-boxed elementor-section-height-default elementor-section-height-default\" data-id=\"bb0df1d\" data-element_type=\"section\" data-e-type=\"section\">\n\t\t\t\t\t\t<div class=\"elementor-container elementor-column-gap-default\">\n\t\t\t\t\t<div class=\"elementor-column elementor-col-100 elementor-top-column elementor-element elementor-element-59337c1\" data-id=\"59337c1\" data-element_type=\"column\" data-e-type=\"column\">\n\t\t\t<div class=\"elementor-widget-wrap elementor-element-populated\">\n\t\t\t\t\t\t<div class=\"elementor-element elementor-element-38e591b elementor-widget elementor-widget-heading\" data-id=\"38e591b\" data-element_type=\"widget\" data-e-type=\"widget\" data-widget_type=\"heading.default\">\n\t\t\t\t<div class=\"elementor-widget-container\">\n\t\t\t\t\t<h3 class=\"elementor-heading-title elementor-size-default\">Projet d'am\u00e9liorations technologiques du processus de production et de la gestion des donn\u00e9es dans l'industrie de la manutention, du traitement et du conditionnement des ch\u00e2taignes.<\/h3>\t\t\t\t<\/div>\n\t\t\t\t<\/div>\n\t\t\t\t<div class=\"elementor-element elementor-element-65d1bc0 elementor-widget elementor-widget-image\" data-id=\"65d1bc0\" data-element_type=\"widget\" data-e-type=\"widget\" data-widget_type=\"image.default\">\n\t\t\t\t<div class=\"elementor-widget-container\">\n\t\t\t\t\t\t\t\t\t\t\t\t\t\t\t<img decoding=\"async\" width=\"520\" height=\"326\" src=\"https:\/\/www.marronglace.com\/wp-content\/uploads\/2023\/11\/cartel-desenvolvemento-rural.jpg\" class=\"attachment-full size-full wp-image-1250\" alt=\"\" srcset=\"https:\/\/www.marronglace.com\/wp-content\/uploads\/2023\/11\/cartel-desenvolvemento-rural.jpg 520w, https:\/\/www.marronglace.com\/wp-content\/uploads\/2023\/11\/cartel-desenvolvemento-rural-300x188.jpg 300w\" sizes=\"(max-width: 520px) 100vw, 520px\" \/>\t\t\t\t\t\t\t\t\t\t\t\t\t\t\t<\/div>\n\t\t\t\t<\/div>\n\t\t\t\t\t<\/div>\n\t\t<\/div>\n\t\t\t\t\t<\/div>\n\t\t<\/section>\n\t\t\t\t<section class=\"elementor-section elementor-top-section elementor-element elementor-element-6b89247 elementor-section-boxed elementor-section-height-default elementor-section-height-default\" data-id=\"6b89247\" data-element_type=\"section\" data-e-type=\"section\">\n\t\t\t\t\t\t<div class=\"elementor-container elementor-column-gap-default\">\n\t\t\t\t\t<div class=\"elementor-column elementor-col-100 elementor-top-column elementor-element elementor-element-a795cac\" data-id=\"a795cac\" data-element_type=\"column\" data-e-type=\"column\">\n\t\t\t<div class=\"elementor-widget-wrap elementor-element-populated\">\n\t\t\t\t\t\t<div class=\"elementor-element elementor-element-fab15c6 elementor-widget elementor-widget-heading\" data-id=\"fab15c6\" data-element_type=\"widget\" data-e-type=\"widget\" data-widget_type=\"heading.default\">\n\t\t\t\t<div class=\"elementor-widget-container\">\n\t\t\t\t\t<h3 class=\"elementor-heading-title elementor-size-default\">Projet d'am\u00e9liorations technologiques du processus de production et de la gestion des donn\u00e9es dans l'industrie de la manutention, du traitement et du conditionnement des ch\u00e2taignes.<\/h3>\t\t\t\t<\/div>\n\t\t\t\t<\/div>\n\t\t\t\t<div class=\"elementor-element elementor-element-50cb501 elementor-widget elementor-widget-image\" data-id=\"50cb501\" data-element_type=\"widget\" data-e-type=\"widget\" data-widget_type=\"image.default\">\n\t\t\t\t<div class=\"elementor-widget-container\">\n\t\t\t\t\t\t\t\t\t\t\t\t\t\t\t<img decoding=\"async\" src=\"https:\/\/www.marronglace.com\/wp-content\/uploads\/elementor\/thumbs\/cartel-desenvolvemento-rural2-qg49u2xcopcvg52puvpn8tmzm4vpa80u2qdxpw5upo.jpg\" title=\"cartel-desenvolvemento-rural2\" alt=\"cartel-desenvolvemento-rural2\" loading=\"lazy\" \/>\t\t\t\t\t\t\t\t\t\t\t\t\t\t\t<\/div>\n\t\t\t\t<\/div>\n\t\t\t\t\t<\/div>\n\t\t<\/div>\n\t\t\t\t\t<\/div>\n\t\t<\/section>\n\t\t\t\t<section class=\"elementor-section elementor-top-section elementor-element elementor-element-d78832a elementor-section-boxed elementor-section-height-default elementor-section-height-default\" data-id=\"d78832a\" data-element_type=\"section\" data-e-type=\"section\">\n\t\t\t\t\t\t<div class=\"elementor-container elementor-column-gap-default\">\n\t\t\t\t\t<div class=\"elementor-column elementor-col-100 elementor-top-column elementor-element elementor-element-f42157d\" data-id=\"f42157d\" data-element_type=\"column\" data-e-type=\"column\">\n\t\t\t<div class=\"elementor-widget-wrap elementor-element-populated\">\n\t\t\t\t\t\t<div class=\"elementor-element elementor-element-e767b98 elementor-widget elementor-widget-heading\" data-id=\"e767b98\" data-element_type=\"widget\" data-e-type=\"widget\" data-widget_type=\"heading.default\">\n\t\t\t\t<div class=\"elementor-widget-container\">\n\t\t\t\t\t<h3 class=\"elementor-heading-title elementor-size-default\">CONNECTEZ PEME 2018 NEUROFOOD<\/h3>\t\t\t\t<\/div>\n\t\t\t\t<\/div>\n\t\t\t\t<div class=\"elementor-element elementor-element-0a20733 elementor-widget elementor-widget-text-editor\" data-id=\"0a20733\" data-element_type=\"widget\" data-e-type=\"widget\" data-widget_type=\"text-editor.default\">\n\t\t\t\t<div class=\"elementor-widget-container\">\n\t\t\t\t\t\t\t\t\t<p>Projet de R&amp;D dont l&rsquo;objectif fondamental est la conception de nouveaux aliments fonctionnels visant \u00e0 promouvoir un d\u00e9veloppement neurocognitif correct dans le grand public et des compl\u00e9ments alimentaires capables d&rsquo;induire des avantages dans les cas pathologiques.<\/p>\n<p>La nutrition, comme d&rsquo;autres facteurs environnementaux, conditionne le d\u00e9veloppement c\u00e9r\u00e9bral et la croissance de l&rsquo;individu. Ainsi, certains nutriments (les acides gras insatur\u00e9s, les vitamines D et B12 ou le fer) sont fondamentaux pour un bon d\u00e9veloppement neurocognitif, tant chez les enfants que chez les adultes. La ch\u00e2taigne et certaines esp\u00e8ces de champignons comestibles sont une source naturelle de certains de ces nutriments, de sorte qu&rsquo;ils peuvent \u00eatre int\u00e9ressants pour la conception de nouveaux produits alimentaires visant \u00e0 promouvoir un d\u00e9veloppement neurocognitif correct dans le grand public.  <\/p>\n<p>Projet subventionn\u00e9 par l&rsquo;Axencia Galega de Innovaci\u00f3n et d\u00e9velopp\u00e9 avec le soutien du Conseller\u00eda de Econom\u00eda, Emprego e Industria de la Xunta de Galicia.<\/p>\n<p>Budget : Hifas da Terra S.L. (310 303,29 \u20ac ) ; Cuevas y C\u00eda S.A. et Algamar.<br \/>Subvention approuv\u00e9e : Hifas da Terra S.L. (186 181.97 \u20ac ) ; Cuevas y C\u00eda S.A. et Algamar.<br \/>Projet collaboratif : Hifas da Terra, Cuevas y C\u00eda, Algamar, Fundaci\u00f3n Foltra, Anfaco-Cecopesca, Centro Tecnol\u00f3xico da Carne et Universidade de Santiago de Compostela (USC).<\/p>\n\t\t\t\t\t\t\t\t<\/div>\n\t\t\t\t<\/div>\n\t\t\t\t<div class=\"elementor-element elementor-element-9a9b50f elementor-widget elementor-widget-image\" data-id=\"9a9b50f\" data-element_type=\"widget\" data-e-type=\"widget\" data-widget_type=\"image.default\">\n\t\t\t\t<div class=\"elementor-widget-container\">\n\t\t\t\t\t\t\t\t\t\t\t\t\t\t\t<img decoding=\"async\" width=\"520\" height=\"58\" src=\"https:\/\/www.marronglace.com\/wp-content\/uploads\/2023\/11\/logos-feder.jpg\" class=\"attachment-large size-large wp-image-1259\" alt=\"\" srcset=\"https:\/\/www.marronglace.com\/wp-content\/uploads\/2023\/11\/logos-feder.jpg 520w, https:\/\/www.marronglace.com\/wp-content\/uploads\/2023\/11\/logos-feder-300x33.jpg 300w\" sizes=\"(max-width: 520px) 100vw, 520px\" \/>\t\t\t\t\t\t\t\t\t\t\t\t\t\t\t<\/div>\n\t\t\t\t<\/div>\n\t\t\t\t<div class=\"elementor-element elementor-element-392eef4 elementor-widget elementor-widget-text-editor\" data-id=\"392eef4\" data-element_type=\"widget\" data-e-type=\"widget\" data-widget_type=\"text-editor.default\">\n\t\t\t\t<div class=\"elementor-widget-container\">\n\t\t\t\t\t\t\t\t\t<p><b>La 1\u00e8re phase du projet de R&amp;D Neurofood n \u00b0 IN852A2018\/58 est termin\u00e9e, dans laquelle CUEVAS y COMPA\u00d1\u00cdA S.A. participe avec d&rsquo;autres entreprises et centres galiciens.<\/b><\/p>\n<p>Le projet de R&amp;DNeurofood a pour objectif le d\u00e9veloppement de nouveaux aliments fonctionnels et de compl\u00e9ments nutritionnels orient\u00e9s vers le d\u00e9veloppement cognitif en appliquant des synergies entre diff\u00e9rentes esp\u00e8ces de champignons avec la ch\u00e2taigne galicienne.<\/p>\n<p>Au cours de la premi\u00e8re phase du projet, Cuevas y Compa\u00f1\u00eda a d\u00e9velopp\u00e9 des produits \u00e0 base de ch\u00e2taigne et d&rsquo;extraits de champignons fournis par Hifas da Terra, fournissant des antioxydants tels que l&rsquo;ergothion\u00e9ine et des neurotransmetteurs tels que l&rsquo;acide gamma-aminobutyrique (GABA). Ces mol\u00e9cules peuvent contribuer au fonctionnement normal du syst\u00e8me nerveux. <\/p>\n<p>Cuevas y Compa\u00f1\u00eda a d\u00e9velopp\u00e9 30 formulations avec diff\u00e9rents ingr\u00e9dients. \u00c0 l&rsquo;heure actuelle, les formulations contenues dans GABA ET ERGOTIONEINA, les caract\u00e9ristiques sensorielles, la stabilit\u00e9 dans le temps et d&rsquo;autres processus de production sont en cours d&rsquo;\u00e9valuation afin de faire progresser la formulation du produit.<\/p>\n<p>Une fois le prototype\/matrice alimentaire approuv\u00e9, la deuxi\u00e8me phase commencera, qui consistera \u00e0 tester le produit depuis la Fondation Foltra en r\u00e9alisant un essai clinique dans lequel l&rsquo;impact des aliments fonctionnels sur des individus sains sera \u00e9valu\u00e9.<\/p>\n<p>\u00c0 la fin de ce projet, Cuevas y Compa\u00f1\u00eda esp\u00e8re lancer sur le march\u00e9 une gamme d&rsquo;aliments fonctionnels d\u00e9riv\u00e9s de cette recherche.<\/p>\n\t\t\t\t\t\t\t\t<\/div>\n\t\t\t\t<\/div>\n\t\t\t\t\t<\/div>\n\t\t<\/div>\n\t\t\t\t\t<\/div>\n\t\t<\/section>\n\t\t\t\t<\/div>\n\t\t","protected":false},"excerpt":{"rendered":"<p>Aides et projets financ\u00e9s Projet d&rsquo;am\u00e9lioration technologique du processus de production et de la gestion des donn\u00e9es Projet d&rsquo;am\u00e9liorations technologiques du processus de production et de la gestion des donn\u00e9es dans l&rsquo;industrie de la manutention, du traitement et du conditionnement des ch\u00e2taignes. Projet d&rsquo;am\u00e9liorations technologiques du processus de production et de la gestion des donn\u00e9es&hellip;<\/p>\n","protected":false},"author":3,"featured_media":0,"parent":0,"menu_order":0,"comment_status":"closed","ping_status":"open","template":"","meta":{"_acf_changed":false,"footnotes":""},"class_list":["post-2077","page","type-page","status-publish","hentry"],"acf":[],"yoast_head":"<!-- This site is optimized with the Yoast SEO plugin v27.4 - https:\/\/yoast.com\/product\/yoast-seo-wordpress\/ -->\n<title>Aides - Marron Glac\u00e9<\/title>\n<meta name=\"robots\" content=\"index, follow, max-snippet:-1, max-image-preview:large, max-video-preview:-1\" \/>\n<link rel=\"canonical\" href=\"https:\/\/www.marronglace.com\/fr\/aides\/\" \/>\n<meta property=\"og:locale\" content=\"fr_FR\" \/>\n<meta property=\"og:type\" content=\"article\" \/>\n<meta property=\"og:title\" content=\"Aides - Marron Glac\u00e9\" \/>\n<meta property=\"og:description\" content=\"Aides et projets financ\u00e9s Projet d&rsquo;am\u00e9lioration technologique du processus de production et de la gestion des donn\u00e9es Projet d&rsquo;am\u00e9liorations technologiques du processus de production et de la gestion des donn\u00e9es dans l&rsquo;industrie de la manutention, du traitement et du conditionnement des ch\u00e2taignes. Projet d&rsquo;am\u00e9liorations technologiques du processus de production et de la gestion des donn\u00e9es&hellip;\" \/>\n<meta property=\"og:url\" content=\"https:\/\/www.marronglace.com\/fr\/aides\/\" \/>\n<meta property=\"og:site_name\" content=\"Marron Glac\u00e9\" \/>\n<meta property=\"article:modified_time\" content=\"2024-02-09T10:46:27+00:00\" \/>\n<meta property=\"og:image\" content=\"https:\/\/www.marronglace.com\/wp-content\/uploads\/2023\/11\/cartel-desenvolvemento-rural-2.jpg\" \/>\n<meta name=\"twitter:card\" content=\"summary_large_image\" \/>\n<meta name=\"twitter:label1\" content=\"Dur\u00e9e de lecture estim\u00e9e\" \/>\n\t<meta name=\"twitter:data1\" content=\"3 minutes\" \/>\n<script type=\"application\/ld+json\" class=\"yoast-schema-graph\">{\"@context\":\"https:\\\/\\\/schema.org\",\"@graph\":[{\"@type\":\"WebPage\",\"@id\":\"https:\\\/\\\/www.marronglace.com\\\/fr\\\/aides\\\/\",\"url\":\"https:\\\/\\\/www.marronglace.com\\\/fr\\\/aides\\\/\",\"name\":\"Aides - Marron Glac\u00e9\",\"isPartOf\":{\"@id\":\"https:\\\/\\\/www.marronglace.com\\\/fr\\\/#website\"},\"primaryImageOfPage\":{\"@id\":\"https:\\\/\\\/www.marronglace.com\\\/fr\\\/aides\\\/#primaryimage\"},\"image\":{\"@id\":\"https:\\\/\\\/www.marronglace.com\\\/fr\\\/aides\\\/#primaryimage\"},\"thumbnailUrl\":\"https:\\\/\\\/www.marronglace.com\\\/wp-content\\\/uploads\\\/2023\\\/11\\\/cartel-desenvolvemento-rural-2.jpg\",\"datePublished\":\"2023-11-30T00:06:31+00:00\",\"dateModified\":\"2024-02-09T10:46:27+00:00\",\"breadcrumb\":{\"@id\":\"https:\\\/\\\/www.marronglace.com\\\/fr\\\/aides\\\/#breadcrumb\"},\"inLanguage\":\"fr-FR\",\"potentialAction\":[{\"@type\":\"ReadAction\",\"target\":[\"https:\\\/\\\/www.marronglace.com\\\/fr\\\/aides\\\/\"]}]},{\"@type\":\"ImageObject\",\"inLanguage\":\"fr-FR\",\"@id\":\"https:\\\/\\\/www.marronglace.com\\\/fr\\\/aides\\\/#primaryimage\",\"url\":\"https:\\\/\\\/www.marronglace.com\\\/wp-content\\\/uploads\\\/2023\\\/11\\\/cartel-desenvolvemento-rural-2.jpg\",\"contentUrl\":\"https:\\\/\\\/www.marronglace.com\\\/wp-content\\\/uploads\\\/2023\\\/11\\\/cartel-desenvolvemento-rural-2.jpg\"},{\"@type\":\"BreadcrumbList\",\"@id\":\"https:\\\/\\\/www.marronglace.com\\\/fr\\\/aides\\\/#breadcrumb\",\"itemListElement\":[{\"@type\":\"ListItem\",\"position\":1,\"name\":\"Portada\",\"item\":\"https:\\\/\\\/www.marronglace.com\\\/fr\\\/\"},{\"@type\":\"ListItem\",\"position\":2,\"name\":\"Aides\"}]},{\"@type\":\"WebSite\",\"@id\":\"https:\\\/\\\/www.marronglace.com\\\/fr\\\/#website\",\"url\":\"https:\\\/\\\/www.marronglace.com\\\/fr\\\/\",\"name\":\"Marron Glac\u00e9\",\"description\":\"\",\"publisher\":{\"@id\":\"https:\\\/\\\/www.marronglace.com\\\/fr\\\/#organization\"},\"potentialAction\":[{\"@type\":\"SearchAction\",\"target\":{\"@type\":\"EntryPoint\",\"urlTemplate\":\"https:\\\/\\\/www.marronglace.com\\\/fr\\\/?s={search_term_string}\"},\"query-input\":{\"@type\":\"PropertyValueSpecification\",\"valueRequired\":true,\"valueName\":\"search_term_string\"}}],\"inLanguage\":\"fr-FR\"},{\"@type\":\"Organization\",\"@id\":\"https:\\\/\\\/www.marronglace.com\\\/fr\\\/#organization\",\"name\":\"Marron Glac\u00e9\",\"url\":\"https:\\\/\\\/www.marronglace.com\\\/fr\\\/\",\"logo\":{\"@type\":\"ImageObject\",\"inLanguage\":\"fr-FR\",\"@id\":\"https:\\\/\\\/www.marronglace.com\\\/fr\\\/#\\\/schema\\\/logo\\\/image\\\/\",\"url\":\"https:\\\/\\\/www.marronglace.com\\\/wp-content\\\/uploads\\\/2023\\\/11\\\/logo-cuevas-cia-normal.png\",\"contentUrl\":\"https:\\\/\\\/www.marronglace.com\\\/wp-content\\\/uploads\\\/2023\\\/11\\\/logo-cuevas-cia-normal.png\",\"width\":228,\"height\":57,\"caption\":\"Marron Glac\u00e9\"},\"image\":{\"@id\":\"https:\\\/\\\/www.marronglace.com\\\/fr\\\/#\\\/schema\\\/logo\\\/image\\\/\"}}]}<\/script>\n<!-- \/ Yoast SEO plugin. -->","yoast_head_json":{"title":"Aides - Marron Glac\u00e9","robots":{"index":"index","follow":"follow","max-snippet":"max-snippet:-1","max-image-preview":"max-image-preview:large","max-video-preview":"max-video-preview:-1"},"canonical":"https:\/\/www.marronglace.com\/fr\/aides\/","og_locale":"fr_FR","og_type":"article","og_title":"Aides - Marron Glac\u00e9","og_description":"Aides et projets financ\u00e9s Projet d&rsquo;am\u00e9lioration technologique du processus de production et de la gestion des donn\u00e9es Projet d&rsquo;am\u00e9liorations technologiques du processus de production et de la gestion des donn\u00e9es dans l&rsquo;industrie de la manutention, du traitement et du conditionnement des ch\u00e2taignes. Projet d&rsquo;am\u00e9liorations technologiques du processus de production et de la gestion des donn\u00e9es&hellip;","og_url":"https:\/\/www.marronglace.com\/fr\/aides\/","og_site_name":"Marron Glac\u00e9","article_modified_time":"2024-02-09T10:46:27+00:00","og_image":[{"url":"https:\/\/www.marronglace.com\/wp-content\/uploads\/2023\/11\/cartel-desenvolvemento-rural-2.jpg","type":"","width":"","height":""}],"twitter_card":"summary_large_image","twitter_misc":{"Dur\u00e9e de lecture estim\u00e9e":"3 minutes"},"schema":{"@context":"https:\/\/schema.org","@graph":[{"@type":"WebPage","@id":"https:\/\/www.marronglace.com\/fr\/aides\/","url":"https:\/\/www.marronglace.com\/fr\/aides\/","name":"Aides - Marron Glac\u00e9","isPartOf":{"@id":"https:\/\/www.marronglace.com\/fr\/#website"},"primaryImageOfPage":{"@id":"https:\/\/www.marronglace.com\/fr\/aides\/#primaryimage"},"image":{"@id":"https:\/\/www.marronglace.com\/fr\/aides\/#primaryimage"},"thumbnailUrl":"https:\/\/www.marronglace.com\/wp-content\/uploads\/2023\/11\/cartel-desenvolvemento-rural-2.jpg","datePublished":"2023-11-30T00:06:31+00:00","dateModified":"2024-02-09T10:46:27+00:00","breadcrumb":{"@id":"https:\/\/www.marronglace.com\/fr\/aides\/#breadcrumb"},"inLanguage":"fr-FR","potentialAction":[{"@type":"ReadAction","target":["https:\/\/www.marronglace.com\/fr\/aides\/"]}]},{"@type":"ImageObject","inLanguage":"fr-FR","@id":"https:\/\/www.marronglace.com\/fr\/aides\/#primaryimage","url":"https:\/\/www.marronglace.com\/wp-content\/uploads\/2023\/11\/cartel-desenvolvemento-rural-2.jpg","contentUrl":"https:\/\/www.marronglace.com\/wp-content\/uploads\/2023\/11\/cartel-desenvolvemento-rural-2.jpg"},{"@type":"BreadcrumbList","@id":"https:\/\/www.marronglace.com\/fr\/aides\/#breadcrumb","itemListElement":[{"@type":"ListItem","position":1,"name":"Portada","item":"https:\/\/www.marronglace.com\/fr\/"},{"@type":"ListItem","position":2,"name":"Aides"}]},{"@type":"WebSite","@id":"https:\/\/www.marronglace.com\/fr\/#website","url":"https:\/\/www.marronglace.com\/fr\/","name":"Marron Glac\u00e9","description":"","publisher":{"@id":"https:\/\/www.marronglace.com\/fr\/#organization"},"potentialAction":[{"@type":"SearchAction","target":{"@type":"EntryPoint","urlTemplate":"https:\/\/www.marronglace.com\/fr\/?s={search_term_string}"},"query-input":{"@type":"PropertyValueSpecification","valueRequired":true,"valueName":"search_term_string"}}],"inLanguage":"fr-FR"},{"@type":"Organization","@id":"https:\/\/www.marronglace.com\/fr\/#organization","name":"Marron Glac\u00e9","url":"https:\/\/www.marronglace.com\/fr\/","logo":{"@type":"ImageObject","inLanguage":"fr-FR","@id":"https:\/\/www.marronglace.com\/fr\/#\/schema\/logo\/image\/","url":"https:\/\/www.marronglace.com\/wp-content\/uploads\/2023\/11\/logo-cuevas-cia-normal.png","contentUrl":"https:\/\/www.marronglace.com\/wp-content\/uploads\/2023\/11\/logo-cuevas-cia-normal.png","width":228,"height":57,"caption":"Marron Glac\u00e9"},"image":{"@id":"https:\/\/www.marronglace.com\/fr\/#\/schema\/logo\/image\/"}}]}},"_links":{"self":[{"href":"https:\/\/www.marronglace.com\/fr\/wp-json\/wp\/v2\/pages\/2077","targetHints":{"allow":["GET"]}}],"collection":[{"href":"https:\/\/www.marronglace.com\/fr\/wp-json\/wp\/v2\/pages"}],"about":[{"href":"https:\/\/www.marronglace.com\/fr\/wp-json\/wp\/v2\/types\/page"}],"author":[{"embeddable":true,"href":"https:\/\/www.marronglace.com\/fr\/wp-json\/wp\/v2\/users\/3"}],"replies":[{"embeddable":true,"href":"https:\/\/www.marronglace.com\/fr\/wp-json\/wp\/v2\/comments?post=2077"}],"version-history":[{"count":1,"href":"https:\/\/www.marronglace.com\/fr\/wp-json\/wp\/v2\/pages\/2077\/revisions"}],"predecessor-version":[{"id":2078,"href":"https:\/\/www.marronglace.com\/fr\/wp-json\/wp\/v2\/pages\/2077\/revisions\/2078"}],"wp:attachment":[{"href":"https:\/\/www.marronglace.com\/fr\/wp-json\/wp\/v2\/media?parent=2077"}],"curies":[{"name":"wp","href":"https:\/\/api.w.org\/{rel}","templated":true}]}}