{"id":2126,"date":"2023-11-29T18:49:55","date_gmt":"2023-11-29T17:49:55","guid":{"rendered":"https:\/\/www.marronglace.com\/chantez-chataigne\/"},"modified":"2024-02-09T13:12:24","modified_gmt":"2024-02-09T12:12:24","slug":"chantez-chataigne","status":"publish","type":"page","link":"https:\/\/www.marronglace.com\/fr\/chantez-chataigne\/","title":{"rendered":"Chantez ch\u00e2taigne"},"content":{"rendered":"\t\t<div data-elementor-type=\"wp-page\" data-elementor-id=\"2126\" class=\"elementor elementor-2126 elementor-1114\" data-elementor-post-type=\"page\">\n\t\t\t\t\t\t<section class=\"elementor-section elementor-top-section elementor-element elementor-element-e2fe833 elementor-section-boxed elementor-section-height-default elementor-section-height-default\" data-id=\"e2fe833\" data-element_type=\"section\" data-e-type=\"section\">\n\t\t\t\t\t\t<div class=\"elementor-container elementor-column-gap-default\">\n\t\t\t\t\t<div class=\"elementor-column elementor-col-50 elementor-top-column elementor-element elementor-element-16bcb47\" data-id=\"16bcb47\" data-element_type=\"column\" data-e-type=\"column\">\n\t\t\t<div class=\"elementor-widget-wrap elementor-element-populated\">\n\t\t\t\t\t\t<div class=\"elementor-element elementor-element-86af7c2 elementor-align-left elementor-hidden-tablet elementor-hidden-mobile elementor-widget elementor-widget-button\" data-id=\"86af7c2\" data-element_type=\"widget\" data-e-type=\"widget\" data-widget_type=\"button.default\">\n\t\t\t\t<div class=\"elementor-widget-container\">\n\t\t\t\t\t\t\t\t\t<div class=\"elementor-button-wrapper\">\n\t\t\t\t\t<a class=\"elementor-button elementor-button-link elementor-size-sm elementor-animation-grow\" href=\"https:\/\/www.marronglace.com\/fr\/haute-cuisine\/\">\n\t\t\t\t\t\t<span class=\"elementor-button-content-wrapper\">\n\t\t\t\t\t\t<span class=\"elementor-button-icon\">\n\t\t\t\t<i aria-hidden=\"true\" class=\" icomoon-the7-font-the7-arrow-29-3\"><\/i>\t\t\t<\/span>\n\t\t\t\t\t\t\t\t\t<span class=\"elementor-button-text\">revenir <\/span>\n\t\t\t\t\t<\/span>\n\t\t\t\t\t<\/a>\n\t\t\t\t<\/div>\n\t\t\t\t\t\t\t\t<\/div>\n\t\t\t\t<\/div>\n\t\t\t\t<div class=\"elementor-element elementor-element-f5a38de elementor-widget elementor-widget-heading\" data-id=\"f5a38de\" data-element_type=\"widget\" data-e-type=\"widget\" data-widget_type=\"heading.default\">\n\t\t\t\t<div class=\"elementor-widget-container\">\n\t\t\t\t\t<h3 class=\"elementor-heading-title elementor-size-default\">HAUTE CUISINE<\/h3>\t\t\t\t<\/div>\n\t\t\t\t<\/div>\n\t\t\t\t<div class=\"elementor-element elementor-element-0dbc8ec elementor-widget elementor-widget-heading\" data-id=\"0dbc8ec\" data-element_type=\"widget\" data-e-type=\"widget\" data-widget_type=\"heading.default\">\n\t\t\t\t<div class=\"elementor-widget-container\">\n\t\t\t\t\t<h2 class=\"elementor-heading-title elementor-size-default\">Chantez ch\u00e2taigne<\/h2>\t\t\t\t<\/div>\n\t\t\t\t<\/div>\n\t\t\t\t\t<\/div>\n\t\t<\/div>\n\t\t\t\t<div class=\"elementor-column elementor-col-50 elementor-top-column elementor-element elementor-element-24b40c1 elementor-hidden-tablet\" data-id=\"24b40c1\" data-element_type=\"column\" data-e-type=\"column\">\n\t\t\t<div class=\"elementor-widget-wrap\">\n\t\t\t\t\t\t\t<\/div>\n\t\t<\/div>\n\t\t\t\t\t<\/div>\n\t\t<\/section>\n\t\t\t\t<section class=\"elementor-section elementor-top-section elementor-element elementor-element-e2f4826 elementor-section-boxed elementor-section-height-default elementor-section-height-default\" data-id=\"e2f4826\" data-element_type=\"section\" data-e-type=\"section\">\n\t\t\t\t\t\t<div class=\"elementor-container elementor-column-gap-default\">\n\t\t\t\t\t<div class=\"elementor-column elementor-col-100 elementor-top-column elementor-element elementor-element-9e26324\" data-id=\"9e26324\" data-element_type=\"column\" data-e-type=\"column\">\n\t\t\t<div class=\"elementor-widget-wrap elementor-element-populated\">\n\t\t\t\t\t\t<div class=\"elementor-element elementor-element-0aae439 elementor-widget elementor-widget-image\" data-id=\"0aae439\" data-element_type=\"widget\" data-e-type=\"widget\" data-widget_type=\"image.default\">\n\t\t\t\t<div class=\"elementor-widget-container\">\n\t\t\t\t\t\t\t\t\t\t\t\t\t\t\t<img fetchpriority=\"high\" decoding=\"async\" width=\"940\" height=\"510\" src=\"https:\/\/www.marronglace.com\/wp-content\/uploads\/2023\/11\/canta-castana-1.jpg\" class=\"attachment-full size-full wp-image-1140\" alt=\"Receta de casta\u00f1as Canta Casta\u00f1a\" srcset=\"https:\/\/www.marronglace.com\/wp-content\/uploads\/2023\/11\/canta-castana-1.jpg 940w, https:\/\/www.marronglace.com\/wp-content\/uploads\/2023\/11\/canta-castana-1-300x163.jpg 300w, https:\/\/www.marronglace.com\/wp-content\/uploads\/2023\/11\/canta-castana-1-768x417.jpg 768w, https:\/\/www.marronglace.com\/wp-content\/uploads\/2023\/11\/canta-castana-1-600x326.jpg 600w\" sizes=\"(max-width: 940px) 100vw, 940px\" \/>\t\t\t\t\t\t\t\t\t\t\t\t\t\t\t<\/div>\n\t\t\t\t<\/div>\n\t\t\t\t<div class=\"elementor-element elementor-element-5d5f0d3 elementor-widget__width-initial elementor-widget elementor-widget-text-editor\" data-id=\"5d5f0d3\" data-element_type=\"widget\" data-e-type=\"widget\" data-widget_type=\"text-editor.default\">\n\t\t\t\t<div class=\"elementor-widget-container\">\n\t\t\t\t\t\t\t\t\t<p>Cr\u00e8me de potiron, avec b\u00e2ton de p\u00e2te de friand pur\u00e9e de ch\u00e2taigne Cuevas, \u00e9mulsion de Savel et ch\u00e2taigne au sirop Cuevas.<\/p>\n<p>Nous terminons avec une branche de thym citronn\u00e9 pour donner un go\u00fbt de colline.<\/p>\n<p>Pour cette recette, vous avez besoin de : pur\u00e9e de ch\u00e2taignes et de ch\u00e2taignes au sirop de Cuevas Chef.<\/p>\n<p>Plat pr\u00e9par\u00e9 par Beatriz Alcal\u00e1 de La Zapater\u00eda del Abuelo (Vainqueur du XI Concours Gourmet Grupo Cuevas).<\/p>\n\t\t\t\t\t\t\t\t<\/div>\n\t\t\t\t<\/div>\n\t\t\t\t<div class=\"elementor-element elementor-element-4046b55 elementor-align-left elementor-widget elementor-widget-button\" data-id=\"4046b55\" data-element_type=\"widget\" data-e-type=\"widget\" data-widget_type=\"button.default\">\n\t\t\t\t<div class=\"elementor-widget-container\">\n\t\t\t\t\t\t\t\t\t<div class=\"elementor-button-wrapper\">\n\t\t\t\t\t<a class=\"elementor-button elementor-button-link elementor-size-md elementor-animation-float\" href=\"https:\/\/www.marronglace.com\/producto\/pure-de-castana\/\">\n\t\t\t\t\t\t<span class=\"elementor-button-content-wrapper\">\n\t\t\t\t\t\t\t\t\t<span class=\"elementor-button-text\">ACHETER DE LA PUR\u00c9E DE CH\u00c2TAIGNES<\/span>\n\t\t\t\t\t<\/span>\n\t\t\t\t\t<\/a>\n\t\t\t\t<\/div>\n\t\t\t\t\t\t\t\t<\/div>\n\t\t\t\t<\/div>\n\t\t\t\t<div class=\"elementor-element elementor-element-a073b70 elementor-align-left elementor-widget elementor-widget-button\" data-id=\"a073b70\" data-element_type=\"widget\" data-e-type=\"widget\" data-widget_type=\"button.default\">\n\t\t\t\t<div class=\"elementor-widget-container\">\n\t\t\t\t\t\t\t\t\t<div class=\"elementor-button-wrapper\">\n\t\t\t\t\t<a class=\"elementor-button elementor-button-link elementor-size-md elementor-animation-float\" href=\"https:\/\/www.marronglace.com\/producto\/castanas-en-almibar\/\">\n\t\t\t\t\t\t<span class=\"elementor-button-content-wrapper\">\n\t\t\t\t\t\t\t\t\t<span class=\"elementor-button-text\">ACHETER DES CH\u00c2TAIGNES AU SIROP<\/span>\n\t\t\t\t\t<\/span>\n\t\t\t\t\t<\/a>\n\t\t\t\t<\/div>\n\t\t\t\t\t\t\t\t<\/div>\n\t\t\t\t<\/div>\n\t\t\t\t\t<\/div>\n\t\t<\/div>\n\t\t\t\t\t<\/div>\n\t\t<\/section>\n\t\t\t\t<\/div>\n\t\t","protected":false},"excerpt":{"rendered":"<p>revenir HAUTE CUISINE Chantez ch\u00e2taigne Cr\u00e8me de potiron, avec b\u00e2ton de p\u00e2te de friand pur\u00e9e de ch\u00e2taigne Cuevas, \u00e9mulsion de Savel et ch\u00e2taigne au sirop Cuevas. Nous terminons avec une branche de thym citronn\u00e9 pour donner un go\u00fbt de colline. Pour cette recette, vous avez besoin de : pur\u00e9e de ch\u00e2taignes et de ch\u00e2taignes au&hellip;<\/p>\n","protected":false},"author":3,"featured_media":0,"parent":0,"menu_order":0,"comment_status":"closed","ping_status":"open","template":"","meta":{"_acf_changed":false,"footnotes":""},"class_list":["post-2126","page","type-page","status-publish","hentry"],"acf":[],"yoast_head":"<!-- This site is optimized with the Yoast SEO plugin v27.4 - https:\/\/yoast.com\/product\/yoast-seo-wordpress\/ -->\n<title>Chantez ch\u00e2taigne - Marron Glac\u00e9<\/title>\n<meta name=\"robots\" content=\"index, follow, max-snippet:-1, max-image-preview:large, max-video-preview:-1\" \/>\n<link rel=\"canonical\" href=\"https:\/\/www.marronglace.com\/fr\/chantez-chataigne\/\" \/>\n<meta property=\"og:locale\" content=\"fr_FR\" \/>\n<meta property=\"og:type\" content=\"article\" \/>\n<meta property=\"og:title\" content=\"Chantez ch\u00e2taigne - Marron Glac\u00e9\" \/>\n<meta property=\"og:description\" content=\"revenir HAUTE CUISINE Chantez ch\u00e2taigne Cr\u00e8me de potiron, avec b\u00e2ton de p\u00e2te de friand pur\u00e9e de ch\u00e2taigne Cuevas, \u00e9mulsion de Savel et ch\u00e2taigne au sirop Cuevas. Nous terminons avec une branche de thym citronn\u00e9 pour donner un go\u00fbt de colline. Pour cette recette, vous avez besoin de : pur\u00e9e de ch\u00e2taignes et de ch\u00e2taignes au&hellip;\" \/>\n<meta property=\"og:url\" content=\"https:\/\/www.marronglace.com\/fr\/chantez-chataigne\/\" \/>\n<meta property=\"og:site_name\" content=\"Marron Glac\u00e9\" \/>\n<meta property=\"article:modified_time\" content=\"2024-02-09T12:12:24+00:00\" \/>\n<meta property=\"og:image\" content=\"https:\/\/www.marronglace.com\/wp-content\/uploads\/2023\/11\/canta-castana-1.jpg\" \/>\n<meta name=\"twitter:card\" content=\"summary_large_image\" \/>\n<meta name=\"twitter:label1\" content=\"Dur\u00e9e de lecture estim\u00e9e\" \/>\n\t<meta name=\"twitter:data1\" content=\"1 minute\" \/>\n<script type=\"application\/ld+json\" class=\"yoast-schema-graph\">{\"@context\":\"https:\\\/\\\/schema.org\",\"@graph\":[{\"@type\":\"WebPage\",\"@id\":\"https:\\\/\\\/www.marronglace.com\\\/fr\\\/chantez-chataigne\\\/\",\"url\":\"https:\\\/\\\/www.marronglace.com\\\/fr\\\/chantez-chataigne\\\/\",\"name\":\"Chantez ch\u00e2taigne - Marron Glac\u00e9\",\"isPartOf\":{\"@id\":\"https:\\\/\\\/www.marronglace.com\\\/fr\\\/#website\"},\"primaryImageOfPage\":{\"@id\":\"https:\\\/\\\/www.marronglace.com\\\/fr\\\/chantez-chataigne\\\/#primaryimage\"},\"image\":{\"@id\":\"https:\\\/\\\/www.marronglace.com\\\/fr\\\/chantez-chataigne\\\/#primaryimage\"},\"thumbnailUrl\":\"https:\\\/\\\/www.marronglace.com\\\/wp-content\\\/uploads\\\/2023\\\/11\\\/canta-castana-1.jpg\",\"datePublished\":\"2023-11-29T17:49:55+00:00\",\"dateModified\":\"2024-02-09T12:12:24+00:00\",\"breadcrumb\":{\"@id\":\"https:\\\/\\\/www.marronglace.com\\\/fr\\\/chantez-chataigne\\\/#breadcrumb\"},\"inLanguage\":\"fr-FR\",\"potentialAction\":[{\"@type\":\"ReadAction\",\"target\":[\"https:\\\/\\\/www.marronglace.com\\\/fr\\\/chantez-chataigne\\\/\"]}]},{\"@type\":\"ImageObject\",\"inLanguage\":\"fr-FR\",\"@id\":\"https:\\\/\\\/www.marronglace.com\\\/fr\\\/chantez-chataigne\\\/#primaryimage\",\"url\":\"https:\\\/\\\/www.marronglace.com\\\/wp-content\\\/uploads\\\/2023\\\/11\\\/canta-castana-1.jpg\",\"contentUrl\":\"https:\\\/\\\/www.marronglace.com\\\/wp-content\\\/uploads\\\/2023\\\/11\\\/canta-castana-1.jpg\"},{\"@type\":\"BreadcrumbList\",\"@id\":\"https:\\\/\\\/www.marronglace.com\\\/fr\\\/chantez-chataigne\\\/#breadcrumb\",\"itemListElement\":[{\"@type\":\"ListItem\",\"position\":1,\"name\":\"Portada\",\"item\":\"https:\\\/\\\/www.marronglace.com\\\/fr\\\/\"},{\"@type\":\"ListItem\",\"position\":2,\"name\":\"Chantez ch\u00e2taigne\"}]},{\"@type\":\"WebSite\",\"@id\":\"https:\\\/\\\/www.marronglace.com\\\/fr\\\/#website\",\"url\":\"https:\\\/\\\/www.marronglace.com\\\/fr\\\/\",\"name\":\"Marron Glac\u00e9\",\"description\":\"\",\"publisher\":{\"@id\":\"https:\\\/\\\/www.marronglace.com\\\/fr\\\/#organization\"},\"potentialAction\":[{\"@type\":\"SearchAction\",\"target\":{\"@type\":\"EntryPoint\",\"urlTemplate\":\"https:\\\/\\\/www.marronglace.com\\\/fr\\\/?s={search_term_string}\"},\"query-input\":{\"@type\":\"PropertyValueSpecification\",\"valueRequired\":true,\"valueName\":\"search_term_string\"}}],\"inLanguage\":\"fr-FR\"},{\"@type\":\"Organization\",\"@id\":\"https:\\\/\\\/www.marronglace.com\\\/fr\\\/#organization\",\"name\":\"Marron Glac\u00e9\",\"url\":\"https:\\\/\\\/www.marronglace.com\\\/fr\\\/\",\"logo\":{\"@type\":\"ImageObject\",\"inLanguage\":\"fr-FR\",\"@id\":\"https:\\\/\\\/www.marronglace.com\\\/fr\\\/#\\\/schema\\\/logo\\\/image\\\/\",\"url\":\"https:\\\/\\\/www.marronglace.com\\\/wp-content\\\/uploads\\\/2023\\\/11\\\/logo-cuevas-cia-normal.png\",\"contentUrl\":\"https:\\\/\\\/www.marronglace.com\\\/wp-content\\\/uploads\\\/2023\\\/11\\\/logo-cuevas-cia-normal.png\",\"width\":228,\"height\":57,\"caption\":\"Marron Glac\u00e9\"},\"image\":{\"@id\":\"https:\\\/\\\/www.marronglace.com\\\/fr\\\/#\\\/schema\\\/logo\\\/image\\\/\"}}]}<\/script>\n<!-- \/ Yoast SEO plugin. -->","yoast_head_json":{"title":"Chantez ch\u00e2taigne - Marron Glac\u00e9","robots":{"index":"index","follow":"follow","max-snippet":"max-snippet:-1","max-image-preview":"max-image-preview:large","max-video-preview":"max-video-preview:-1"},"canonical":"https:\/\/www.marronglace.com\/fr\/chantez-chataigne\/","og_locale":"fr_FR","og_type":"article","og_title":"Chantez ch\u00e2taigne - Marron Glac\u00e9","og_description":"revenir HAUTE CUISINE Chantez ch\u00e2taigne Cr\u00e8me de potiron, avec b\u00e2ton de p\u00e2te de friand pur\u00e9e de ch\u00e2taigne Cuevas, \u00e9mulsion de Savel et ch\u00e2taigne au sirop Cuevas. Nous terminons avec une branche de thym citronn\u00e9 pour donner un go\u00fbt de colline. Pour cette recette, vous avez besoin de : pur\u00e9e de ch\u00e2taignes et de ch\u00e2taignes au&hellip;","og_url":"https:\/\/www.marronglace.com\/fr\/chantez-chataigne\/","og_site_name":"Marron Glac\u00e9","article_modified_time":"2024-02-09T12:12:24+00:00","og_image":[{"url":"https:\/\/www.marronglace.com\/wp-content\/uploads\/2023\/11\/canta-castana-1.jpg","type":"","width":"","height":""}],"twitter_card":"summary_large_image","twitter_misc":{"Dur\u00e9e de lecture estim\u00e9e":"1 minute"},"schema":{"@context":"https:\/\/schema.org","@graph":[{"@type":"WebPage","@id":"https:\/\/www.marronglace.com\/fr\/chantez-chataigne\/","url":"https:\/\/www.marronglace.com\/fr\/chantez-chataigne\/","name":"Chantez ch\u00e2taigne - Marron Glac\u00e9","isPartOf":{"@id":"https:\/\/www.marronglace.com\/fr\/#website"},"primaryImageOfPage":{"@id":"https:\/\/www.marronglace.com\/fr\/chantez-chataigne\/#primaryimage"},"image":{"@id":"https:\/\/www.marronglace.com\/fr\/chantez-chataigne\/#primaryimage"},"thumbnailUrl":"https:\/\/www.marronglace.com\/wp-content\/uploads\/2023\/11\/canta-castana-1.jpg","datePublished":"2023-11-29T17:49:55+00:00","dateModified":"2024-02-09T12:12:24+00:00","breadcrumb":{"@id":"https:\/\/www.marronglace.com\/fr\/chantez-chataigne\/#breadcrumb"},"inLanguage":"fr-FR","potentialAction":[{"@type":"ReadAction","target":["https:\/\/www.marronglace.com\/fr\/chantez-chataigne\/"]}]},{"@type":"ImageObject","inLanguage":"fr-FR","@id":"https:\/\/www.marronglace.com\/fr\/chantez-chataigne\/#primaryimage","url":"https:\/\/www.marronglace.com\/wp-content\/uploads\/2023\/11\/canta-castana-1.jpg","contentUrl":"https:\/\/www.marronglace.com\/wp-content\/uploads\/2023\/11\/canta-castana-1.jpg"},{"@type":"BreadcrumbList","@id":"https:\/\/www.marronglace.com\/fr\/chantez-chataigne\/#breadcrumb","itemListElement":[{"@type":"ListItem","position":1,"name":"Portada","item":"https:\/\/www.marronglace.com\/fr\/"},{"@type":"ListItem","position":2,"name":"Chantez ch\u00e2taigne"}]},{"@type":"WebSite","@id":"https:\/\/www.marronglace.com\/fr\/#website","url":"https:\/\/www.marronglace.com\/fr\/","name":"Marron Glac\u00e9","description":"","publisher":{"@id":"https:\/\/www.marronglace.com\/fr\/#organization"},"potentialAction":[{"@type":"SearchAction","target":{"@type":"EntryPoint","urlTemplate":"https:\/\/www.marronglace.com\/fr\/?s={search_term_string}"},"query-input":{"@type":"PropertyValueSpecification","valueRequired":true,"valueName":"search_term_string"}}],"inLanguage":"fr-FR"},{"@type":"Organization","@id":"https:\/\/www.marronglace.com\/fr\/#organization","name":"Marron Glac\u00e9","url":"https:\/\/www.marronglace.com\/fr\/","logo":{"@type":"ImageObject","inLanguage":"fr-FR","@id":"https:\/\/www.marronglace.com\/fr\/#\/schema\/logo\/image\/","url":"https:\/\/www.marronglace.com\/wp-content\/uploads\/2023\/11\/logo-cuevas-cia-normal.png","contentUrl":"https:\/\/www.marronglace.com\/wp-content\/uploads\/2023\/11\/logo-cuevas-cia-normal.png","width":228,"height":57,"caption":"Marron Glac\u00e9"},"image":{"@id":"https:\/\/www.marronglace.com\/fr\/#\/schema\/logo\/image\/"}}]}},"_links":{"self":[{"href":"https:\/\/www.marronglace.com\/fr\/wp-json\/wp\/v2\/pages\/2126","targetHints":{"allow":["GET"]}}],"collection":[{"href":"https:\/\/www.marronglace.com\/fr\/wp-json\/wp\/v2\/pages"}],"about":[{"href":"https:\/\/www.marronglace.com\/fr\/wp-json\/wp\/v2\/types\/page"}],"author":[{"embeddable":true,"href":"https:\/\/www.marronglace.com\/fr\/wp-json\/wp\/v2\/users\/3"}],"replies":[{"embeddable":true,"href":"https:\/\/www.marronglace.com\/fr\/wp-json\/wp\/v2\/comments?post=2126"}],"version-history":[{"count":1,"href":"https:\/\/www.marronglace.com\/fr\/wp-json\/wp\/v2\/pages\/2126\/revisions"}],"predecessor-version":[{"id":2127,"href":"https:\/\/www.marronglace.com\/fr\/wp-json\/wp\/v2\/pages\/2126\/revisions\/2127"}],"wp:attachment":[{"href":"https:\/\/www.marronglace.com\/fr\/wp-json\/wp\/v2\/media?parent=2126"}],"curies":[{"name":"wp","href":"https:\/\/api.w.org\/{rel}","templated":true}]}}