{"id":2130,"date":"2023-11-30T00:33:49","date_gmt":"2023-11-29T23:33:49","guid":{"rendered":"https:\/\/www.marronglace.com\/politique-de-confidentialite\/"},"modified":"2024-02-09T13:34:56","modified_gmt":"2024-02-09T12:34:56","slug":"politique-de-confidentialite","status":"publish","type":"page","link":"https:\/\/www.marronglace.com\/fr\/politique-de-confidentialite\/","title":{"rendered":"Politique de confidentialit\u00e9"},"content":{"rendered":"\t\t<div data-elementor-type=\"wp-page\" data-elementor-id=\"2130\" class=\"elementor elementor-2130 elementor-1215\" data-elementor-post-type=\"page\">\n\t\t\t\t\t\t<section class=\"elementor-section elementor-top-section elementor-element elementor-element-e2fe833 elementor-section-boxed elementor-section-height-default elementor-section-height-default\" data-id=\"e2fe833\" data-element_type=\"section\" data-e-type=\"section\">\n\t\t\t\t\t\t<div class=\"elementor-container elementor-column-gap-default\">\n\t\t\t\t\t<div class=\"elementor-column elementor-col-100 elementor-top-column elementor-element elementor-element-16bcb47\" data-id=\"16bcb47\" data-element_type=\"column\" data-e-type=\"column\">\n\t\t\t<div class=\"elementor-widget-wrap elementor-element-populated\">\n\t\t\t\t\t\t<div class=\"elementor-element elementor-element-0dbc8ec elementor-widget elementor-widget-heading\" data-id=\"0dbc8ec\" data-element_type=\"widget\" data-e-type=\"widget\" data-widget_type=\"heading.default\">\n\t\t\t\t<div class=\"elementor-widget-container\">\n\t\t\t\t\t<h2 class=\"elementor-heading-title elementor-size-default\">Politique de confidentialit\u00e9<\/h2>\t\t\t\t<\/div>\n\t\t\t\t<\/div>\n\t\t\t\t<div class=\"elementor-element elementor-element-169c97a elementor-widget elementor-widget-text-editor\" data-id=\"169c97a\" data-element_type=\"widget\" data-e-type=\"widget\" data-widget_type=\"text-editor.default\">\n\t\t\t\t<div class=\"elementor-widget-container\">\n\t\t\t\t\t\t\t\t\t<p><span style=\"color: var( --e-global-color-text ); font-family: var( --e-global-typography-text-font-family ), Sans-serif; font-size: var( --e-global-typography-text-font-size ); font-weight: var( --e-global-typography-text-font-weight ); background-color: rgba(255, 255, 255, 0); letter-spacing: var(--the7-base-letter-spacing); text-transform: var(--the7-base-text-transform); word-spacing: normal;\">Votre vie priv\u00e9e est importante pour nous. Nous vous recommandons de prendre quelques minutes pour lire, comprendre et, le cas \u00e9ch\u00e9ant, accepter notre Politique de Confidentialit\u00e9.<\/span><\/p>\n<h3>1. Qui est responsable du traitement de vos donn\u00e9es ?<\/h3>\n<p>Cuevas y C\u00eda S.A.<br \/>Pol\u00edgono industrial San Cibrao das Vi\u00f1as calle n\u00ba10 Ourense<br \/>info@marronglace.com<br \/>t\u00e9l. : 988 383 822<\/p>\n<\/p>\n<h3>2. Quelles sont les donn\u00e9es que nous traitons \u00e0 votre sujet, dans quel but et pendant combien de temps les conservons-nous ?<\/h3>\n<p>Nous traitons les donn\u00e9es que vous nous avez fournies \u2013 soit via les formulaires d&rsquo;achat sur notre site Internet, soit via le formulaire de contact &#8211; lorsque :<\/p>\n<p>a) Lorsque vous remplissez le formulaire de commande : pr\u00e9nom et noms, carte d&rsquo;identit\u00e9 (uniquement dans le cas d&rsquo;une personne physique exer\u00e7ant une activit\u00e9 professionnelle et demandant une facture \u00e0 son nom), t\u00e9l\u00e9phone fixe et\/ou mobile, adresse e-mail, ville et province de r\u00e9sidence.<\/p>\n<p>Objectif : pouvoir g\u00e9rer le bon de commande et la livraison de nos produits de mani\u00e8re optimale.<br \/>Conservation : nous conserverons vos donn\u00e9es tant que vous ne demanderez pas express\u00e9ment leur suppression. Dans ce cas, elles seront supprim\u00e9es avec les mesures de s\u00e9curit\u00e9 appropri\u00e9es.<\/p>\n<p>b) Lorsque vous demandez \u00e0 recevoir notre newsletter, notifications \u00ab Push \u00bb, notifications \u00ab Mail \u00bb, notifications \u00ab SMS \u00bb ou toute autre notification sur nos produits, services et activit\u00e9s : pr\u00e9nom et noms, t\u00e9l\u00e9phone mobile, adresse e-mail, localit\u00e9, province de r\u00e9sidence.<\/p>\n<p>Objectif : pouvoir vous informer sur les actualit\u00e9s, les produits et les services de nos marques, ainsi que recevoir des alertes sur les opportunit\u00e9s et les promotions qui sont mises \u00e0 jour.<br \/>Conservation : nous conserverons vos donn\u00e9es tant que vous ne demanderez pas votre d\u00e9sabonnement en tant que destinataire des communications susmentionn\u00e9es.<\/p>\n<p>c) Lorsque vous nous donnez votre consentement pour l&rsquo;enregistrement d&rsquo;images\/sons \u00e0 l&rsquo;occasion de tirages au sort, ou d&rsquo;autres promotions, ainsi que lorsque vous participez \u00e0 des visites dans nos installations : pr\u00e9nom et nom, pi\u00e8ce d&rsquo;identit\u00e9, image (photo et\/ou vid\u00e9o), audio, date de naissance, t\u00e9l\u00e9phone fixe, t\u00e9l\u00e9phone mobile, adresse e-mail et signature.<\/p>\n<p>Finalit\u00e9 :<br \/>\u2013 La publication des images\/audios sur l&rsquo;Intranet priv\u00e9 de l&rsquo;entreprise<br \/>\u2013 La publication des images\/audios sur les r\u00e9seaux sociaux de Cuevas y Cia et des entreprises du groupe Cuevas.<br \/>\u2013 La publication des images\/audios dans un \u00e9ventuel magazine, blog ou autre mat\u00e9riel\/support d&rsquo;entreprise.<br \/>\u2013 La communication des images\/audios aux m\u00e9dias.<\/p>\n<p>Conservation : nous conserverons vos donn\u00e9es tant que vous ne demanderez pas express\u00e9ment leur suppression. Dans ce cas, elles seront supprim\u00e9es avec les mesures de s\u00e9curit\u00e9 appropri\u00e9es.<\/p>\n<p>d) Lorsque vous nous contactez par l&rsquo;interm\u00e9diaire du service client sur une question g\u00e9n\u00e9rale ou sur un produit ou service en particulier : pr\u00e9nom et noms, adresse e-mail.<\/p>\n<p>Objectif : conna\u00eetre l&rsquo;opinion de nos clients et r\u00e9soudre tout type d&rsquo;incident li\u00e9 au produit et aux conditions d&rsquo;achat et de livraison dans le domaine comptable\/fiscal.<br \/>Conservation : nous conserverons vos donn\u00e9es tant que vous ne demanderez pas express\u00e9ment leur suppression. Dans ce cas, elles seront supprim\u00e9es avec les mesures de s\u00e9curit\u00e9 appropri\u00e9es.<\/p>\n<\/p>\n<h3>3. Quelle est la base l\u00e9gale qui l\u00e9gitime Cuevas y C\u00eda, S.A. pour traiter vos donn\u00e9es ?<\/h3>\n<p>a) Lorsque vous demandez le traitement d&rsquo;une commande de nos produits, nous sommes l\u00e9gitim\u00e9s par le fait que vous nous avez donn\u00e9 votre consentement expr\u00e8s et sans \u00e9quivoque.<\/p>\n<p>b) Lorsque vous demandez \u00e0 recevoir notre newsletter, des notifications \u00ab Push \u00bb, des notifications \u00ab Mail \u00bb, des notifications \u00ab SMS \u00bb ou toute autre notification sur nos produits, services et activit\u00e9s, votre consentement \u00e0 recevoir ce type de notifications nous rend l\u00e9gitime.<\/p>\n<p>c) Lorsque vous participez \u00e0 un enregistrement d&rsquo;images\/sons \u00e0 l&rsquo;occasion de tirages au sort, ou d&rsquo;autres promotions ou lorsque vous participez \u00e0 des visites dans nos installations, nous sommes l\u00e9gitim\u00e9s par le fait que vous nous avez donn\u00e9 votre consentement expr\u00e8s et sans \u00e9quivoque.<\/p>\n<p>d) Lorsque vous nous contactez par le biais du service client sur une question g\u00e9n\u00e9rale ou sur un produit ou service en particulier, nous sommes l\u00e9gitim\u00e9s par le fait que vous nous avez donn\u00e9 votre consentement expr\u00e8s et sans \u00e9quivoque.<\/p>\n<\/p>\n<h3>4. Qui est le destinataire de vos donn\u00e9es ?<\/h3>\n<p>Les donn\u00e9es que vous nous avez fournies par l&rsquo;une des voies que nous vous avons expliqu\u00e9es ci-dessus ne seront pas communiqu\u00e9es \u00e0 des tiers, sauf dans les cas suivants :<\/p>\n<p>\u2013 Lorsque vous demandez le traitement d&rsquo;une commande de nos produits, \u00e0 des tiers qui nous fournissent des services de soutien, tels que des \u00e9tablissements financiers des entit\u00e9s de lutte contre la fraude, des fournisseurs de services technologiques, de logistique, de transport et de livraison.<\/p>\n<p>\u2013 Lorsque vous participez \u00e0 l&rsquo;enregistrement d&rsquo;images\/sons \u00e0 l&rsquo;occasion de tirages au sort ou d&rsquo;autres promotions, ainsi qu&rsquo;\u00e0 des visites de nos installations et que vous nous avez donn\u00e9 votre consentement expr\u00e8s pour communiquer vos donn\u00e9es aux m\u00e9dias.<\/p>\n<p>\u2013 Lorsque vous \u00eates destinataire de notre Newsletter, notifications \u00ab Push \u00bb, notifications \u00ab Mail \u00bb, notifications \u00ab SMS \u00bb ou toute autre notification sur nos produits, services et activit\u00e9s et que vous nous avez donn\u00e9 votre consentement pour communiquer vos donn\u00e9es \u00e0 des tiers afin qu&rsquo;ils g\u00e8rent leur envoi.<\/p>\n<p>Dans aucun autre cas, vos donn\u00e9es ne seront communiqu\u00e9es \u00e0 des tiers, sauf disposition l\u00e9gale qui nous y oblige. Cette politique sera modifi\u00e9e au fur et \u00e0 mesure qu&rsquo;il sera n\u00e9cessaire de communiquer vos donn\u00e9es \u00e0 des tiers dans des cas autres que ceux mentionn\u00e9s ci-dessus et \u00e0 condition que nous ayons pr\u00e9alablement votre consentement expr\u00e8s.<\/p>\n<\/p>\n<h3>5. Quels sont vos droits lorsque vous nous fournissez vos donn\u00e9es ?<\/h3>\n<p>Lorsque vous interagissez avec nous, vous disposez d&rsquo;un certain nombre de droits afin que vous puissiez d\u00e9cider et contr\u00f4ler \u00e0 tout moment comment nous utilisons vos donn\u00e9es personnelles. Vous pouvez exercer ces droits \u00e0 tout moment et gratuitement. Vous pouvez nous contacter par l&rsquo;un des moyens suivants :<\/p>\n<p>CUEVAS Y CIA S.A.<br \/>Pol. Industrial San Cibrao das vi\u00f1as, calle 1 n\u00ba 10, 32901 Ourense<br \/>info@marronglace.com<br \/>Pour que nous puissions r\u00e9pondre \u00e0 votre demande, nous devons nous assurer qu&rsquo;il s&rsquo;agit bien de vous, vous devrez donc nous fournir une copie de votre pi\u00e8ce d&rsquo;identit\u00e9 ; nous aurons \u00e9galement besoin que vous nous indiquiez le droit que vous souhaitez exercer. Si votre demande ne remplit pas les conditions ci-dessus, nous vous demanderons de la corriger.<\/p>\n<p>En particulier, vous disposez des droits suivants :<\/p>\n<p>\u2013 Droit de demander l&rsquo;acc\u00e8s \u00e0 vos donn\u00e9es personnelles<br \/>\u2013 Droit de demander leur rectification<br \/>\u2013 Droit de demander leur suppression<br \/>\u2013 Droit de demander la limitation de votre traitement<br \/>\u2013 Droit de s&rsquo;opposer au traitement<br \/>\u2013 Droit \u00e0 la portabilit\u00e9 des donn\u00e9es<\/p>\n<p><b>En quoi consiste le droit d&rsquo;acc\u00e8s ?<\/b><br \/>Vous pouvez nous demander de vous indiquer si nous utilisons ou non vos donn\u00e9es personnelles ; dans le cas o\u00f9 nous les utilisons, nous vous transf\u00e9rerons \u00e9galement des informations suppl\u00e9mentaires telles que les donn\u00e9es personnelles que nous d\u00e9tenons \u00e0 votre sujet, \u00e0 quoi nous les utilisons, les entit\u00e9s avec lesquelles nous les partageons, la p\u00e9riode pendant laquelle nous conserverons vos donn\u00e9es ou si nous effectuons des profils, entre autres questions.<\/p>\n<p><b>En quoi consiste le droit de rectification ?<\/b><br \/>Vous pouvez nous demander de modifier certaines des donn\u00e9es personnelles que nous d\u00e9tenons \u00e0 votre sujet afin qu&rsquo;elles soient exactes et \u00e0 jour. Dans tous les cas, il est conseill\u00e9 de tenir \u00e0 jour \u00e0 tout moment les donn\u00e9es que nous d\u00e9tenons \u00e0 votre sujet.<\/p>\n<p><b>En quoi consiste le droit de suppression ?<\/b><br \/>Vous pouvez nous demander de supprimer les donn\u00e9es personnelles que nous d\u00e9tenons \u00e0 votre sujet lorsqu&rsquo;elles ne sont plus n\u00e9cessaires aux fins pour lesquelles nous les utilisons ou lorsque vous retirez votre consentement, dans le cas o\u00f9 nous ne les traitons que pour d\u00e9velopper des finalit\u00e9s bas\u00e9es sur celui-ci.<\/p>\n<p>En quoi consiste le droit de limitation ?<br \/>Vous pouvez nous demander de restreindre temporairement l&rsquo;utilisation de vos donn\u00e9es personnelles<br \/>(i) lorsque vous consid\u00e9rez que vos donn\u00e9es sont inexactes, jusqu&rsquo;\u00e0 ce que nous les v\u00e9rifiions ou les mettions \u00e0 jour<br \/>(ii) lorsque nous n&rsquo;en avons plus besoin pour r\u00e9aliser les objectifs indiqu\u00e9s dans la section 2 ci-dessus mais que vous pr\u00e9f\u00e9rez que nous les conservions afin que vous puissiez exercer ou vous d\u00e9fendre contre les r\u00e9clamations et<br \/>(iii) lorsque vous vous opposez \u00e0 ce que nous utilisions vos donn\u00e9es \u00e0 l&rsquo;une des fins \u00e9nonc\u00e9es dans la section 2 de la pr\u00e9sente politique de confidentialit\u00e9, tout en \u00e9valuant si l&rsquo;int\u00e9r\u00eat l\u00e9gitime que nous avons chez Ignacio de las Cuevas S.A. pr\u00e9vaut sur votre droit de vous opposer \u00e0 ce que nous les utilisions.<\/p>\n<p><b>En quoi consiste le droit \u00e0 la portabilit\u00e9 ?<\/b><br \/>Vous pouvez nous demander de vous remettre directement ou de remettre \u00e0 une autre entit\u00e9, lorsque cela est techniquement possible, un fichier structur\u00e9, couramment utilis\u00e9 et lisible par un syst\u00e8me informatique, contenant les donn\u00e9es personnelles dont nous disposons.<\/p>\n<p><b>En quoi consiste le droit d&rsquo;opposition ?<\/b><br \/>Vous pouvez vous opposer \u00e0 ce que nous utilisions vos donn\u00e9es \u00e0 l&rsquo;une des fins \u00e9nonc\u00e9es dans la section 2 de la pr\u00e9sente politique de confidentialit\u00e9. Nous voulons vous rappeler en particulier que vous pouvez nous demander d&rsquo;arr\u00eater d&rsquo;analyser votre profil pour vous envoyer des communications promotionnelles. En outre, vous pouvez d\u00e9poser une plainte aupr\u00e8s de l&rsquo;autorit\u00e9 de contr\u00f4le comp\u00e9tente en mati\u00e8re de protection des donn\u00e9es : Agence espagnole de protection des donn\u00e9es. De m\u00eame, vous pouvez retirer tout consentement que vous avez donn\u00e9 \u00e0 tout moment.<\/p>\n<\/p>\n<h3>6. Mises \u00e0 jour de notre politique de confidentialit\u00e9<\/h3>\n<p>Nous pouvons mettre \u00e0 jour notre politique de confidentialit\u00e9 si n\u00e9cessaire. La derni\u00e8re version sera toujours disponible sur notre site.<\/p>\n\t\t\t\t\t\t\t\t<\/div>\n\t\t\t\t<\/div>\n\t\t\t\t\t<\/div>\n\t\t<\/div>\n\t\t\t\t\t<\/div>\n\t\t<\/section>\n\t\t\t\t<\/div>\n\t\t","protected":false},"excerpt":{"rendered":"<p>Politique de confidentialit\u00e9 Votre vie priv\u00e9e est importante pour nous. Nous vous recommandons de prendre quelques minutes pour lire, comprendre et, le cas \u00e9ch\u00e9ant, accepter notre Politique de Confidentialit\u00e9. 1. Qui est responsable du traitement de vos donn\u00e9es ? Cuevas y C\u00eda S.A.Pol\u00edgono industrial San Cibrao das Vi\u00f1as calle n\u00ba10 Ourenseinfo@marronglace.comt\u00e9l. : 988 383 822&hellip;<\/p>\n","protected":false},"author":3,"featured_media":0,"parent":0,"menu_order":0,"comment_status":"closed","ping_status":"open","template":"","meta":{"_acf_changed":false,"footnotes":""},"class_list":["post-2130","page","type-page","status-publish","hentry"],"acf":[],"yoast_head":"<!-- This site is optimized with the Yoast SEO plugin v27.4 - https:\/\/yoast.com\/product\/yoast-seo-wordpress\/ -->\n<title>Politique de confidentialit\u00e9 - Marron Glac\u00e9<\/title>\n<meta name=\"robots\" content=\"index, follow, max-snippet:-1, max-image-preview:large, max-video-preview:-1\" \/>\n<link rel=\"canonical\" href=\"https:\/\/www.marronglace.com\/fr\/politique-de-confidentialite\/\" \/>\n<meta property=\"og:locale\" content=\"fr_FR\" \/>\n<meta property=\"og:type\" content=\"article\" \/>\n<meta property=\"og:title\" content=\"Politique de confidentialit\u00e9 - Marron Glac\u00e9\" \/>\n<meta property=\"og:description\" content=\"Politique de confidentialit\u00e9 Votre vie priv\u00e9e est importante pour nous. Nous vous recommandons de prendre quelques minutes pour lire, comprendre et, le cas \u00e9ch\u00e9ant, accepter notre Politique de Confidentialit\u00e9. 1. Qui est responsable du traitement de vos donn\u00e9es ? Cuevas y C\u00eda S.A.Pol\u00edgono industrial San Cibrao das Vi\u00f1as calle n\u00ba10 Ourenseinfo@marronglace.comt\u00e9l. : 988 383 822&hellip;\" \/>\n<meta property=\"og:url\" content=\"https:\/\/www.marronglace.com\/fr\/politique-de-confidentialite\/\" \/>\n<meta property=\"og:site_name\" content=\"Marron Glac\u00e9\" \/>\n<meta property=\"article:modified_time\" content=\"2024-02-09T12:34:56+00:00\" \/>\n<meta name=\"twitter:card\" content=\"summary_large_image\" \/>\n<meta name=\"twitter:label1\" content=\"Dur\u00e9e de lecture estim\u00e9e\" \/>\n\t<meta name=\"twitter:data1\" content=\"8 minutes\" \/>\n<script type=\"application\/ld+json\" class=\"yoast-schema-graph\">{\"@context\":\"https:\\\/\\\/schema.org\",\"@graph\":[{\"@type\":\"WebPage\",\"@id\":\"https:\\\/\\\/www.marronglace.com\\\/fr\\\/politique-de-confidentialite\\\/\",\"url\":\"https:\\\/\\\/www.marronglace.com\\\/fr\\\/politique-de-confidentialite\\\/\",\"name\":\"Politique de confidentialit\u00e9 - Marron Glac\u00e9\",\"isPartOf\":{\"@id\":\"https:\\\/\\\/www.marronglace.com\\\/fr\\\/#website\"},\"datePublished\":\"2023-11-29T23:33:49+00:00\",\"dateModified\":\"2024-02-09T12:34:56+00:00\",\"breadcrumb\":{\"@id\":\"https:\\\/\\\/www.marronglace.com\\\/fr\\\/politique-de-confidentialite\\\/#breadcrumb\"},\"inLanguage\":\"fr-FR\",\"potentialAction\":[{\"@type\":\"ReadAction\",\"target\":[\"https:\\\/\\\/www.marronglace.com\\\/fr\\\/politique-de-confidentialite\\\/\"]}]},{\"@type\":\"BreadcrumbList\",\"@id\":\"https:\\\/\\\/www.marronglace.com\\\/fr\\\/politique-de-confidentialite\\\/#breadcrumb\",\"itemListElement\":[{\"@type\":\"ListItem\",\"position\":1,\"name\":\"Portada\",\"item\":\"https:\\\/\\\/www.marronglace.com\\\/fr\\\/\"},{\"@type\":\"ListItem\",\"position\":2,\"name\":\"Politique de confidentialit\u00e9\"}]},{\"@type\":\"WebSite\",\"@id\":\"https:\\\/\\\/www.marronglace.com\\\/fr\\\/#website\",\"url\":\"https:\\\/\\\/www.marronglace.com\\\/fr\\\/\",\"name\":\"Marron Glac\u00e9\",\"description\":\"\",\"publisher\":{\"@id\":\"https:\\\/\\\/www.marronglace.com\\\/fr\\\/#organization\"},\"potentialAction\":[{\"@type\":\"SearchAction\",\"target\":{\"@type\":\"EntryPoint\",\"urlTemplate\":\"https:\\\/\\\/www.marronglace.com\\\/fr\\\/?s={search_term_string}\"},\"query-input\":{\"@type\":\"PropertyValueSpecification\",\"valueRequired\":true,\"valueName\":\"search_term_string\"}}],\"inLanguage\":\"fr-FR\"},{\"@type\":\"Organization\",\"@id\":\"https:\\\/\\\/www.marronglace.com\\\/fr\\\/#organization\",\"name\":\"Marron Glac\u00e9\",\"url\":\"https:\\\/\\\/www.marronglace.com\\\/fr\\\/\",\"logo\":{\"@type\":\"ImageObject\",\"inLanguage\":\"fr-FR\",\"@id\":\"https:\\\/\\\/www.marronglace.com\\\/fr\\\/#\\\/schema\\\/logo\\\/image\\\/\",\"url\":\"https:\\\/\\\/www.marronglace.com\\\/wp-content\\\/uploads\\\/2023\\\/11\\\/logo-cuevas-cia-normal.png\",\"contentUrl\":\"https:\\\/\\\/www.marronglace.com\\\/wp-content\\\/uploads\\\/2023\\\/11\\\/logo-cuevas-cia-normal.png\",\"width\":228,\"height\":57,\"caption\":\"Marron Glac\u00e9\"},\"image\":{\"@id\":\"https:\\\/\\\/www.marronglace.com\\\/fr\\\/#\\\/schema\\\/logo\\\/image\\\/\"}}]}<\/script>\n<!-- \/ Yoast SEO plugin. -->","yoast_head_json":{"title":"Politique de confidentialit\u00e9 - Marron Glac\u00e9","robots":{"index":"index","follow":"follow","max-snippet":"max-snippet:-1","max-image-preview":"max-image-preview:large","max-video-preview":"max-video-preview:-1"},"canonical":"https:\/\/www.marronglace.com\/fr\/politique-de-confidentialite\/","og_locale":"fr_FR","og_type":"article","og_title":"Politique de confidentialit\u00e9 - Marron Glac\u00e9","og_description":"Politique de confidentialit\u00e9 Votre vie priv\u00e9e est importante pour nous. Nous vous recommandons de prendre quelques minutes pour lire, comprendre et, le cas \u00e9ch\u00e9ant, accepter notre Politique de Confidentialit\u00e9. 1. Qui est responsable du traitement de vos donn\u00e9es ? Cuevas y C\u00eda S.A.Pol\u00edgono industrial San Cibrao das Vi\u00f1as calle n\u00ba10 Ourenseinfo@marronglace.comt\u00e9l. : 988 383 822&hellip;","og_url":"https:\/\/www.marronglace.com\/fr\/politique-de-confidentialite\/","og_site_name":"Marron Glac\u00e9","article_modified_time":"2024-02-09T12:34:56+00:00","twitter_card":"summary_large_image","twitter_misc":{"Dur\u00e9e de lecture estim\u00e9e":"8 minutes"},"schema":{"@context":"https:\/\/schema.org","@graph":[{"@type":"WebPage","@id":"https:\/\/www.marronglace.com\/fr\/politique-de-confidentialite\/","url":"https:\/\/www.marronglace.com\/fr\/politique-de-confidentialite\/","name":"Politique de confidentialit\u00e9 - Marron Glac\u00e9","isPartOf":{"@id":"https:\/\/www.marronglace.com\/fr\/#website"},"datePublished":"2023-11-29T23:33:49+00:00","dateModified":"2024-02-09T12:34:56+00:00","breadcrumb":{"@id":"https:\/\/www.marronglace.com\/fr\/politique-de-confidentialite\/#breadcrumb"},"inLanguage":"fr-FR","potentialAction":[{"@type":"ReadAction","target":["https:\/\/www.marronglace.com\/fr\/politique-de-confidentialite\/"]}]},{"@type":"BreadcrumbList","@id":"https:\/\/www.marronglace.com\/fr\/politique-de-confidentialite\/#breadcrumb","itemListElement":[{"@type":"ListItem","position":1,"name":"Portada","item":"https:\/\/www.marronglace.com\/fr\/"},{"@type":"ListItem","position":2,"name":"Politique de confidentialit\u00e9"}]},{"@type":"WebSite","@id":"https:\/\/www.marronglace.com\/fr\/#website","url":"https:\/\/www.marronglace.com\/fr\/","name":"Marron Glac\u00e9","description":"","publisher":{"@id":"https:\/\/www.marronglace.com\/fr\/#organization"},"potentialAction":[{"@type":"SearchAction","target":{"@type":"EntryPoint","urlTemplate":"https:\/\/www.marronglace.com\/fr\/?s={search_term_string}"},"query-input":{"@type":"PropertyValueSpecification","valueRequired":true,"valueName":"search_term_string"}}],"inLanguage":"fr-FR"},{"@type":"Organization","@id":"https:\/\/www.marronglace.com\/fr\/#organization","name":"Marron Glac\u00e9","url":"https:\/\/www.marronglace.com\/fr\/","logo":{"@type":"ImageObject","inLanguage":"fr-FR","@id":"https:\/\/www.marronglace.com\/fr\/#\/schema\/logo\/image\/","url":"https:\/\/www.marronglace.com\/wp-content\/uploads\/2023\/11\/logo-cuevas-cia-normal.png","contentUrl":"https:\/\/www.marronglace.com\/wp-content\/uploads\/2023\/11\/logo-cuevas-cia-normal.png","width":228,"height":57,"caption":"Marron Glac\u00e9"},"image":{"@id":"https:\/\/www.marronglace.com\/fr\/#\/schema\/logo\/image\/"}}]}},"_links":{"self":[{"href":"https:\/\/www.marronglace.com\/fr\/wp-json\/wp\/v2\/pages\/2130","targetHints":{"allow":["GET"]}}],"collection":[{"href":"https:\/\/www.marronglace.com\/fr\/wp-json\/wp\/v2\/pages"}],"about":[{"href":"https:\/\/www.marronglace.com\/fr\/wp-json\/wp\/v2\/types\/page"}],"author":[{"embeddable":true,"href":"https:\/\/www.marronglace.com\/fr\/wp-json\/wp\/v2\/users\/3"}],"replies":[{"embeddable":true,"href":"https:\/\/www.marronglace.com\/fr\/wp-json\/wp\/v2\/comments?post=2130"}],"version-history":[{"count":1,"href":"https:\/\/www.marronglace.com\/fr\/wp-json\/wp\/v2\/pages\/2130\/revisions"}],"predecessor-version":[{"id":2131,"href":"https:\/\/www.marronglace.com\/fr\/wp-json\/wp\/v2\/pages\/2130\/revisions\/2131"}],"wp:attachment":[{"href":"https:\/\/www.marronglace.com\/fr\/wp-json\/wp\/v2\/media?parent=2130"}],"curies":[{"name":"wp","href":"https:\/\/api.w.org\/{rel}","templated":true}]}}