{"id":2099,"date":"2023-12-01T00:55:53","date_gmt":"2023-11-30T23:55:53","guid":{"rendered":"https:\/\/www.marronglace.com\/producto\/pack-une-petite-touche-de-magie\/"},"modified":"2023-12-01T00:55:53","modified_gmt":"2023-11-30T23:55:53","slug":"pack-une-petite-touche-de-magie","status":"publish","type":"product","link":"https:\/\/www.marronglace.com\/fr\/producto\/pack-une-petite-touche-de-magie\/","title":{"rendered":"Pack \u2013 Une petite touche de magie"},"content":{"rendered":"","protected":false},"excerpt":{"rendered":"<p>Pack de plusieurs produits id\u00e9al pour un cadeau. Dans le processus d&rsquo;achat, vous pouvez indiquer qu&rsquo;il s&rsquo;agit d&rsquo;un cadeau et ajouter un texte qui sera inclus dans une carte avec la bo\u00eete.<\/p>\n<p>Ce pack comprend les produits suivants:<\/p>\n<p>1 Cr\u00e8me de Marron Glac\u00e9<br \/>\n1 Ch\u00e2taignes au sirop<br \/>\n1 Pur\u00e9e de ch\u00e2taignes<\/p>\n<div id=\"gtx-trans\" style=\"position: absolute; left: -2px; top: 70px;\">\n<div class=\"gtx-trans-icon\"><\/div>\n<\/div>\n","protected":false},"featured_media":1547,"template":"","meta":{"_acf_changed":false},"product_brand":[],"product_cat":[49],"product_tag":[],"class_list":{"0":"post-2099","1":"product","2":"type-product","3":"status-publish","4":"has-post-thumbnail","6":"product_cat-packs-fr","7":"description-off","9":"first","10":"instock","11":"taxable","12":"shipping-taxable","13":"purchasable","14":"product-type-simple"},"acf":[],"yoast_head":"<!-- This site is optimized with the Yoast SEO plugin v27.4 - https:\/\/yoast.com\/product\/yoast-seo-wordpress\/ -->\n<title>Pack \u2013 Une petite touche de magie - Marron Glac\u00e9<\/title>\n<meta name=\"robots\" content=\"index, follow, max-snippet:-1, max-image-preview:large, max-video-preview:-1\" \/>\n<link rel=\"canonical\" href=\"https:\/\/www.marronglace.com\/fr\/producto\/pack-une-petite-touche-de-magie\/\" \/>\n<meta property=\"og:locale\" content=\"fr_FR\" \/>\n<meta property=\"og:type\" content=\"article\" \/>\n<meta property=\"og:title\" content=\"Pack \u2013 Une petite touche de magie - Marron Glac\u00e9\" \/>\n<meta property=\"og:description\" content=\"Pack de plusieurs produits id\u00e9al pour un cadeau. Dans le processus d&#039;achat, vous pouvez indiquer qu&#039;il s&#039;agit d&#039;un cadeau et ajouter un texte qui sera inclus dans une carte avec la bo\u00eete. Ce pack comprend les produits suivants: 1 Cr\u00e8me de Marron Glac\u00e9 1 Ch\u00e2taignes au sirop 1 Pur\u00e9e de ch\u00e2taignes\" \/>\n<meta property=\"og:url\" content=\"https:\/\/www.marronglace.com\/fr\/producto\/pack-une-petite-touche-de-magie\/\" \/>\n<meta property=\"og:site_name\" content=\"Marron Glac\u00e9\" \/>\n<meta property=\"og:image\" content=\"https:\/\/www.marronglace.com\/wp-content\/uploads\/2023\/12\/pack5-pequeno-toque-magia.png\" \/>\n\t<meta property=\"og:image:width\" content=\"510\" \/>\n\t<meta property=\"og:image:height\" content=\"510\" \/>\n\t<meta property=\"og:image:type\" content=\"image\/png\" \/>\n<meta name=\"twitter:card\" content=\"summary_large_image\" \/>\n<script type=\"application\/ld+json\" class=\"yoast-schema-graph\">{\"@context\":\"https:\\\/\\\/schema.org\",\"@graph\":[{\"@type\":\"WebPage\",\"@id\":\"https:\\\/\\\/www.marronglace.com\\\/fr\\\/producto\\\/pack-une-petite-touche-de-magie\\\/\",\"url\":\"https:\\\/\\\/www.marronglace.com\\\/fr\\\/producto\\\/pack-une-petite-touche-de-magie\\\/\",\"name\":\"Pack \u2013 Une petite touche de magie - Marron Glac\u00e9\",\"isPartOf\":{\"@id\":\"https:\\\/\\\/www.marronglace.com\\\/fr\\\/#website\"},\"primaryImageOfPage\":{\"@id\":\"https:\\\/\\\/www.marronglace.com\\\/fr\\\/producto\\\/pack-une-petite-touche-de-magie\\\/#primaryimage\"},\"image\":{\"@id\":\"https:\\\/\\\/www.marronglace.com\\\/fr\\\/producto\\\/pack-une-petite-touche-de-magie\\\/#primaryimage\"},\"thumbnailUrl\":\"https:\\\/\\\/www.marronglace.com\\\/wp-content\\\/uploads\\\/2023\\\/12\\\/pack5-pequeno-toque-magia.png\",\"datePublished\":\"2023-11-30T23:55:53+00:00\",\"breadcrumb\":{\"@id\":\"https:\\\/\\\/www.marronglace.com\\\/fr\\\/producto\\\/pack-une-petite-touche-de-magie\\\/#breadcrumb\"},\"inLanguage\":\"fr-FR\",\"potentialAction\":[{\"@type\":\"ReadAction\",\"target\":[\"https:\\\/\\\/www.marronglace.com\\\/fr\\\/producto\\\/pack-une-petite-touche-de-magie\\\/\"]}]},{\"@type\":\"ImageObject\",\"inLanguage\":\"fr-FR\",\"@id\":\"https:\\\/\\\/www.marronglace.com\\\/fr\\\/producto\\\/pack-une-petite-touche-de-magie\\\/#primaryimage\",\"url\":\"https:\\\/\\\/www.marronglace.com\\\/wp-content\\\/uploads\\\/2023\\\/12\\\/pack5-pequeno-toque-magia.png\",\"contentUrl\":\"https:\\\/\\\/www.marronglace.com\\\/wp-content\\\/uploads\\\/2023\\\/12\\\/pack5-pequeno-toque-magia.png\",\"width\":510,\"height\":510,\"caption\":\"Un peque\u00f1o toque de magia Marron Glac\u00e9\"},{\"@type\":\"BreadcrumbList\",\"@id\":\"https:\\\/\\\/www.marronglace.com\\\/fr\\\/producto\\\/pack-une-petite-touche-de-magie\\\/#breadcrumb\",\"itemListElement\":[{\"@type\":\"ListItem\",\"position\":1,\"name\":\"Portada\",\"item\":\"https:\\\/\\\/www.marronglace.com\\\/fr\\\/\"},{\"@type\":\"ListItem\",\"position\":2,\"name\":\"Boutique\",\"item\":\"https:\\\/\\\/www.marronglace.com\\\/fr\\\/boutique\\\/\"},{\"@type\":\"ListItem\",\"position\":3,\"name\":\"Pack \u2013 Une petite touche de magie\"}]},{\"@type\":\"WebSite\",\"@id\":\"https:\\\/\\\/www.marronglace.com\\\/fr\\\/#website\",\"url\":\"https:\\\/\\\/www.marronglace.com\\\/fr\\\/\",\"name\":\"Marron Glac\u00e9\",\"description\":\"\",\"publisher\":{\"@id\":\"https:\\\/\\\/www.marronglace.com\\\/fr\\\/#organization\"},\"potentialAction\":[{\"@type\":\"SearchAction\",\"target\":{\"@type\":\"EntryPoint\",\"urlTemplate\":\"https:\\\/\\\/www.marronglace.com\\\/fr\\\/?s={search_term_string}\"},\"query-input\":{\"@type\":\"PropertyValueSpecification\",\"valueRequired\":true,\"valueName\":\"search_term_string\"}}],\"inLanguage\":\"fr-FR\"},{\"@type\":\"Organization\",\"@id\":\"https:\\\/\\\/www.marronglace.com\\\/fr\\\/#organization\",\"name\":\"Marron Glac\u00e9\",\"url\":\"https:\\\/\\\/www.marronglace.com\\\/fr\\\/\",\"logo\":{\"@type\":\"ImageObject\",\"inLanguage\":\"fr-FR\",\"@id\":\"https:\\\/\\\/www.marronglace.com\\\/fr\\\/#\\\/schema\\\/logo\\\/image\\\/\",\"url\":\"https:\\\/\\\/www.marronglace.com\\\/wp-content\\\/uploads\\\/2023\\\/11\\\/logo-cuevas-cia-normal.png\",\"contentUrl\":\"https:\\\/\\\/www.marronglace.com\\\/wp-content\\\/uploads\\\/2023\\\/11\\\/logo-cuevas-cia-normal.png\",\"width\":228,\"height\":57,\"caption\":\"Marron Glac\u00e9\"},\"image\":{\"@id\":\"https:\\\/\\\/www.marronglace.com\\\/fr\\\/#\\\/schema\\\/logo\\\/image\\\/\"}}]}<\/script>\n<!-- \/ Yoast SEO plugin. -->","yoast_head_json":{"title":"Pack \u2013 Une petite touche de magie - Marron Glac\u00e9","robots":{"index":"index","follow":"follow","max-snippet":"max-snippet:-1","max-image-preview":"max-image-preview:large","max-video-preview":"max-video-preview:-1"},"canonical":"https:\/\/www.marronglace.com\/fr\/producto\/pack-une-petite-touche-de-magie\/","og_locale":"fr_FR","og_type":"article","og_title":"Pack \u2013 Une petite touche de magie - Marron Glac\u00e9","og_description":"Pack de plusieurs produits id\u00e9al pour un cadeau. Dans le processus d'achat, vous pouvez indiquer qu'il s'agit d'un cadeau et ajouter un texte qui sera inclus dans une carte avec la bo\u00eete. Ce pack comprend les produits suivants: 1 Cr\u00e8me de Marron Glac\u00e9 1 Ch\u00e2taignes au sirop 1 Pur\u00e9e de ch\u00e2taignes","og_url":"https:\/\/www.marronglace.com\/fr\/producto\/pack-une-petite-touche-de-magie\/","og_site_name":"Marron Glac\u00e9","og_image":[{"width":510,"height":510,"url":"https:\/\/www.marronglace.com\/wp-content\/uploads\/2023\/12\/pack5-pequeno-toque-magia.png","type":"image\/png"}],"twitter_card":"summary_large_image","schema":{"@context":"https:\/\/schema.org","@graph":[{"@type":"WebPage","@id":"https:\/\/www.marronglace.com\/fr\/producto\/pack-une-petite-touche-de-magie\/","url":"https:\/\/www.marronglace.com\/fr\/producto\/pack-une-petite-touche-de-magie\/","name":"Pack \u2013 Une petite touche de magie - Marron Glac\u00e9","isPartOf":{"@id":"https:\/\/www.marronglace.com\/fr\/#website"},"primaryImageOfPage":{"@id":"https:\/\/www.marronglace.com\/fr\/producto\/pack-une-petite-touche-de-magie\/#primaryimage"},"image":{"@id":"https:\/\/www.marronglace.com\/fr\/producto\/pack-une-petite-touche-de-magie\/#primaryimage"},"thumbnailUrl":"https:\/\/www.marronglace.com\/wp-content\/uploads\/2023\/12\/pack5-pequeno-toque-magia.png","datePublished":"2023-11-30T23:55:53+00:00","breadcrumb":{"@id":"https:\/\/www.marronglace.com\/fr\/producto\/pack-une-petite-touche-de-magie\/#breadcrumb"},"inLanguage":"fr-FR","potentialAction":[{"@type":"ReadAction","target":["https:\/\/www.marronglace.com\/fr\/producto\/pack-une-petite-touche-de-magie\/"]}]},{"@type":"ImageObject","inLanguage":"fr-FR","@id":"https:\/\/www.marronglace.com\/fr\/producto\/pack-une-petite-touche-de-magie\/#primaryimage","url":"https:\/\/www.marronglace.com\/wp-content\/uploads\/2023\/12\/pack5-pequeno-toque-magia.png","contentUrl":"https:\/\/www.marronglace.com\/wp-content\/uploads\/2023\/12\/pack5-pequeno-toque-magia.png","width":510,"height":510,"caption":"Un peque\u00f1o toque de magia Marron Glac\u00e9"},{"@type":"BreadcrumbList","@id":"https:\/\/www.marronglace.com\/fr\/producto\/pack-une-petite-touche-de-magie\/#breadcrumb","itemListElement":[{"@type":"ListItem","position":1,"name":"Portada","item":"https:\/\/www.marronglace.com\/fr\/"},{"@type":"ListItem","position":2,"name":"Boutique","item":"https:\/\/www.marronglace.com\/fr\/boutique\/"},{"@type":"ListItem","position":3,"name":"Pack \u2013 Une petite touche de magie"}]},{"@type":"WebSite","@id":"https:\/\/www.marronglace.com\/fr\/#website","url":"https:\/\/www.marronglace.com\/fr\/","name":"Marron Glac\u00e9","description":"","publisher":{"@id":"https:\/\/www.marronglace.com\/fr\/#organization"},"potentialAction":[{"@type":"SearchAction","target":{"@type":"EntryPoint","urlTemplate":"https:\/\/www.marronglace.com\/fr\/?s={search_term_string}"},"query-input":{"@type":"PropertyValueSpecification","valueRequired":true,"valueName":"search_term_string"}}],"inLanguage":"fr-FR"},{"@type":"Organization","@id":"https:\/\/www.marronglace.com\/fr\/#organization","name":"Marron Glac\u00e9","url":"https:\/\/www.marronglace.com\/fr\/","logo":{"@type":"ImageObject","inLanguage":"fr-FR","@id":"https:\/\/www.marronglace.com\/fr\/#\/schema\/logo\/image\/","url":"https:\/\/www.marronglace.com\/wp-content\/uploads\/2023\/11\/logo-cuevas-cia-normal.png","contentUrl":"https:\/\/www.marronglace.com\/wp-content\/uploads\/2023\/11\/logo-cuevas-cia-normal.png","width":228,"height":57,"caption":"Marron Glac\u00e9"},"image":{"@id":"https:\/\/www.marronglace.com\/fr\/#\/schema\/logo\/image\/"}}]}},"_links":{"self":[{"href":"https:\/\/www.marronglace.com\/fr\/wp-json\/wp\/v2\/product\/2099","targetHints":{"allow":["GET"]}}],"collection":[{"href":"https:\/\/www.marronglace.com\/fr\/wp-json\/wp\/v2\/product"}],"about":[{"href":"https:\/\/www.marronglace.com\/fr\/wp-json\/wp\/v2\/types\/product"}],"wp:featuredmedia":[{"embeddable":true,"href":"https:\/\/www.marronglace.com\/fr\/wp-json\/wp\/v2\/media\/1547"}],"wp:attachment":[{"href":"https:\/\/www.marronglace.com\/fr\/wp-json\/wp\/v2\/media?parent=2099"}],"wp:term":[{"taxonomy":"product_brand","embeddable":true,"href":"https:\/\/www.marronglace.com\/fr\/wp-json\/wp\/v2\/product_brand?post=2099"},{"taxonomy":"product_cat","embeddable":true,"href":"https:\/\/www.marronglace.com\/fr\/wp-json\/wp\/v2\/product_cat?post=2099"},{"taxonomy":"product_tag","embeddable":true,"href":"https:\/\/www.marronglace.com\/fr\/wp-json\/wp\/v2\/product_tag?post=2099"}],"curies":[{"name":"wp","href":"https:\/\/api.w.org\/{rel}","templated":true}]}}