{"id":2103,"date":"2023-11-16T01:39:18","date_gmt":"2023-11-16T00:39:18","guid":{"rendered":"https:\/\/www.marronglace.com\/producto\/marron-glace-au-brandy\/"},"modified":"2023-11-16T01:39:18","modified_gmt":"2023-11-16T00:39:18","slug":"marron-glace-au-brandy","status":"publish","type":"product","link":"https:\/\/www.marronglace.com\/fr\/producto\/marron-glace-au-brandy\/","title":{"rendered":"Marron Glac\u00e9 au Brandy"},"content":{"rendered":"<p><strong>Ingr\u00e9dients :<\/strong><br \/>\nCh\u00e2taigne (57%), sucre, sirop de glucose, Brandy (1,3%), ar\u00f4me vanille et conservateur E223 (sulfites).<\/p>\n<p>Conserver dans un endroit frais et sec. Produit sujet au s\u00e9chage. Une fois ouvert, conserver au r\u00e9frig\u00e9rateur.<\/p>\n<p><strong>Valeurs nutritionnelles (g\/100g):<\/strong><br \/>\nValeur \u00e9nerg\u00e9tique : 269 Kcal &#8211; 1 139 kJ<br \/>\nMati\u00e8res grasses : 0,8 g (dont satur\u00e9es : 0,0 g)<br \/>\nGlucides : 62 g (dont sucres : 48 g)<br \/>\nFibres alimentaires : 2,8g<br \/>\nProt\u00e9ine : 1,1 g<br \/>\nSel : 0,06g<\/p>\n","protected":false},"excerpt":{"rendered":"<p class=\"entrada\">Le go\u00fbt traditionnel du Marron Glac\u00e9 exclusif alli\u00e9 \u00e0 la force et l&rsquo;ar\u00f4me d&rsquo;un Brandy noble, pour offrir une exp\u00e9rience unique au palais. Marron glac\u00e9 mac\u00e9r\u00e9 au brandy, emball\u00e9 individuellement et emball\u00e9 sous vide.<\/p>\n<p>Sans gluten.<br \/>\nPot en verre. Poids net : 160g<\/p>\n","protected":false},"featured_media":140,"template":"","meta":{"_acf_changed":false},"product_brand":[],"product_cat":[50],"product_tag":[],"class_list":{"0":"post-2103","1":"product","2":"type-product","3":"status-publish","4":"has-post-thumbnail","6":"product_cat-marron-glace-fr","7":"description-off","9":"first","10":"instock","11":"taxable","12":"shipping-taxable","13":"purchasable","14":"product-type-simple"},"acf":[],"yoast_head":"<!-- This site is optimized with the Yoast SEO plugin v27.4 - https:\/\/yoast.com\/product\/yoast-seo-wordpress\/ -->\n<title>Marron Glac\u00e9 au Brandy - Marron Glac\u00e9<\/title>\n<meta name=\"robots\" content=\"index, follow, max-snippet:-1, max-image-preview:large, max-video-preview:-1\" \/>\n<link rel=\"canonical\" href=\"https:\/\/www.marronglace.com\/fr\/producto\/marron-glace-au-brandy\/\" \/>\n<meta property=\"og:locale\" content=\"fr_FR\" \/>\n<meta property=\"og:type\" content=\"article\" \/>\n<meta property=\"og:title\" content=\"Marron Glac\u00e9 au Brandy - Marron Glac\u00e9\" \/>\n<meta property=\"og:description\" content=\"Le go\u00fbt traditionnel du Marron Glac\u00e9 exclusif alli\u00e9 \u00e0 la force et l&#039;ar\u00f4me d&#039;un Brandy noble, pour offrir une exp\u00e9rience unique au palais. Marron glac\u00e9 mac\u00e9r\u00e9 au brandy, emball\u00e9 individuellement et emball\u00e9 sous vide. Sans gluten. Pot en verre. Poids net : 160g\" \/>\n<meta property=\"og:url\" content=\"https:\/\/www.marronglace.com\/fr\/producto\/marron-glace-au-brandy\/\" \/>\n<meta property=\"og:site_name\" content=\"Marron Glac\u00e9\" \/>\n<meta property=\"og:image\" content=\"https:\/\/www.marronglace.com\/wp-content\/uploads\/2023\/11\/marron-glace-classic-brandy.jpg\" \/>\n\t<meta property=\"og:image:width\" content=\"510\" \/>\n\t<meta property=\"og:image:height\" content=\"510\" \/>\n\t<meta property=\"og:image:type\" content=\"image\/jpeg\" \/>\n<meta name=\"twitter:card\" content=\"summary_large_image\" \/>\n<script type=\"application\/ld+json\" class=\"yoast-schema-graph\">{\"@context\":\"https:\\\/\\\/schema.org\",\"@graph\":[{\"@type\":\"WebPage\",\"@id\":\"https:\\\/\\\/www.marronglace.com\\\/fr\\\/producto\\\/marron-glace-au-brandy\\\/\",\"url\":\"https:\\\/\\\/www.marronglace.com\\\/fr\\\/producto\\\/marron-glace-au-brandy\\\/\",\"name\":\"Marron Glac\u00e9 au Brandy - Marron Glac\u00e9\",\"isPartOf\":{\"@id\":\"https:\\\/\\\/www.marronglace.com\\\/fr\\\/#website\"},\"primaryImageOfPage\":{\"@id\":\"https:\\\/\\\/www.marronglace.com\\\/fr\\\/producto\\\/marron-glace-au-brandy\\\/#primaryimage\"},\"image\":{\"@id\":\"https:\\\/\\\/www.marronglace.com\\\/fr\\\/producto\\\/marron-glace-au-brandy\\\/#primaryimage\"},\"thumbnailUrl\":\"https:\\\/\\\/www.marronglace.com\\\/wp-content\\\/uploads\\\/2023\\\/11\\\/marron-glace-classic-brandy.jpg\",\"datePublished\":\"2023-11-16T00:39:18+00:00\",\"breadcrumb\":{\"@id\":\"https:\\\/\\\/www.marronglace.com\\\/fr\\\/producto\\\/marron-glace-au-brandy\\\/#breadcrumb\"},\"inLanguage\":\"fr-FR\",\"potentialAction\":[{\"@type\":\"ReadAction\",\"target\":[\"https:\\\/\\\/www.marronglace.com\\\/fr\\\/producto\\\/marron-glace-au-brandy\\\/\"]}]},{\"@type\":\"ImageObject\",\"inLanguage\":\"fr-FR\",\"@id\":\"https:\\\/\\\/www.marronglace.com\\\/fr\\\/producto\\\/marron-glace-au-brandy\\\/#primaryimage\",\"url\":\"https:\\\/\\\/www.marronglace.com\\\/wp-content\\\/uploads\\\/2023\\\/11\\\/marron-glace-classic-brandy.jpg\",\"contentUrl\":\"https:\\\/\\\/www.marronglace.com\\\/wp-content\\\/uploads\\\/2023\\\/11\\\/marron-glace-classic-brandy.jpg\",\"width\":510,\"height\":510},{\"@type\":\"BreadcrumbList\",\"@id\":\"https:\\\/\\\/www.marronglace.com\\\/fr\\\/producto\\\/marron-glace-au-brandy\\\/#breadcrumb\",\"itemListElement\":[{\"@type\":\"ListItem\",\"position\":1,\"name\":\"Portada\",\"item\":\"https:\\\/\\\/www.marronglace.com\\\/fr\\\/\"},{\"@type\":\"ListItem\",\"position\":2,\"name\":\"Boutique\",\"item\":\"https:\\\/\\\/www.marronglace.com\\\/fr\\\/boutique\\\/\"},{\"@type\":\"ListItem\",\"position\":3,\"name\":\"Marron Glac\u00e9 au Brandy\"}]},{\"@type\":\"WebSite\",\"@id\":\"https:\\\/\\\/www.marronglace.com\\\/fr\\\/#website\",\"url\":\"https:\\\/\\\/www.marronglace.com\\\/fr\\\/\",\"name\":\"Marron Glac\u00e9\",\"description\":\"\",\"publisher\":{\"@id\":\"https:\\\/\\\/www.marronglace.com\\\/fr\\\/#organization\"},\"potentialAction\":[{\"@type\":\"SearchAction\",\"target\":{\"@type\":\"EntryPoint\",\"urlTemplate\":\"https:\\\/\\\/www.marronglace.com\\\/fr\\\/?s={search_term_string}\"},\"query-input\":{\"@type\":\"PropertyValueSpecification\",\"valueRequired\":true,\"valueName\":\"search_term_string\"}}],\"inLanguage\":\"fr-FR\"},{\"@type\":\"Organization\",\"@id\":\"https:\\\/\\\/www.marronglace.com\\\/fr\\\/#organization\",\"name\":\"Marron Glac\u00e9\",\"url\":\"https:\\\/\\\/www.marronglace.com\\\/fr\\\/\",\"logo\":{\"@type\":\"ImageObject\",\"inLanguage\":\"fr-FR\",\"@id\":\"https:\\\/\\\/www.marronglace.com\\\/fr\\\/#\\\/schema\\\/logo\\\/image\\\/\",\"url\":\"https:\\\/\\\/www.marronglace.com\\\/wp-content\\\/uploads\\\/2023\\\/11\\\/logo-cuevas-cia-normal.png\",\"contentUrl\":\"https:\\\/\\\/www.marronglace.com\\\/wp-content\\\/uploads\\\/2023\\\/11\\\/logo-cuevas-cia-normal.png\",\"width\":228,\"height\":57,\"caption\":\"Marron Glac\u00e9\"},\"image\":{\"@id\":\"https:\\\/\\\/www.marronglace.com\\\/fr\\\/#\\\/schema\\\/logo\\\/image\\\/\"}}]}<\/script>\n<!-- \/ Yoast SEO plugin. -->","yoast_head_json":{"title":"Marron Glac\u00e9 au Brandy - Marron Glac\u00e9","robots":{"index":"index","follow":"follow","max-snippet":"max-snippet:-1","max-image-preview":"max-image-preview:large","max-video-preview":"max-video-preview:-1"},"canonical":"https:\/\/www.marronglace.com\/fr\/producto\/marron-glace-au-brandy\/","og_locale":"fr_FR","og_type":"article","og_title":"Marron Glac\u00e9 au Brandy - Marron Glac\u00e9","og_description":"Le go\u00fbt traditionnel du Marron Glac\u00e9 exclusif alli\u00e9 \u00e0 la force et l'ar\u00f4me d'un Brandy noble, pour offrir une exp\u00e9rience unique au palais. Marron glac\u00e9 mac\u00e9r\u00e9 au brandy, emball\u00e9 individuellement et emball\u00e9 sous vide. Sans gluten. Pot en verre. Poids net : 160g","og_url":"https:\/\/www.marronglace.com\/fr\/producto\/marron-glace-au-brandy\/","og_site_name":"Marron Glac\u00e9","og_image":[{"width":510,"height":510,"url":"https:\/\/www.marronglace.com\/wp-content\/uploads\/2023\/11\/marron-glace-classic-brandy.jpg","type":"image\/jpeg"}],"twitter_card":"summary_large_image","schema":{"@context":"https:\/\/schema.org","@graph":[{"@type":"WebPage","@id":"https:\/\/www.marronglace.com\/fr\/producto\/marron-glace-au-brandy\/","url":"https:\/\/www.marronglace.com\/fr\/producto\/marron-glace-au-brandy\/","name":"Marron Glac\u00e9 au Brandy - Marron Glac\u00e9","isPartOf":{"@id":"https:\/\/www.marronglace.com\/fr\/#website"},"primaryImageOfPage":{"@id":"https:\/\/www.marronglace.com\/fr\/producto\/marron-glace-au-brandy\/#primaryimage"},"image":{"@id":"https:\/\/www.marronglace.com\/fr\/producto\/marron-glace-au-brandy\/#primaryimage"},"thumbnailUrl":"https:\/\/www.marronglace.com\/wp-content\/uploads\/2023\/11\/marron-glace-classic-brandy.jpg","datePublished":"2023-11-16T00:39:18+00:00","breadcrumb":{"@id":"https:\/\/www.marronglace.com\/fr\/producto\/marron-glace-au-brandy\/#breadcrumb"},"inLanguage":"fr-FR","potentialAction":[{"@type":"ReadAction","target":["https:\/\/www.marronglace.com\/fr\/producto\/marron-glace-au-brandy\/"]}]},{"@type":"ImageObject","inLanguage":"fr-FR","@id":"https:\/\/www.marronglace.com\/fr\/producto\/marron-glace-au-brandy\/#primaryimage","url":"https:\/\/www.marronglace.com\/wp-content\/uploads\/2023\/11\/marron-glace-classic-brandy.jpg","contentUrl":"https:\/\/www.marronglace.com\/wp-content\/uploads\/2023\/11\/marron-glace-classic-brandy.jpg","width":510,"height":510},{"@type":"BreadcrumbList","@id":"https:\/\/www.marronglace.com\/fr\/producto\/marron-glace-au-brandy\/#breadcrumb","itemListElement":[{"@type":"ListItem","position":1,"name":"Portada","item":"https:\/\/www.marronglace.com\/fr\/"},{"@type":"ListItem","position":2,"name":"Boutique","item":"https:\/\/www.marronglace.com\/fr\/boutique\/"},{"@type":"ListItem","position":3,"name":"Marron Glac\u00e9 au Brandy"}]},{"@type":"WebSite","@id":"https:\/\/www.marronglace.com\/fr\/#website","url":"https:\/\/www.marronglace.com\/fr\/","name":"Marron Glac\u00e9","description":"","publisher":{"@id":"https:\/\/www.marronglace.com\/fr\/#organization"},"potentialAction":[{"@type":"SearchAction","target":{"@type":"EntryPoint","urlTemplate":"https:\/\/www.marronglace.com\/fr\/?s={search_term_string}"},"query-input":{"@type":"PropertyValueSpecification","valueRequired":true,"valueName":"search_term_string"}}],"inLanguage":"fr-FR"},{"@type":"Organization","@id":"https:\/\/www.marronglace.com\/fr\/#organization","name":"Marron Glac\u00e9","url":"https:\/\/www.marronglace.com\/fr\/","logo":{"@type":"ImageObject","inLanguage":"fr-FR","@id":"https:\/\/www.marronglace.com\/fr\/#\/schema\/logo\/image\/","url":"https:\/\/www.marronglace.com\/wp-content\/uploads\/2023\/11\/logo-cuevas-cia-normal.png","contentUrl":"https:\/\/www.marronglace.com\/wp-content\/uploads\/2023\/11\/logo-cuevas-cia-normal.png","width":228,"height":57,"caption":"Marron Glac\u00e9"},"image":{"@id":"https:\/\/www.marronglace.com\/fr\/#\/schema\/logo\/image\/"}}]}},"_links":{"self":[{"href":"https:\/\/www.marronglace.com\/fr\/wp-json\/wp\/v2\/product\/2103","targetHints":{"allow":["GET"]}}],"collection":[{"href":"https:\/\/www.marronglace.com\/fr\/wp-json\/wp\/v2\/product"}],"about":[{"href":"https:\/\/www.marronglace.com\/fr\/wp-json\/wp\/v2\/types\/product"}],"wp:featuredmedia":[{"embeddable":true,"href":"https:\/\/www.marronglace.com\/fr\/wp-json\/wp\/v2\/media\/140"}],"wp:attachment":[{"href":"https:\/\/www.marronglace.com\/fr\/wp-json\/wp\/v2\/media?parent=2103"}],"wp:term":[{"taxonomy":"product_brand","embeddable":true,"href":"https:\/\/www.marronglace.com\/fr\/wp-json\/wp\/v2\/product_brand?post=2103"},{"taxonomy":"product_cat","embeddable":true,"href":"https:\/\/www.marronglace.com\/fr\/wp-json\/wp\/v2\/product_cat?post=2103"},{"taxonomy":"product_tag","embeddable":true,"href":"https:\/\/www.marronglace.com\/fr\/wp-json\/wp\/v2\/product_tag?post=2103"}],"curies":[{"name":"wp","href":"https:\/\/api.w.org\/{rel}","templated":true}]}}