{"id":2104,"date":"2023-11-16T01:51:04","date_gmt":"2023-11-16T00:51:04","guid":{"rendered":"https:\/\/www.marronglace.com\/producto\/chataignes-confites-enrobees-de-chocolat-noir\/"},"modified":"2023-11-16T01:51:04","modified_gmt":"2023-11-16T00:51:04","slug":"chataignes-confites-enrobees-de-chocolat-noir","status":"publish","type":"product","link":"https:\/\/www.marronglace.com\/fr\/producto\/chataignes-confites-enrobees-de-chocolat-noir\/","title":{"rendered":"Ch\u00e2taignes Confites Enrob\u00e9es de Chocolat Noir"},"content":{"rendered":"<p><strong>Ingr\u00e9dients :<\/strong><br \/>\nCh\u00e2taigne confite (ch\u00e2taigne, sucre, sirop de glucose, ar\u00f4me vanille, conservateur E223 (sulfites)) et enrobage de chocolat noir, minimum 11% (p\u00e2te de cacao, sucre, beurre de cacao, \u00e9mulsifiant : l\u00e9cithine de soja et ar\u00f4me naturel de vanille Cacao 64% min) . Peut contenir des traces de lait et de fruits \u00e0 coque.<\/p>\n<p>Contient un sachet absorbant l&rsquo;oxyg\u00e8ne, ne pas consommer. Conserver dans un endroit sec et frais.<\/p>\n<p>Conserver dans un endroit frais et sec. Produit sujet au s\u00e9chage. Une fois ouvert, conserver au r\u00e9frig\u00e9rateur.<\/p>\n<p><strong>Valeurs nutritionnelles (g\/100g):<\/strong><br \/>\nValeur \u00e9nerg\u00e9tique : 339 Kcal &#8211; 1 429 kJ<br \/>\nMati\u00e8res grasses : 9,4 g (dont satur\u00e9es : 5,8 g)<br \/>\nGlucides : 60 g (dont sucres : 55 g)<br \/>\nProt\u00e9ine : 1,9 g<br \/>\nSel : 0,10 g<\/p>\n","protected":false},"excerpt":{"rendered":"<p>Ingr\u00e9dients : Ch\u00e2taigne confite (ch\u00e2taigne, sucre, sirop de glucose, ar\u00f4me vanille, conservateur E223 (sulfites)) et enrobage de chocolat noir, minimum 11% (p\u00e2te de cacao, sucre, beurre de cacao, \u00e9mulsifiant : l\u00e9cithine de soja et ar\u00f4me naturel de vanille Cacao 64% min) . Peut contenir des traces de lait et de fruits \u00e0 coque. Contient un&hellip;<\/p>\n","protected":false},"featured_media":145,"template":"","meta":{"_acf_changed":false},"product_brand":[],"product_cat":[50],"product_tag":[],"class_list":{"0":"post-2104","1":"product","2":"type-product","3":"status-publish","4":"has-post-thumbnail","6":"product_cat-marron-glace-fr","7":"description-off","9":"first","10":"instock","11":"taxable","12":"shipping-taxable","13":"purchasable","14":"product-type-simple"},"acf":[],"yoast_head":"<!-- This site is optimized with the Yoast SEO plugin v27.4 - https:\/\/yoast.com\/product\/yoast-seo-wordpress\/ -->\n<title>Ch\u00e2taignes Confites Enrob\u00e9es de Chocolat Noir - Marron Glac\u00e9<\/title>\n<meta name=\"robots\" content=\"index, follow, max-snippet:-1, max-image-preview:large, max-video-preview:-1\" \/>\n<link rel=\"canonical\" href=\"https:\/\/www.marronglace.com\/fr\/producto\/chataignes-confites-enrobees-de-chocolat-noir\/\" \/>\n<meta property=\"og:locale\" content=\"fr_FR\" \/>\n<meta property=\"og:type\" content=\"article\" \/>\n<meta property=\"og:title\" content=\"Ch\u00e2taignes Confites Enrob\u00e9es de Chocolat Noir - Marron Glac\u00e9\" \/>\n<meta property=\"og:description\" content=\"Ingr\u00e9dients : Ch\u00e2taigne confite (ch\u00e2taigne, sucre, sirop de glucose, ar\u00f4me vanille, conservateur E223 (sulfites)) et enrobage de chocolat noir, minimum 11% (p\u00e2te de cacao, sucre, beurre de cacao, \u00e9mulsifiant : l\u00e9cithine de soja et ar\u00f4me naturel de vanille Cacao 64% min) . Peut contenir des traces de lait et de fruits \u00e0 coque. Contient un&hellip;\" \/>\n<meta property=\"og:url\" content=\"https:\/\/www.marronglace.com\/fr\/producto\/chataignes-confites-enrobees-de-chocolat-noir\/\" \/>\n<meta property=\"og:site_name\" content=\"Marron Glac\u00e9\" \/>\n<meta property=\"og:image\" content=\"https:\/\/www.marronglace.com\/wp-content\/uploads\/2023\/11\/marron-glace-classic-bombon.jpg\" \/>\n\t<meta property=\"og:image:width\" content=\"510\" \/>\n\t<meta property=\"og:image:height\" content=\"510\" \/>\n\t<meta property=\"og:image:type\" content=\"image\/jpeg\" \/>\n<meta name=\"twitter:card\" content=\"summary_large_image\" \/>\n<meta name=\"twitter:label1\" content=\"Dur\u00e9e de lecture estim\u00e9e\" \/>\n\t<meta name=\"twitter:data1\" content=\"1 minute\" \/>\n<script type=\"application\/ld+json\" class=\"yoast-schema-graph\">{\"@context\":\"https:\\\/\\\/schema.org\",\"@graph\":[{\"@type\":\"WebPage\",\"@id\":\"https:\\\/\\\/www.marronglace.com\\\/fr\\\/producto\\\/chataignes-confites-enrobees-de-chocolat-noir\\\/\",\"url\":\"https:\\\/\\\/www.marronglace.com\\\/fr\\\/producto\\\/chataignes-confites-enrobees-de-chocolat-noir\\\/\",\"name\":\"Ch\u00e2taignes Confites Enrob\u00e9es de Chocolat Noir - Marron Glac\u00e9\",\"isPartOf\":{\"@id\":\"https:\\\/\\\/www.marronglace.com\\\/fr\\\/#website\"},\"primaryImageOfPage\":{\"@id\":\"https:\\\/\\\/www.marronglace.com\\\/fr\\\/producto\\\/chataignes-confites-enrobees-de-chocolat-noir\\\/#primaryimage\"},\"image\":{\"@id\":\"https:\\\/\\\/www.marronglace.com\\\/fr\\\/producto\\\/chataignes-confites-enrobees-de-chocolat-noir\\\/#primaryimage\"},\"thumbnailUrl\":\"https:\\\/\\\/www.marronglace.com\\\/wp-content\\\/uploads\\\/2023\\\/11\\\/marron-glace-classic-bombon.jpg\",\"datePublished\":\"2023-11-16T00:51:04+00:00\",\"breadcrumb\":{\"@id\":\"https:\\\/\\\/www.marronglace.com\\\/fr\\\/producto\\\/chataignes-confites-enrobees-de-chocolat-noir\\\/#breadcrumb\"},\"inLanguage\":\"fr-FR\",\"potentialAction\":[{\"@type\":\"ReadAction\",\"target\":[\"https:\\\/\\\/www.marronglace.com\\\/fr\\\/producto\\\/chataignes-confites-enrobees-de-chocolat-noir\\\/\"]}]},{\"@type\":\"ImageObject\",\"inLanguage\":\"fr-FR\",\"@id\":\"https:\\\/\\\/www.marronglace.com\\\/fr\\\/producto\\\/chataignes-confites-enrobees-de-chocolat-noir\\\/#primaryimage\",\"url\":\"https:\\\/\\\/www.marronglace.com\\\/wp-content\\\/uploads\\\/2023\\\/11\\\/marron-glace-classic-bombon.jpg\",\"contentUrl\":\"https:\\\/\\\/www.marronglace.com\\\/wp-content\\\/uploads\\\/2023\\\/11\\\/marron-glace-classic-bombon.jpg\",\"width\":510,\"height\":510},{\"@type\":\"BreadcrumbList\",\"@id\":\"https:\\\/\\\/www.marronglace.com\\\/fr\\\/producto\\\/chataignes-confites-enrobees-de-chocolat-noir\\\/#breadcrumb\",\"itemListElement\":[{\"@type\":\"ListItem\",\"position\":1,\"name\":\"Portada\",\"item\":\"https:\\\/\\\/www.marronglace.com\\\/fr\\\/\"},{\"@type\":\"ListItem\",\"position\":2,\"name\":\"Boutique\",\"item\":\"https:\\\/\\\/www.marronglace.com\\\/fr\\\/boutique\\\/\"},{\"@type\":\"ListItem\",\"position\":3,\"name\":\"Ch\u00e2taignes Confites Enrob\u00e9es de Chocolat Noir\"}]},{\"@type\":\"WebSite\",\"@id\":\"https:\\\/\\\/www.marronglace.com\\\/fr\\\/#website\",\"url\":\"https:\\\/\\\/www.marronglace.com\\\/fr\\\/\",\"name\":\"Marron Glac\u00e9\",\"description\":\"\",\"publisher\":{\"@id\":\"https:\\\/\\\/www.marronglace.com\\\/fr\\\/#organization\"},\"potentialAction\":[{\"@type\":\"SearchAction\",\"target\":{\"@type\":\"EntryPoint\",\"urlTemplate\":\"https:\\\/\\\/www.marronglace.com\\\/fr\\\/?s={search_term_string}\"},\"query-input\":{\"@type\":\"PropertyValueSpecification\",\"valueRequired\":true,\"valueName\":\"search_term_string\"}}],\"inLanguage\":\"fr-FR\"},{\"@type\":\"Organization\",\"@id\":\"https:\\\/\\\/www.marronglace.com\\\/fr\\\/#organization\",\"name\":\"Marron Glac\u00e9\",\"url\":\"https:\\\/\\\/www.marronglace.com\\\/fr\\\/\",\"logo\":{\"@type\":\"ImageObject\",\"inLanguage\":\"fr-FR\",\"@id\":\"https:\\\/\\\/www.marronglace.com\\\/fr\\\/#\\\/schema\\\/logo\\\/image\\\/\",\"url\":\"https:\\\/\\\/www.marronglace.com\\\/wp-content\\\/uploads\\\/2023\\\/11\\\/logo-cuevas-cia-normal.png\",\"contentUrl\":\"https:\\\/\\\/www.marronglace.com\\\/wp-content\\\/uploads\\\/2023\\\/11\\\/logo-cuevas-cia-normal.png\",\"width\":228,\"height\":57,\"caption\":\"Marron Glac\u00e9\"},\"image\":{\"@id\":\"https:\\\/\\\/www.marronglace.com\\\/fr\\\/#\\\/schema\\\/logo\\\/image\\\/\"}}]}<\/script>\n<!-- \/ Yoast SEO plugin. -->","yoast_head_json":{"title":"Ch\u00e2taignes Confites Enrob\u00e9es de Chocolat Noir - Marron Glac\u00e9","robots":{"index":"index","follow":"follow","max-snippet":"max-snippet:-1","max-image-preview":"max-image-preview:large","max-video-preview":"max-video-preview:-1"},"canonical":"https:\/\/www.marronglace.com\/fr\/producto\/chataignes-confites-enrobees-de-chocolat-noir\/","og_locale":"fr_FR","og_type":"article","og_title":"Ch\u00e2taignes Confites Enrob\u00e9es de Chocolat Noir - Marron Glac\u00e9","og_description":"Ingr\u00e9dients : Ch\u00e2taigne confite (ch\u00e2taigne, sucre, sirop de glucose, ar\u00f4me vanille, conservateur E223 (sulfites)) et enrobage de chocolat noir, minimum 11% (p\u00e2te de cacao, sucre, beurre de cacao, \u00e9mulsifiant : l\u00e9cithine de soja et ar\u00f4me naturel de vanille Cacao 64% min) . Peut contenir des traces de lait et de fruits \u00e0 coque. Contient un&hellip;","og_url":"https:\/\/www.marronglace.com\/fr\/producto\/chataignes-confites-enrobees-de-chocolat-noir\/","og_site_name":"Marron Glac\u00e9","og_image":[{"width":510,"height":510,"url":"https:\/\/www.marronglace.com\/wp-content\/uploads\/2023\/11\/marron-glace-classic-bombon.jpg","type":"image\/jpeg"}],"twitter_card":"summary_large_image","twitter_misc":{"Dur\u00e9e de lecture estim\u00e9e":"1 minute"},"schema":{"@context":"https:\/\/schema.org","@graph":[{"@type":"WebPage","@id":"https:\/\/www.marronglace.com\/fr\/producto\/chataignes-confites-enrobees-de-chocolat-noir\/","url":"https:\/\/www.marronglace.com\/fr\/producto\/chataignes-confites-enrobees-de-chocolat-noir\/","name":"Ch\u00e2taignes Confites Enrob\u00e9es de Chocolat Noir - Marron Glac\u00e9","isPartOf":{"@id":"https:\/\/www.marronglace.com\/fr\/#website"},"primaryImageOfPage":{"@id":"https:\/\/www.marronglace.com\/fr\/producto\/chataignes-confites-enrobees-de-chocolat-noir\/#primaryimage"},"image":{"@id":"https:\/\/www.marronglace.com\/fr\/producto\/chataignes-confites-enrobees-de-chocolat-noir\/#primaryimage"},"thumbnailUrl":"https:\/\/www.marronglace.com\/wp-content\/uploads\/2023\/11\/marron-glace-classic-bombon.jpg","datePublished":"2023-11-16T00:51:04+00:00","breadcrumb":{"@id":"https:\/\/www.marronglace.com\/fr\/producto\/chataignes-confites-enrobees-de-chocolat-noir\/#breadcrumb"},"inLanguage":"fr-FR","potentialAction":[{"@type":"ReadAction","target":["https:\/\/www.marronglace.com\/fr\/producto\/chataignes-confites-enrobees-de-chocolat-noir\/"]}]},{"@type":"ImageObject","inLanguage":"fr-FR","@id":"https:\/\/www.marronglace.com\/fr\/producto\/chataignes-confites-enrobees-de-chocolat-noir\/#primaryimage","url":"https:\/\/www.marronglace.com\/wp-content\/uploads\/2023\/11\/marron-glace-classic-bombon.jpg","contentUrl":"https:\/\/www.marronglace.com\/wp-content\/uploads\/2023\/11\/marron-glace-classic-bombon.jpg","width":510,"height":510},{"@type":"BreadcrumbList","@id":"https:\/\/www.marronglace.com\/fr\/producto\/chataignes-confites-enrobees-de-chocolat-noir\/#breadcrumb","itemListElement":[{"@type":"ListItem","position":1,"name":"Portada","item":"https:\/\/www.marronglace.com\/fr\/"},{"@type":"ListItem","position":2,"name":"Boutique","item":"https:\/\/www.marronglace.com\/fr\/boutique\/"},{"@type":"ListItem","position":3,"name":"Ch\u00e2taignes Confites Enrob\u00e9es de Chocolat Noir"}]},{"@type":"WebSite","@id":"https:\/\/www.marronglace.com\/fr\/#website","url":"https:\/\/www.marronglace.com\/fr\/","name":"Marron Glac\u00e9","description":"","publisher":{"@id":"https:\/\/www.marronglace.com\/fr\/#organization"},"potentialAction":[{"@type":"SearchAction","target":{"@type":"EntryPoint","urlTemplate":"https:\/\/www.marronglace.com\/fr\/?s={search_term_string}"},"query-input":{"@type":"PropertyValueSpecification","valueRequired":true,"valueName":"search_term_string"}}],"inLanguage":"fr-FR"},{"@type":"Organization","@id":"https:\/\/www.marronglace.com\/fr\/#organization","name":"Marron Glac\u00e9","url":"https:\/\/www.marronglace.com\/fr\/","logo":{"@type":"ImageObject","inLanguage":"fr-FR","@id":"https:\/\/www.marronglace.com\/fr\/#\/schema\/logo\/image\/","url":"https:\/\/www.marronglace.com\/wp-content\/uploads\/2023\/11\/logo-cuevas-cia-normal.png","contentUrl":"https:\/\/www.marronglace.com\/wp-content\/uploads\/2023\/11\/logo-cuevas-cia-normal.png","width":228,"height":57,"caption":"Marron Glac\u00e9"},"image":{"@id":"https:\/\/www.marronglace.com\/fr\/#\/schema\/logo\/image\/"}}]}},"_links":{"self":[{"href":"https:\/\/www.marronglace.com\/fr\/wp-json\/wp\/v2\/product\/2104","targetHints":{"allow":["GET"]}}],"collection":[{"href":"https:\/\/www.marronglace.com\/fr\/wp-json\/wp\/v2\/product"}],"about":[{"href":"https:\/\/www.marronglace.com\/fr\/wp-json\/wp\/v2\/types\/product"}],"wp:featuredmedia":[{"embeddable":true,"href":"https:\/\/www.marronglace.com\/fr\/wp-json\/wp\/v2\/media\/145"}],"wp:attachment":[{"href":"https:\/\/www.marronglace.com\/fr\/wp-json\/wp\/v2\/media?parent=2104"}],"wp:term":[{"taxonomy":"product_brand","embeddable":true,"href":"https:\/\/www.marronglace.com\/fr\/wp-json\/wp\/v2\/product_brand?post=2104"},{"taxonomy":"product_cat","embeddable":true,"href":"https:\/\/www.marronglace.com\/fr\/wp-json\/wp\/v2\/product_cat?post=2104"},{"taxonomy":"product_tag","embeddable":true,"href":"https:\/\/www.marronglace.com\/fr\/wp-json\/wp\/v2\/product_tag?post=2104"}],"curies":[{"name":"wp","href":"https:\/\/api.w.org\/{rel}","templated":true}]}}