{"id":2110,"date":"2023-11-16T02:08:16","date_gmt":"2023-11-16T01:08:16","guid":{"rendered":"https:\/\/www.marronglace.com\/producto\/marron-glace-confit-au-vin-de-xeres-pedro-ximenez\/"},"modified":"2023-11-16T02:08:16","modified_gmt":"2023-11-16T01:08:16","slug":"marron-glace-confit-au-vin-de-xeres-pedro-ximenez","status":"publish","type":"product","link":"https:\/\/www.marronglace.com\/fr\/producto\/marron-glace-confit-au-vin-de-xeres-pedro-ximenez\/","title":{"rendered":"Marron Glac\u00e9 confit au vin de X\u00e9r\u00e8s \u00ab\u00a0Pedro Xim\u00e9nez\u00a0\u00bb"},"content":{"rendered":"<p><b>Ingr\u00e9dients<\/b> : Ch\u00e2taignes (60%), sucre, sirop de glucose, eau de vin Pedro Xim\u00e9nez (5%) et ar\u00f4me.<\/p>\n<p>Pr\u00eat \u00e0 consommer. Sans conservateurs ni colorants. Faible teneur en mati\u00e8res grasses. Source de fibres. Sans sel. Conserver dans un endroit frais et sec. Une fois ouvert, conserver au r\u00e9frig\u00e9rateur.<\/p>\n<p><b>Valeurs nutritionnelles (g\/100g):<\/b><br \/>\nValeur \u00e9nerg\u00e9tique : 207 Kcal &#8211; 874 kJ<br \/>\nMati\u00e8res grasses : 1,0 g (dont satur\u00e9es : 0,2 g)<br \/>\nGlucides : 44 g (dont sucres : 19 g)<br \/>\nFibres alimentaires : 5,3 g<br \/>\nProt\u00e9ine : 1,6 g<br \/>\nSel : 0,01g<\/p>\n","protected":false},"excerpt":{"rendered":"<p class=\"entrada\">Une s\u00e9lection sp\u00e9ciale des vari\u00e9t\u00e9s de ch\u00e2taignes les plus nobles, confites et mac\u00e9r\u00e9es dans du vin de X\u00e9r\u00e8s \u00ab\u00a0Pedro Xim\u00e9nez\u00a0\u00bb. Pr\u00e9sent\u00e9es dans un format exclusif.<\/p>\n<p class=\"info_tecnica\">Marron Glac\u00e9 confit au vin de X\u00e9r\u00e8s \u00ab\u00a0Pedro Xim\u00e9nez\u00a0\u00bb, emball\u00e9 sous vide.<br \/>\nConvient aux coeliaques et sans conservateurs ni colorants.<br \/>\nPot en verre. Poids net : 415g. Poids net \u00e9goutt\u00e9 : 250g<\/p>\n","protected":false},"featured_media":175,"template":"","meta":{"_acf_changed":false},"product_brand":[],"product_cat":[50],"product_tag":[],"class_list":{"0":"post-2110","1":"product","2":"type-product","3":"status-publish","4":"has-post-thumbnail","6":"product_cat-marron-glace-fr","7":"description-off","9":"first","10":"instock","11":"taxable","12":"shipping-taxable","13":"purchasable","14":"product-type-simple"},"acf":[],"yoast_head":"<!-- This site is optimized with the Yoast SEO plugin v27.4 - https:\/\/yoast.com\/product\/yoast-seo-wordpress\/ -->\n<title>Marron Glac\u00e9 confit au vin de X\u00e9r\u00e8s &quot;Pedro Xim\u00e9nez&quot; - Marron Glac\u00e9<\/title>\n<meta name=\"robots\" content=\"index, follow, max-snippet:-1, max-image-preview:large, max-video-preview:-1\" \/>\n<link rel=\"canonical\" href=\"https:\/\/www.marronglace.com\/fr\/producto\/marron-glace-confit-au-vin-de-xeres-pedro-ximenez\/\" \/>\n<meta property=\"og:locale\" content=\"fr_FR\" \/>\n<meta property=\"og:type\" content=\"article\" \/>\n<meta property=\"og:title\" content=\"Marron Glac\u00e9 confit au vin de X\u00e9r\u00e8s &quot;Pedro Xim\u00e9nez&quot; - Marron Glac\u00e9\" \/>\n<meta property=\"og:description\" content=\"Une s\u00e9lection sp\u00e9ciale des vari\u00e9t\u00e9s de ch\u00e2taignes les plus nobles, confites et mac\u00e9r\u00e9es dans du vin de X\u00e9r\u00e8s &quot;Pedro Xim\u00e9nez&quot;. Pr\u00e9sent\u00e9es dans un format exclusif. Marron Glac\u00e9 confit au vin de X\u00e9r\u00e8s &quot;Pedro Xim\u00e9nez&quot;, emball\u00e9 sous vide. Convient aux coeliaques et sans conservateurs ni colorants. Pot en verre. Poids net : 415g. Poids net \u00e9goutt\u00e9 : 250g\" \/>\n<meta property=\"og:url\" content=\"https:\/\/www.marronglace.com\/fr\/producto\/marron-glace-confit-au-vin-de-xeres-pedro-ximenez\/\" \/>\n<meta property=\"og:site_name\" content=\"Marron Glac\u00e9\" \/>\n<meta property=\"og:image\" content=\"https:\/\/www.marronglace.com\/wp-content\/uploads\/2023\/11\/marron-glace-classic-gs-jerez.jpg\" \/>\n\t<meta property=\"og:image:width\" content=\"510\" \/>\n\t<meta property=\"og:image:height\" content=\"510\" \/>\n\t<meta property=\"og:image:type\" content=\"image\/jpeg\" \/>\n<meta name=\"twitter:card\" content=\"summary_large_image\" \/>\n<script type=\"application\/ld+json\" class=\"yoast-schema-graph\">{\"@context\":\"https:\\\/\\\/schema.org\",\"@graph\":[{\"@type\":\"WebPage\",\"@id\":\"https:\\\/\\\/www.marronglace.com\\\/fr\\\/producto\\\/marron-glace-confit-au-vin-de-xeres-pedro-ximenez\\\/\",\"url\":\"https:\\\/\\\/www.marronglace.com\\\/fr\\\/producto\\\/marron-glace-confit-au-vin-de-xeres-pedro-ximenez\\\/\",\"name\":\"Marron Glac\u00e9 confit au vin de X\u00e9r\u00e8s \\\"Pedro Xim\u00e9nez\\\" - Marron Glac\u00e9\",\"isPartOf\":{\"@id\":\"https:\\\/\\\/www.marronglace.com\\\/fr\\\/#website\"},\"primaryImageOfPage\":{\"@id\":\"https:\\\/\\\/www.marronglace.com\\\/fr\\\/producto\\\/marron-glace-confit-au-vin-de-xeres-pedro-ximenez\\\/#primaryimage\"},\"image\":{\"@id\":\"https:\\\/\\\/www.marronglace.com\\\/fr\\\/producto\\\/marron-glace-confit-au-vin-de-xeres-pedro-ximenez\\\/#primaryimage\"},\"thumbnailUrl\":\"https:\\\/\\\/www.marronglace.com\\\/wp-content\\\/uploads\\\/2023\\\/11\\\/marron-glace-classic-gs-jerez.jpg\",\"datePublished\":\"2023-11-16T01:08:16+00:00\",\"breadcrumb\":{\"@id\":\"https:\\\/\\\/www.marronglace.com\\\/fr\\\/producto\\\/marron-glace-confit-au-vin-de-xeres-pedro-ximenez\\\/#breadcrumb\"},\"inLanguage\":\"fr-FR\",\"potentialAction\":[{\"@type\":\"ReadAction\",\"target\":[\"https:\\\/\\\/www.marronglace.com\\\/fr\\\/producto\\\/marron-glace-confit-au-vin-de-xeres-pedro-ximenez\\\/\"]}]},{\"@type\":\"ImageObject\",\"inLanguage\":\"fr-FR\",\"@id\":\"https:\\\/\\\/www.marronglace.com\\\/fr\\\/producto\\\/marron-glace-confit-au-vin-de-xeres-pedro-ximenez\\\/#primaryimage\",\"url\":\"https:\\\/\\\/www.marronglace.com\\\/wp-content\\\/uploads\\\/2023\\\/11\\\/marron-glace-classic-gs-jerez.jpg\",\"contentUrl\":\"https:\\\/\\\/www.marronglace.com\\\/wp-content\\\/uploads\\\/2023\\\/11\\\/marron-glace-classic-gs-jerez.jpg\",\"width\":510,\"height\":510},{\"@type\":\"BreadcrumbList\",\"@id\":\"https:\\\/\\\/www.marronglace.com\\\/fr\\\/producto\\\/marron-glace-confit-au-vin-de-xeres-pedro-ximenez\\\/#breadcrumb\",\"itemListElement\":[{\"@type\":\"ListItem\",\"position\":1,\"name\":\"Portada\",\"item\":\"https:\\\/\\\/www.marronglace.com\\\/fr\\\/\"},{\"@type\":\"ListItem\",\"position\":2,\"name\":\"Boutique\",\"item\":\"https:\\\/\\\/www.marronglace.com\\\/fr\\\/boutique\\\/\"},{\"@type\":\"ListItem\",\"position\":3,\"name\":\"Marron Glac\u00e9 confit au vin de X\u00e9r\u00e8s \u00ab\u00a0Pedro Xim\u00e9nez\u00a0\u00bb\"}]},{\"@type\":\"WebSite\",\"@id\":\"https:\\\/\\\/www.marronglace.com\\\/fr\\\/#website\",\"url\":\"https:\\\/\\\/www.marronglace.com\\\/fr\\\/\",\"name\":\"Marron Glac\u00e9\",\"description\":\"\",\"publisher\":{\"@id\":\"https:\\\/\\\/www.marronglace.com\\\/fr\\\/#organization\"},\"potentialAction\":[{\"@type\":\"SearchAction\",\"target\":{\"@type\":\"EntryPoint\",\"urlTemplate\":\"https:\\\/\\\/www.marronglace.com\\\/fr\\\/?s={search_term_string}\"},\"query-input\":{\"@type\":\"PropertyValueSpecification\",\"valueRequired\":true,\"valueName\":\"search_term_string\"}}],\"inLanguage\":\"fr-FR\"},{\"@type\":\"Organization\",\"@id\":\"https:\\\/\\\/www.marronglace.com\\\/fr\\\/#organization\",\"name\":\"Marron Glac\u00e9\",\"url\":\"https:\\\/\\\/www.marronglace.com\\\/fr\\\/\",\"logo\":{\"@type\":\"ImageObject\",\"inLanguage\":\"fr-FR\",\"@id\":\"https:\\\/\\\/www.marronglace.com\\\/fr\\\/#\\\/schema\\\/logo\\\/image\\\/\",\"url\":\"https:\\\/\\\/www.marronglace.com\\\/wp-content\\\/uploads\\\/2023\\\/11\\\/logo-cuevas-cia-normal.png\",\"contentUrl\":\"https:\\\/\\\/www.marronglace.com\\\/wp-content\\\/uploads\\\/2023\\\/11\\\/logo-cuevas-cia-normal.png\",\"width\":228,\"height\":57,\"caption\":\"Marron Glac\u00e9\"},\"image\":{\"@id\":\"https:\\\/\\\/www.marronglace.com\\\/fr\\\/#\\\/schema\\\/logo\\\/image\\\/\"}}]}<\/script>\n<!-- \/ Yoast SEO plugin. -->","yoast_head_json":{"title":"Marron Glac\u00e9 confit au vin de X\u00e9r\u00e8s \"Pedro Xim\u00e9nez\" - Marron Glac\u00e9","robots":{"index":"index","follow":"follow","max-snippet":"max-snippet:-1","max-image-preview":"max-image-preview:large","max-video-preview":"max-video-preview:-1"},"canonical":"https:\/\/www.marronglace.com\/fr\/producto\/marron-glace-confit-au-vin-de-xeres-pedro-ximenez\/","og_locale":"fr_FR","og_type":"article","og_title":"Marron Glac\u00e9 confit au vin de X\u00e9r\u00e8s \"Pedro Xim\u00e9nez\" - Marron Glac\u00e9","og_description":"Une s\u00e9lection sp\u00e9ciale des vari\u00e9t\u00e9s de ch\u00e2taignes les plus nobles, confites et mac\u00e9r\u00e9es dans du vin de X\u00e9r\u00e8s \"Pedro Xim\u00e9nez\". Pr\u00e9sent\u00e9es dans un format exclusif. Marron Glac\u00e9 confit au vin de X\u00e9r\u00e8s \"Pedro Xim\u00e9nez\", emball\u00e9 sous vide. Convient aux coeliaques et sans conservateurs ni colorants. Pot en verre. Poids net : 415g. Poids net \u00e9goutt\u00e9 : 250g","og_url":"https:\/\/www.marronglace.com\/fr\/producto\/marron-glace-confit-au-vin-de-xeres-pedro-ximenez\/","og_site_name":"Marron Glac\u00e9","og_image":[{"width":510,"height":510,"url":"https:\/\/www.marronglace.com\/wp-content\/uploads\/2023\/11\/marron-glace-classic-gs-jerez.jpg","type":"image\/jpeg"}],"twitter_card":"summary_large_image","schema":{"@context":"https:\/\/schema.org","@graph":[{"@type":"WebPage","@id":"https:\/\/www.marronglace.com\/fr\/producto\/marron-glace-confit-au-vin-de-xeres-pedro-ximenez\/","url":"https:\/\/www.marronglace.com\/fr\/producto\/marron-glace-confit-au-vin-de-xeres-pedro-ximenez\/","name":"Marron Glac\u00e9 confit au vin de X\u00e9r\u00e8s \"Pedro Xim\u00e9nez\" - Marron Glac\u00e9","isPartOf":{"@id":"https:\/\/www.marronglace.com\/fr\/#website"},"primaryImageOfPage":{"@id":"https:\/\/www.marronglace.com\/fr\/producto\/marron-glace-confit-au-vin-de-xeres-pedro-ximenez\/#primaryimage"},"image":{"@id":"https:\/\/www.marronglace.com\/fr\/producto\/marron-glace-confit-au-vin-de-xeres-pedro-ximenez\/#primaryimage"},"thumbnailUrl":"https:\/\/www.marronglace.com\/wp-content\/uploads\/2023\/11\/marron-glace-classic-gs-jerez.jpg","datePublished":"2023-11-16T01:08:16+00:00","breadcrumb":{"@id":"https:\/\/www.marronglace.com\/fr\/producto\/marron-glace-confit-au-vin-de-xeres-pedro-ximenez\/#breadcrumb"},"inLanguage":"fr-FR","potentialAction":[{"@type":"ReadAction","target":["https:\/\/www.marronglace.com\/fr\/producto\/marron-glace-confit-au-vin-de-xeres-pedro-ximenez\/"]}]},{"@type":"ImageObject","inLanguage":"fr-FR","@id":"https:\/\/www.marronglace.com\/fr\/producto\/marron-glace-confit-au-vin-de-xeres-pedro-ximenez\/#primaryimage","url":"https:\/\/www.marronglace.com\/wp-content\/uploads\/2023\/11\/marron-glace-classic-gs-jerez.jpg","contentUrl":"https:\/\/www.marronglace.com\/wp-content\/uploads\/2023\/11\/marron-glace-classic-gs-jerez.jpg","width":510,"height":510},{"@type":"BreadcrumbList","@id":"https:\/\/www.marronglace.com\/fr\/producto\/marron-glace-confit-au-vin-de-xeres-pedro-ximenez\/#breadcrumb","itemListElement":[{"@type":"ListItem","position":1,"name":"Portada","item":"https:\/\/www.marronglace.com\/fr\/"},{"@type":"ListItem","position":2,"name":"Boutique","item":"https:\/\/www.marronglace.com\/fr\/boutique\/"},{"@type":"ListItem","position":3,"name":"Marron Glac\u00e9 confit au vin de X\u00e9r\u00e8s \u00ab\u00a0Pedro Xim\u00e9nez\u00a0\u00bb"}]},{"@type":"WebSite","@id":"https:\/\/www.marronglace.com\/fr\/#website","url":"https:\/\/www.marronglace.com\/fr\/","name":"Marron Glac\u00e9","description":"","publisher":{"@id":"https:\/\/www.marronglace.com\/fr\/#organization"},"potentialAction":[{"@type":"SearchAction","target":{"@type":"EntryPoint","urlTemplate":"https:\/\/www.marronglace.com\/fr\/?s={search_term_string}"},"query-input":{"@type":"PropertyValueSpecification","valueRequired":true,"valueName":"search_term_string"}}],"inLanguage":"fr-FR"},{"@type":"Organization","@id":"https:\/\/www.marronglace.com\/fr\/#organization","name":"Marron Glac\u00e9","url":"https:\/\/www.marronglace.com\/fr\/","logo":{"@type":"ImageObject","inLanguage":"fr-FR","@id":"https:\/\/www.marronglace.com\/fr\/#\/schema\/logo\/image\/","url":"https:\/\/www.marronglace.com\/wp-content\/uploads\/2023\/11\/logo-cuevas-cia-normal.png","contentUrl":"https:\/\/www.marronglace.com\/wp-content\/uploads\/2023\/11\/logo-cuevas-cia-normal.png","width":228,"height":57,"caption":"Marron Glac\u00e9"},"image":{"@id":"https:\/\/www.marronglace.com\/fr\/#\/schema\/logo\/image\/"}}]}},"_links":{"self":[{"href":"https:\/\/www.marronglace.com\/fr\/wp-json\/wp\/v2\/product\/2110","targetHints":{"allow":["GET"]}}],"collection":[{"href":"https:\/\/www.marronglace.com\/fr\/wp-json\/wp\/v2\/product"}],"about":[{"href":"https:\/\/www.marronglace.com\/fr\/wp-json\/wp\/v2\/types\/product"}],"wp:featuredmedia":[{"embeddable":true,"href":"https:\/\/www.marronglace.com\/fr\/wp-json\/wp\/v2\/media\/175"}],"wp:attachment":[{"href":"https:\/\/www.marronglace.com\/fr\/wp-json\/wp\/v2\/media?parent=2110"}],"wp:term":[{"taxonomy":"product_brand","embeddable":true,"href":"https:\/\/www.marronglace.com\/fr\/wp-json\/wp\/v2\/product_brand?post=2110"},{"taxonomy":"product_cat","embeddable":true,"href":"https:\/\/www.marronglace.com\/fr\/wp-json\/wp\/v2\/product_cat?post=2110"},{"taxonomy":"product_tag","embeddable":true,"href":"https:\/\/www.marronglace.com\/fr\/wp-json\/wp\/v2\/product_tag?post=2110"}],"curies":[{"name":"wp","href":"https:\/\/api.w.org\/{rel}","templated":true}]}}