{"id":2115,"date":"2023-11-20T22:56:08","date_gmt":"2023-11-20T21:56:08","guid":{"rendered":"https:\/\/www.marronglace.com\/producto\/garniture-de-chataignes-aux-prunes-aux-pignons-et-aux-champignons-200-g\/"},"modified":"2023-11-20T22:56:08","modified_gmt":"2023-11-20T21:56:08","slug":"garniture-de-chataignes-aux-prunes-aux-pignons-et-aux-champignons-200-g","status":"publish","type":"product","link":"https:\/\/www.marronglace.com\/fr\/producto\/garniture-de-chataignes-aux-prunes-aux-pignons-et-aux-champignons-200-g\/","title":{"rendered":"Garniture de ch\u00e2taignes aux prunes, aux pignons et aux champignons 200 g"},"content":{"rendered":"<p><strong>Ingr\u00e9dients :<\/strong><br \/>\nCh\u00e2taignes (72%), prunes s\u00e9ch\u00e9es d\u00e9noyaut\u00e9es (14%) (prune, huile de tournesol), huile d&rsquo;olive, pignons de pin (4%) et champignons s\u00e9ch\u00e9s (senderuela) (1%). Il peut contenir des traces d&rsquo;arachides, de fruits \u00e0 coque et de lait et ses d\u00e9riv\u00e9s.<\/p>\n<p>Pr\u00eat \u00e0 consommer.<br \/>\nAu micro-ondes : ouvrir le sachet et verser dans un r\u00e9cipient, chauffer \u00e0 750W pendant environ une minute.<br \/>\nDans une po\u00eale : verser et faire chauffer \u00e0 feu mod\u00e9r\u00e9. Assaisonner selon l&rsquo;envie.<br \/>\nEn garniture : placer le contenu du sachet \u00e0 l&rsquo;int\u00e9rieur du morceau de viande ou de volaille une fois assaisonn\u00e9, ficeler le morceau et r\u00f4tir.<\/p>\n<p><strong>Valeurs nutritionnelles (g\/100g):<\/strong><br \/>\nValeur \u00e9nerg\u00e9tique : 285 Kcal &#8211; 1194 kJ<br \/>\nMati\u00e8res grasses : 13 g (dont satur\u00e9es : 1,7 g)<br \/>\nGlucides : 37 g (dont sucres : 9,4 g)<br \/>\nFibres alimentaires : 5,8 g<br \/>\nProt\u00e9ines : 2,7 g<br \/>\nSel : 0,12 g<\/p>\n","protected":false},"excerpt":{"rendered":"<p class=\"entrada\">R\u00e9inventez vos plats en incorporant cette d\u00e9licieuse et originale garniture \u00e0 vos r\u00f4tis ou rago\u00fbts de viande. Excellent aussi comme farce pour les volailles.<\/p>\n<p class=\"entrada\">Garniture de ch\u00e2taignes avec des prunes, des pignons de pin et des champignons.<br \/>\nSans conservateurs ni colorants.<br \/>\nSacs, emballage sous vide. Poids net : 200g<\/p>\n","protected":false},"featured_media":950,"template":"","meta":{"_acf_changed":false},"product_brand":[],"product_cat":[51],"product_tag":[],"class_list":{"0":"post-2115","1":"product","2":"type-product","3":"status-publish","4":"has-post-thumbnail","6":"product_cat-cuevas-chef-fr","7":"description-off","9":"first","10":"instock","11":"taxable","12":"shipping-taxable","13":"purchasable","14":"product-type-simple"},"acf":[],"yoast_head":"<!-- This site is optimized with the Yoast SEO plugin v27.4 - https:\/\/yoast.com\/product\/yoast-seo-wordpress\/ -->\n<title>Garniture de ch\u00e2taignes aux prunes, aux pignons et aux champignons 200 g - Marron Glac\u00e9<\/title>\n<meta name=\"robots\" content=\"index, follow, max-snippet:-1, max-image-preview:large, max-video-preview:-1\" \/>\n<link rel=\"canonical\" href=\"https:\/\/www.marronglace.com\/fr\/producto\/garniture-de-chataignes-aux-prunes-aux-pignons-et-aux-champignons-200-g\/\" \/>\n<meta property=\"og:locale\" content=\"fr_FR\" \/>\n<meta property=\"og:type\" content=\"article\" \/>\n<meta property=\"og:title\" content=\"Garniture de ch\u00e2taignes aux prunes, aux pignons et aux champignons 200 g - Marron Glac\u00e9\" \/>\n<meta property=\"og:description\" content=\"R\u00e9inventez vos plats en incorporant cette d\u00e9licieuse et originale garniture \u00e0 vos r\u00f4tis ou rago\u00fbts de viande. Excellent aussi comme farce pour les volailles. Garniture de ch\u00e2taignes avec des prunes, des pignons de pin et des champignons. Sans conservateurs ni colorants. Sacs, emballage sous vide. Poids net : 200g\" \/>\n<meta property=\"og:url\" content=\"https:\/\/www.marronglace.com\/fr\/producto\/garniture-de-chataignes-aux-prunes-aux-pignons-et-aux-champignons-200-g\/\" \/>\n<meta property=\"og:site_name\" content=\"Marron Glac\u00e9\" \/>\n<meta property=\"og:image\" content=\"https:\/\/www.marronglace.com\/wp-content\/uploads\/2023\/11\/cuevas-chef-guarnicion-ciruela-bag-isolated.png\" \/>\n\t<meta property=\"og:image:width\" content=\"510\" \/>\n\t<meta property=\"og:image:height\" content=\"510\" \/>\n\t<meta property=\"og:image:type\" content=\"image\/png\" \/>\n<meta name=\"twitter:card\" content=\"summary_large_image\" \/>\n<meta name=\"twitter:label1\" content=\"Dur\u00e9e de lecture estim\u00e9e\" \/>\n\t<meta name=\"twitter:data1\" content=\"1 minute\" \/>\n<script type=\"application\/ld+json\" class=\"yoast-schema-graph\">{\"@context\":\"https:\\\/\\\/schema.org\",\"@graph\":[{\"@type\":\"WebPage\",\"@id\":\"https:\\\/\\\/www.marronglace.com\\\/fr\\\/producto\\\/garniture-de-chataignes-aux-prunes-aux-pignons-et-aux-champignons-200-g\\\/\",\"url\":\"https:\\\/\\\/www.marronglace.com\\\/fr\\\/producto\\\/garniture-de-chataignes-aux-prunes-aux-pignons-et-aux-champignons-200-g\\\/\",\"name\":\"Garniture de ch\u00e2taignes aux prunes, aux pignons et aux champignons 200 g - Marron Glac\u00e9\",\"isPartOf\":{\"@id\":\"https:\\\/\\\/www.marronglace.com\\\/fr\\\/#website\"},\"primaryImageOfPage\":{\"@id\":\"https:\\\/\\\/www.marronglace.com\\\/fr\\\/producto\\\/garniture-de-chataignes-aux-prunes-aux-pignons-et-aux-champignons-200-g\\\/#primaryimage\"},\"image\":{\"@id\":\"https:\\\/\\\/www.marronglace.com\\\/fr\\\/producto\\\/garniture-de-chataignes-aux-prunes-aux-pignons-et-aux-champignons-200-g\\\/#primaryimage\"},\"thumbnailUrl\":\"https:\\\/\\\/www.marronglace.com\\\/wp-content\\\/uploads\\\/2023\\\/11\\\/cuevas-chef-guarnicion-ciruela-bag-isolated.png\",\"datePublished\":\"2023-11-20T21:56:08+00:00\",\"breadcrumb\":{\"@id\":\"https:\\\/\\\/www.marronglace.com\\\/fr\\\/producto\\\/garniture-de-chataignes-aux-prunes-aux-pignons-et-aux-champignons-200-g\\\/#breadcrumb\"},\"inLanguage\":\"fr-FR\",\"potentialAction\":[{\"@type\":\"ReadAction\",\"target\":[\"https:\\\/\\\/www.marronglace.com\\\/fr\\\/producto\\\/garniture-de-chataignes-aux-prunes-aux-pignons-et-aux-champignons-200-g\\\/\"]}]},{\"@type\":\"ImageObject\",\"inLanguage\":\"fr-FR\",\"@id\":\"https:\\\/\\\/www.marronglace.com\\\/fr\\\/producto\\\/garniture-de-chataignes-aux-prunes-aux-pignons-et-aux-champignons-200-g\\\/#primaryimage\",\"url\":\"https:\\\/\\\/www.marronglace.com\\\/wp-content\\\/uploads\\\/2023\\\/11\\\/cuevas-chef-guarnicion-ciruela-bag-isolated.png\",\"contentUrl\":\"https:\\\/\\\/www.marronglace.com\\\/wp-content\\\/uploads\\\/2023\\\/11\\\/cuevas-chef-guarnicion-ciruela-bag-isolated.png\",\"width\":510,\"height\":510,\"caption\":\"Guarnici\u00f3n de casta\u00f1as y ciruelas\"},{\"@type\":\"BreadcrumbList\",\"@id\":\"https:\\\/\\\/www.marronglace.com\\\/fr\\\/producto\\\/garniture-de-chataignes-aux-prunes-aux-pignons-et-aux-champignons-200-g\\\/#breadcrumb\",\"itemListElement\":[{\"@type\":\"ListItem\",\"position\":1,\"name\":\"Portada\",\"item\":\"https:\\\/\\\/www.marronglace.com\\\/fr\\\/\"},{\"@type\":\"ListItem\",\"position\":2,\"name\":\"Boutique\",\"item\":\"https:\\\/\\\/www.marronglace.com\\\/fr\\\/boutique\\\/\"},{\"@type\":\"ListItem\",\"position\":3,\"name\":\"Garniture de ch\u00e2taignes aux prunes, aux pignons et aux champignons 200 g\"}]},{\"@type\":\"WebSite\",\"@id\":\"https:\\\/\\\/www.marronglace.com\\\/fr\\\/#website\",\"url\":\"https:\\\/\\\/www.marronglace.com\\\/fr\\\/\",\"name\":\"Marron Glac\u00e9\",\"description\":\"\",\"publisher\":{\"@id\":\"https:\\\/\\\/www.marronglace.com\\\/fr\\\/#organization\"},\"potentialAction\":[{\"@type\":\"SearchAction\",\"target\":{\"@type\":\"EntryPoint\",\"urlTemplate\":\"https:\\\/\\\/www.marronglace.com\\\/fr\\\/?s={search_term_string}\"},\"query-input\":{\"@type\":\"PropertyValueSpecification\",\"valueRequired\":true,\"valueName\":\"search_term_string\"}}],\"inLanguage\":\"fr-FR\"},{\"@type\":\"Organization\",\"@id\":\"https:\\\/\\\/www.marronglace.com\\\/fr\\\/#organization\",\"name\":\"Marron Glac\u00e9\",\"url\":\"https:\\\/\\\/www.marronglace.com\\\/fr\\\/\",\"logo\":{\"@type\":\"ImageObject\",\"inLanguage\":\"fr-FR\",\"@id\":\"https:\\\/\\\/www.marronglace.com\\\/fr\\\/#\\\/schema\\\/logo\\\/image\\\/\",\"url\":\"https:\\\/\\\/www.marronglace.com\\\/wp-content\\\/uploads\\\/2023\\\/11\\\/logo-cuevas-cia-normal.png\",\"contentUrl\":\"https:\\\/\\\/www.marronglace.com\\\/wp-content\\\/uploads\\\/2023\\\/11\\\/logo-cuevas-cia-normal.png\",\"width\":228,\"height\":57,\"caption\":\"Marron Glac\u00e9\"},\"image\":{\"@id\":\"https:\\\/\\\/www.marronglace.com\\\/fr\\\/#\\\/schema\\\/logo\\\/image\\\/\"}}]}<\/script>\n<!-- \/ Yoast SEO plugin. -->","yoast_head_json":{"title":"Garniture de ch\u00e2taignes aux prunes, aux pignons et aux champignons 200 g - Marron Glac\u00e9","robots":{"index":"index","follow":"follow","max-snippet":"max-snippet:-1","max-image-preview":"max-image-preview:large","max-video-preview":"max-video-preview:-1"},"canonical":"https:\/\/www.marronglace.com\/fr\/producto\/garniture-de-chataignes-aux-prunes-aux-pignons-et-aux-champignons-200-g\/","og_locale":"fr_FR","og_type":"article","og_title":"Garniture de ch\u00e2taignes aux prunes, aux pignons et aux champignons 200 g - Marron Glac\u00e9","og_description":"R\u00e9inventez vos plats en incorporant cette d\u00e9licieuse et originale garniture \u00e0 vos r\u00f4tis ou rago\u00fbts de viande. Excellent aussi comme farce pour les volailles. Garniture de ch\u00e2taignes avec des prunes, des pignons de pin et des champignons. Sans conservateurs ni colorants. Sacs, emballage sous vide. Poids net : 200g","og_url":"https:\/\/www.marronglace.com\/fr\/producto\/garniture-de-chataignes-aux-prunes-aux-pignons-et-aux-champignons-200-g\/","og_site_name":"Marron Glac\u00e9","og_image":[{"width":510,"height":510,"url":"https:\/\/www.marronglace.com\/wp-content\/uploads\/2023\/11\/cuevas-chef-guarnicion-ciruela-bag-isolated.png","type":"image\/png"}],"twitter_card":"summary_large_image","twitter_misc":{"Dur\u00e9e de lecture estim\u00e9e":"1 minute"},"schema":{"@context":"https:\/\/schema.org","@graph":[{"@type":"WebPage","@id":"https:\/\/www.marronglace.com\/fr\/producto\/garniture-de-chataignes-aux-prunes-aux-pignons-et-aux-champignons-200-g\/","url":"https:\/\/www.marronglace.com\/fr\/producto\/garniture-de-chataignes-aux-prunes-aux-pignons-et-aux-champignons-200-g\/","name":"Garniture de ch\u00e2taignes aux prunes, aux pignons et aux champignons 200 g - Marron Glac\u00e9","isPartOf":{"@id":"https:\/\/www.marronglace.com\/fr\/#website"},"primaryImageOfPage":{"@id":"https:\/\/www.marronglace.com\/fr\/producto\/garniture-de-chataignes-aux-prunes-aux-pignons-et-aux-champignons-200-g\/#primaryimage"},"image":{"@id":"https:\/\/www.marronglace.com\/fr\/producto\/garniture-de-chataignes-aux-prunes-aux-pignons-et-aux-champignons-200-g\/#primaryimage"},"thumbnailUrl":"https:\/\/www.marronglace.com\/wp-content\/uploads\/2023\/11\/cuevas-chef-guarnicion-ciruela-bag-isolated.png","datePublished":"2023-11-20T21:56:08+00:00","breadcrumb":{"@id":"https:\/\/www.marronglace.com\/fr\/producto\/garniture-de-chataignes-aux-prunes-aux-pignons-et-aux-champignons-200-g\/#breadcrumb"},"inLanguage":"fr-FR","potentialAction":[{"@type":"ReadAction","target":["https:\/\/www.marronglace.com\/fr\/producto\/garniture-de-chataignes-aux-prunes-aux-pignons-et-aux-champignons-200-g\/"]}]},{"@type":"ImageObject","inLanguage":"fr-FR","@id":"https:\/\/www.marronglace.com\/fr\/producto\/garniture-de-chataignes-aux-prunes-aux-pignons-et-aux-champignons-200-g\/#primaryimage","url":"https:\/\/www.marronglace.com\/wp-content\/uploads\/2023\/11\/cuevas-chef-guarnicion-ciruela-bag-isolated.png","contentUrl":"https:\/\/www.marronglace.com\/wp-content\/uploads\/2023\/11\/cuevas-chef-guarnicion-ciruela-bag-isolated.png","width":510,"height":510,"caption":"Guarnici\u00f3n de casta\u00f1as y ciruelas"},{"@type":"BreadcrumbList","@id":"https:\/\/www.marronglace.com\/fr\/producto\/garniture-de-chataignes-aux-prunes-aux-pignons-et-aux-champignons-200-g\/#breadcrumb","itemListElement":[{"@type":"ListItem","position":1,"name":"Portada","item":"https:\/\/www.marronglace.com\/fr\/"},{"@type":"ListItem","position":2,"name":"Boutique","item":"https:\/\/www.marronglace.com\/fr\/boutique\/"},{"@type":"ListItem","position":3,"name":"Garniture de ch\u00e2taignes aux prunes, aux pignons et aux champignons 200 g"}]},{"@type":"WebSite","@id":"https:\/\/www.marronglace.com\/fr\/#website","url":"https:\/\/www.marronglace.com\/fr\/","name":"Marron Glac\u00e9","description":"","publisher":{"@id":"https:\/\/www.marronglace.com\/fr\/#organization"},"potentialAction":[{"@type":"SearchAction","target":{"@type":"EntryPoint","urlTemplate":"https:\/\/www.marronglace.com\/fr\/?s={search_term_string}"},"query-input":{"@type":"PropertyValueSpecification","valueRequired":true,"valueName":"search_term_string"}}],"inLanguage":"fr-FR"},{"@type":"Organization","@id":"https:\/\/www.marronglace.com\/fr\/#organization","name":"Marron Glac\u00e9","url":"https:\/\/www.marronglace.com\/fr\/","logo":{"@type":"ImageObject","inLanguage":"fr-FR","@id":"https:\/\/www.marronglace.com\/fr\/#\/schema\/logo\/image\/","url":"https:\/\/www.marronglace.com\/wp-content\/uploads\/2023\/11\/logo-cuevas-cia-normal.png","contentUrl":"https:\/\/www.marronglace.com\/wp-content\/uploads\/2023\/11\/logo-cuevas-cia-normal.png","width":228,"height":57,"caption":"Marron Glac\u00e9"},"image":{"@id":"https:\/\/www.marronglace.com\/fr\/#\/schema\/logo\/image\/"}}]}},"_links":{"self":[{"href":"https:\/\/www.marronglace.com\/fr\/wp-json\/wp\/v2\/product\/2115","targetHints":{"allow":["GET"]}}],"collection":[{"href":"https:\/\/www.marronglace.com\/fr\/wp-json\/wp\/v2\/product"}],"about":[{"href":"https:\/\/www.marronglace.com\/fr\/wp-json\/wp\/v2\/types\/product"}],"wp:featuredmedia":[{"embeddable":true,"href":"https:\/\/www.marronglace.com\/fr\/wp-json\/wp\/v2\/media\/950"}],"wp:attachment":[{"href":"https:\/\/www.marronglace.com\/fr\/wp-json\/wp\/v2\/media?parent=2115"}],"wp:term":[{"taxonomy":"product_brand","embeddable":true,"href":"https:\/\/www.marronglace.com\/fr\/wp-json\/wp\/v2\/product_brand?post=2115"},{"taxonomy":"product_cat","embeddable":true,"href":"https:\/\/www.marronglace.com\/fr\/wp-json\/wp\/v2\/product_cat?post=2115"},{"taxonomy":"product_tag","embeddable":true,"href":"https:\/\/www.marronglace.com\/fr\/wp-json\/wp\/v2\/product_tag?post=2115"}],"curies":[{"name":"wp","href":"https:\/\/api.w.org\/{rel}","templated":true}]}}