{"id":2116,"date":"2023-11-20T23:02:59","date_gmt":"2023-11-20T22:02:59","guid":{"rendered":"https:\/\/www.marronglace.com\/producto\/chataignes-au-sirop-boite-1030g\/"},"modified":"2023-11-20T23:02:59","modified_gmt":"2023-11-20T22:02:59","slug":"chataignes-au-sirop-boite-1030g","status":"publish","type":"product","link":"https:\/\/www.marronglace.com\/fr\/producto\/chataignes-au-sirop-boite-1030g\/","title":{"rendered":"Ch\u00e2taignes au sirop \u2013 Bo\u00eete 1030g"},"content":{"rendered":"<p><strong>Ingr\u00e9dients :<\/strong><br \/>\nCh\u00e2taignes, sucre, eau, sirop de glucose et ar\u00f4me vanille.<\/p>\n<p>Une fois ouvert, conserver au r\u00e9frig\u00e9rateur.<\/p>\n<p><strong>Valeurs nutritionnelles (g\/100g):<\/strong><br \/>\nValeur \u00e9nerg\u00e9tique : 218 Kcal &#8211; 924 kJ<br \/>\nMati\u00e8res grasses : 0,6 g (dont satur\u00e9es : 0,0 g)<br \/>\nGlucides : 49 g (dont sucres : 33 g)<br \/>\nFibres alimentaires : 4,9 g<br \/>\nProt\u00e9ine : 1,9 g<br \/>\nSel : 0,02 g<\/p>\n","protected":false},"excerpt":{"rendered":"<p class=\"entrada\">Id\u00e9al comme dessert ou pour cr\u00e9er un contraste parfait en accompagnement de toutes sortes de viandes, en particulier la volaille.<\/p>\n<p class=\"info_tecnica\">Ch\u00e2taignes au sirop.<br \/>\nConvient aux coeliaques et sans conservateurs ni colorants.<br \/>\nBo\u00eete de conserve. Poids net : 1030 g \/ Poids net \u00e9goutt\u00e9 : 640g<\/p>\n","protected":false},"featured_media":207,"template":"","meta":{"_acf_changed":false},"product_brand":[],"product_cat":[52],"product_tag":[],"class_list":{"0":"post-2116","1":"product","2":"type-product","3":"status-publish","4":"has-post-thumbnail","6":"product_cat-horeca-fr","7":"description-off","9":"first","10":"instock","11":"taxable","12":"shipping-taxable","13":"purchasable","14":"product-type-simple"},"acf":[],"yoast_head":"<!-- This site is optimized with the Yoast SEO plugin v27.4 - https:\/\/yoast.com\/product\/yoast-seo-wordpress\/ -->\n<title>Ch\u00e2taignes au sirop \u2013 Bo\u00eete 1030g - Marron Glac\u00e9<\/title>\n<meta name=\"robots\" content=\"index, follow, max-snippet:-1, max-image-preview:large, max-video-preview:-1\" \/>\n<link rel=\"canonical\" href=\"https:\/\/www.marronglace.com\/fr\/producto\/chataignes-au-sirop-boite-1030g\/\" \/>\n<meta property=\"og:locale\" content=\"fr_FR\" \/>\n<meta property=\"og:type\" content=\"article\" \/>\n<meta property=\"og:title\" content=\"Ch\u00e2taignes au sirop \u2013 Bo\u00eete 1030g - Marron Glac\u00e9\" \/>\n<meta property=\"og:description\" content=\"Id\u00e9al comme dessert ou pour cr\u00e9er un contraste parfait en accompagnement de toutes sortes de viandes, en particulier la volaille. Ch\u00e2taignes au sirop. Convient aux coeliaques et sans conservateurs ni colorants. Bo\u00eete de conserve. Poids net : 1030 g \/ Poids net \u00e9goutt\u00e9 : 640g\" \/>\n<meta property=\"og:url\" content=\"https:\/\/www.marronglace.com\/fr\/producto\/chataignes-au-sirop-boite-1030g\/\" \/>\n<meta property=\"og:site_name\" content=\"Marron Glac\u00e9\" \/>\n<meta property=\"og:image\" content=\"https:\/\/www.marronglace.com\/wp-content\/uploads\/2023\/11\/mg-horeca-almibar.jpg\" \/>\n\t<meta property=\"og:image:width\" content=\"510\" \/>\n\t<meta property=\"og:image:height\" content=\"510\" \/>\n\t<meta property=\"og:image:type\" content=\"image\/jpeg\" \/>\n<meta name=\"twitter:card\" content=\"summary_large_image\" \/>\n<script type=\"application\/ld+json\" class=\"yoast-schema-graph\">{\"@context\":\"https:\\\/\\\/schema.org\",\"@graph\":[{\"@type\":\"WebPage\",\"@id\":\"https:\\\/\\\/www.marronglace.com\\\/fr\\\/producto\\\/chataignes-au-sirop-boite-1030g\\\/\",\"url\":\"https:\\\/\\\/www.marronglace.com\\\/fr\\\/producto\\\/chataignes-au-sirop-boite-1030g\\\/\",\"name\":\"Ch\u00e2taignes au sirop \u2013 Bo\u00eete 1030g - Marron Glac\u00e9\",\"isPartOf\":{\"@id\":\"https:\\\/\\\/www.marronglace.com\\\/fr\\\/#website\"},\"primaryImageOfPage\":{\"@id\":\"https:\\\/\\\/www.marronglace.com\\\/fr\\\/producto\\\/chataignes-au-sirop-boite-1030g\\\/#primaryimage\"},\"image\":{\"@id\":\"https:\\\/\\\/www.marronglace.com\\\/fr\\\/producto\\\/chataignes-au-sirop-boite-1030g\\\/#primaryimage\"},\"thumbnailUrl\":\"https:\\\/\\\/www.marronglace.com\\\/wp-content\\\/uploads\\\/2023\\\/11\\\/mg-horeca-almibar.jpg\",\"datePublished\":\"2023-11-20T22:02:59+00:00\",\"breadcrumb\":{\"@id\":\"https:\\\/\\\/www.marronglace.com\\\/fr\\\/producto\\\/chataignes-au-sirop-boite-1030g\\\/#breadcrumb\"},\"inLanguage\":\"fr-FR\",\"potentialAction\":[{\"@type\":\"ReadAction\",\"target\":[\"https:\\\/\\\/www.marronglace.com\\\/fr\\\/producto\\\/chataignes-au-sirop-boite-1030g\\\/\"]}]},{\"@type\":\"ImageObject\",\"inLanguage\":\"fr-FR\",\"@id\":\"https:\\\/\\\/www.marronglace.com\\\/fr\\\/producto\\\/chataignes-au-sirop-boite-1030g\\\/#primaryimage\",\"url\":\"https:\\\/\\\/www.marronglace.com\\\/wp-content\\\/uploads\\\/2023\\\/11\\\/mg-horeca-almibar.jpg\",\"contentUrl\":\"https:\\\/\\\/www.marronglace.com\\\/wp-content\\\/uploads\\\/2023\\\/11\\\/mg-horeca-almibar.jpg\",\"width\":510,\"height\":510,\"caption\":\"Casta\u00f1as en alm\u00edbar\"},{\"@type\":\"BreadcrumbList\",\"@id\":\"https:\\\/\\\/www.marronglace.com\\\/fr\\\/producto\\\/chataignes-au-sirop-boite-1030g\\\/#breadcrumb\",\"itemListElement\":[{\"@type\":\"ListItem\",\"position\":1,\"name\":\"Portada\",\"item\":\"https:\\\/\\\/www.marronglace.com\\\/fr\\\/\"},{\"@type\":\"ListItem\",\"position\":2,\"name\":\"Boutique\",\"item\":\"https:\\\/\\\/www.marronglace.com\\\/fr\\\/boutique\\\/\"},{\"@type\":\"ListItem\",\"position\":3,\"name\":\"Ch\u00e2taignes au sirop \u2013 Bo\u00eete 1030g\"}]},{\"@type\":\"WebSite\",\"@id\":\"https:\\\/\\\/www.marronglace.com\\\/fr\\\/#website\",\"url\":\"https:\\\/\\\/www.marronglace.com\\\/fr\\\/\",\"name\":\"Marron Glac\u00e9\",\"description\":\"\",\"publisher\":{\"@id\":\"https:\\\/\\\/www.marronglace.com\\\/fr\\\/#organization\"},\"potentialAction\":[{\"@type\":\"SearchAction\",\"target\":{\"@type\":\"EntryPoint\",\"urlTemplate\":\"https:\\\/\\\/www.marronglace.com\\\/fr\\\/?s={search_term_string}\"},\"query-input\":{\"@type\":\"PropertyValueSpecification\",\"valueRequired\":true,\"valueName\":\"search_term_string\"}}],\"inLanguage\":\"fr-FR\"},{\"@type\":\"Organization\",\"@id\":\"https:\\\/\\\/www.marronglace.com\\\/fr\\\/#organization\",\"name\":\"Marron Glac\u00e9\",\"url\":\"https:\\\/\\\/www.marronglace.com\\\/fr\\\/\",\"logo\":{\"@type\":\"ImageObject\",\"inLanguage\":\"fr-FR\",\"@id\":\"https:\\\/\\\/www.marronglace.com\\\/fr\\\/#\\\/schema\\\/logo\\\/image\\\/\",\"url\":\"https:\\\/\\\/www.marronglace.com\\\/wp-content\\\/uploads\\\/2023\\\/11\\\/logo-cuevas-cia-normal.png\",\"contentUrl\":\"https:\\\/\\\/www.marronglace.com\\\/wp-content\\\/uploads\\\/2023\\\/11\\\/logo-cuevas-cia-normal.png\",\"width\":228,\"height\":57,\"caption\":\"Marron Glac\u00e9\"},\"image\":{\"@id\":\"https:\\\/\\\/www.marronglace.com\\\/fr\\\/#\\\/schema\\\/logo\\\/image\\\/\"}}]}<\/script>\n<!-- \/ Yoast SEO plugin. -->","yoast_head_json":{"title":"Ch\u00e2taignes au sirop \u2013 Bo\u00eete 1030g - Marron Glac\u00e9","robots":{"index":"index","follow":"follow","max-snippet":"max-snippet:-1","max-image-preview":"max-image-preview:large","max-video-preview":"max-video-preview:-1"},"canonical":"https:\/\/www.marronglace.com\/fr\/producto\/chataignes-au-sirop-boite-1030g\/","og_locale":"fr_FR","og_type":"article","og_title":"Ch\u00e2taignes au sirop \u2013 Bo\u00eete 1030g - Marron Glac\u00e9","og_description":"Id\u00e9al comme dessert ou pour cr\u00e9er un contraste parfait en accompagnement de toutes sortes de viandes, en particulier la volaille. Ch\u00e2taignes au sirop. Convient aux coeliaques et sans conservateurs ni colorants. Bo\u00eete de conserve. Poids net : 1030 g \/ Poids net \u00e9goutt\u00e9 : 640g","og_url":"https:\/\/www.marronglace.com\/fr\/producto\/chataignes-au-sirop-boite-1030g\/","og_site_name":"Marron Glac\u00e9","og_image":[{"width":510,"height":510,"url":"https:\/\/www.marronglace.com\/wp-content\/uploads\/2023\/11\/mg-horeca-almibar.jpg","type":"image\/jpeg"}],"twitter_card":"summary_large_image","schema":{"@context":"https:\/\/schema.org","@graph":[{"@type":"WebPage","@id":"https:\/\/www.marronglace.com\/fr\/producto\/chataignes-au-sirop-boite-1030g\/","url":"https:\/\/www.marronglace.com\/fr\/producto\/chataignes-au-sirop-boite-1030g\/","name":"Ch\u00e2taignes au sirop \u2013 Bo\u00eete 1030g - Marron Glac\u00e9","isPartOf":{"@id":"https:\/\/www.marronglace.com\/fr\/#website"},"primaryImageOfPage":{"@id":"https:\/\/www.marronglace.com\/fr\/producto\/chataignes-au-sirop-boite-1030g\/#primaryimage"},"image":{"@id":"https:\/\/www.marronglace.com\/fr\/producto\/chataignes-au-sirop-boite-1030g\/#primaryimage"},"thumbnailUrl":"https:\/\/www.marronglace.com\/wp-content\/uploads\/2023\/11\/mg-horeca-almibar.jpg","datePublished":"2023-11-20T22:02:59+00:00","breadcrumb":{"@id":"https:\/\/www.marronglace.com\/fr\/producto\/chataignes-au-sirop-boite-1030g\/#breadcrumb"},"inLanguage":"fr-FR","potentialAction":[{"@type":"ReadAction","target":["https:\/\/www.marronglace.com\/fr\/producto\/chataignes-au-sirop-boite-1030g\/"]}]},{"@type":"ImageObject","inLanguage":"fr-FR","@id":"https:\/\/www.marronglace.com\/fr\/producto\/chataignes-au-sirop-boite-1030g\/#primaryimage","url":"https:\/\/www.marronglace.com\/wp-content\/uploads\/2023\/11\/mg-horeca-almibar.jpg","contentUrl":"https:\/\/www.marronglace.com\/wp-content\/uploads\/2023\/11\/mg-horeca-almibar.jpg","width":510,"height":510,"caption":"Casta\u00f1as en alm\u00edbar"},{"@type":"BreadcrumbList","@id":"https:\/\/www.marronglace.com\/fr\/producto\/chataignes-au-sirop-boite-1030g\/#breadcrumb","itemListElement":[{"@type":"ListItem","position":1,"name":"Portada","item":"https:\/\/www.marronglace.com\/fr\/"},{"@type":"ListItem","position":2,"name":"Boutique","item":"https:\/\/www.marronglace.com\/fr\/boutique\/"},{"@type":"ListItem","position":3,"name":"Ch\u00e2taignes au sirop \u2013 Bo\u00eete 1030g"}]},{"@type":"WebSite","@id":"https:\/\/www.marronglace.com\/fr\/#website","url":"https:\/\/www.marronglace.com\/fr\/","name":"Marron Glac\u00e9","description":"","publisher":{"@id":"https:\/\/www.marronglace.com\/fr\/#organization"},"potentialAction":[{"@type":"SearchAction","target":{"@type":"EntryPoint","urlTemplate":"https:\/\/www.marronglace.com\/fr\/?s={search_term_string}"},"query-input":{"@type":"PropertyValueSpecification","valueRequired":true,"valueName":"search_term_string"}}],"inLanguage":"fr-FR"},{"@type":"Organization","@id":"https:\/\/www.marronglace.com\/fr\/#organization","name":"Marron Glac\u00e9","url":"https:\/\/www.marronglace.com\/fr\/","logo":{"@type":"ImageObject","inLanguage":"fr-FR","@id":"https:\/\/www.marronglace.com\/fr\/#\/schema\/logo\/image\/","url":"https:\/\/www.marronglace.com\/wp-content\/uploads\/2023\/11\/logo-cuevas-cia-normal.png","contentUrl":"https:\/\/www.marronglace.com\/wp-content\/uploads\/2023\/11\/logo-cuevas-cia-normal.png","width":228,"height":57,"caption":"Marron Glac\u00e9"},"image":{"@id":"https:\/\/www.marronglace.com\/fr\/#\/schema\/logo\/image\/"}}]}},"_links":{"self":[{"href":"https:\/\/www.marronglace.com\/fr\/wp-json\/wp\/v2\/product\/2116","targetHints":{"allow":["GET"]}}],"collection":[{"href":"https:\/\/www.marronglace.com\/fr\/wp-json\/wp\/v2\/product"}],"about":[{"href":"https:\/\/www.marronglace.com\/fr\/wp-json\/wp\/v2\/types\/product"}],"wp:featuredmedia":[{"embeddable":true,"href":"https:\/\/www.marronglace.com\/fr\/wp-json\/wp\/v2\/media\/207"}],"wp:attachment":[{"href":"https:\/\/www.marronglace.com\/fr\/wp-json\/wp\/v2\/media?parent=2116"}],"wp:term":[{"taxonomy":"product_brand","embeddable":true,"href":"https:\/\/www.marronglace.com\/fr\/wp-json\/wp\/v2\/product_brand?post=2116"},{"taxonomy":"product_cat","embeddable":true,"href":"https:\/\/www.marronglace.com\/fr\/wp-json\/wp\/v2\/product_cat?post=2116"},{"taxonomy":"product_tag","embeddable":true,"href":"https:\/\/www.marronglace.com\/fr\/wp-json\/wp\/v2\/product_tag?post=2116"}],"curies":[{"name":"wp","href":"https:\/\/api.w.org\/{rel}","templated":true}]}}