{"id":2117,"date":"2023-11-20T23:04:43","date_gmt":"2023-11-20T22:04:43","guid":{"rendered":"https:\/\/www.marronglace.com\/producto\/puree-de-chataigne-boite-de-850-g\/"},"modified":"2023-11-20T23:04:43","modified_gmt":"2023-11-20T22:04:43","slug":"puree-de-chataigne-boite-de-850-g","status":"publish","type":"product","link":"https:\/\/www.marronglace.com\/fr\/producto\/puree-de-chataigne-boite-de-850-g\/","title":{"rendered":"Pur\u00e9e de ch\u00e2taigne \u2013 Bo\u00eete de 850 g"},"content":{"rendered":"<p><strong>Ingr\u00e9dients :<\/strong><br \/>\nCh\u00e2taigne (57%), eau, sucre, sirop de glucose, sel et ar\u00f4me vanille.<\/p>\n<p>Une fois ouvert, conserver au r\u00e9frig\u00e9rateur.<\/p>\n<p><strong>Valeurs nutritionnelles (g\/100g):<\/strong><br \/>\nValeur \u00e9nerg\u00e9tique : 96 Kcal &#8211; 407 kJ<br \/>\nMati\u00e8res grasses : 0,8 g (dont satur\u00e9es : 0,0 g)<br \/>\nGlucides : 20 g (dont sucres : 4,4 g)<br \/>\nFibres alimentaires : 3,0 g<br \/>\nProt\u00e9ine : 1,3 g<br \/>\nSel : 0,6 g<\/p>\n","protected":false},"excerpt":{"rendered":"<p class=\"entrada\">Ch\u00e2taignes s\u00e9lectionn\u00e9es, broy\u00e9es et raffin\u00e9es. Un accompagnement parfait pour toutes sortes de viandes, id\u00e9al \u00e9galement comme garniture ou pour la pr\u00e9paration d&rsquo;ap\u00e9ritifs ou de canap\u00e9s.<\/p>\n<p class=\"entrada\">Pur\u00e9e de ch\u00e2taigne.<br \/>\nConvient aux coeliaques et sans conservateurs ni colorants.<br \/>\nBo\u00eete de conserve. Poids net : 850g<\/p>\n","protected":false},"featured_media":212,"template":"","meta":{"_acf_changed":false},"product_brand":[],"product_cat":[52],"product_tag":[],"class_list":{"0":"post-2117","1":"product","2":"type-product","3":"status-publish","4":"has-post-thumbnail","6":"product_cat-horeca-fr","7":"description-off","9":"first","10":"instock","11":"taxable","12":"shipping-taxable","13":"purchasable","14":"product-type-simple"},"acf":[],"yoast_head":"<!-- This site is optimized with the Yoast SEO plugin v27.4 - https:\/\/yoast.com\/product\/yoast-seo-wordpress\/ -->\n<title>Pur\u00e9e de ch\u00e2taigne \u2013 Bo\u00eete de 850 g - Marron Glac\u00e9<\/title>\n<meta name=\"robots\" content=\"index, follow, max-snippet:-1, max-image-preview:large, max-video-preview:-1\" \/>\n<link rel=\"canonical\" href=\"https:\/\/www.marronglace.com\/fr\/producto\/puree-de-chataigne-boite-de-850-g\/\" \/>\n<meta property=\"og:locale\" content=\"fr_FR\" \/>\n<meta property=\"og:type\" content=\"article\" \/>\n<meta property=\"og:title\" content=\"Pur\u00e9e de ch\u00e2taigne \u2013 Bo\u00eete de 850 g - Marron Glac\u00e9\" \/>\n<meta property=\"og:description\" content=\"Ch\u00e2taignes s\u00e9lectionn\u00e9es, broy\u00e9es et raffin\u00e9es. Un accompagnement parfait pour toutes sortes de viandes, id\u00e9al \u00e9galement comme garniture ou pour la pr\u00e9paration d&#039;ap\u00e9ritifs ou de canap\u00e9s. Pur\u00e9e de ch\u00e2taigne. Convient aux coeliaques et sans conservateurs ni colorants. Bo\u00eete de conserve. Poids net : 850g\" \/>\n<meta property=\"og:url\" content=\"https:\/\/www.marronglace.com\/fr\/producto\/puree-de-chataigne-boite-de-850-g\/\" \/>\n<meta property=\"og:site_name\" content=\"Marron Glac\u00e9\" \/>\n<meta property=\"og:image\" content=\"https:\/\/www.marronglace.com\/wp-content\/uploads\/2023\/11\/mg-horeca-pure.jpg\" \/>\n\t<meta property=\"og:image:width\" content=\"510\" \/>\n\t<meta property=\"og:image:height\" content=\"510\" \/>\n\t<meta property=\"og:image:type\" content=\"image\/jpeg\" \/>\n<meta name=\"twitter:card\" content=\"summary_large_image\" \/>\n<script type=\"application\/ld+json\" class=\"yoast-schema-graph\">{\"@context\":\"https:\\\/\\\/schema.org\",\"@graph\":[{\"@type\":\"WebPage\",\"@id\":\"https:\\\/\\\/www.marronglace.com\\\/fr\\\/producto\\\/puree-de-chataigne-boite-de-850-g\\\/\",\"url\":\"https:\\\/\\\/www.marronglace.com\\\/fr\\\/producto\\\/puree-de-chataigne-boite-de-850-g\\\/\",\"name\":\"Pur\u00e9e de ch\u00e2taigne \u2013 Bo\u00eete de 850 g - Marron Glac\u00e9\",\"isPartOf\":{\"@id\":\"https:\\\/\\\/www.marronglace.com\\\/fr\\\/#website\"},\"primaryImageOfPage\":{\"@id\":\"https:\\\/\\\/www.marronglace.com\\\/fr\\\/producto\\\/puree-de-chataigne-boite-de-850-g\\\/#primaryimage\"},\"image\":{\"@id\":\"https:\\\/\\\/www.marronglace.com\\\/fr\\\/producto\\\/puree-de-chataigne-boite-de-850-g\\\/#primaryimage\"},\"thumbnailUrl\":\"https:\\\/\\\/www.marronglace.com\\\/wp-content\\\/uploads\\\/2023\\\/11\\\/mg-horeca-pure.jpg\",\"datePublished\":\"2023-11-20T22:04:43+00:00\",\"breadcrumb\":{\"@id\":\"https:\\\/\\\/www.marronglace.com\\\/fr\\\/producto\\\/puree-de-chataigne-boite-de-850-g\\\/#breadcrumb\"},\"inLanguage\":\"fr-FR\",\"potentialAction\":[{\"@type\":\"ReadAction\",\"target\":[\"https:\\\/\\\/www.marronglace.com\\\/fr\\\/producto\\\/puree-de-chataigne-boite-de-850-g\\\/\"]}]},{\"@type\":\"ImageObject\",\"inLanguage\":\"fr-FR\",\"@id\":\"https:\\\/\\\/www.marronglace.com\\\/fr\\\/producto\\\/puree-de-chataigne-boite-de-850-g\\\/#primaryimage\",\"url\":\"https:\\\/\\\/www.marronglace.com\\\/wp-content\\\/uploads\\\/2023\\\/11\\\/mg-horeca-pure.jpg\",\"contentUrl\":\"https:\\\/\\\/www.marronglace.com\\\/wp-content\\\/uploads\\\/2023\\\/11\\\/mg-horeca-pure.jpg\",\"width\":510,\"height\":510,\"caption\":\"Pur\u00e9 de casta\u00f1a\"},{\"@type\":\"BreadcrumbList\",\"@id\":\"https:\\\/\\\/www.marronglace.com\\\/fr\\\/producto\\\/puree-de-chataigne-boite-de-850-g\\\/#breadcrumb\",\"itemListElement\":[{\"@type\":\"ListItem\",\"position\":1,\"name\":\"Portada\",\"item\":\"https:\\\/\\\/www.marronglace.com\\\/fr\\\/\"},{\"@type\":\"ListItem\",\"position\":2,\"name\":\"Boutique\",\"item\":\"https:\\\/\\\/www.marronglace.com\\\/fr\\\/boutique\\\/\"},{\"@type\":\"ListItem\",\"position\":3,\"name\":\"Pur\u00e9e de ch\u00e2taigne \u2013 Bo\u00eete de 850 g\"}]},{\"@type\":\"WebSite\",\"@id\":\"https:\\\/\\\/www.marronglace.com\\\/fr\\\/#website\",\"url\":\"https:\\\/\\\/www.marronglace.com\\\/fr\\\/\",\"name\":\"Marron Glac\u00e9\",\"description\":\"\",\"publisher\":{\"@id\":\"https:\\\/\\\/www.marronglace.com\\\/fr\\\/#organization\"},\"potentialAction\":[{\"@type\":\"SearchAction\",\"target\":{\"@type\":\"EntryPoint\",\"urlTemplate\":\"https:\\\/\\\/www.marronglace.com\\\/fr\\\/?s={search_term_string}\"},\"query-input\":{\"@type\":\"PropertyValueSpecification\",\"valueRequired\":true,\"valueName\":\"search_term_string\"}}],\"inLanguage\":\"fr-FR\"},{\"@type\":\"Organization\",\"@id\":\"https:\\\/\\\/www.marronglace.com\\\/fr\\\/#organization\",\"name\":\"Marron Glac\u00e9\",\"url\":\"https:\\\/\\\/www.marronglace.com\\\/fr\\\/\",\"logo\":{\"@type\":\"ImageObject\",\"inLanguage\":\"fr-FR\",\"@id\":\"https:\\\/\\\/www.marronglace.com\\\/fr\\\/#\\\/schema\\\/logo\\\/image\\\/\",\"url\":\"https:\\\/\\\/www.marronglace.com\\\/wp-content\\\/uploads\\\/2023\\\/11\\\/logo-cuevas-cia-normal.png\",\"contentUrl\":\"https:\\\/\\\/www.marronglace.com\\\/wp-content\\\/uploads\\\/2023\\\/11\\\/logo-cuevas-cia-normal.png\",\"width\":228,\"height\":57,\"caption\":\"Marron Glac\u00e9\"},\"image\":{\"@id\":\"https:\\\/\\\/www.marronglace.com\\\/fr\\\/#\\\/schema\\\/logo\\\/image\\\/\"}}]}<\/script>\n<!-- \/ Yoast SEO plugin. -->","yoast_head_json":{"title":"Pur\u00e9e de ch\u00e2taigne \u2013 Bo\u00eete de 850 g - Marron Glac\u00e9","robots":{"index":"index","follow":"follow","max-snippet":"max-snippet:-1","max-image-preview":"max-image-preview:large","max-video-preview":"max-video-preview:-1"},"canonical":"https:\/\/www.marronglace.com\/fr\/producto\/puree-de-chataigne-boite-de-850-g\/","og_locale":"fr_FR","og_type":"article","og_title":"Pur\u00e9e de ch\u00e2taigne \u2013 Bo\u00eete de 850 g - Marron Glac\u00e9","og_description":"Ch\u00e2taignes s\u00e9lectionn\u00e9es, broy\u00e9es et raffin\u00e9es. Un accompagnement parfait pour toutes sortes de viandes, id\u00e9al \u00e9galement comme garniture ou pour la pr\u00e9paration d'ap\u00e9ritifs ou de canap\u00e9s. Pur\u00e9e de ch\u00e2taigne. Convient aux coeliaques et sans conservateurs ni colorants. Bo\u00eete de conserve. Poids net : 850g","og_url":"https:\/\/www.marronglace.com\/fr\/producto\/puree-de-chataigne-boite-de-850-g\/","og_site_name":"Marron Glac\u00e9","og_image":[{"width":510,"height":510,"url":"https:\/\/www.marronglace.com\/wp-content\/uploads\/2023\/11\/mg-horeca-pure.jpg","type":"image\/jpeg"}],"twitter_card":"summary_large_image","schema":{"@context":"https:\/\/schema.org","@graph":[{"@type":"WebPage","@id":"https:\/\/www.marronglace.com\/fr\/producto\/puree-de-chataigne-boite-de-850-g\/","url":"https:\/\/www.marronglace.com\/fr\/producto\/puree-de-chataigne-boite-de-850-g\/","name":"Pur\u00e9e de ch\u00e2taigne \u2013 Bo\u00eete de 850 g - Marron Glac\u00e9","isPartOf":{"@id":"https:\/\/www.marronglace.com\/fr\/#website"},"primaryImageOfPage":{"@id":"https:\/\/www.marronglace.com\/fr\/producto\/puree-de-chataigne-boite-de-850-g\/#primaryimage"},"image":{"@id":"https:\/\/www.marronglace.com\/fr\/producto\/puree-de-chataigne-boite-de-850-g\/#primaryimage"},"thumbnailUrl":"https:\/\/www.marronglace.com\/wp-content\/uploads\/2023\/11\/mg-horeca-pure.jpg","datePublished":"2023-11-20T22:04:43+00:00","breadcrumb":{"@id":"https:\/\/www.marronglace.com\/fr\/producto\/puree-de-chataigne-boite-de-850-g\/#breadcrumb"},"inLanguage":"fr-FR","potentialAction":[{"@type":"ReadAction","target":["https:\/\/www.marronglace.com\/fr\/producto\/puree-de-chataigne-boite-de-850-g\/"]}]},{"@type":"ImageObject","inLanguage":"fr-FR","@id":"https:\/\/www.marronglace.com\/fr\/producto\/puree-de-chataigne-boite-de-850-g\/#primaryimage","url":"https:\/\/www.marronglace.com\/wp-content\/uploads\/2023\/11\/mg-horeca-pure.jpg","contentUrl":"https:\/\/www.marronglace.com\/wp-content\/uploads\/2023\/11\/mg-horeca-pure.jpg","width":510,"height":510,"caption":"Pur\u00e9 de casta\u00f1a"},{"@type":"BreadcrumbList","@id":"https:\/\/www.marronglace.com\/fr\/producto\/puree-de-chataigne-boite-de-850-g\/#breadcrumb","itemListElement":[{"@type":"ListItem","position":1,"name":"Portada","item":"https:\/\/www.marronglace.com\/fr\/"},{"@type":"ListItem","position":2,"name":"Boutique","item":"https:\/\/www.marronglace.com\/fr\/boutique\/"},{"@type":"ListItem","position":3,"name":"Pur\u00e9e de ch\u00e2taigne \u2013 Bo\u00eete de 850 g"}]},{"@type":"WebSite","@id":"https:\/\/www.marronglace.com\/fr\/#website","url":"https:\/\/www.marronglace.com\/fr\/","name":"Marron Glac\u00e9","description":"","publisher":{"@id":"https:\/\/www.marronglace.com\/fr\/#organization"},"potentialAction":[{"@type":"SearchAction","target":{"@type":"EntryPoint","urlTemplate":"https:\/\/www.marronglace.com\/fr\/?s={search_term_string}"},"query-input":{"@type":"PropertyValueSpecification","valueRequired":true,"valueName":"search_term_string"}}],"inLanguage":"fr-FR"},{"@type":"Organization","@id":"https:\/\/www.marronglace.com\/fr\/#organization","name":"Marron Glac\u00e9","url":"https:\/\/www.marronglace.com\/fr\/","logo":{"@type":"ImageObject","inLanguage":"fr-FR","@id":"https:\/\/www.marronglace.com\/fr\/#\/schema\/logo\/image\/","url":"https:\/\/www.marronglace.com\/wp-content\/uploads\/2023\/11\/logo-cuevas-cia-normal.png","contentUrl":"https:\/\/www.marronglace.com\/wp-content\/uploads\/2023\/11\/logo-cuevas-cia-normal.png","width":228,"height":57,"caption":"Marron Glac\u00e9"},"image":{"@id":"https:\/\/www.marronglace.com\/fr\/#\/schema\/logo\/image\/"}}]}},"_links":{"self":[{"href":"https:\/\/www.marronglace.com\/fr\/wp-json\/wp\/v2\/product\/2117","targetHints":{"allow":["GET"]}}],"collection":[{"href":"https:\/\/www.marronglace.com\/fr\/wp-json\/wp\/v2\/product"}],"about":[{"href":"https:\/\/www.marronglace.com\/fr\/wp-json\/wp\/v2\/types\/product"}],"wp:featuredmedia":[{"embeddable":true,"href":"https:\/\/www.marronglace.com\/fr\/wp-json\/wp\/v2\/media\/212"}],"wp:attachment":[{"href":"https:\/\/www.marronglace.com\/fr\/wp-json\/wp\/v2\/media?parent=2117"}],"wp:term":[{"taxonomy":"product_brand","embeddable":true,"href":"https:\/\/www.marronglace.com\/fr\/wp-json\/wp\/v2\/product_brand?post=2117"},{"taxonomy":"product_cat","embeddable":true,"href":"https:\/\/www.marronglace.com\/fr\/wp-json\/wp\/v2\/product_cat?post=2117"},{"taxonomy":"product_tag","embeddable":true,"href":"https:\/\/www.marronglace.com\/fr\/wp-json\/wp\/v2\/product_tag?post=2117"}],"curies":[{"name":"wp","href":"https:\/\/api.w.org\/{rel}","templated":true}]}}