{"id":2119,"date":"2023-11-20T23:09:59","date_gmt":"2023-11-20T22:09:59","guid":{"rendered":"https:\/\/www.marronglace.com\/producto\/chataignes-au-naturel-boite-de-conserve-810g\/"},"modified":"2023-11-20T23:09:59","modified_gmt":"2023-11-20T22:09:59","slug":"chataignes-au-naturel-boite-de-conserve-810g","status":"publish","type":"product","link":"https:\/\/www.marronglace.com\/fr\/producto\/chataignes-au-naturel-boite-de-conserve-810g\/","title":{"rendered":"Ch\u00e2taignes au naturel \u2013 Bo\u00eete de conserve 810g"},"content":{"rendered":"<p><strong>Ingr\u00e9dients :<\/strong><br \/>\nCh\u00e2taigne (65%), eau, sel, \u00e9paississants, gomme guar (E412), gomme xanthane (E415) et stabilisant : chlorure de calcium (E509).<\/p>\n<p>Conserver dans un endroit sec et frais. Une fois ouvert, conserver au r\u00e9frig\u00e9rateur.<\/p>\n<p><strong>Valeurs nutritionnelles (g\/100g):<\/strong><br \/>\nValeur \u00e9nerg\u00e9tique : 142 Kcal &#8211; 597 kJ<br \/>\nMati\u00e8res grasses : 1,2 g (dont satur\u00e9es : 0,2 g)<br \/>\nGlucides : 28 g (dont sucres : 1,7 g)<br \/>\nFibres alimentaires : 5,9 g<br \/>\nProt\u00e9ine : 1,7 g<br \/>\nSel : 0,89 g<\/p>\n","protected":false},"excerpt":{"rendered":"<p class=\"entrada\">Ch\u00e2taignes cuites, conserv\u00e9es naturellement. Accompagnez vos plats de la saveur unique de la ch\u00e2taigne traditionnelle.<\/p>\n<p>Pr\u00eates \u00e0 d\u00e9guster. Ouvrir la bo\u00eete et laisser \u00e9goutter soigneusement sur un tamis pour \u00e9viter la casse des ch\u00e2taignes. Id\u00e9al comme accompagnement dans les plats de viande et de volaille et comme ingr\u00e9dient pour pr\u00e9parer des pur\u00e9es, des cr\u00e8mes ou des garnitures.<\/p>\n<p class=\"entrada\">Ch\u00e2taignes au naturel.<br \/>\nConvient aux personnes atteintes de maladie c\u0153liaque.<br \/>\nBo\u00eete de conserve. Poids net : 810 g \/ Poids net \u00e9goutt\u00e9 : 530g<\/p>\n","protected":false},"featured_media":222,"template":"","meta":{"_acf_changed":false},"product_brand":[],"product_cat":[52],"product_tag":[],"class_list":{"0":"post-2119","1":"product","2":"type-product","3":"status-publish","4":"has-post-thumbnail","6":"product_cat-horeca-fr","7":"description-off","9":"first","10":"instock","11":"taxable","12":"shipping-taxable","13":"purchasable","14":"product-type-simple"},"acf":[],"yoast_head":"<!-- This site is optimized with the Yoast SEO plugin v27.4 - https:\/\/yoast.com\/product\/yoast-seo-wordpress\/ -->\n<title>Ch\u00e2taignes au naturel \u2013 Bo\u00eete de conserve 810g - Marron Glac\u00e9<\/title>\n<meta name=\"robots\" content=\"index, follow, max-snippet:-1, max-image-preview:large, max-video-preview:-1\" \/>\n<link rel=\"canonical\" href=\"https:\/\/www.marronglace.com\/fr\/producto\/chataignes-au-naturel-boite-de-conserve-810g\/\" \/>\n<meta property=\"og:locale\" content=\"fr_FR\" \/>\n<meta property=\"og:type\" content=\"article\" \/>\n<meta property=\"og:title\" content=\"Ch\u00e2taignes au naturel \u2013 Bo\u00eete de conserve 810g - Marron Glac\u00e9\" \/>\n<meta property=\"og:description\" content=\"Ch\u00e2taignes cuites, conserv\u00e9es naturellement. Accompagnez vos plats de la saveur unique de la ch\u00e2taigne traditionnelle. Pr\u00eates \u00e0 d\u00e9guster. Ouvrir la bo\u00eete et laisser \u00e9goutter soigneusement sur un tamis pour \u00e9viter la casse des ch\u00e2taignes. Id\u00e9al comme accompagnement dans les plats de viande et de volaille et comme ingr\u00e9dient pour pr\u00e9parer des pur\u00e9es, des cr\u00e8mes ou des garnitures. Ch\u00e2taignes au naturel. Convient aux personnes atteintes de maladie c\u0153liaque. Bo\u00eete de conserve. Poids net : 810 g \/ Poids net \u00e9goutt\u00e9 : 530g\" \/>\n<meta property=\"og:url\" content=\"https:\/\/www.marronglace.com\/fr\/producto\/chataignes-au-naturel-boite-de-conserve-810g\/\" \/>\n<meta property=\"og:site_name\" content=\"Marron Glac\u00e9\" \/>\n<meta property=\"og:image\" content=\"https:\/\/www.marronglace.com\/wp-content\/uploads\/2023\/11\/mg-horeca-natural.jpg\" \/>\n\t<meta property=\"og:image:width\" content=\"510\" \/>\n\t<meta property=\"og:image:height\" content=\"510\" \/>\n\t<meta property=\"og:image:type\" content=\"image\/jpeg\" \/>\n<meta name=\"twitter:card\" content=\"summary_large_image\" \/>\n<script type=\"application\/ld+json\" class=\"yoast-schema-graph\">{\"@context\":\"https:\\\/\\\/schema.org\",\"@graph\":[{\"@type\":\"WebPage\",\"@id\":\"https:\\\/\\\/www.marronglace.com\\\/fr\\\/producto\\\/chataignes-au-naturel-boite-de-conserve-810g\\\/\",\"url\":\"https:\\\/\\\/www.marronglace.com\\\/fr\\\/producto\\\/chataignes-au-naturel-boite-de-conserve-810g\\\/\",\"name\":\"Ch\u00e2taignes au naturel \u2013 Bo\u00eete de conserve 810g - Marron Glac\u00e9\",\"isPartOf\":{\"@id\":\"https:\\\/\\\/www.marronglace.com\\\/fr\\\/#website\"},\"primaryImageOfPage\":{\"@id\":\"https:\\\/\\\/www.marronglace.com\\\/fr\\\/producto\\\/chataignes-au-naturel-boite-de-conserve-810g\\\/#primaryimage\"},\"image\":{\"@id\":\"https:\\\/\\\/www.marronglace.com\\\/fr\\\/producto\\\/chataignes-au-naturel-boite-de-conserve-810g\\\/#primaryimage\"},\"thumbnailUrl\":\"https:\\\/\\\/www.marronglace.com\\\/wp-content\\\/uploads\\\/2023\\\/11\\\/mg-horeca-natural.jpg\",\"datePublished\":\"2023-11-20T22:09:59+00:00\",\"breadcrumb\":{\"@id\":\"https:\\\/\\\/www.marronglace.com\\\/fr\\\/producto\\\/chataignes-au-naturel-boite-de-conserve-810g\\\/#breadcrumb\"},\"inLanguage\":\"fr-FR\",\"potentialAction\":[{\"@type\":\"ReadAction\",\"target\":[\"https:\\\/\\\/www.marronglace.com\\\/fr\\\/producto\\\/chataignes-au-naturel-boite-de-conserve-810g\\\/\"]}]},{\"@type\":\"ImageObject\",\"inLanguage\":\"fr-FR\",\"@id\":\"https:\\\/\\\/www.marronglace.com\\\/fr\\\/producto\\\/chataignes-au-naturel-boite-de-conserve-810g\\\/#primaryimage\",\"url\":\"https:\\\/\\\/www.marronglace.com\\\/wp-content\\\/uploads\\\/2023\\\/11\\\/mg-horeca-natural.jpg\",\"contentUrl\":\"https:\\\/\\\/www.marronglace.com\\\/wp-content\\\/uploads\\\/2023\\\/11\\\/mg-horeca-natural.jpg\",\"width\":510,\"height\":510,\"caption\":\"Casta\u00f1as al natural\"},{\"@type\":\"BreadcrumbList\",\"@id\":\"https:\\\/\\\/www.marronglace.com\\\/fr\\\/producto\\\/chataignes-au-naturel-boite-de-conserve-810g\\\/#breadcrumb\",\"itemListElement\":[{\"@type\":\"ListItem\",\"position\":1,\"name\":\"Portada\",\"item\":\"https:\\\/\\\/www.marronglace.com\\\/fr\\\/\"},{\"@type\":\"ListItem\",\"position\":2,\"name\":\"Boutique\",\"item\":\"https:\\\/\\\/www.marronglace.com\\\/fr\\\/boutique\\\/\"},{\"@type\":\"ListItem\",\"position\":3,\"name\":\"Ch\u00e2taignes au naturel \u2013 Bo\u00eete de conserve 810g\"}]},{\"@type\":\"WebSite\",\"@id\":\"https:\\\/\\\/www.marronglace.com\\\/fr\\\/#website\",\"url\":\"https:\\\/\\\/www.marronglace.com\\\/fr\\\/\",\"name\":\"Marron Glac\u00e9\",\"description\":\"\",\"publisher\":{\"@id\":\"https:\\\/\\\/www.marronglace.com\\\/fr\\\/#organization\"},\"potentialAction\":[{\"@type\":\"SearchAction\",\"target\":{\"@type\":\"EntryPoint\",\"urlTemplate\":\"https:\\\/\\\/www.marronglace.com\\\/fr\\\/?s={search_term_string}\"},\"query-input\":{\"@type\":\"PropertyValueSpecification\",\"valueRequired\":true,\"valueName\":\"search_term_string\"}}],\"inLanguage\":\"fr-FR\"},{\"@type\":\"Organization\",\"@id\":\"https:\\\/\\\/www.marronglace.com\\\/fr\\\/#organization\",\"name\":\"Marron Glac\u00e9\",\"url\":\"https:\\\/\\\/www.marronglace.com\\\/fr\\\/\",\"logo\":{\"@type\":\"ImageObject\",\"inLanguage\":\"fr-FR\",\"@id\":\"https:\\\/\\\/www.marronglace.com\\\/fr\\\/#\\\/schema\\\/logo\\\/image\\\/\",\"url\":\"https:\\\/\\\/www.marronglace.com\\\/wp-content\\\/uploads\\\/2023\\\/11\\\/logo-cuevas-cia-normal.png\",\"contentUrl\":\"https:\\\/\\\/www.marronglace.com\\\/wp-content\\\/uploads\\\/2023\\\/11\\\/logo-cuevas-cia-normal.png\",\"width\":228,\"height\":57,\"caption\":\"Marron Glac\u00e9\"},\"image\":{\"@id\":\"https:\\\/\\\/www.marronglace.com\\\/fr\\\/#\\\/schema\\\/logo\\\/image\\\/\"}}]}<\/script>\n<!-- \/ Yoast SEO plugin. -->","yoast_head_json":{"title":"Ch\u00e2taignes au naturel \u2013 Bo\u00eete de conserve 810g - Marron Glac\u00e9","robots":{"index":"index","follow":"follow","max-snippet":"max-snippet:-1","max-image-preview":"max-image-preview:large","max-video-preview":"max-video-preview:-1"},"canonical":"https:\/\/www.marronglace.com\/fr\/producto\/chataignes-au-naturel-boite-de-conserve-810g\/","og_locale":"fr_FR","og_type":"article","og_title":"Ch\u00e2taignes au naturel \u2013 Bo\u00eete de conserve 810g - Marron Glac\u00e9","og_description":"Ch\u00e2taignes cuites, conserv\u00e9es naturellement. Accompagnez vos plats de la saveur unique de la ch\u00e2taigne traditionnelle. Pr\u00eates \u00e0 d\u00e9guster. Ouvrir la bo\u00eete et laisser \u00e9goutter soigneusement sur un tamis pour \u00e9viter la casse des ch\u00e2taignes. Id\u00e9al comme accompagnement dans les plats de viande et de volaille et comme ingr\u00e9dient pour pr\u00e9parer des pur\u00e9es, des cr\u00e8mes ou des garnitures. Ch\u00e2taignes au naturel. Convient aux personnes atteintes de maladie c\u0153liaque. Bo\u00eete de conserve. Poids net : 810 g \/ Poids net \u00e9goutt\u00e9 : 530g","og_url":"https:\/\/www.marronglace.com\/fr\/producto\/chataignes-au-naturel-boite-de-conserve-810g\/","og_site_name":"Marron Glac\u00e9","og_image":[{"width":510,"height":510,"url":"https:\/\/www.marronglace.com\/wp-content\/uploads\/2023\/11\/mg-horeca-natural.jpg","type":"image\/jpeg"}],"twitter_card":"summary_large_image","schema":{"@context":"https:\/\/schema.org","@graph":[{"@type":"WebPage","@id":"https:\/\/www.marronglace.com\/fr\/producto\/chataignes-au-naturel-boite-de-conserve-810g\/","url":"https:\/\/www.marronglace.com\/fr\/producto\/chataignes-au-naturel-boite-de-conserve-810g\/","name":"Ch\u00e2taignes au naturel \u2013 Bo\u00eete de conserve 810g - Marron Glac\u00e9","isPartOf":{"@id":"https:\/\/www.marronglace.com\/fr\/#website"},"primaryImageOfPage":{"@id":"https:\/\/www.marronglace.com\/fr\/producto\/chataignes-au-naturel-boite-de-conserve-810g\/#primaryimage"},"image":{"@id":"https:\/\/www.marronglace.com\/fr\/producto\/chataignes-au-naturel-boite-de-conserve-810g\/#primaryimage"},"thumbnailUrl":"https:\/\/www.marronglace.com\/wp-content\/uploads\/2023\/11\/mg-horeca-natural.jpg","datePublished":"2023-11-20T22:09:59+00:00","breadcrumb":{"@id":"https:\/\/www.marronglace.com\/fr\/producto\/chataignes-au-naturel-boite-de-conserve-810g\/#breadcrumb"},"inLanguage":"fr-FR","potentialAction":[{"@type":"ReadAction","target":["https:\/\/www.marronglace.com\/fr\/producto\/chataignes-au-naturel-boite-de-conserve-810g\/"]}]},{"@type":"ImageObject","inLanguage":"fr-FR","@id":"https:\/\/www.marronglace.com\/fr\/producto\/chataignes-au-naturel-boite-de-conserve-810g\/#primaryimage","url":"https:\/\/www.marronglace.com\/wp-content\/uploads\/2023\/11\/mg-horeca-natural.jpg","contentUrl":"https:\/\/www.marronglace.com\/wp-content\/uploads\/2023\/11\/mg-horeca-natural.jpg","width":510,"height":510,"caption":"Casta\u00f1as al natural"},{"@type":"BreadcrumbList","@id":"https:\/\/www.marronglace.com\/fr\/producto\/chataignes-au-naturel-boite-de-conserve-810g\/#breadcrumb","itemListElement":[{"@type":"ListItem","position":1,"name":"Portada","item":"https:\/\/www.marronglace.com\/fr\/"},{"@type":"ListItem","position":2,"name":"Boutique","item":"https:\/\/www.marronglace.com\/fr\/boutique\/"},{"@type":"ListItem","position":3,"name":"Ch\u00e2taignes au naturel \u2013 Bo\u00eete de conserve 810g"}]},{"@type":"WebSite","@id":"https:\/\/www.marronglace.com\/fr\/#website","url":"https:\/\/www.marronglace.com\/fr\/","name":"Marron Glac\u00e9","description":"","publisher":{"@id":"https:\/\/www.marronglace.com\/fr\/#organization"},"potentialAction":[{"@type":"SearchAction","target":{"@type":"EntryPoint","urlTemplate":"https:\/\/www.marronglace.com\/fr\/?s={search_term_string}"},"query-input":{"@type":"PropertyValueSpecification","valueRequired":true,"valueName":"search_term_string"}}],"inLanguage":"fr-FR"},{"@type":"Organization","@id":"https:\/\/www.marronglace.com\/fr\/#organization","name":"Marron Glac\u00e9","url":"https:\/\/www.marronglace.com\/fr\/","logo":{"@type":"ImageObject","inLanguage":"fr-FR","@id":"https:\/\/www.marronglace.com\/fr\/#\/schema\/logo\/image\/","url":"https:\/\/www.marronglace.com\/wp-content\/uploads\/2023\/11\/logo-cuevas-cia-normal.png","contentUrl":"https:\/\/www.marronglace.com\/wp-content\/uploads\/2023\/11\/logo-cuevas-cia-normal.png","width":228,"height":57,"caption":"Marron Glac\u00e9"},"image":{"@id":"https:\/\/www.marronglace.com\/fr\/#\/schema\/logo\/image\/"}}]}},"_links":{"self":[{"href":"https:\/\/www.marronglace.com\/fr\/wp-json\/wp\/v2\/product\/2119","targetHints":{"allow":["GET"]}}],"collection":[{"href":"https:\/\/www.marronglace.com\/fr\/wp-json\/wp\/v2\/product"}],"about":[{"href":"https:\/\/www.marronglace.com\/fr\/wp-json\/wp\/v2\/types\/product"}],"wp:featuredmedia":[{"embeddable":true,"href":"https:\/\/www.marronglace.com\/fr\/wp-json\/wp\/v2\/media\/222"}],"wp:attachment":[{"href":"https:\/\/www.marronglace.com\/fr\/wp-json\/wp\/v2\/media?parent=2119"}],"wp:term":[{"taxonomy":"product_brand","embeddable":true,"href":"https:\/\/www.marronglace.com\/fr\/wp-json\/wp\/v2\/product_brand?post=2119"},{"taxonomy":"product_cat","embeddable":true,"href":"https:\/\/www.marronglace.com\/fr\/wp-json\/wp\/v2\/product_cat?post=2119"},{"taxonomy":"product_tag","embeddable":true,"href":"https:\/\/www.marronglace.com\/fr\/wp-json\/wp\/v2\/product_tag?post=2119"}],"curies":[{"name":"wp","href":"https:\/\/api.w.org\/{rel}","templated":true}]}}