{"id":2121,"date":"2023-11-20T23:42:32","date_gmt":"2023-11-20T22:42:32","guid":{"rendered":"https:\/\/www.marronglace.com\/producto\/marron-glace-24-etuis-de-2-pieces-24x40g\/"},"modified":"2023-11-20T23:42:32","modified_gmt":"2023-11-20T22:42:32","slug":"marron-glace-24-etuis-de-2-pieces-24x40g","status":"publish","type":"product","link":"https:\/\/www.marronglace.com\/fr\/producto\/marron-glace-24-etuis-de-2-pieces-24x40g\/","title":{"rendered":"Marron Glac\u00e9 \u2013 24 \u00e9tuis de 2 pi\u00e8ces. (24x40g)"},"content":{"rendered":"<p><strong>Ingr\u00e9dients :<\/strong><br \/>\nCh\u00e2taigne (57%), sucre, sirop de glucose, ar\u00f4me vanille et conservateur E223 (sulfites).<\/p>\n<p>Conserver dans un endroit frais et sec. Produit sujet au s\u00e9chage. Une fois ouvert, conserver au r\u00e9frig\u00e9rateur. Contient un sachet absorbant l&rsquo;oxyg\u00e8ne, ne pas consommer.<\/p>\n<p><strong>Valeurs nutritionnelles (g\/100g):<\/strong><br \/>\nValeur \u00e9nerg\u00e9tique : 311 Kcal &#8211; 1.322 kJ<br \/>\nMati\u00e8res grasses : 0,2 g (dont satur\u00e9es : 0,0 g)<br \/>\nGlucides : 75 g (dont sucres : 58 g)<br \/>\nFibres alimentaires : 2,8g<br \/>\nProt\u00e9ine : 1,2 g<br \/>\nSel : 0,04g<\/p>\n","protected":false},"excerpt":{"rendered":"<p class=\"entrada\">\u00c0 tout moment, n&rsquo;importe o\u00f9, pour n&rsquo;importe quelle occasion\u2026Savourez lentement un Marron Glac\u00e9 et laissez les ar\u00f4mes de l&rsquo;automne assaillir vos sens.<\/p>\n<p class=\"entrada\">Marron glac\u00e9 emball\u00e9 individuellement, emball\u00e9 sous vide.<br \/>\nConvient aux personnes atteintes de maladie c\u0153liaque.<br \/>\nContient 24 paquets de 2 Marrons Glac\u00e9s. Poids net : 40g<\/p>\n","protected":false},"featured_media":232,"template":"","meta":{"_acf_changed":false},"product_brand":[],"product_cat":[52,50],"product_tag":[],"class_list":{"0":"post-2121","1":"product","2":"type-product","3":"status-publish","4":"has-post-thumbnail","6":"product_cat-horeca-fr","7":"product_cat-marron-glace-fr","8":"description-off","10":"first","11":"instock","12":"taxable","13":"shipping-taxable","14":"purchasable","15":"product-type-simple"},"acf":[],"yoast_head":"<!-- This site is optimized with the Yoast SEO plugin v27.4 - https:\/\/yoast.com\/product\/yoast-seo-wordpress\/ -->\n<title>Marron Glac\u00e9 \u2013 24 \u00e9tuis de 2 pi\u00e8ces. (24x40g) - Marron Glac\u00e9<\/title>\n<meta name=\"robots\" content=\"index, follow, max-snippet:-1, max-image-preview:large, max-video-preview:-1\" \/>\n<link rel=\"canonical\" href=\"https:\/\/www.marronglace.com\/fr\/producto\/marron-glace-24-etuis-de-2-pieces-24x40g\/\" \/>\n<meta property=\"og:locale\" content=\"fr_FR\" \/>\n<meta property=\"og:type\" content=\"article\" \/>\n<meta property=\"og:title\" content=\"Marron Glac\u00e9 \u2013 24 \u00e9tuis de 2 pi\u00e8ces. (24x40g) - Marron Glac\u00e9\" \/>\n<meta property=\"og:description\" content=\"\u00c0 tout moment, n&#039;importe o\u00f9, pour n&#039;importe quelle occasion\u2026Savourez lentement un Marron Glac\u00e9 et laissez les ar\u00f4mes de l&#039;automne assaillir vos sens. Marron glac\u00e9 emball\u00e9 individuellement, emball\u00e9 sous vide. Convient aux personnes atteintes de maladie c\u0153liaque. Contient 24 paquets de 2 Marrons Glac\u00e9s. Poids net : 40g\" \/>\n<meta property=\"og:url\" content=\"https:\/\/www.marronglace.com\/fr\/producto\/marron-glace-24-etuis-de-2-pieces-24x40g\/\" \/>\n<meta property=\"og:site_name\" content=\"Marron Glac\u00e9\" \/>\n<meta property=\"og:image\" content=\"https:\/\/www.marronglace.com\/wp-content\/uploads\/2023\/11\/marron-glace-classic-blister-1.jpg\" \/>\n\t<meta property=\"og:image:width\" content=\"510\" \/>\n\t<meta property=\"og:image:height\" content=\"510\" \/>\n\t<meta property=\"og:image:type\" content=\"image\/jpeg\" \/>\n<meta name=\"twitter:card\" content=\"summary_large_image\" \/>\n<script type=\"application\/ld+json\" class=\"yoast-schema-graph\">{\"@context\":\"https:\\\/\\\/schema.org\",\"@graph\":[{\"@type\":\"WebPage\",\"@id\":\"https:\\\/\\\/www.marronglace.com\\\/fr\\\/producto\\\/marron-glace-24-etuis-de-2-pieces-24x40g\\\/\",\"url\":\"https:\\\/\\\/www.marronglace.com\\\/fr\\\/producto\\\/marron-glace-24-etuis-de-2-pieces-24x40g\\\/\",\"name\":\"Marron Glac\u00e9 \u2013 24 \u00e9tuis de 2 pi\u00e8ces. (24x40g) - Marron Glac\u00e9\",\"isPartOf\":{\"@id\":\"https:\\\/\\\/www.marronglace.com\\\/fr\\\/#website\"},\"primaryImageOfPage\":{\"@id\":\"https:\\\/\\\/www.marronglace.com\\\/fr\\\/producto\\\/marron-glace-24-etuis-de-2-pieces-24x40g\\\/#primaryimage\"},\"image\":{\"@id\":\"https:\\\/\\\/www.marronglace.com\\\/fr\\\/producto\\\/marron-glace-24-etuis-de-2-pieces-24x40g\\\/#primaryimage\"},\"thumbnailUrl\":\"https:\\\/\\\/www.marronglace.com\\\/wp-content\\\/uploads\\\/2023\\\/11\\\/marron-glace-classic-blister-1.jpg\",\"datePublished\":\"2023-11-20T22:42:32+00:00\",\"breadcrumb\":{\"@id\":\"https:\\\/\\\/www.marronglace.com\\\/fr\\\/producto\\\/marron-glace-24-etuis-de-2-pieces-24x40g\\\/#breadcrumb\"},\"inLanguage\":\"fr-FR\",\"potentialAction\":[{\"@type\":\"ReadAction\",\"target\":[\"https:\\\/\\\/www.marronglace.com\\\/fr\\\/producto\\\/marron-glace-24-etuis-de-2-pieces-24x40g\\\/\"]}]},{\"@type\":\"ImageObject\",\"inLanguage\":\"fr-FR\",\"@id\":\"https:\\\/\\\/www.marronglace.com\\\/fr\\\/producto\\\/marron-glace-24-etuis-de-2-pieces-24x40g\\\/#primaryimage\",\"url\":\"https:\\\/\\\/www.marronglace.com\\\/wp-content\\\/uploads\\\/2023\\\/11\\\/marron-glace-classic-blister-1.jpg\",\"contentUrl\":\"https:\\\/\\\/www.marronglace.com\\\/wp-content\\\/uploads\\\/2023\\\/11\\\/marron-glace-classic-blister-1.jpg\",\"width\":510,\"height\":510,\"caption\":\"Marron Glac\u00e9\"},{\"@type\":\"BreadcrumbList\",\"@id\":\"https:\\\/\\\/www.marronglace.com\\\/fr\\\/producto\\\/marron-glace-24-etuis-de-2-pieces-24x40g\\\/#breadcrumb\",\"itemListElement\":[{\"@type\":\"ListItem\",\"position\":1,\"name\":\"Portada\",\"item\":\"https:\\\/\\\/www.marronglace.com\\\/fr\\\/\"},{\"@type\":\"ListItem\",\"position\":2,\"name\":\"Boutique\",\"item\":\"https:\\\/\\\/www.marronglace.com\\\/fr\\\/boutique\\\/\"},{\"@type\":\"ListItem\",\"position\":3,\"name\":\"Marron Glac\u00e9 \u2013 24 \u00e9tuis de 2 pi\u00e8ces. (24x40g)\"}]},{\"@type\":\"WebSite\",\"@id\":\"https:\\\/\\\/www.marronglace.com\\\/fr\\\/#website\",\"url\":\"https:\\\/\\\/www.marronglace.com\\\/fr\\\/\",\"name\":\"Marron Glac\u00e9\",\"description\":\"\",\"publisher\":{\"@id\":\"https:\\\/\\\/www.marronglace.com\\\/fr\\\/#organization\"},\"potentialAction\":[{\"@type\":\"SearchAction\",\"target\":{\"@type\":\"EntryPoint\",\"urlTemplate\":\"https:\\\/\\\/www.marronglace.com\\\/fr\\\/?s={search_term_string}\"},\"query-input\":{\"@type\":\"PropertyValueSpecification\",\"valueRequired\":true,\"valueName\":\"search_term_string\"}}],\"inLanguage\":\"fr-FR\"},{\"@type\":\"Organization\",\"@id\":\"https:\\\/\\\/www.marronglace.com\\\/fr\\\/#organization\",\"name\":\"Marron Glac\u00e9\",\"url\":\"https:\\\/\\\/www.marronglace.com\\\/fr\\\/\",\"logo\":{\"@type\":\"ImageObject\",\"inLanguage\":\"fr-FR\",\"@id\":\"https:\\\/\\\/www.marronglace.com\\\/fr\\\/#\\\/schema\\\/logo\\\/image\\\/\",\"url\":\"https:\\\/\\\/www.marronglace.com\\\/wp-content\\\/uploads\\\/2023\\\/11\\\/logo-cuevas-cia-normal.png\",\"contentUrl\":\"https:\\\/\\\/www.marronglace.com\\\/wp-content\\\/uploads\\\/2023\\\/11\\\/logo-cuevas-cia-normal.png\",\"width\":228,\"height\":57,\"caption\":\"Marron Glac\u00e9\"},\"image\":{\"@id\":\"https:\\\/\\\/www.marronglace.com\\\/fr\\\/#\\\/schema\\\/logo\\\/image\\\/\"}}]}<\/script>\n<!-- \/ Yoast SEO plugin. -->","yoast_head_json":{"title":"Marron Glac\u00e9 \u2013 24 \u00e9tuis de 2 pi\u00e8ces. (24x40g) - Marron Glac\u00e9","robots":{"index":"index","follow":"follow","max-snippet":"max-snippet:-1","max-image-preview":"max-image-preview:large","max-video-preview":"max-video-preview:-1"},"canonical":"https:\/\/www.marronglace.com\/fr\/producto\/marron-glace-24-etuis-de-2-pieces-24x40g\/","og_locale":"fr_FR","og_type":"article","og_title":"Marron Glac\u00e9 \u2013 24 \u00e9tuis de 2 pi\u00e8ces. (24x40g) - Marron Glac\u00e9","og_description":"\u00c0 tout moment, n'importe o\u00f9, pour n'importe quelle occasion\u2026Savourez lentement un Marron Glac\u00e9 et laissez les ar\u00f4mes de l'automne assaillir vos sens. Marron glac\u00e9 emball\u00e9 individuellement, emball\u00e9 sous vide. Convient aux personnes atteintes de maladie c\u0153liaque. Contient 24 paquets de 2 Marrons Glac\u00e9s. Poids net : 40g","og_url":"https:\/\/www.marronglace.com\/fr\/producto\/marron-glace-24-etuis-de-2-pieces-24x40g\/","og_site_name":"Marron Glac\u00e9","og_image":[{"width":510,"height":510,"url":"https:\/\/www.marronglace.com\/wp-content\/uploads\/2023\/11\/marron-glace-classic-blister-1.jpg","type":"image\/jpeg"}],"twitter_card":"summary_large_image","schema":{"@context":"https:\/\/schema.org","@graph":[{"@type":"WebPage","@id":"https:\/\/www.marronglace.com\/fr\/producto\/marron-glace-24-etuis-de-2-pieces-24x40g\/","url":"https:\/\/www.marronglace.com\/fr\/producto\/marron-glace-24-etuis-de-2-pieces-24x40g\/","name":"Marron Glac\u00e9 \u2013 24 \u00e9tuis de 2 pi\u00e8ces. (24x40g) - Marron Glac\u00e9","isPartOf":{"@id":"https:\/\/www.marronglace.com\/fr\/#website"},"primaryImageOfPage":{"@id":"https:\/\/www.marronglace.com\/fr\/producto\/marron-glace-24-etuis-de-2-pieces-24x40g\/#primaryimage"},"image":{"@id":"https:\/\/www.marronglace.com\/fr\/producto\/marron-glace-24-etuis-de-2-pieces-24x40g\/#primaryimage"},"thumbnailUrl":"https:\/\/www.marronglace.com\/wp-content\/uploads\/2023\/11\/marron-glace-classic-blister-1.jpg","datePublished":"2023-11-20T22:42:32+00:00","breadcrumb":{"@id":"https:\/\/www.marronglace.com\/fr\/producto\/marron-glace-24-etuis-de-2-pieces-24x40g\/#breadcrumb"},"inLanguage":"fr-FR","potentialAction":[{"@type":"ReadAction","target":["https:\/\/www.marronglace.com\/fr\/producto\/marron-glace-24-etuis-de-2-pieces-24x40g\/"]}]},{"@type":"ImageObject","inLanguage":"fr-FR","@id":"https:\/\/www.marronglace.com\/fr\/producto\/marron-glace-24-etuis-de-2-pieces-24x40g\/#primaryimage","url":"https:\/\/www.marronglace.com\/wp-content\/uploads\/2023\/11\/marron-glace-classic-blister-1.jpg","contentUrl":"https:\/\/www.marronglace.com\/wp-content\/uploads\/2023\/11\/marron-glace-classic-blister-1.jpg","width":510,"height":510,"caption":"Marron Glac\u00e9"},{"@type":"BreadcrumbList","@id":"https:\/\/www.marronglace.com\/fr\/producto\/marron-glace-24-etuis-de-2-pieces-24x40g\/#breadcrumb","itemListElement":[{"@type":"ListItem","position":1,"name":"Portada","item":"https:\/\/www.marronglace.com\/fr\/"},{"@type":"ListItem","position":2,"name":"Boutique","item":"https:\/\/www.marronglace.com\/fr\/boutique\/"},{"@type":"ListItem","position":3,"name":"Marron Glac\u00e9 \u2013 24 \u00e9tuis de 2 pi\u00e8ces. (24x40g)"}]},{"@type":"WebSite","@id":"https:\/\/www.marronglace.com\/fr\/#website","url":"https:\/\/www.marronglace.com\/fr\/","name":"Marron Glac\u00e9","description":"","publisher":{"@id":"https:\/\/www.marronglace.com\/fr\/#organization"},"potentialAction":[{"@type":"SearchAction","target":{"@type":"EntryPoint","urlTemplate":"https:\/\/www.marronglace.com\/fr\/?s={search_term_string}"},"query-input":{"@type":"PropertyValueSpecification","valueRequired":true,"valueName":"search_term_string"}}],"inLanguage":"fr-FR"},{"@type":"Organization","@id":"https:\/\/www.marronglace.com\/fr\/#organization","name":"Marron Glac\u00e9","url":"https:\/\/www.marronglace.com\/fr\/","logo":{"@type":"ImageObject","inLanguage":"fr-FR","@id":"https:\/\/www.marronglace.com\/fr\/#\/schema\/logo\/image\/","url":"https:\/\/www.marronglace.com\/wp-content\/uploads\/2023\/11\/logo-cuevas-cia-normal.png","contentUrl":"https:\/\/www.marronglace.com\/wp-content\/uploads\/2023\/11\/logo-cuevas-cia-normal.png","width":228,"height":57,"caption":"Marron Glac\u00e9"},"image":{"@id":"https:\/\/www.marronglace.com\/fr\/#\/schema\/logo\/image\/"}}]}},"_links":{"self":[{"href":"https:\/\/www.marronglace.com\/fr\/wp-json\/wp\/v2\/product\/2121","targetHints":{"allow":["GET"]}}],"collection":[{"href":"https:\/\/www.marronglace.com\/fr\/wp-json\/wp\/v2\/product"}],"about":[{"href":"https:\/\/www.marronglace.com\/fr\/wp-json\/wp\/v2\/types\/product"}],"wp:featuredmedia":[{"embeddable":true,"href":"https:\/\/www.marronglace.com\/fr\/wp-json\/wp\/v2\/media\/232"}],"wp:attachment":[{"href":"https:\/\/www.marronglace.com\/fr\/wp-json\/wp\/v2\/media?parent=2121"}],"wp:term":[{"taxonomy":"product_brand","embeddable":true,"href":"https:\/\/www.marronglace.com\/fr\/wp-json\/wp\/v2\/product_brand?post=2121"},{"taxonomy":"product_cat","embeddable":true,"href":"https:\/\/www.marronglace.com\/fr\/wp-json\/wp\/v2\/product_cat?post=2121"},{"taxonomy":"product_tag","embeddable":true,"href":"https:\/\/www.marronglace.com\/fr\/wp-json\/wp\/v2\/product_tag?post=2121"}],"curies":[{"name":"wp","href":"https:\/\/api.w.org\/{rel}","templated":true}]}}