{"id":2124,"date":"2023-11-25T18:50:51","date_gmt":"2023-11-25T17:50:51","guid":{"rendered":"https:\/\/www.marronglace.com\/producto\/marron-confit-dalbum-dense-canette-3500g\/"},"modified":"2023-11-25T18:50:51","modified_gmt":"2023-11-25T17:50:51","slug":"marron-confit-dalbum-dense-canette-3500g","status":"publish","type":"product","link":"https:\/\/www.marronglace.com\/fr\/producto\/marron-confit-dalbum-dense-canette-3500g\/","title":{"rendered":"Marron Confit d&rsquo;Album Dense \u2013 Canette 3500g"},"content":{"rendered":"<p><b>Ingr\u00e9dients<\/b> : Ch\u00e2taigne (57%), sucre, sirop de glucose, eau, ar\u00f4me naturel de vanille et conservateur E233 (<b>sulfites<\/b>)<\/p>\n<p>Sirop dense, sup\u00e9rieur \u00e0 22\u00ba Brix. Tr\u00e8s faible teneur en mati\u00e8res grasses. Tr\u00e8s faible teneur en sel. Conserver dans un endroit frais et sec. Une fois ouvert, conserver au r\u00e9frig\u00e9rateur.<\/p>\n<p><b>Valeurs nutritionnelles (g\/100g):<\/b><br \/>\nValeur \u00e9nerg\u00e9tique : 317 Kcal &#8211; 1 346 kJ.<br \/>\nMati\u00e8res grasses : 0,6 g (dont satur\u00e9es : 0,0 g)<br \/>\nGlucides : 76 g (dont sucres : 63 g)<br \/>\nFibres alimentaires : 2,3 g<br \/>\nProt\u00e9ine : 0,8 g<br \/>\nSel : 0,1 g<\/p>\n","protected":false},"excerpt":{"rendered":"<p class=\"entrada\">Marrons de calibre extra, sp\u00e9ciaux pour la pr\u00e9paration de Marron Glac\u00e9, tartes, glaces, panettones et toutes sortes de desserts.<\/p>\n<p class=\"entrada\">Marron confit au sirop dense.<br \/>\nConvient aux personnes atteintes de maladie c\u0153liaque.<br \/>\nBo\u00eete de conserve. Poids net : 3500 g \/ Poids net \u00e9goutt\u00e9 : 2000g<\/p>\n","protected":false},"featured_media":248,"template":"","meta":{"_acf_changed":false},"product_brand":[],"product_cat":[52],"product_tag":[],"class_list":{"0":"post-2124","1":"product","2":"type-product","3":"status-publish","4":"has-post-thumbnail","6":"product_cat-horeca-fr","7":"description-off","9":"first","10":"instock","11":"taxable","12":"shipping-taxable","13":"purchasable","14":"product-type-simple"},"acf":[],"yoast_head":"<!-- This site is optimized with the Yoast SEO plugin v27.4 - https:\/\/yoast.com\/product\/yoast-seo-wordpress\/ -->\n<title>Marron Confit d&#039;Album Dense \u2013 Canette 3500g - Marron Glac\u00e9<\/title>\n<meta name=\"robots\" content=\"index, follow, max-snippet:-1, max-image-preview:large, max-video-preview:-1\" \/>\n<link rel=\"canonical\" href=\"https:\/\/www.marronglace.com\/fr\/producto\/marron-confit-dalbum-dense-canette-3500g\/\" \/>\n<meta property=\"og:locale\" content=\"fr_FR\" \/>\n<meta property=\"og:type\" content=\"article\" \/>\n<meta property=\"og:title\" content=\"Marron Confit d&#039;Album Dense \u2013 Canette 3500g - Marron Glac\u00e9\" \/>\n<meta property=\"og:description\" content=\"Marrons de calibre extra, sp\u00e9ciaux pour la pr\u00e9paration de Marron Glac\u00e9, tartes, glaces, panettones et toutes sortes de desserts. Marron confit au sirop dense. Convient aux personnes atteintes de maladie c\u0153liaque. Bo\u00eete de conserve. Poids net : 3500 g \/ Poids net \u00e9goutt\u00e9 : 2000g\" \/>\n<meta property=\"og:url\" content=\"https:\/\/www.marronglace.com\/fr\/producto\/marron-confit-dalbum-dense-canette-3500g\/\" \/>\n<meta property=\"og:site_name\" content=\"Marron Glac\u00e9\" \/>\n<meta property=\"og:image\" content=\"https:\/\/www.marronglace.com\/wp-content\/uploads\/2023\/11\/mg-horeca-marron-confitado.png\" \/>\n\t<meta property=\"og:image:width\" content=\"510\" \/>\n\t<meta property=\"og:image:height\" content=\"510\" \/>\n\t<meta property=\"og:image:type\" content=\"image\/png\" \/>\n<meta name=\"twitter:card\" content=\"summary_large_image\" \/>\n<script type=\"application\/ld+json\" class=\"yoast-schema-graph\">{\"@context\":\"https:\\\/\\\/schema.org\",\"@graph\":[{\"@type\":\"WebPage\",\"@id\":\"https:\\\/\\\/www.marronglace.com\\\/fr\\\/producto\\\/marron-confit-dalbum-dense-canette-3500g\\\/\",\"url\":\"https:\\\/\\\/www.marronglace.com\\\/fr\\\/producto\\\/marron-confit-dalbum-dense-canette-3500g\\\/\",\"name\":\"Marron Confit d'Album Dense \u2013 Canette 3500g - Marron Glac\u00e9\",\"isPartOf\":{\"@id\":\"https:\\\/\\\/www.marronglace.com\\\/fr\\\/#website\"},\"primaryImageOfPage\":{\"@id\":\"https:\\\/\\\/www.marronglace.com\\\/fr\\\/producto\\\/marron-confit-dalbum-dense-canette-3500g\\\/#primaryimage\"},\"image\":{\"@id\":\"https:\\\/\\\/www.marronglace.com\\\/fr\\\/producto\\\/marron-confit-dalbum-dense-canette-3500g\\\/#primaryimage\"},\"thumbnailUrl\":\"https:\\\/\\\/www.marronglace.com\\\/wp-content\\\/uploads\\\/2023\\\/11\\\/mg-horeca-marron-confitado.png\",\"datePublished\":\"2023-11-25T17:50:51+00:00\",\"breadcrumb\":{\"@id\":\"https:\\\/\\\/www.marronglace.com\\\/fr\\\/producto\\\/marron-confit-dalbum-dense-canette-3500g\\\/#breadcrumb\"},\"inLanguage\":\"fr-FR\",\"potentialAction\":[{\"@type\":\"ReadAction\",\"target\":[\"https:\\\/\\\/www.marronglace.com\\\/fr\\\/producto\\\/marron-confit-dalbum-dense-canette-3500g\\\/\"]}]},{\"@type\":\"ImageObject\",\"inLanguage\":\"fr-FR\",\"@id\":\"https:\\\/\\\/www.marronglace.com\\\/fr\\\/producto\\\/marron-confit-dalbum-dense-canette-3500g\\\/#primaryimage\",\"url\":\"https:\\\/\\\/www.marronglace.com\\\/wp-content\\\/uploads\\\/2023\\\/11\\\/mg-horeca-marron-confitado.png\",\"contentUrl\":\"https:\\\/\\\/www.marronglace.com\\\/wp-content\\\/uploads\\\/2023\\\/11\\\/mg-horeca-marron-confitado.png\",\"width\":510,\"height\":510},{\"@type\":\"BreadcrumbList\",\"@id\":\"https:\\\/\\\/www.marronglace.com\\\/fr\\\/producto\\\/marron-confit-dalbum-dense-canette-3500g\\\/#breadcrumb\",\"itemListElement\":[{\"@type\":\"ListItem\",\"position\":1,\"name\":\"Portada\",\"item\":\"https:\\\/\\\/www.marronglace.com\\\/fr\\\/\"},{\"@type\":\"ListItem\",\"position\":2,\"name\":\"Boutique\",\"item\":\"https:\\\/\\\/www.marronglace.com\\\/fr\\\/boutique\\\/\"},{\"@type\":\"ListItem\",\"position\":3,\"name\":\"Marron Confit d&#8217;Album Dense \u2013 Canette 3500g\"}]},{\"@type\":\"WebSite\",\"@id\":\"https:\\\/\\\/www.marronglace.com\\\/fr\\\/#website\",\"url\":\"https:\\\/\\\/www.marronglace.com\\\/fr\\\/\",\"name\":\"Marron Glac\u00e9\",\"description\":\"\",\"publisher\":{\"@id\":\"https:\\\/\\\/www.marronglace.com\\\/fr\\\/#organization\"},\"potentialAction\":[{\"@type\":\"SearchAction\",\"target\":{\"@type\":\"EntryPoint\",\"urlTemplate\":\"https:\\\/\\\/www.marronglace.com\\\/fr\\\/?s={search_term_string}\"},\"query-input\":{\"@type\":\"PropertyValueSpecification\",\"valueRequired\":true,\"valueName\":\"search_term_string\"}}],\"inLanguage\":\"fr-FR\"},{\"@type\":\"Organization\",\"@id\":\"https:\\\/\\\/www.marronglace.com\\\/fr\\\/#organization\",\"name\":\"Marron Glac\u00e9\",\"url\":\"https:\\\/\\\/www.marronglace.com\\\/fr\\\/\",\"logo\":{\"@type\":\"ImageObject\",\"inLanguage\":\"fr-FR\",\"@id\":\"https:\\\/\\\/www.marronglace.com\\\/fr\\\/#\\\/schema\\\/logo\\\/image\\\/\",\"url\":\"https:\\\/\\\/www.marronglace.com\\\/wp-content\\\/uploads\\\/2023\\\/11\\\/logo-cuevas-cia-normal.png\",\"contentUrl\":\"https:\\\/\\\/www.marronglace.com\\\/wp-content\\\/uploads\\\/2023\\\/11\\\/logo-cuevas-cia-normal.png\",\"width\":228,\"height\":57,\"caption\":\"Marron Glac\u00e9\"},\"image\":{\"@id\":\"https:\\\/\\\/www.marronglace.com\\\/fr\\\/#\\\/schema\\\/logo\\\/image\\\/\"}}]}<\/script>\n<!-- \/ Yoast SEO plugin. -->","yoast_head_json":{"title":"Marron Confit d'Album Dense \u2013 Canette 3500g - Marron Glac\u00e9","robots":{"index":"index","follow":"follow","max-snippet":"max-snippet:-1","max-image-preview":"max-image-preview:large","max-video-preview":"max-video-preview:-1"},"canonical":"https:\/\/www.marronglace.com\/fr\/producto\/marron-confit-dalbum-dense-canette-3500g\/","og_locale":"fr_FR","og_type":"article","og_title":"Marron Confit d'Album Dense \u2013 Canette 3500g - Marron Glac\u00e9","og_description":"Marrons de calibre extra, sp\u00e9ciaux pour la pr\u00e9paration de Marron Glac\u00e9, tartes, glaces, panettones et toutes sortes de desserts. Marron confit au sirop dense. Convient aux personnes atteintes de maladie c\u0153liaque. Bo\u00eete de conserve. Poids net : 3500 g \/ Poids net \u00e9goutt\u00e9 : 2000g","og_url":"https:\/\/www.marronglace.com\/fr\/producto\/marron-confit-dalbum-dense-canette-3500g\/","og_site_name":"Marron Glac\u00e9","og_image":[{"width":510,"height":510,"url":"https:\/\/www.marronglace.com\/wp-content\/uploads\/2023\/11\/mg-horeca-marron-confitado.png","type":"image\/png"}],"twitter_card":"summary_large_image","schema":{"@context":"https:\/\/schema.org","@graph":[{"@type":"WebPage","@id":"https:\/\/www.marronglace.com\/fr\/producto\/marron-confit-dalbum-dense-canette-3500g\/","url":"https:\/\/www.marronglace.com\/fr\/producto\/marron-confit-dalbum-dense-canette-3500g\/","name":"Marron Confit d'Album Dense \u2013 Canette 3500g - Marron Glac\u00e9","isPartOf":{"@id":"https:\/\/www.marronglace.com\/fr\/#website"},"primaryImageOfPage":{"@id":"https:\/\/www.marronglace.com\/fr\/producto\/marron-confit-dalbum-dense-canette-3500g\/#primaryimage"},"image":{"@id":"https:\/\/www.marronglace.com\/fr\/producto\/marron-confit-dalbum-dense-canette-3500g\/#primaryimage"},"thumbnailUrl":"https:\/\/www.marronglace.com\/wp-content\/uploads\/2023\/11\/mg-horeca-marron-confitado.png","datePublished":"2023-11-25T17:50:51+00:00","breadcrumb":{"@id":"https:\/\/www.marronglace.com\/fr\/producto\/marron-confit-dalbum-dense-canette-3500g\/#breadcrumb"},"inLanguage":"fr-FR","potentialAction":[{"@type":"ReadAction","target":["https:\/\/www.marronglace.com\/fr\/producto\/marron-confit-dalbum-dense-canette-3500g\/"]}]},{"@type":"ImageObject","inLanguage":"fr-FR","@id":"https:\/\/www.marronglace.com\/fr\/producto\/marron-confit-dalbum-dense-canette-3500g\/#primaryimage","url":"https:\/\/www.marronglace.com\/wp-content\/uploads\/2023\/11\/mg-horeca-marron-confitado.png","contentUrl":"https:\/\/www.marronglace.com\/wp-content\/uploads\/2023\/11\/mg-horeca-marron-confitado.png","width":510,"height":510},{"@type":"BreadcrumbList","@id":"https:\/\/www.marronglace.com\/fr\/producto\/marron-confit-dalbum-dense-canette-3500g\/#breadcrumb","itemListElement":[{"@type":"ListItem","position":1,"name":"Portada","item":"https:\/\/www.marronglace.com\/fr\/"},{"@type":"ListItem","position":2,"name":"Boutique","item":"https:\/\/www.marronglace.com\/fr\/boutique\/"},{"@type":"ListItem","position":3,"name":"Marron Confit d&#8217;Album Dense \u2013 Canette 3500g"}]},{"@type":"WebSite","@id":"https:\/\/www.marronglace.com\/fr\/#website","url":"https:\/\/www.marronglace.com\/fr\/","name":"Marron Glac\u00e9","description":"","publisher":{"@id":"https:\/\/www.marronglace.com\/fr\/#organization"},"potentialAction":[{"@type":"SearchAction","target":{"@type":"EntryPoint","urlTemplate":"https:\/\/www.marronglace.com\/fr\/?s={search_term_string}"},"query-input":{"@type":"PropertyValueSpecification","valueRequired":true,"valueName":"search_term_string"}}],"inLanguage":"fr-FR"},{"@type":"Organization","@id":"https:\/\/www.marronglace.com\/fr\/#organization","name":"Marron Glac\u00e9","url":"https:\/\/www.marronglace.com\/fr\/","logo":{"@type":"ImageObject","inLanguage":"fr-FR","@id":"https:\/\/www.marronglace.com\/fr\/#\/schema\/logo\/image\/","url":"https:\/\/www.marronglace.com\/wp-content\/uploads\/2023\/11\/logo-cuevas-cia-normal.png","contentUrl":"https:\/\/www.marronglace.com\/wp-content\/uploads\/2023\/11\/logo-cuevas-cia-normal.png","width":228,"height":57,"caption":"Marron Glac\u00e9"},"image":{"@id":"https:\/\/www.marronglace.com\/fr\/#\/schema\/logo\/image\/"}}]}},"_links":{"self":[{"href":"https:\/\/www.marronglace.com\/fr\/wp-json\/wp\/v2\/product\/2124","targetHints":{"allow":["GET"]}}],"collection":[{"href":"https:\/\/www.marronglace.com\/fr\/wp-json\/wp\/v2\/product"}],"about":[{"href":"https:\/\/www.marronglace.com\/fr\/wp-json\/wp\/v2\/types\/product"}],"wp:featuredmedia":[{"embeddable":true,"href":"https:\/\/www.marronglace.com\/fr\/wp-json\/wp\/v2\/media\/248"}],"wp:attachment":[{"href":"https:\/\/www.marronglace.com\/fr\/wp-json\/wp\/v2\/media?parent=2124"}],"wp:term":[{"taxonomy":"product_brand","embeddable":true,"href":"https:\/\/www.marronglace.com\/fr\/wp-json\/wp\/v2\/product_brand?post=2124"},{"taxonomy":"product_cat","embeddable":true,"href":"https:\/\/www.marronglace.com\/fr\/wp-json\/wp\/v2\/product_cat?post=2124"},{"taxonomy":"product_tag","embeddable":true,"href":"https:\/\/www.marronglace.com\/fr\/wp-json\/wp\/v2\/product_tag?post=2124"}],"curies":[{"name":"wp","href":"https:\/\/api.w.org\/{rel}","templated":true}]}}