{"id":2635,"date":"2024-12-10T11:56:31","date_gmt":"2024-12-10T10:56:31","guid":{"rendered":"https:\/\/www.marronglace.com\/?post_type=product&#038;p=2635"},"modified":"2024-12-10T12:11:00","modified_gmt":"2024-12-10T11:11:00","slug":"garniture-chataignes-horeca","status":"publish","type":"product","link":"https:\/\/www.marronglace.com\/fr\/producto\/garniture-chataignes-horeca\/","title":{"rendered":"Garniture ch\u00e2taignes"},"content":{"rendered":"<p><strong>Ingr\u00e9dients :<\/strong><br \/>\n100% ch\u00e2taignes d\u00e9cortiqu\u00e9es cuites.<\/p>\n<p>Emballage sous vide. Conserver dans un endroit frais et sec. Une fois ouvert, conserver au r\u00e9frig\u00e9rateur. Pr\u00eat \u00e0 consommer.<\/p>\n<p>Chauffer au micro-ondes : ouvrir et verser dans un r\u00e9cipient allant au micro-ondes (750 W, 1 minute).<br \/>\nDans une po\u00eale : faire revenir dans l&rsquo;huile ou dans la sauce d&rsquo;un rago\u00fbt.<\/p>\n<p><strong>Valeurs nutritionnelles (g\/100g):<\/strong><br \/>\nValeur \u00e9nerg\u00e9tique : 172 Kcal &#8211; 726 kJ<br \/>\nMati\u00e8res grasses : 1,5 g (dont satur\u00e9es : 0,0 g)<br \/>\nGlucides : 34 g (dont sucres : 7,7 g)<br \/>\nFibres alimentaires : 5,6 g<br \/>\nProt\u00e9ines : 2,8 g<br \/>\nSel : 0,01g<\/p>\n","protected":false},"excerpt":{"rendered":"<p class=\"entrada\">Utilisez-le comme garniture originale pour vos r\u00f4tis de viande et vos fourrages \u00e0 la volaille. R\u00e9inventez vos plats.<\/p>\n<p class=\"entrada\">Garniture de ch\u00e2taignes.<br \/>\nConvient aux coeliaques et sans conservateurs ni colorants.<br \/>\nSacs, emballage sous vide. Poids net : 1x500g ou 1x1000g<\/p>\n","protected":false},"featured_media":2638,"template":"","meta":{"_acf_changed":false},"product_brand":[],"product_cat":[52],"product_tag":[],"class_list":{"0":"post-2635","1":"product","2":"type-product","3":"status-publish","4":"has-post-thumbnail","6":"product_cat-horeca-fr","7":"description-off","9":"first","10":"instock","11":"taxable","12":"shipping-taxable","13":"purchasable","14":"product-type-variable"},"acf":[],"yoast_head":"<!-- This site is optimized with the Yoast SEO plugin v27.4 - https:\/\/yoast.com\/product\/yoast-seo-wordpress\/ -->\n<title>Garniture ch\u00e2taignes - Marron Glac\u00e9<\/title>\n<meta name=\"robots\" content=\"index, follow, max-snippet:-1, max-image-preview:large, max-video-preview:-1\" \/>\n<link rel=\"canonical\" href=\"https:\/\/www.marronglace.com\/fr\/producto\/garniture-chataignes-horeca\/\" \/>\n<meta property=\"og:locale\" content=\"fr_FR\" \/>\n<meta property=\"og:type\" content=\"article\" \/>\n<meta property=\"og:title\" content=\"Garniture ch\u00e2taignes - Marron Glac\u00e9\" \/>\n<meta property=\"og:description\" content=\"Utilisez-le comme garniture originale pour vos r\u00f4tis de viande et vos fourrages \u00e0 la volaille. R\u00e9inventez vos plats. Garniture de ch\u00e2taignes. Convient aux coeliaques et sans conservateurs ni colorants. Sacs, emballage sous vide. Poids net : 1x500g ou 1x1000g\" \/>\n<meta property=\"og:url\" content=\"https:\/\/www.marronglace.com\/fr\/producto\/garniture-chataignes-horeca\/\" \/>\n<meta property=\"og:site_name\" content=\"Marron Glac\u00e9\" \/>\n<meta property=\"article:modified_time\" content=\"2024-12-10T11:11:00+00:00\" \/>\n<meta property=\"og:image\" content=\"https:\/\/www.marronglace.com\/wp-content\/uploads\/2024\/12\/guarnicion-cuevas-horeca.png\" \/>\n\t<meta property=\"og:image:width\" content=\"510\" \/>\n\t<meta property=\"og:image:height\" content=\"510\" \/>\n\t<meta property=\"og:image:type\" content=\"image\/png\" \/>\n<meta name=\"twitter:card\" content=\"summary_large_image\" \/>\n<meta name=\"twitter:label1\" content=\"Dur\u00e9e de lecture estim\u00e9e\" \/>\n\t<meta name=\"twitter:data1\" content=\"1 minute\" \/>\n<script type=\"application\/ld+json\" class=\"yoast-schema-graph\">{\"@context\":\"https:\\\/\\\/schema.org\",\"@graph\":[{\"@type\":\"WebPage\",\"@id\":\"https:\\\/\\\/www.marronglace.com\\\/fr\\\/producto\\\/garniture-chataignes-horeca\\\/\",\"url\":\"https:\\\/\\\/www.marronglace.com\\\/fr\\\/producto\\\/garniture-chataignes-horeca\\\/\",\"name\":\"Garniture ch\u00e2taignes - Marron Glac\u00e9\",\"isPartOf\":{\"@id\":\"https:\\\/\\\/www.marronglace.com\\\/fr\\\/#website\"},\"primaryImageOfPage\":{\"@id\":\"https:\\\/\\\/www.marronglace.com\\\/fr\\\/producto\\\/garniture-chataignes-horeca\\\/#primaryimage\"},\"image\":{\"@id\":\"https:\\\/\\\/www.marronglace.com\\\/fr\\\/producto\\\/garniture-chataignes-horeca\\\/#primaryimage\"},\"thumbnailUrl\":\"https:\\\/\\\/www.marronglace.com\\\/wp-content\\\/uploads\\\/2024\\\/12\\\/guarnicion-cuevas-horeca.png\",\"datePublished\":\"2024-12-10T10:56:31+00:00\",\"dateModified\":\"2024-12-10T11:11:00+00:00\",\"breadcrumb\":{\"@id\":\"https:\\\/\\\/www.marronglace.com\\\/fr\\\/producto\\\/garniture-chataignes-horeca\\\/#breadcrumb\"},\"inLanguage\":\"fr-FR\",\"potentialAction\":[{\"@type\":\"ReadAction\",\"target\":[\"https:\\\/\\\/www.marronglace.com\\\/fr\\\/producto\\\/garniture-chataignes-horeca\\\/\"]}]},{\"@type\":\"ImageObject\",\"inLanguage\":\"fr-FR\",\"@id\":\"https:\\\/\\\/www.marronglace.com\\\/fr\\\/producto\\\/garniture-chataignes-horeca\\\/#primaryimage\",\"url\":\"https:\\\/\\\/www.marronglace.com\\\/wp-content\\\/uploads\\\/2024\\\/12\\\/guarnicion-cuevas-horeca.png\",\"contentUrl\":\"https:\\\/\\\/www.marronglace.com\\\/wp-content\\\/uploads\\\/2024\\\/12\\\/guarnicion-cuevas-horeca.png\",\"width\":510,\"height\":510},{\"@type\":\"BreadcrumbList\",\"@id\":\"https:\\\/\\\/www.marronglace.com\\\/fr\\\/producto\\\/garniture-chataignes-horeca\\\/#breadcrumb\",\"itemListElement\":[{\"@type\":\"ListItem\",\"position\":1,\"name\":\"Portada\",\"item\":\"https:\\\/\\\/www.marronglace.com\\\/fr\\\/\"},{\"@type\":\"ListItem\",\"position\":2,\"name\":\"Boutique\",\"item\":\"https:\\\/\\\/www.marronglace.com\\\/fr\\\/boutique\\\/\"},{\"@type\":\"ListItem\",\"position\":3,\"name\":\"Garniture ch\u00e2taignes\"}]},{\"@type\":\"WebSite\",\"@id\":\"https:\\\/\\\/www.marronglace.com\\\/fr\\\/#website\",\"url\":\"https:\\\/\\\/www.marronglace.com\\\/fr\\\/\",\"name\":\"Marron Glac\u00e9\",\"description\":\"\",\"publisher\":{\"@id\":\"https:\\\/\\\/www.marronglace.com\\\/fr\\\/#organization\"},\"potentialAction\":[{\"@type\":\"SearchAction\",\"target\":{\"@type\":\"EntryPoint\",\"urlTemplate\":\"https:\\\/\\\/www.marronglace.com\\\/fr\\\/?s={search_term_string}\"},\"query-input\":{\"@type\":\"PropertyValueSpecification\",\"valueRequired\":true,\"valueName\":\"search_term_string\"}}],\"inLanguage\":\"fr-FR\"},{\"@type\":\"Organization\",\"@id\":\"https:\\\/\\\/www.marronglace.com\\\/fr\\\/#organization\",\"name\":\"Marron Glac\u00e9\",\"url\":\"https:\\\/\\\/www.marronglace.com\\\/fr\\\/\",\"logo\":{\"@type\":\"ImageObject\",\"inLanguage\":\"fr-FR\",\"@id\":\"https:\\\/\\\/www.marronglace.com\\\/fr\\\/#\\\/schema\\\/logo\\\/image\\\/\",\"url\":\"https:\\\/\\\/www.marronglace.com\\\/wp-content\\\/uploads\\\/2023\\\/11\\\/logo-cuevas-cia-normal.png\",\"contentUrl\":\"https:\\\/\\\/www.marronglace.com\\\/wp-content\\\/uploads\\\/2023\\\/11\\\/logo-cuevas-cia-normal.png\",\"width\":228,\"height\":57,\"caption\":\"Marron Glac\u00e9\"},\"image\":{\"@id\":\"https:\\\/\\\/www.marronglace.com\\\/fr\\\/#\\\/schema\\\/logo\\\/image\\\/\"}}]}<\/script>\n<!-- \/ Yoast SEO plugin. -->","yoast_head_json":{"title":"Garniture ch\u00e2taignes - Marron Glac\u00e9","robots":{"index":"index","follow":"follow","max-snippet":"max-snippet:-1","max-image-preview":"max-image-preview:large","max-video-preview":"max-video-preview:-1"},"canonical":"https:\/\/www.marronglace.com\/fr\/producto\/garniture-chataignes-horeca\/","og_locale":"fr_FR","og_type":"article","og_title":"Garniture ch\u00e2taignes - Marron Glac\u00e9","og_description":"Utilisez-le comme garniture originale pour vos r\u00f4tis de viande et vos fourrages \u00e0 la volaille. R\u00e9inventez vos plats. Garniture de ch\u00e2taignes. Convient aux coeliaques et sans conservateurs ni colorants. Sacs, emballage sous vide. Poids net : 1x500g ou 1x1000g","og_url":"https:\/\/www.marronglace.com\/fr\/producto\/garniture-chataignes-horeca\/","og_site_name":"Marron Glac\u00e9","article_modified_time":"2024-12-10T11:11:00+00:00","og_image":[{"width":510,"height":510,"url":"https:\/\/www.marronglace.com\/wp-content\/uploads\/2024\/12\/guarnicion-cuevas-horeca.png","type":"image\/png"}],"twitter_card":"summary_large_image","twitter_misc":{"Dur\u00e9e de lecture estim\u00e9e":"1 minute"},"schema":{"@context":"https:\/\/schema.org","@graph":[{"@type":"WebPage","@id":"https:\/\/www.marronglace.com\/fr\/producto\/garniture-chataignes-horeca\/","url":"https:\/\/www.marronglace.com\/fr\/producto\/garniture-chataignes-horeca\/","name":"Garniture ch\u00e2taignes - Marron Glac\u00e9","isPartOf":{"@id":"https:\/\/www.marronglace.com\/fr\/#website"},"primaryImageOfPage":{"@id":"https:\/\/www.marronglace.com\/fr\/producto\/garniture-chataignes-horeca\/#primaryimage"},"image":{"@id":"https:\/\/www.marronglace.com\/fr\/producto\/garniture-chataignes-horeca\/#primaryimage"},"thumbnailUrl":"https:\/\/www.marronglace.com\/wp-content\/uploads\/2024\/12\/guarnicion-cuevas-horeca.png","datePublished":"2024-12-10T10:56:31+00:00","dateModified":"2024-12-10T11:11:00+00:00","breadcrumb":{"@id":"https:\/\/www.marronglace.com\/fr\/producto\/garniture-chataignes-horeca\/#breadcrumb"},"inLanguage":"fr-FR","potentialAction":[{"@type":"ReadAction","target":["https:\/\/www.marronglace.com\/fr\/producto\/garniture-chataignes-horeca\/"]}]},{"@type":"ImageObject","inLanguage":"fr-FR","@id":"https:\/\/www.marronglace.com\/fr\/producto\/garniture-chataignes-horeca\/#primaryimage","url":"https:\/\/www.marronglace.com\/wp-content\/uploads\/2024\/12\/guarnicion-cuevas-horeca.png","contentUrl":"https:\/\/www.marronglace.com\/wp-content\/uploads\/2024\/12\/guarnicion-cuevas-horeca.png","width":510,"height":510},{"@type":"BreadcrumbList","@id":"https:\/\/www.marronglace.com\/fr\/producto\/garniture-chataignes-horeca\/#breadcrumb","itemListElement":[{"@type":"ListItem","position":1,"name":"Portada","item":"https:\/\/www.marronglace.com\/fr\/"},{"@type":"ListItem","position":2,"name":"Boutique","item":"https:\/\/www.marronglace.com\/fr\/boutique\/"},{"@type":"ListItem","position":3,"name":"Garniture ch\u00e2taignes"}]},{"@type":"WebSite","@id":"https:\/\/www.marronglace.com\/fr\/#website","url":"https:\/\/www.marronglace.com\/fr\/","name":"Marron Glac\u00e9","description":"","publisher":{"@id":"https:\/\/www.marronglace.com\/fr\/#organization"},"potentialAction":[{"@type":"SearchAction","target":{"@type":"EntryPoint","urlTemplate":"https:\/\/www.marronglace.com\/fr\/?s={search_term_string}"},"query-input":{"@type":"PropertyValueSpecification","valueRequired":true,"valueName":"search_term_string"}}],"inLanguage":"fr-FR"},{"@type":"Organization","@id":"https:\/\/www.marronglace.com\/fr\/#organization","name":"Marron Glac\u00e9","url":"https:\/\/www.marronglace.com\/fr\/","logo":{"@type":"ImageObject","inLanguage":"fr-FR","@id":"https:\/\/www.marronglace.com\/fr\/#\/schema\/logo\/image\/","url":"https:\/\/www.marronglace.com\/wp-content\/uploads\/2023\/11\/logo-cuevas-cia-normal.png","contentUrl":"https:\/\/www.marronglace.com\/wp-content\/uploads\/2023\/11\/logo-cuevas-cia-normal.png","width":228,"height":57,"caption":"Marron Glac\u00e9"},"image":{"@id":"https:\/\/www.marronglace.com\/fr\/#\/schema\/logo\/image\/"}}]}},"_links":{"self":[{"href":"https:\/\/www.marronglace.com\/fr\/wp-json\/wp\/v2\/product\/2635","targetHints":{"allow":["GET"]}}],"collection":[{"href":"https:\/\/www.marronglace.com\/fr\/wp-json\/wp\/v2\/product"}],"about":[{"href":"https:\/\/www.marronglace.com\/fr\/wp-json\/wp\/v2\/types\/product"}],"wp:featuredmedia":[{"embeddable":true,"href":"https:\/\/www.marronglace.com\/fr\/wp-json\/wp\/v2\/media\/2638"}],"wp:attachment":[{"href":"https:\/\/www.marronglace.com\/fr\/wp-json\/wp\/v2\/media?parent=2635"}],"wp:term":[{"taxonomy":"product_brand","embeddable":true,"href":"https:\/\/www.marronglace.com\/fr\/wp-json\/wp\/v2\/product_brand?post=2635"},{"taxonomy":"product_cat","embeddable":true,"href":"https:\/\/www.marronglace.com\/fr\/wp-json\/wp\/v2\/product_cat?post=2635"},{"taxonomy":"product_tag","embeddable":true,"href":"https:\/\/www.marronglace.com\/fr\/wp-json\/wp\/v2\/product_tag?post=2635"}],"curies":[{"name":"wp","href":"https:\/\/api.w.org\/{rel}","templated":true}]}}