{"id":2662,"date":"2024-12-12T08:58:16","date_gmt":"2024-12-12T07:58:16","guid":{"rendered":"https:\/\/www.marronglace.com\/?post_type=product&#038;p=2662"},"modified":"2024-12-12T11:08:05","modified_gmt":"2024-12-12T10:08:05","slug":"fromage-chevre-marron-glace","status":"publish","type":"product","link":"https:\/\/www.marronglace.com\/fr\/producto\/fromage-chevre-marron-glace\/","title":{"rendered":"Fromage de ch\u00e8vre avec marron glace"},"content":{"rendered":"<p><strong>Ingr\u00e9dients<\/strong>:<br \/>\nLait de ch\u00e8vre pasteuris\u00e9, cr\u00e8me de marron glac\u00e9 (15%) : (marron glac\u00e9 57%, marron 19%, eau et sirop de glucose),<br \/>\nmarrons confits et glac\u00e9s (10%) : (marrons (57%), sucre, sirop de glucose, ar\u00f4me vanille et conservateur E223<br \/>\n(sulfites)), pr\u00e9sure, sel marin, ferments lactiques et conservateur : E-202.<\/p>\n<p>Origine du lait : Espagne.<\/p>\n<p><strong>Valeurs nutritionnelles (g\/100g)<\/strong>:<br \/>\nValeur \u00e9nerg\u00e9tique : 366 Kcal &#8211; 1 525 kJ<br \/>\nMati\u00e8res grasses : 26,0 g (dont satur\u00e9es : 18,0 g)<br \/>\nGlucides : 15 g (dont sucres : 12 g)<br \/>\nFibres alimentaires : 2,8g<br \/>\nSel : 0,38g<\/p>\n","protected":false},"excerpt":{"rendered":"<p>Fromage \u00e0 base de caill\u00e9 de ch\u00e8vre, cr\u00e8me de marron glac\u00e9 et morceaux de marron glac\u00e9. Du sel de mer est ajout\u00e9 et ferments lactiques.<\/p>\n<p>Temp\u00e9rature de stockage entre 4 et 8 \u02daC.<br \/>\nDur\u00e9e de vie utile de 4 mois.<br \/>\nPoids net : 180g<\/p>\n<p>Livraison <strong>uniquement disponible pour les achats dans la p\u00e9ninsule<\/strong>. Pour les achats aux \u00eeles Bal\u00e9ares et dans d\u2019autres pays de l\u2019UE, contactez-nous.<\/p>\n","protected":false},"featured_media":2665,"template":"","meta":{"_acf_changed":false},"product_brand":[],"product_cat":[51],"product_tag":[],"class_list":{"0":"post-2662","1":"product","2":"type-product","3":"status-publish","4":"has-post-thumbnail","6":"product_cat-cuevas-chef-fr","7":"description-off","9":"first","10":"instock","11":"taxable","12":"shipping-taxable","13":"purchasable","14":"product-type-simple"},"acf":[],"yoast_head":"<!-- This site is optimized with the Yoast SEO plugin v27.4 - https:\/\/yoast.com\/product\/yoast-seo-wordpress\/ -->\n<title>Fromage de ch\u00e8vre avec marron glace - Marron Glac\u00e9<\/title>\n<meta name=\"robots\" content=\"index, follow, max-snippet:-1, max-image-preview:large, max-video-preview:-1\" \/>\n<link rel=\"canonical\" href=\"https:\/\/www.marronglace.com\/fr\/producto\/fromage-chevre-marron-glace\/\" \/>\n<meta property=\"og:locale\" content=\"fr_FR\" \/>\n<meta property=\"og:type\" content=\"article\" \/>\n<meta property=\"og:title\" content=\"Fromage de ch\u00e8vre avec marron glace - Marron Glac\u00e9\" \/>\n<meta property=\"og:description\" content=\"Fromage \u00e0 base de caill\u00e9 de ch\u00e8vre, cr\u00e8me de marron glac\u00e9 et morceaux de marron glac\u00e9. Du sel de mer est ajout\u00e9 et ferments lactiques.  Temp\u00e9rature de stockage entre 4 et 8 \u02daC. Dur\u00e9e de vie utile de 4 mois. Poids net : 180g  Livraison uniquement disponible pour les achats dans la p\u00e9ninsule. Pour les achats aux \u00eeles Bal\u00e9ares et dans d\u2019autres pays de l\u2019UE, contactez-nous.\" \/>\n<meta property=\"og:url\" content=\"https:\/\/www.marronglace.com\/fr\/producto\/fromage-chevre-marron-glace\/\" \/>\n<meta property=\"og:site_name\" content=\"Marron Glac\u00e9\" \/>\n<meta property=\"article:modified_time\" content=\"2024-12-12T10:08:05+00:00\" \/>\n<meta property=\"og:image\" content=\"https:\/\/www.marronglace.com\/wp-content\/uploads\/2024\/12\/queso-marron-glace.png\" \/>\n\t<meta property=\"og:image:width\" content=\"510\" \/>\n\t<meta property=\"og:image:height\" content=\"510\" \/>\n\t<meta property=\"og:image:type\" content=\"image\/png\" \/>\n<meta name=\"twitter:card\" content=\"summary_large_image\" \/>\n<meta name=\"twitter:label1\" content=\"Dur\u00e9e de lecture estim\u00e9e\" \/>\n\t<meta name=\"twitter:data1\" content=\"1 minute\" \/>\n<script type=\"application\/ld+json\" class=\"yoast-schema-graph\">{\"@context\":\"https:\\\/\\\/schema.org\",\"@graph\":[{\"@type\":\"WebPage\",\"@id\":\"https:\\\/\\\/www.marronglace.com\\\/fr\\\/producto\\\/fromage-chevre-marron-glace\\\/\",\"url\":\"https:\\\/\\\/www.marronglace.com\\\/fr\\\/producto\\\/fromage-chevre-marron-glace\\\/\",\"name\":\"Fromage de ch\u00e8vre avec marron glace - Marron Glac\u00e9\",\"isPartOf\":{\"@id\":\"https:\\\/\\\/www.marronglace.com\\\/fr\\\/#website\"},\"primaryImageOfPage\":{\"@id\":\"https:\\\/\\\/www.marronglace.com\\\/fr\\\/producto\\\/fromage-chevre-marron-glace\\\/#primaryimage\"},\"image\":{\"@id\":\"https:\\\/\\\/www.marronglace.com\\\/fr\\\/producto\\\/fromage-chevre-marron-glace\\\/#primaryimage\"},\"thumbnailUrl\":\"https:\\\/\\\/www.marronglace.com\\\/wp-content\\\/uploads\\\/2024\\\/12\\\/queso-marron-glace.png\",\"datePublished\":\"2024-12-12T07:58:16+00:00\",\"dateModified\":\"2024-12-12T10:08:05+00:00\",\"breadcrumb\":{\"@id\":\"https:\\\/\\\/www.marronglace.com\\\/fr\\\/producto\\\/fromage-chevre-marron-glace\\\/#breadcrumb\"},\"inLanguage\":\"fr-FR\",\"potentialAction\":[{\"@type\":\"ReadAction\",\"target\":[\"https:\\\/\\\/www.marronglace.com\\\/fr\\\/producto\\\/fromage-chevre-marron-glace\\\/\"]}]},{\"@type\":\"ImageObject\",\"inLanguage\":\"fr-FR\",\"@id\":\"https:\\\/\\\/www.marronglace.com\\\/fr\\\/producto\\\/fromage-chevre-marron-glace\\\/#primaryimage\",\"url\":\"https:\\\/\\\/www.marronglace.com\\\/wp-content\\\/uploads\\\/2024\\\/12\\\/queso-marron-glace.png\",\"contentUrl\":\"https:\\\/\\\/www.marronglace.com\\\/wp-content\\\/uploads\\\/2024\\\/12\\\/queso-marron-glace.png\",\"width\":510,\"height\":510},{\"@type\":\"BreadcrumbList\",\"@id\":\"https:\\\/\\\/www.marronglace.com\\\/fr\\\/producto\\\/fromage-chevre-marron-glace\\\/#breadcrumb\",\"itemListElement\":[{\"@type\":\"ListItem\",\"position\":1,\"name\":\"Portada\",\"item\":\"https:\\\/\\\/www.marronglace.com\\\/fr\\\/\"},{\"@type\":\"ListItem\",\"position\":2,\"name\":\"Boutique\",\"item\":\"https:\\\/\\\/www.marronglace.com\\\/fr\\\/boutique\\\/\"},{\"@type\":\"ListItem\",\"position\":3,\"name\":\"Fromage de ch\u00e8vre avec marron glace\"}]},{\"@type\":\"WebSite\",\"@id\":\"https:\\\/\\\/www.marronglace.com\\\/fr\\\/#website\",\"url\":\"https:\\\/\\\/www.marronglace.com\\\/fr\\\/\",\"name\":\"Marron Glac\u00e9\",\"description\":\"\",\"publisher\":{\"@id\":\"https:\\\/\\\/www.marronglace.com\\\/fr\\\/#organization\"},\"potentialAction\":[{\"@type\":\"SearchAction\",\"target\":{\"@type\":\"EntryPoint\",\"urlTemplate\":\"https:\\\/\\\/www.marronglace.com\\\/fr\\\/?s={search_term_string}\"},\"query-input\":{\"@type\":\"PropertyValueSpecification\",\"valueRequired\":true,\"valueName\":\"search_term_string\"}}],\"inLanguage\":\"fr-FR\"},{\"@type\":\"Organization\",\"@id\":\"https:\\\/\\\/www.marronglace.com\\\/fr\\\/#organization\",\"name\":\"Marron Glac\u00e9\",\"url\":\"https:\\\/\\\/www.marronglace.com\\\/fr\\\/\",\"logo\":{\"@type\":\"ImageObject\",\"inLanguage\":\"fr-FR\",\"@id\":\"https:\\\/\\\/www.marronglace.com\\\/fr\\\/#\\\/schema\\\/logo\\\/image\\\/\",\"url\":\"https:\\\/\\\/www.marronglace.com\\\/wp-content\\\/uploads\\\/2023\\\/11\\\/logo-cuevas-cia-normal.png\",\"contentUrl\":\"https:\\\/\\\/www.marronglace.com\\\/wp-content\\\/uploads\\\/2023\\\/11\\\/logo-cuevas-cia-normal.png\",\"width\":228,\"height\":57,\"caption\":\"Marron Glac\u00e9\"},\"image\":{\"@id\":\"https:\\\/\\\/www.marronglace.com\\\/fr\\\/#\\\/schema\\\/logo\\\/image\\\/\"}}]}<\/script>\n<!-- \/ Yoast SEO plugin. -->","yoast_head_json":{"title":"Fromage de ch\u00e8vre avec marron glace - Marron Glac\u00e9","robots":{"index":"index","follow":"follow","max-snippet":"max-snippet:-1","max-image-preview":"max-image-preview:large","max-video-preview":"max-video-preview:-1"},"canonical":"https:\/\/www.marronglace.com\/fr\/producto\/fromage-chevre-marron-glace\/","og_locale":"fr_FR","og_type":"article","og_title":"Fromage de ch\u00e8vre avec marron glace - Marron Glac\u00e9","og_description":"Fromage \u00e0 base de caill\u00e9 de ch\u00e8vre, cr\u00e8me de marron glac\u00e9 et morceaux de marron glac\u00e9. Du sel de mer est ajout\u00e9 et ferments lactiques.  Temp\u00e9rature de stockage entre 4 et 8 \u02daC. Dur\u00e9e de vie utile de 4 mois. Poids net : 180g  Livraison uniquement disponible pour les achats dans la p\u00e9ninsule. Pour les achats aux \u00eeles Bal\u00e9ares et dans d\u2019autres pays de l\u2019UE, contactez-nous.","og_url":"https:\/\/www.marronglace.com\/fr\/producto\/fromage-chevre-marron-glace\/","og_site_name":"Marron Glac\u00e9","article_modified_time":"2024-12-12T10:08:05+00:00","og_image":[{"width":510,"height":510,"url":"https:\/\/www.marronglace.com\/wp-content\/uploads\/2024\/12\/queso-marron-glace.png","type":"image\/png"}],"twitter_card":"summary_large_image","twitter_misc":{"Dur\u00e9e de lecture estim\u00e9e":"1 minute"},"schema":{"@context":"https:\/\/schema.org","@graph":[{"@type":"WebPage","@id":"https:\/\/www.marronglace.com\/fr\/producto\/fromage-chevre-marron-glace\/","url":"https:\/\/www.marronglace.com\/fr\/producto\/fromage-chevre-marron-glace\/","name":"Fromage de ch\u00e8vre avec marron glace - Marron Glac\u00e9","isPartOf":{"@id":"https:\/\/www.marronglace.com\/fr\/#website"},"primaryImageOfPage":{"@id":"https:\/\/www.marronglace.com\/fr\/producto\/fromage-chevre-marron-glace\/#primaryimage"},"image":{"@id":"https:\/\/www.marronglace.com\/fr\/producto\/fromage-chevre-marron-glace\/#primaryimage"},"thumbnailUrl":"https:\/\/www.marronglace.com\/wp-content\/uploads\/2024\/12\/queso-marron-glace.png","datePublished":"2024-12-12T07:58:16+00:00","dateModified":"2024-12-12T10:08:05+00:00","breadcrumb":{"@id":"https:\/\/www.marronglace.com\/fr\/producto\/fromage-chevre-marron-glace\/#breadcrumb"},"inLanguage":"fr-FR","potentialAction":[{"@type":"ReadAction","target":["https:\/\/www.marronglace.com\/fr\/producto\/fromage-chevre-marron-glace\/"]}]},{"@type":"ImageObject","inLanguage":"fr-FR","@id":"https:\/\/www.marronglace.com\/fr\/producto\/fromage-chevre-marron-glace\/#primaryimage","url":"https:\/\/www.marronglace.com\/wp-content\/uploads\/2024\/12\/queso-marron-glace.png","contentUrl":"https:\/\/www.marronglace.com\/wp-content\/uploads\/2024\/12\/queso-marron-glace.png","width":510,"height":510},{"@type":"BreadcrumbList","@id":"https:\/\/www.marronglace.com\/fr\/producto\/fromage-chevre-marron-glace\/#breadcrumb","itemListElement":[{"@type":"ListItem","position":1,"name":"Portada","item":"https:\/\/www.marronglace.com\/fr\/"},{"@type":"ListItem","position":2,"name":"Boutique","item":"https:\/\/www.marronglace.com\/fr\/boutique\/"},{"@type":"ListItem","position":3,"name":"Fromage de ch\u00e8vre avec marron glace"}]},{"@type":"WebSite","@id":"https:\/\/www.marronglace.com\/fr\/#website","url":"https:\/\/www.marronglace.com\/fr\/","name":"Marron Glac\u00e9","description":"","publisher":{"@id":"https:\/\/www.marronglace.com\/fr\/#organization"},"potentialAction":[{"@type":"SearchAction","target":{"@type":"EntryPoint","urlTemplate":"https:\/\/www.marronglace.com\/fr\/?s={search_term_string}"},"query-input":{"@type":"PropertyValueSpecification","valueRequired":true,"valueName":"search_term_string"}}],"inLanguage":"fr-FR"},{"@type":"Organization","@id":"https:\/\/www.marronglace.com\/fr\/#organization","name":"Marron Glac\u00e9","url":"https:\/\/www.marronglace.com\/fr\/","logo":{"@type":"ImageObject","inLanguage":"fr-FR","@id":"https:\/\/www.marronglace.com\/fr\/#\/schema\/logo\/image\/","url":"https:\/\/www.marronglace.com\/wp-content\/uploads\/2023\/11\/logo-cuevas-cia-normal.png","contentUrl":"https:\/\/www.marronglace.com\/wp-content\/uploads\/2023\/11\/logo-cuevas-cia-normal.png","width":228,"height":57,"caption":"Marron Glac\u00e9"},"image":{"@id":"https:\/\/www.marronglace.com\/fr\/#\/schema\/logo\/image\/"}}]}},"_links":{"self":[{"href":"https:\/\/www.marronglace.com\/fr\/wp-json\/wp\/v2\/product\/2662","targetHints":{"allow":["GET"]}}],"collection":[{"href":"https:\/\/www.marronglace.com\/fr\/wp-json\/wp\/v2\/product"}],"about":[{"href":"https:\/\/www.marronglace.com\/fr\/wp-json\/wp\/v2\/types\/product"}],"wp:featuredmedia":[{"embeddable":true,"href":"https:\/\/www.marronglace.com\/fr\/wp-json\/wp\/v2\/media\/2665"}],"wp:attachment":[{"href":"https:\/\/www.marronglace.com\/fr\/wp-json\/wp\/v2\/media?parent=2662"}],"wp:term":[{"taxonomy":"product_brand","embeddable":true,"href":"https:\/\/www.marronglace.com\/fr\/wp-json\/wp\/v2\/product_brand?post=2662"},{"taxonomy":"product_cat","embeddable":true,"href":"https:\/\/www.marronglace.com\/fr\/wp-json\/wp\/v2\/product_cat?post=2662"},{"taxonomy":"product_tag","embeddable":true,"href":"https:\/\/www.marronglace.com\/fr\/wp-json\/wp\/v2\/product_tag?post=2662"}],"curies":[{"name":"wp","href":"https:\/\/api.w.org\/{rel}","templated":true}]}}