{"id":1980,"date":"2023-11-26T18:07:32","date_gmt":"2023-11-26T17:07:32","guid":{"rendered":"https:\/\/www.marronglace.com\/na-cocina\/"},"modified":"2024-02-08T17:19:11","modified_gmt":"2024-02-08T16:19:11","slug":"na-cocina","status":"publish","type":"page","link":"https:\/\/www.marronglace.com\/gl\/na-cocina\/","title":{"rendered":"Na coci\u00f1a"},"content":{"rendered":"\t\t<div data-elementor-type=\"wp-page\" data-elementor-id=\"1980\" class=\"elementor elementor-1980 elementor-266\" data-elementor-post-type=\"page\">\n\t\t\t\t\t\t<section class=\"elementor-section elementor-top-section elementor-element elementor-element-e2fe833 elementor-section-boxed elementor-section-height-default elementor-section-height-default\" data-id=\"e2fe833\" data-element_type=\"section\" data-e-type=\"section\">\n\t\t\t\t\t\t<div class=\"elementor-container elementor-column-gap-default\">\n\t\t\t\t\t<div class=\"elementor-column elementor-col-50 elementor-top-column elementor-element elementor-element-16bcb47\" data-id=\"16bcb47\" data-element_type=\"column\" data-e-type=\"column\">\n\t\t\t<div class=\"elementor-widget-wrap elementor-element-populated\">\n\t\t\t\t\t\t<div class=\"elementor-element elementor-element-f5a38de elementor-widget elementor-widget-heading\" data-id=\"f5a38de\" data-element_type=\"widget\" data-e-type=\"widget\" data-widget_type=\"heading.default\">\n\t\t\t\t<div class=\"elementor-widget-container\">\n\t\t\t\t\t<h3 class=\"elementor-heading-title elementor-size-default\">O VALOR DO PRODUTO<\/h3>\t\t\t\t<\/div>\n\t\t\t\t<\/div>\n\t\t\t\t<div class=\"elementor-element elementor-element-0dbc8ec elementor-widget elementor-widget-heading\" data-id=\"0dbc8ec\" data-element_type=\"widget\" data-e-type=\"widget\" data-widget_type=\"heading.default\">\n\t\t\t\t<div class=\"elementor-widget-container\">\n\t\t\t\t\t<h2 class=\"elementor-heading-title elementor-size-default\">Na coci\u00f1a<\/h2>\t\t\t\t<\/div>\n\t\t\t\t<\/div>\n\t\t\t\t<div class=\"elementor-element elementor-element-169c97a elementor-widget elementor-widget-text-editor\" data-id=\"169c97a\" data-element_type=\"widget\" data-e-type=\"widget\" data-widget_type=\"text-editor.default\">\n\t\t\t\t<div class=\"elementor-widget-container\">\n\t\t\t\t\t\t\t\t\t<p>Benvido ao noso espazo culinario, onde a casta\u00f1a se converte na estrela das t\u00faas creaci\u00f3ns gastron\u00f3micas! Na coci\u00f1a, este froito vers\u00e1til e nutritivo pr\u00e9stase a unha variedade de pratos deliciosos e reconfortantes na coci\u00f1a.<\/p>\n<p>Desde sopas e guisos ata sobremesas irresistibles, a casta\u00f1a engade o seu sabor \u00fanico e textura cremosa \u00e1s t\u00faas receitas favoritas. Descubre como integrar este tesouro outonal na t\u00faa coci\u00f1a diaria, ou tam\u00e9n en pratos de alta coci\u00f1a e d\u00e9ixate sorprender pola maxia da casta\u00f1a en cada bocado.<\/p>\n<p>Prep\u00e1rate para experimentar unha experiencia culinaria \u00fanica coa ra\u00ed\u00f1a dos froitos de outono!<\/p>\n\t\t\t\t\t\t\t\t<\/div>\n\t\t\t\t<\/div>\n\t\t\t\t\t<\/div>\n\t\t<\/div>\n\t\t\t\t<div class=\"elementor-column elementor-col-50 elementor-top-column elementor-element elementor-element-24b40c1\" data-id=\"24b40c1\" data-element_type=\"column\" data-e-type=\"column\">\n\t\t\t<div class=\"elementor-widget-wrap\">\n\t\t\t\t\t\t\t<\/div>\n\t\t<\/div>\n\t\t\t\t\t<\/div>\n\t\t<\/section>\n\t\t\t\t<section class=\"elementor-section elementor-top-section elementor-element elementor-element-e69ca7f elementor-section-boxed elementor-section-height-default elementor-section-height-default\" data-id=\"e69ca7f\" data-element_type=\"section\" data-e-type=\"section\">\n\t\t\t\t\t\t<div class=\"elementor-container elementor-column-gap-default\">\n\t\t\t\t\t<div class=\"elementor-column elementor-col-33 elementor-top-column elementor-element elementor-element-3053596\" data-id=\"3053596\" data-element_type=\"column\" data-e-type=\"column\">\n\t\t\t<div class=\"elementor-widget-wrap elementor-element-populated\">\n\t\t\t\t\t\t<div class=\"elementor-element elementor-element-e23dafc elementor-invisible elementor-widget elementor-widget-image\" data-id=\"e23dafc\" data-element_type=\"widget\" data-e-type=\"widget\" data-settings=\"{&quot;_animation&quot;:&quot;fadeIn&quot;}\" data-widget_type=\"image.default\">\n\t\t\t\t<div class=\"elementor-widget-container\">\n\t\t\t\t\t\t\t\t\t\t\t\t\t\t\t<img fetchpriority=\"high\" decoding=\"async\" width=\"352\" height=\"224\" src=\"https:\/\/www.marronglace.com\/wp-content\/uploads\/2023\/11\/postre.png\" class=\"attachment-full size-full wp-image-280\" alt=\"Cuevas Chef Postre\" srcset=\"https:\/\/www.marronglace.com\/wp-content\/uploads\/2023\/11\/postre.png 352w, https:\/\/www.marronglace.com\/wp-content\/uploads\/2023\/11\/postre-300x191.png 300w\" sizes=\"(max-width: 352px) 100vw, 352px\" \/>\t\t\t\t\t\t\t\t\t\t\t\t\t\t\t<\/div>\n\t\t\t\t<\/div>\n\t\t\t\t<div class=\"elementor-element elementor-element-b967c74 elementor-widget elementor-widget-heading\" data-id=\"b967c74\" data-element_type=\"widget\" data-e-type=\"widget\" data-widget_type=\"heading.default\">\n\t\t\t\t<div class=\"elementor-widget-container\">\n\t\t\t\t\t<h2 class=\"elementor-heading-title elementor-size-default\">PRATOS DIARIOS CON ACABADOS GOURMET<\/h2>\t\t\t\t<\/div>\n\t\t\t\t<\/div>\n\t\t\t\t<div class=\"elementor-element elementor-element-51fae83 elementor-widget elementor-widget-text-editor\" data-id=\"51fae83\" data-element_type=\"widget\" data-e-type=\"widget\" data-widget_type=\"text-editor.default\">\n\t\t\t\t<div class=\"elementor-widget-container\">\n\t\t\t\t\t\t\t\t\t<p>Imaxinas como ser\u00eda poder contar cun gran xefe de coci\u00f1a como pinche na t\u00faa coci\u00f1a cada d\u00eda da semana?<\/p>\n<p>Aqu\u00ed propo\u00f1\u00e9moste algunhas ideas, o l\u00edmite pono a t\u00faa creatividade.<\/p>\n\t\t\t\t\t\t\t\t<\/div>\n\t\t\t\t<\/div>\n\t\t\t\t<div class=\"elementor-element elementor-element-96c5201 elementor-align-center elementor-widget elementor-widget-button\" data-id=\"96c5201\" data-element_type=\"widget\" data-e-type=\"widget\" data-widget_type=\"button.default\">\n\t\t\t\t<div class=\"elementor-widget-container\">\n\t\t\t\t\t\t\t\t\t<div class=\"elementor-button-wrapper\">\n\t\t\t\t\t<a class=\"elementor-button elementor-button-link elementor-size-md elementor-animation-float\" href=\"https:\/\/www.marronglace.com\/cocina-diaria\/\">\n\t\t\t\t\t\t<span class=\"elementor-button-content-wrapper\">\n\t\t\t\t\t\t\t\t\t<span class=\"elementor-button-text\">COCI\u00d1A NA CASA<\/span>\n\t\t\t\t\t<\/span>\n\t\t\t\t\t<\/a>\n\t\t\t\t<\/div>\n\t\t\t\t\t\t\t\t<\/div>\n\t\t\t\t<\/div>\n\t\t\t\t\t<\/div>\n\t\t<\/div>\n\t\t\t\t<div class=\"elementor-column elementor-col-33 elementor-top-column elementor-element elementor-element-06dcc66\" data-id=\"06dcc66\" data-element_type=\"column\" data-e-type=\"column\">\n\t\t\t<div class=\"elementor-widget-wrap elementor-element-populated\">\n\t\t\t\t\t\t<div class=\"elementor-element elementor-element-0319362 elementor-invisible elementor-widget elementor-widget-image\" data-id=\"0319362\" data-element_type=\"widget\" data-e-type=\"widget\" data-settings=\"{&quot;_animation&quot;:&quot;fadeIn&quot;}\" data-widget_type=\"image.default\">\n\t\t\t\t<div class=\"elementor-widget-container\">\n\t\t\t\t\t\t\t\t\t\t\t\t\t\t\t<img decoding=\"async\" width=\"366\" height=\"224\" src=\"https:\/\/www.marronglace.com\/wp-content\/uploads\/2023\/11\/tosta-foie.png\" class=\"attachment-full size-full wp-image-290\" alt=\"\" srcset=\"https:\/\/www.marronglace.com\/wp-content\/uploads\/2023\/11\/tosta-foie.png 366w, https:\/\/www.marronglace.com\/wp-content\/uploads\/2023\/11\/tosta-foie-300x184.png 300w\" sizes=\"(max-width: 366px) 100vw, 366px\" \/>\t\t\t\t\t\t\t\t\t\t\t\t\t\t\t<\/div>\n\t\t\t\t<\/div>\n\t\t\t\t<div class=\"elementor-element elementor-element-e08d65c elementor-widget elementor-widget-heading\" data-id=\"e08d65c\" data-element_type=\"widget\" data-e-type=\"widget\" data-widget_type=\"heading.default\">\n\t\t\t\t<div class=\"elementor-widget-container\">\n\t\t\t\t\t<h2 class=\"elementor-heading-title elementor-size-default\">O IMPRESCINDIBLE DAS MELLORES RECEITAS<\/h2>\t\t\t\t<\/div>\n\t\t\t\t<\/div>\n\t\t\t\t<div class=\"elementor-element elementor-element-08176bd elementor-widget elementor-widget-text-editor\" data-id=\"08176bd\" data-element_type=\"widget\" data-e-type=\"widget\" data-widget_type=\"text-editor.default\">\n\t\t\t\t<div class=\"elementor-widget-container\">\n\t\t\t\t\t\t\t\t\t<p>As creaci\u00f3ns culinarias m\u00e1is selectas. A exaltaci\u00f3n do sabor do noso froito m\u00e1is consentido: a casta\u00f1a.<\/p>\n<p>Se es profesional, aqu\u00ed che propo\u00f1emos algunhas receitas de mans expertas.<\/p>\n\t\t\t\t\t\t\t\t<\/div>\n\t\t\t\t<\/div>\n\t\t\t\t<div class=\"elementor-element elementor-element-793a5d2 elementor-align-center elementor-widget elementor-widget-button\" data-id=\"793a5d2\" data-element_type=\"widget\" data-e-type=\"widget\" data-widget_type=\"button.default\">\n\t\t\t\t<div class=\"elementor-widget-container\">\n\t\t\t\t\t\t\t\t\t<div class=\"elementor-button-wrapper\">\n\t\t\t\t\t<a class=\"elementor-button elementor-button-link elementor-size-md elementor-animation-float\" href=\"https:\/\/www.marronglace.com\/alta-cocina\/\">\n\t\t\t\t\t\t<span class=\"elementor-button-content-wrapper\">\n\t\t\t\t\t\t\t\t\t<span class=\"elementor-button-text\">ALTA COCI\u00d1A<\/span>\n\t\t\t\t\t<\/span>\n\t\t\t\t\t<\/a>\n\t\t\t\t<\/div>\n\t\t\t\t\t\t\t\t<\/div>\n\t\t\t\t<\/div>\n\t\t\t\t\t<\/div>\n\t\t<\/div>\n\t\t\t\t<div class=\"elementor-column elementor-col-33 elementor-top-column elementor-element elementor-element-b4f5aad\" data-id=\"b4f5aad\" data-element_type=\"column\" data-e-type=\"column\">\n\t\t\t<div class=\"elementor-widget-wrap elementor-element-populated\">\n\t\t\t\t\t\t<div class=\"elementor-element elementor-element-1cb4a6f elementor-invisible elementor-widget elementor-widget-image\" data-id=\"1cb4a6f\" data-element_type=\"widget\" data-e-type=\"widget\" data-settings=\"{&quot;_animation&quot;:&quot;fadeIn&quot;}\" data-widget_type=\"image.default\">\n\t\t\t\t<div class=\"elementor-widget-container\">\n\t\t\t\t\t\t\t\t\t\t\t\t\t\t\t<img decoding=\"async\" width=\"366\" height=\"225\" src=\"https:\/\/www.marronglace.com\/wp-content\/uploads\/2023\/11\/juan-mari-arzak.png\" class=\"attachment-full size-full wp-image-355\" alt=\"\" srcset=\"https:\/\/www.marronglace.com\/wp-content\/uploads\/2023\/11\/juan-mari-arzak.png 366w, https:\/\/www.marronglace.com\/wp-content\/uploads\/2023\/11\/juan-mari-arzak-300x184.png 300w\" sizes=\"(max-width: 366px) 100vw, 366px\" \/>\t\t\t\t\t\t\t\t\t\t\t\t\t\t\t<\/div>\n\t\t\t\t<\/div>\n\t\t\t\t<div class=\"elementor-element elementor-element-aaad960 elementor-widget elementor-widget-heading\" data-id=\"aaad960\" data-element_type=\"widget\" data-e-type=\"widget\" data-widget_type=\"heading.default\">\n\t\t\t\t<div class=\"elementor-widget-container\">\n\t\t\t\t\t<h2 class=\"elementor-heading-title elementor-size-default\">A EXPERIENCIA DAS MANS QUE M\u00c1IS SABEN<\/h2>\t\t\t\t<\/div>\n\t\t\t\t<\/div>\n\t\t\t\t<div class=\"elementor-element elementor-element-86a5b46 elementor-widget elementor-widget-text-editor\" data-id=\"86a5b46\" data-element_type=\"widget\" data-e-type=\"widget\" data-widget_type=\"text-editor.default\">\n\t\t\t\t<div class=\"elementor-widget-container\">\n\t\t\t\t\t\t\t\t\t<p>Encontros concibidos para traballar en favor da promoci\u00f3n e a exaltaci\u00f3n da riqueza da casta\u00f1a.<\/p>\n<p>Un espazo que busca impulsar este froito e o patrimonio gastron\u00f3mico.<\/p>\n\t\t\t\t\t\t\t\t<\/div>\n\t\t\t\t<\/div>\n\t\t\t\t<div class=\"elementor-element elementor-element-b0fe033 elementor-align-center elementor-widget elementor-widget-button\" data-id=\"b0fe033\" data-element_type=\"widget\" data-e-type=\"widget\" data-widget_type=\"button.default\">\n\t\t\t\t<div class=\"elementor-widget-container\">\n\t\t\t\t\t\t\t\t\t<div class=\"elementor-button-wrapper\">\n\t\t\t\t\t<a class=\"elementor-button elementor-button-link elementor-size-md elementor-animation-float\" href=\"https:\/\/www.marronglace.com\/foro-de-la-castana\/\">\n\t\t\t\t\t\t<span class=\"elementor-button-content-wrapper\">\n\t\t\t\t\t\t\t\t\t<span class=\"elementor-button-text\">Foro da casta\u00f1a<\/span>\n\t\t\t\t\t<\/span>\n\t\t\t\t\t<\/a>\n\t\t\t\t<\/div>\n\t\t\t\t\t\t\t\t<\/div>\n\t\t\t\t<\/div>\n\t\t\t\t\t<\/div>\n\t\t<\/div>\n\t\t\t\t\t<\/div>\n\t\t<\/section>\n\t\t\t\t<\/div>\n\t\t","protected":false},"excerpt":{"rendered":"<p>O VALOR DO PRODUTO Na coci\u00f1a Benvido ao noso espazo culinario, onde a casta\u00f1a se converte na estrela das t\u00faas creaci\u00f3ns gastron\u00f3micas! Na coci\u00f1a, este froito vers\u00e1til e nutritivo pr\u00e9stase a unha variedade de pratos deliciosos e reconfortantes na coci\u00f1a. Desde sopas e guisos ata sobremesas irresistibles, a casta\u00f1a engade o seu sabor \u00fanico e&hellip;<\/p>\n","protected":false},"author":3,"featured_media":0,"parent":0,"menu_order":0,"comment_status":"closed","ping_status":"open","template":"","meta":{"_acf_changed":false,"footnotes":""},"class_list":["post-1980","page","type-page","status-publish","hentry"],"acf":[],"yoast_head":"<!-- This site is optimized with the Yoast SEO plugin v27.4 - https:\/\/yoast.com\/product\/yoast-seo-wordpress\/ -->\n<title>Na coci\u00f1a - Marron Glac\u00e9<\/title>\n<meta name=\"robots\" content=\"index, follow, max-snippet:-1, max-image-preview:large, max-video-preview:-1\" \/>\n<link rel=\"canonical\" href=\"https:\/\/www.marronglace.com\/gl\/na-cocina\/\" \/>\n<meta property=\"og:locale\" content=\"gl_ES\" \/>\n<meta property=\"og:type\" content=\"article\" \/>\n<meta property=\"og:title\" content=\"Na coci\u00f1a - Marron Glac\u00e9\" \/>\n<meta property=\"og:description\" content=\"O VALOR DO PRODUTO Na coci\u00f1a Benvido ao noso espazo culinario, onde a casta\u00f1a se converte na estrela das t\u00faas creaci\u00f3ns gastron\u00f3micas! Na coci\u00f1a, este froito vers\u00e1til e nutritivo pr\u00e9stase a unha variedade de pratos deliciosos e reconfortantes na coci\u00f1a. Desde sopas e guisos ata sobremesas irresistibles, a casta\u00f1a engade o seu sabor \u00fanico e&hellip;\" \/>\n<meta property=\"og:url\" content=\"https:\/\/www.marronglace.com\/gl\/na-cocina\/\" \/>\n<meta property=\"og:site_name\" content=\"Marron Glac\u00e9\" \/>\n<meta property=\"article:modified_time\" content=\"2024-02-08T16:19:11+00:00\" \/>\n<meta property=\"og:image\" content=\"https:\/\/www.marronglace.com\/wp-content\/uploads\/2023\/11\/postre.png\" \/>\n<meta name=\"twitter:card\" content=\"summary_large_image\" \/>\n<meta name=\"twitter:label1\" content=\"Tempo de lectura\" \/>\n\t<meta name=\"twitter:data1\" content=\"1 minuto\" \/>\n<script type=\"application\/ld+json\" class=\"yoast-schema-graph\">{\"@context\":\"https:\\\/\\\/schema.org\",\"@graph\":[{\"@type\":\"WebPage\",\"@id\":\"https:\\\/\\\/www.marronglace.com\\\/gl\\\/na-cocina\\\/\",\"url\":\"https:\\\/\\\/www.marronglace.com\\\/gl\\\/na-cocina\\\/\",\"name\":\"Na coci\u00f1a - Marron Glac\u00e9\",\"isPartOf\":{\"@id\":\"https:\\\/\\\/www.marronglace.com\\\/gl\\\/#website\"},\"primaryImageOfPage\":{\"@id\":\"https:\\\/\\\/www.marronglace.com\\\/gl\\\/na-cocina\\\/#primaryimage\"},\"image\":{\"@id\":\"https:\\\/\\\/www.marronglace.com\\\/gl\\\/na-cocina\\\/#primaryimage\"},\"thumbnailUrl\":\"https:\\\/\\\/www.marronglace.com\\\/wp-content\\\/uploads\\\/2023\\\/11\\\/postre.png\",\"datePublished\":\"2023-11-26T17:07:32+00:00\",\"dateModified\":\"2024-02-08T16:19:11+00:00\",\"breadcrumb\":{\"@id\":\"https:\\\/\\\/www.marronglace.com\\\/gl\\\/na-cocina\\\/#breadcrumb\"},\"inLanguage\":\"gl-ES\",\"potentialAction\":[{\"@type\":\"ReadAction\",\"target\":[\"https:\\\/\\\/www.marronglace.com\\\/gl\\\/na-cocina\\\/\"]}]},{\"@type\":\"ImageObject\",\"inLanguage\":\"gl-ES\",\"@id\":\"https:\\\/\\\/www.marronglace.com\\\/gl\\\/na-cocina\\\/#primaryimage\",\"url\":\"https:\\\/\\\/www.marronglace.com\\\/wp-content\\\/uploads\\\/2023\\\/11\\\/postre.png\",\"contentUrl\":\"https:\\\/\\\/www.marronglace.com\\\/wp-content\\\/uploads\\\/2023\\\/11\\\/postre.png\"},{\"@type\":\"BreadcrumbList\",\"@id\":\"https:\\\/\\\/www.marronglace.com\\\/gl\\\/na-cocina\\\/#breadcrumb\",\"itemListElement\":[{\"@type\":\"ListItem\",\"position\":1,\"name\":\"Portada\",\"item\":\"https:\\\/\\\/www.marronglace.com\\\/gl\\\/\"},{\"@type\":\"ListItem\",\"position\":2,\"name\":\"Na coci\u00f1a\"}]},{\"@type\":\"WebSite\",\"@id\":\"https:\\\/\\\/www.marronglace.com\\\/gl\\\/#website\",\"url\":\"https:\\\/\\\/www.marronglace.com\\\/gl\\\/\",\"name\":\"Marron Glac\u00e9\",\"description\":\"\",\"publisher\":{\"@id\":\"https:\\\/\\\/www.marronglace.com\\\/gl\\\/#organization\"},\"potentialAction\":[{\"@type\":\"SearchAction\",\"target\":{\"@type\":\"EntryPoint\",\"urlTemplate\":\"https:\\\/\\\/www.marronglace.com\\\/gl\\\/?s={search_term_string}\"},\"query-input\":{\"@type\":\"PropertyValueSpecification\",\"valueRequired\":true,\"valueName\":\"search_term_string\"}}],\"inLanguage\":\"gl-ES\"},{\"@type\":\"Organization\",\"@id\":\"https:\\\/\\\/www.marronglace.com\\\/gl\\\/#organization\",\"name\":\"Marron Glac\u00e9\",\"url\":\"https:\\\/\\\/www.marronglace.com\\\/gl\\\/\",\"logo\":{\"@type\":\"ImageObject\",\"inLanguage\":\"gl-ES\",\"@id\":\"https:\\\/\\\/www.marronglace.com\\\/gl\\\/#\\\/schema\\\/logo\\\/image\\\/\",\"url\":\"https:\\\/\\\/www.marronglace.com\\\/wp-content\\\/uploads\\\/2023\\\/11\\\/logo-cuevas-cia-normal.png\",\"contentUrl\":\"https:\\\/\\\/www.marronglace.com\\\/wp-content\\\/uploads\\\/2023\\\/11\\\/logo-cuevas-cia-normal.png\",\"width\":228,\"height\":57,\"caption\":\"Marron Glac\u00e9\"},\"image\":{\"@id\":\"https:\\\/\\\/www.marronglace.com\\\/gl\\\/#\\\/schema\\\/logo\\\/image\\\/\"}}]}<\/script>\n<!-- \/ Yoast SEO plugin. -->","yoast_head_json":{"title":"Na coci\u00f1a - Marron Glac\u00e9","robots":{"index":"index","follow":"follow","max-snippet":"max-snippet:-1","max-image-preview":"max-image-preview:large","max-video-preview":"max-video-preview:-1"},"canonical":"https:\/\/www.marronglace.com\/gl\/na-cocina\/","og_locale":"gl_ES","og_type":"article","og_title":"Na coci\u00f1a - Marron Glac\u00e9","og_description":"O VALOR DO PRODUTO Na coci\u00f1a Benvido ao noso espazo culinario, onde a casta\u00f1a se converte na estrela das t\u00faas creaci\u00f3ns gastron\u00f3micas! Na coci\u00f1a, este froito vers\u00e1til e nutritivo pr\u00e9stase a unha variedade de pratos deliciosos e reconfortantes na coci\u00f1a. Desde sopas e guisos ata sobremesas irresistibles, a casta\u00f1a engade o seu sabor \u00fanico e&hellip;","og_url":"https:\/\/www.marronglace.com\/gl\/na-cocina\/","og_site_name":"Marron Glac\u00e9","article_modified_time":"2024-02-08T16:19:11+00:00","og_image":[{"url":"https:\/\/www.marronglace.com\/wp-content\/uploads\/2023\/11\/postre.png","type":"","width":"","height":""}],"twitter_card":"summary_large_image","twitter_misc":{"Tempo de lectura":"1 minuto"},"schema":{"@context":"https:\/\/schema.org","@graph":[{"@type":"WebPage","@id":"https:\/\/www.marronglace.com\/gl\/na-cocina\/","url":"https:\/\/www.marronglace.com\/gl\/na-cocina\/","name":"Na coci\u00f1a - Marron Glac\u00e9","isPartOf":{"@id":"https:\/\/www.marronglace.com\/gl\/#website"},"primaryImageOfPage":{"@id":"https:\/\/www.marronglace.com\/gl\/na-cocina\/#primaryimage"},"image":{"@id":"https:\/\/www.marronglace.com\/gl\/na-cocina\/#primaryimage"},"thumbnailUrl":"https:\/\/www.marronglace.com\/wp-content\/uploads\/2023\/11\/postre.png","datePublished":"2023-11-26T17:07:32+00:00","dateModified":"2024-02-08T16:19:11+00:00","breadcrumb":{"@id":"https:\/\/www.marronglace.com\/gl\/na-cocina\/#breadcrumb"},"inLanguage":"gl-ES","potentialAction":[{"@type":"ReadAction","target":["https:\/\/www.marronglace.com\/gl\/na-cocina\/"]}]},{"@type":"ImageObject","inLanguage":"gl-ES","@id":"https:\/\/www.marronglace.com\/gl\/na-cocina\/#primaryimage","url":"https:\/\/www.marronglace.com\/wp-content\/uploads\/2023\/11\/postre.png","contentUrl":"https:\/\/www.marronglace.com\/wp-content\/uploads\/2023\/11\/postre.png"},{"@type":"BreadcrumbList","@id":"https:\/\/www.marronglace.com\/gl\/na-cocina\/#breadcrumb","itemListElement":[{"@type":"ListItem","position":1,"name":"Portada","item":"https:\/\/www.marronglace.com\/gl\/"},{"@type":"ListItem","position":2,"name":"Na coci\u00f1a"}]},{"@type":"WebSite","@id":"https:\/\/www.marronglace.com\/gl\/#website","url":"https:\/\/www.marronglace.com\/gl\/","name":"Marron Glac\u00e9","description":"","publisher":{"@id":"https:\/\/www.marronglace.com\/gl\/#organization"},"potentialAction":[{"@type":"SearchAction","target":{"@type":"EntryPoint","urlTemplate":"https:\/\/www.marronglace.com\/gl\/?s={search_term_string}"},"query-input":{"@type":"PropertyValueSpecification","valueRequired":true,"valueName":"search_term_string"}}],"inLanguage":"gl-ES"},{"@type":"Organization","@id":"https:\/\/www.marronglace.com\/gl\/#organization","name":"Marron Glac\u00e9","url":"https:\/\/www.marronglace.com\/gl\/","logo":{"@type":"ImageObject","inLanguage":"gl-ES","@id":"https:\/\/www.marronglace.com\/gl\/#\/schema\/logo\/image\/","url":"https:\/\/www.marronglace.com\/wp-content\/uploads\/2023\/11\/logo-cuevas-cia-normal.png","contentUrl":"https:\/\/www.marronglace.com\/wp-content\/uploads\/2023\/11\/logo-cuevas-cia-normal.png","width":228,"height":57,"caption":"Marron Glac\u00e9"},"image":{"@id":"https:\/\/www.marronglace.com\/gl\/#\/schema\/logo\/image\/"}}]}},"_links":{"self":[{"href":"https:\/\/www.marronglace.com\/gl\/wp-json\/wp\/v2\/pages\/1980","targetHints":{"allow":["GET"]}}],"collection":[{"href":"https:\/\/www.marronglace.com\/gl\/wp-json\/wp\/v2\/pages"}],"about":[{"href":"https:\/\/www.marronglace.com\/gl\/wp-json\/wp\/v2\/types\/page"}],"author":[{"embeddable":true,"href":"https:\/\/www.marronglace.com\/gl\/wp-json\/wp\/v2\/users\/3"}],"replies":[{"embeddable":true,"href":"https:\/\/www.marronglace.com\/gl\/wp-json\/wp\/v2\/comments?post=1980"}],"version-history":[{"count":1,"href":"https:\/\/www.marronglace.com\/gl\/wp-json\/wp\/v2\/pages\/1980\/revisions"}],"predecessor-version":[{"id":1981,"href":"https:\/\/www.marronglace.com\/gl\/wp-json\/wp\/v2\/pages\/1980\/revisions\/1981"}],"wp:attachment":[{"href":"https:\/\/www.marronglace.com\/gl\/wp-json\/wp\/v2\/media?parent=1980"}],"curies":[{"name":"wp","href":"https:\/\/api.w.org\/{rel}","templated":true}]}}