{"id":1988,"date":"2023-11-30T01:06:31","date_gmt":"2023-11-30T00:06:31","guid":{"rendered":"https:\/\/www.marronglace.com\/axudas\/"},"modified":"2024-02-08T17:41:15","modified_gmt":"2024-02-08T16:41:15","slug":"axudas","status":"publish","type":"page","link":"https:\/\/www.marronglace.com\/gl\/axudas\/","title":{"rendered":"Axudas"},"content":{"rendered":"\t\t<div data-elementor-type=\"wp-page\" data-elementor-id=\"1988\" class=\"elementor elementor-1988 elementor-1242\" data-elementor-post-type=\"page\">\n\t\t\t\t\t\t<section class=\"elementor-section elementor-top-section elementor-element elementor-element-e2fe833 elementor-section-boxed elementor-section-height-default elementor-section-height-default\" data-id=\"e2fe833\" data-element_type=\"section\" data-e-type=\"section\">\n\t\t\t\t\t\t<div class=\"elementor-container elementor-column-gap-default\">\n\t\t\t\t\t<div class=\"elementor-column elementor-col-100 elementor-top-column elementor-element elementor-element-16bcb47\" data-id=\"16bcb47\" data-element_type=\"column\" data-e-type=\"column\">\n\t\t\t<div class=\"elementor-widget-wrap elementor-element-populated\">\n\t\t\t\t\t\t<div class=\"elementor-element elementor-element-0dbc8ec elementor-widget elementor-widget-heading\" data-id=\"0dbc8ec\" data-element_type=\"widget\" data-e-type=\"widget\" data-widget_type=\"heading.default\">\n\t\t\t\t<div class=\"elementor-widget-container\">\n\t\t\t\t\t<h2 class=\"elementor-heading-title elementor-size-default\">Axudas e proxectos financiados<\/h2>\t\t\t\t<\/div>\n\t\t\t\t<\/div>\n\t\t\t\t\t<\/div>\n\t\t<\/div>\n\t\t\t\t\t<\/div>\n\t\t<\/section>\n\t\t\t\t<section class=\"elementor-section elementor-top-section elementor-element elementor-element-383c54f elementor-section-boxed elementor-section-height-default elementor-section-height-default\" data-id=\"383c54f\" data-element_type=\"section\" data-e-type=\"section\">\n\t\t\t\t\t\t<div class=\"elementor-container elementor-column-gap-default\">\n\t\t\t\t\t<div class=\"elementor-column elementor-col-100 elementor-top-column elementor-element elementor-element-24727e5\" data-id=\"24727e5\" data-element_type=\"column\" data-e-type=\"column\">\n\t\t\t<div class=\"elementor-widget-wrap elementor-element-populated\">\n\t\t\t\t\t\t<div class=\"elementor-element elementor-element-e533dd2 elementor-widget elementor-widget-heading\" data-id=\"e533dd2\" data-element_type=\"widget\" data-e-type=\"widget\" data-widget_type=\"heading.default\">\n\t\t\t\t<div class=\"elementor-widget-container\">\n\t\t\t\t\t<h3 class=\"elementor-heading-title elementor-size-default\">Proxecto de mellora tecnol\u00f3xica do proceso produtivo e da xesti\u00f3n de datos.<\/h3>\t\t\t\t<\/div>\n\t\t\t\t<\/div>\n\t\t\t\t<div class=\"elementor-element elementor-element-943014c elementor-widget elementor-widget-image\" data-id=\"943014c\" data-element_type=\"widget\" data-e-type=\"widget\" data-widget_type=\"image.default\">\n\t\t\t\t<div class=\"elementor-widget-container\">\n\t\t\t\t\t\t\t\t\t\t\t\t\t\t\t<img fetchpriority=\"high\" decoding=\"async\" width=\"520\" height=\"329\" src=\"https:\/\/www.marronglace.com\/wp-content\/uploads\/2023\/11\/cartel-desenvolvemento-rural-2.jpg\" class=\"attachment-full size-full wp-image-1247\" alt=\"\" srcset=\"https:\/\/www.marronglace.com\/wp-content\/uploads\/2023\/11\/cartel-desenvolvemento-rural-2.jpg 520w, https:\/\/www.marronglace.com\/wp-content\/uploads\/2023\/11\/cartel-desenvolvemento-rural-2-300x190.jpg 300w\" sizes=\"(max-width: 520px) 100vw, 520px\" \/>\t\t\t\t\t\t\t\t\t\t\t\t\t\t\t<\/div>\n\t\t\t\t<\/div>\n\t\t\t\t\t<\/div>\n\t\t<\/div>\n\t\t\t\t\t<\/div>\n\t\t<\/section>\n\t\t\t\t<section class=\"elementor-section elementor-top-section elementor-element elementor-element-bb0df1d elementor-section-boxed elementor-section-height-default elementor-section-height-default\" data-id=\"bb0df1d\" data-element_type=\"section\" data-e-type=\"section\">\n\t\t\t\t\t\t<div class=\"elementor-container elementor-column-gap-default\">\n\t\t\t\t\t<div class=\"elementor-column elementor-col-100 elementor-top-column elementor-element elementor-element-59337c1\" data-id=\"59337c1\" data-element_type=\"column\" data-e-type=\"column\">\n\t\t\t<div class=\"elementor-widget-wrap elementor-element-populated\">\n\t\t\t\t\t\t<div class=\"elementor-element elementor-element-38e591b elementor-widget elementor-widget-heading\" data-id=\"38e591b\" data-element_type=\"widget\" data-e-type=\"widget\" data-widget_type=\"heading.default\">\n\t\t\t\t<div class=\"elementor-widget-container\">\n\t\t\t\t\t<h3 class=\"elementor-heading-title elementor-size-default\">Proxecto de melloras tecnol\u00f3xicas do proceso produtivo e da xesti\u00f3n de datos na industria de manipulaci\u00f3n, procesado e envasado de casta\u00f1as.<\/h3>\t\t\t\t<\/div>\n\t\t\t\t<\/div>\n\t\t\t\t<div class=\"elementor-element elementor-element-65d1bc0 elementor-widget elementor-widget-image\" data-id=\"65d1bc0\" data-element_type=\"widget\" data-e-type=\"widget\" data-widget_type=\"image.default\">\n\t\t\t\t<div class=\"elementor-widget-container\">\n\t\t\t\t\t\t\t\t\t\t\t\t\t\t\t<img decoding=\"async\" width=\"520\" height=\"326\" src=\"https:\/\/www.marronglace.com\/wp-content\/uploads\/2023\/11\/cartel-desenvolvemento-rural.jpg\" class=\"attachment-full size-full wp-image-1251\" alt=\"\" srcset=\"https:\/\/www.marronglace.com\/wp-content\/uploads\/2023\/11\/cartel-desenvolvemento-rural.jpg 520w, https:\/\/www.marronglace.com\/wp-content\/uploads\/2023\/11\/cartel-desenvolvemento-rural-300x188.jpg 300w\" sizes=\"(max-width: 520px) 100vw, 520px\" \/>\t\t\t\t\t\t\t\t\t\t\t\t\t\t\t<\/div>\n\t\t\t\t<\/div>\n\t\t\t\t\t<\/div>\n\t\t<\/div>\n\t\t\t\t\t<\/div>\n\t\t<\/section>\n\t\t\t\t<section class=\"elementor-section elementor-top-section elementor-element elementor-element-6b89247 elementor-section-boxed elementor-section-height-default elementor-section-height-default\" data-id=\"6b89247\" data-element_type=\"section\" data-e-type=\"section\">\n\t\t\t\t\t\t<div class=\"elementor-container elementor-column-gap-default\">\n\t\t\t\t\t<div class=\"elementor-column elementor-col-100 elementor-top-column elementor-element elementor-element-a795cac\" data-id=\"a795cac\" data-element_type=\"column\" data-e-type=\"column\">\n\t\t\t<div class=\"elementor-widget-wrap elementor-element-populated\">\n\t\t\t\t\t\t<div class=\"elementor-element elementor-element-fab15c6 elementor-widget elementor-widget-heading\" data-id=\"fab15c6\" data-element_type=\"widget\" data-e-type=\"widget\" data-widget_type=\"heading.default\">\n\t\t\t\t<div class=\"elementor-widget-container\">\n\t\t\t\t\t<h3 class=\"elementor-heading-title elementor-size-default\">Proxecto de melloras tecnol\u00f3xicas do proceso produtivo e da xesti\u00f3n de datos na industria de manipulaci\u00f3n, procesado e envasado de casta\u00f1as.<\/h3>\t\t\t\t<\/div>\n\t\t\t\t<\/div>\n\t\t\t\t<div class=\"elementor-element elementor-element-50cb501 elementor-widget elementor-widget-image\" data-id=\"50cb501\" data-element_type=\"widget\" data-e-type=\"widget\" data-widget_type=\"image.default\">\n\t\t\t\t<div class=\"elementor-widget-container\">\n\t\t\t\t\t\t\t\t\t\t\t\t\t\t\t<img decoding=\"async\" src=\"https:\/\/www.marronglace.com\/wp-content\/uploads\/elementor\/thumbs\/cartel-desenvolvemento-rural2-qg49u2xcopcvg52puvpn8tmzm4vpa80u2qdxpw5upo.jpg\" title=\"cartel-desenvolvemento-rural2\" alt=\"cartel-desenvolvemento-rural2\" loading=\"lazy\" \/>\t\t\t\t\t\t\t\t\t\t\t\t\t\t\t<\/div>\n\t\t\t\t<\/div>\n\t\t\t\t\t<\/div>\n\t\t<\/div>\n\t\t\t\t\t<\/div>\n\t\t<\/section>\n\t\t\t\t<section class=\"elementor-section elementor-top-section elementor-element elementor-element-d78832a elementor-section-boxed elementor-section-height-default elementor-section-height-default\" data-id=\"d78832a\" data-element_type=\"section\" data-e-type=\"section\">\n\t\t\t\t\t\t<div class=\"elementor-container elementor-column-gap-default\">\n\t\t\t\t\t<div class=\"elementor-column elementor-col-100 elementor-top-column elementor-element elementor-element-f42157d\" data-id=\"f42157d\" data-element_type=\"column\" data-e-type=\"column\">\n\t\t\t<div class=\"elementor-widget-wrap elementor-element-populated\">\n\t\t\t\t\t\t<div class=\"elementor-element elementor-element-e767b98 elementor-widget elementor-widget-heading\" data-id=\"e767b98\" data-element_type=\"widget\" data-e-type=\"widget\" data-widget_type=\"heading.default\">\n\t\t\t\t<div class=\"elementor-widget-container\">\n\t\t\t\t\t<h3 class=\"elementor-heading-title elementor-size-default\">CONECTA PEME 2018 NEUROFOOD<\/h3>\t\t\t\t<\/div>\n\t\t\t\t<\/div>\n\t\t\t\t<div class=\"elementor-element elementor-element-0a20733 elementor-widget elementor-widget-text-editor\" data-id=\"0a20733\" data-element_type=\"widget\" data-e-type=\"widget\" data-widget_type=\"text-editor.default\">\n\t\t\t\t<div class=\"elementor-widget-container\">\n\t\t\t\t\t\t\t\t\t<p>Proxecto de I+D cuxo obxectivo fundamental \u00e9 o dese\u00f1o de novos alimentos funcionais orientados a promover un correcto desenvolvemento neurocognitivo no p\u00fablico en xeral e complementos alimenticios capaces de inducir beneficios en casos patol\u00f3xicos.<\/p>\n<p>A nutrici\u00f3n, do mesmo xeito que outros factores ambientais, condiciona o desenvolvemento cerebral e o crecemento do individuo. Deste xeito, determinados nutrientes (os \u00e1cidos graxos insaturados, as vitaminas D e B12 ou o ferro) son fundamentais para un correcto desenvolvemento neurocognitivo, tanto en nenos como adultos. A casta\u00f1a e algunhas especies de fungos comestibles son fonte natural dalg\u00fans destes nutrientes, polo que poden ser interesantes para o dese\u00f1o de novos produtos alimenticios orientados a promover un correcto desenvolvemento neurocognitivo no p\u00fablico en xeral.<\/p>\n<p>Proxecto subvencionado pola Axencia Galega de Innovaci\u00f3n e desenvolto co apoio da Conseller\u00eda de Econom\u00eda, Emprego e Industria da Xunta de Galicia.<\/p>\n<p>Orzamento: Hifas da Terra, SL (310 303,29 \u20ac); Cuevas y C\u00eda., SA e Algamar.<br \/>Subvenci\u00f3n aprobada: Hifas da Terra, SL (186 181.97 \u20ac); Cuevas y C\u00eda., SA e Algamar.<br \/>Proxecto colaborativo: Hifas da Terra, Cuevas y C\u00eda., SA; Algamar, a Fundaci\u00f3n Foltra; Anfaco-Cecopesca; o Centro Tecnol\u00f3xico da Carne e a Universidade de Santiago de Compostela (USC).<\/p>\n\t\t\t\t\t\t\t\t<\/div>\n\t\t\t\t<\/div>\n\t\t\t\t<div class=\"elementor-element elementor-element-9a9b50f elementor-widget elementor-widget-image\" data-id=\"9a9b50f\" data-element_type=\"widget\" data-e-type=\"widget\" data-widget_type=\"image.default\">\n\t\t\t\t<div class=\"elementor-widget-container\">\n\t\t\t\t\t\t\t\t\t\t\t\t\t\t\t<img decoding=\"async\" width=\"520\" height=\"58\" src=\"https:\/\/www.marronglace.com\/wp-content\/uploads\/2023\/11\/logos-feder.jpg\" class=\"attachment-large size-large wp-image-1260\" alt=\"\" srcset=\"https:\/\/www.marronglace.com\/wp-content\/uploads\/2023\/11\/logos-feder.jpg 520w, https:\/\/www.marronglace.com\/wp-content\/uploads\/2023\/11\/logos-feder-300x33.jpg 300w\" sizes=\"(max-width: 520px) 100vw, 520px\" \/>\t\t\t\t\t\t\t\t\t\t\t\t\t\t\t<\/div>\n\t\t\t\t<\/div>\n\t\t\t\t<div class=\"elementor-element elementor-element-392eef4 elementor-widget elementor-widget-text-editor\" data-id=\"392eef4\" data-element_type=\"widget\" data-e-type=\"widget\" data-widget_type=\"text-editor.default\">\n\t\t\t\t<div class=\"elementor-widget-container\">\n\t\t\t\t\t\t\t\t\t<p><b>Concl\u00faese a 1.\u00aa fase do proxecto de I+D Neurofood n.\u00ba IN852A2018\/58 no que participa Cuevas y Compa\u00f1\u00eda, SA con outras empresas e centros galegos.<\/b><\/p>\n<p>O proxecto de I+D Neurofood ten como obxectivo o desenvolvemento de novos alimentos funcionais e complementos nutricionais orientados ao desenvolvemento cognitivo aplicando sinerx\u00edas entre diferentes especies de cogomelos coa casta\u00f1a galega.<\/p>\n<p>Durante a primeira fase do proxecto, Cuevas y Compa\u00f1\u00eda, SA desenvolveu produtos que te\u00f1en como base a casta\u00f1a e extractos de cogomelos proporcionados por Hifas da Terra achegando antioxidantes como ergotioneina e neurotransmisores como o \u00e1cido gamma aminobut\u00edrico (GABA). Estas mol\u00e9culas poden contribu\u00edr ao funcionamento normal do sistema nervioso.<\/p>\n<p>Cuevas y Compa\u00f1\u00eda, SA desenvolveu 30 formulaci\u00f3ns con diferentes ingredientes, nestes momentos est\u00e1n a avaliarse nas formulaci\u00f3ns o contido de gaba e ergotioneina, caracter\u00edsticas sensoriais, estabilidade no tempo e demais procesos de produci\u00f3n para poder avanzar na formulaci\u00f3n do produto.<\/p>\n<p>Unha vez o prototipo\/matriz alimentaria estea aprobado, comezarase coa segunda fase, que consistir\u00e1 en testar o produto desde a Fundaci\u00f3n Foltra mediante a realizaci\u00f3n dun ensaio cl\u00ednico no que se avaliar\u00e1 o impacto dos alimentos funcionais en individuos sans.<\/p>\n<p>Ao finalizar este proxecto, Cuevas y Compa\u00f1\u00eda, SA espera lanzar ao mercado unha gama de alimentos funcionais derivados desta investigaci\u00f3n.<\/p>\n\t\t\t\t\t\t\t\t<\/div>\n\t\t\t\t<\/div>\n\t\t\t\t\t<\/div>\n\t\t<\/div>\n\t\t\t\t\t<\/div>\n\t\t<\/section>\n\t\t\t\t<\/div>\n\t\t","protected":false},"excerpt":{"rendered":"<p>Axudas e proxectos financiados Proxecto de mellora tecnol\u00f3xica do proceso produtivo e da xesti\u00f3n de datos. Proxecto de melloras tecnol\u00f3xicas do proceso produtivo e da xesti\u00f3n de datos na industria de manipulaci\u00f3n, procesado e envasado de casta\u00f1as. Proxecto de melloras tecnol\u00f3xicas do proceso produtivo e da xesti\u00f3n de datos na industria de manipulaci\u00f3n, procesado e&hellip;<\/p>\n","protected":false},"author":3,"featured_media":0,"parent":0,"menu_order":0,"comment_status":"closed","ping_status":"open","template":"","meta":{"_acf_changed":false,"footnotes":""},"class_list":["post-1988","page","type-page","status-publish","hentry"],"acf":[],"yoast_head":"<!-- This site is optimized with the Yoast SEO plugin v27.4 - https:\/\/yoast.com\/product\/yoast-seo-wordpress\/ -->\n<title>Axudas - Marron Glac\u00e9<\/title>\n<meta name=\"robots\" content=\"index, follow, max-snippet:-1, max-image-preview:large, max-video-preview:-1\" \/>\n<link rel=\"canonical\" href=\"https:\/\/www.marronglace.com\/gl\/axudas\/\" \/>\n<meta property=\"og:locale\" content=\"gl_ES\" \/>\n<meta property=\"og:type\" content=\"article\" \/>\n<meta property=\"og:title\" content=\"Axudas - Marron Glac\u00e9\" \/>\n<meta property=\"og:description\" content=\"Axudas e proxectos financiados Proxecto de mellora tecnol\u00f3xica do proceso produtivo e da xesti\u00f3n de datos. Proxecto de melloras tecnol\u00f3xicas do proceso produtivo e da xesti\u00f3n de datos na industria de manipulaci\u00f3n, procesado e envasado de casta\u00f1as. Proxecto de melloras tecnol\u00f3xicas do proceso produtivo e da xesti\u00f3n de datos na industria de manipulaci\u00f3n, procesado e&hellip;\" \/>\n<meta property=\"og:url\" content=\"https:\/\/www.marronglace.com\/gl\/axudas\/\" \/>\n<meta property=\"og:site_name\" content=\"Marron Glac\u00e9\" \/>\n<meta property=\"article:modified_time\" content=\"2024-02-08T16:41:15+00:00\" \/>\n<meta property=\"og:image\" content=\"https:\/\/www.marronglace.com\/wp-content\/uploads\/2023\/11\/cartel-desenvolvemento-rural-2.jpg\" \/>\n<meta name=\"twitter:card\" content=\"summary_large_image\" \/>\n<meta name=\"twitter:label1\" content=\"Tempo de lectura\" \/>\n\t<meta name=\"twitter:data1\" content=\"3 minutos\" \/>\n<script type=\"application\/ld+json\" class=\"yoast-schema-graph\">{\"@context\":\"https:\\\/\\\/schema.org\",\"@graph\":[{\"@type\":\"WebPage\",\"@id\":\"https:\\\/\\\/www.marronglace.com\\\/gl\\\/axudas\\\/\",\"url\":\"https:\\\/\\\/www.marronglace.com\\\/gl\\\/axudas\\\/\",\"name\":\"Axudas - Marron Glac\u00e9\",\"isPartOf\":{\"@id\":\"https:\\\/\\\/www.marronglace.com\\\/gl\\\/#website\"},\"primaryImageOfPage\":{\"@id\":\"https:\\\/\\\/www.marronglace.com\\\/gl\\\/axudas\\\/#primaryimage\"},\"image\":{\"@id\":\"https:\\\/\\\/www.marronglace.com\\\/gl\\\/axudas\\\/#primaryimage\"},\"thumbnailUrl\":\"https:\\\/\\\/www.marronglace.com\\\/wp-content\\\/uploads\\\/2023\\\/11\\\/cartel-desenvolvemento-rural-2.jpg\",\"datePublished\":\"2023-11-30T00:06:31+00:00\",\"dateModified\":\"2024-02-08T16:41:15+00:00\",\"breadcrumb\":{\"@id\":\"https:\\\/\\\/www.marronglace.com\\\/gl\\\/axudas\\\/#breadcrumb\"},\"inLanguage\":\"gl-ES\",\"potentialAction\":[{\"@type\":\"ReadAction\",\"target\":[\"https:\\\/\\\/www.marronglace.com\\\/gl\\\/axudas\\\/\"]}]},{\"@type\":\"ImageObject\",\"inLanguage\":\"gl-ES\",\"@id\":\"https:\\\/\\\/www.marronglace.com\\\/gl\\\/axudas\\\/#primaryimage\",\"url\":\"https:\\\/\\\/www.marronglace.com\\\/wp-content\\\/uploads\\\/2023\\\/11\\\/cartel-desenvolvemento-rural-2.jpg\",\"contentUrl\":\"https:\\\/\\\/www.marronglace.com\\\/wp-content\\\/uploads\\\/2023\\\/11\\\/cartel-desenvolvemento-rural-2.jpg\"},{\"@type\":\"BreadcrumbList\",\"@id\":\"https:\\\/\\\/www.marronglace.com\\\/gl\\\/axudas\\\/#breadcrumb\",\"itemListElement\":[{\"@type\":\"ListItem\",\"position\":1,\"name\":\"Portada\",\"item\":\"https:\\\/\\\/www.marronglace.com\\\/gl\\\/\"},{\"@type\":\"ListItem\",\"position\":2,\"name\":\"Axudas\"}]},{\"@type\":\"WebSite\",\"@id\":\"https:\\\/\\\/www.marronglace.com\\\/gl\\\/#website\",\"url\":\"https:\\\/\\\/www.marronglace.com\\\/gl\\\/\",\"name\":\"Marron Glac\u00e9\",\"description\":\"\",\"publisher\":{\"@id\":\"https:\\\/\\\/www.marronglace.com\\\/gl\\\/#organization\"},\"potentialAction\":[{\"@type\":\"SearchAction\",\"target\":{\"@type\":\"EntryPoint\",\"urlTemplate\":\"https:\\\/\\\/www.marronglace.com\\\/gl\\\/?s={search_term_string}\"},\"query-input\":{\"@type\":\"PropertyValueSpecification\",\"valueRequired\":true,\"valueName\":\"search_term_string\"}}],\"inLanguage\":\"gl-ES\"},{\"@type\":\"Organization\",\"@id\":\"https:\\\/\\\/www.marronglace.com\\\/gl\\\/#organization\",\"name\":\"Marron Glac\u00e9\",\"url\":\"https:\\\/\\\/www.marronglace.com\\\/gl\\\/\",\"logo\":{\"@type\":\"ImageObject\",\"inLanguage\":\"gl-ES\",\"@id\":\"https:\\\/\\\/www.marronglace.com\\\/gl\\\/#\\\/schema\\\/logo\\\/image\\\/\",\"url\":\"https:\\\/\\\/www.marronglace.com\\\/wp-content\\\/uploads\\\/2023\\\/11\\\/logo-cuevas-cia-normal.png\",\"contentUrl\":\"https:\\\/\\\/www.marronglace.com\\\/wp-content\\\/uploads\\\/2023\\\/11\\\/logo-cuevas-cia-normal.png\",\"width\":228,\"height\":57,\"caption\":\"Marron Glac\u00e9\"},\"image\":{\"@id\":\"https:\\\/\\\/www.marronglace.com\\\/gl\\\/#\\\/schema\\\/logo\\\/image\\\/\"}}]}<\/script>\n<!-- \/ Yoast SEO plugin. -->","yoast_head_json":{"title":"Axudas - Marron Glac\u00e9","robots":{"index":"index","follow":"follow","max-snippet":"max-snippet:-1","max-image-preview":"max-image-preview:large","max-video-preview":"max-video-preview:-1"},"canonical":"https:\/\/www.marronglace.com\/gl\/axudas\/","og_locale":"gl_ES","og_type":"article","og_title":"Axudas - Marron Glac\u00e9","og_description":"Axudas e proxectos financiados Proxecto de mellora tecnol\u00f3xica do proceso produtivo e da xesti\u00f3n de datos. Proxecto de melloras tecnol\u00f3xicas do proceso produtivo e da xesti\u00f3n de datos na industria de manipulaci\u00f3n, procesado e envasado de casta\u00f1as. Proxecto de melloras tecnol\u00f3xicas do proceso produtivo e da xesti\u00f3n de datos na industria de manipulaci\u00f3n, procesado e&hellip;","og_url":"https:\/\/www.marronglace.com\/gl\/axudas\/","og_site_name":"Marron Glac\u00e9","article_modified_time":"2024-02-08T16:41:15+00:00","og_image":[{"url":"https:\/\/www.marronglace.com\/wp-content\/uploads\/2023\/11\/cartel-desenvolvemento-rural-2.jpg","type":"","width":"","height":""}],"twitter_card":"summary_large_image","twitter_misc":{"Tempo de lectura":"3 minutos"},"schema":{"@context":"https:\/\/schema.org","@graph":[{"@type":"WebPage","@id":"https:\/\/www.marronglace.com\/gl\/axudas\/","url":"https:\/\/www.marronglace.com\/gl\/axudas\/","name":"Axudas - Marron Glac\u00e9","isPartOf":{"@id":"https:\/\/www.marronglace.com\/gl\/#website"},"primaryImageOfPage":{"@id":"https:\/\/www.marronglace.com\/gl\/axudas\/#primaryimage"},"image":{"@id":"https:\/\/www.marronglace.com\/gl\/axudas\/#primaryimage"},"thumbnailUrl":"https:\/\/www.marronglace.com\/wp-content\/uploads\/2023\/11\/cartel-desenvolvemento-rural-2.jpg","datePublished":"2023-11-30T00:06:31+00:00","dateModified":"2024-02-08T16:41:15+00:00","breadcrumb":{"@id":"https:\/\/www.marronglace.com\/gl\/axudas\/#breadcrumb"},"inLanguage":"gl-ES","potentialAction":[{"@type":"ReadAction","target":["https:\/\/www.marronglace.com\/gl\/axudas\/"]}]},{"@type":"ImageObject","inLanguage":"gl-ES","@id":"https:\/\/www.marronglace.com\/gl\/axudas\/#primaryimage","url":"https:\/\/www.marronglace.com\/wp-content\/uploads\/2023\/11\/cartel-desenvolvemento-rural-2.jpg","contentUrl":"https:\/\/www.marronglace.com\/wp-content\/uploads\/2023\/11\/cartel-desenvolvemento-rural-2.jpg"},{"@type":"BreadcrumbList","@id":"https:\/\/www.marronglace.com\/gl\/axudas\/#breadcrumb","itemListElement":[{"@type":"ListItem","position":1,"name":"Portada","item":"https:\/\/www.marronglace.com\/gl\/"},{"@type":"ListItem","position":2,"name":"Axudas"}]},{"@type":"WebSite","@id":"https:\/\/www.marronglace.com\/gl\/#website","url":"https:\/\/www.marronglace.com\/gl\/","name":"Marron Glac\u00e9","description":"","publisher":{"@id":"https:\/\/www.marronglace.com\/gl\/#organization"},"potentialAction":[{"@type":"SearchAction","target":{"@type":"EntryPoint","urlTemplate":"https:\/\/www.marronglace.com\/gl\/?s={search_term_string}"},"query-input":{"@type":"PropertyValueSpecification","valueRequired":true,"valueName":"search_term_string"}}],"inLanguage":"gl-ES"},{"@type":"Organization","@id":"https:\/\/www.marronglace.com\/gl\/#organization","name":"Marron Glac\u00e9","url":"https:\/\/www.marronglace.com\/gl\/","logo":{"@type":"ImageObject","inLanguage":"gl-ES","@id":"https:\/\/www.marronglace.com\/gl\/#\/schema\/logo\/image\/","url":"https:\/\/www.marronglace.com\/wp-content\/uploads\/2023\/11\/logo-cuevas-cia-normal.png","contentUrl":"https:\/\/www.marronglace.com\/wp-content\/uploads\/2023\/11\/logo-cuevas-cia-normal.png","width":228,"height":57,"caption":"Marron Glac\u00e9"},"image":{"@id":"https:\/\/www.marronglace.com\/gl\/#\/schema\/logo\/image\/"}}]}},"_links":{"self":[{"href":"https:\/\/www.marronglace.com\/gl\/wp-json\/wp\/v2\/pages\/1988","targetHints":{"allow":["GET"]}}],"collection":[{"href":"https:\/\/www.marronglace.com\/gl\/wp-json\/wp\/v2\/pages"}],"about":[{"href":"https:\/\/www.marronglace.com\/gl\/wp-json\/wp\/v2\/types\/page"}],"author":[{"embeddable":true,"href":"https:\/\/www.marronglace.com\/gl\/wp-json\/wp\/v2\/users\/3"}],"replies":[{"embeddable":true,"href":"https:\/\/www.marronglace.com\/gl\/wp-json\/wp\/v2\/comments?post=1988"}],"version-history":[{"count":1,"href":"https:\/\/www.marronglace.com\/gl\/wp-json\/wp\/v2\/pages\/1988\/revisions"}],"predecessor-version":[{"id":1989,"href":"https:\/\/www.marronglace.com\/gl\/wp-json\/wp\/v2\/pages\/1988\/revisions\/1989"}],"wp:attachment":[{"href":"https:\/\/www.marronglace.com\/gl\/wp-json\/wp\/v2\/media?parent=1988"}],"curies":[{"name":"wp","href":"https:\/\/api.w.org\/{rel}","templated":true}]}}