{"id":1996,"date":"2023-11-29T18:52:03","date_gmt":"2023-11-29T17:52:03","guid":{"rendered":"https:\/\/www.marronglace.com\/crepe-con-platano-e-crema-de-marron-glace\/"},"modified":"2024-02-08T17:49:29","modified_gmt":"2024-02-08T16:49:29","slug":"crepe-con-platano-e-crema-de-marron-glace","status":"publish","type":"page","link":"https:\/\/www.marronglace.com\/gl\/crepe-con-platano-e-crema-de-marron-glace\/","title":{"rendered":"Cr\u00eape con pl\u00e1tano e crema de marron glac\u00e9."},"content":{"rendered":"\t\t<div data-elementor-type=\"wp-page\" data-elementor-id=\"1996\" class=\"elementor elementor-1996 elementor-1120\" data-elementor-post-type=\"page\">\n\t\t\t\t\t\t<section class=\"elementor-section elementor-top-section elementor-element elementor-element-e2fe833 elementor-section-boxed elementor-section-height-default elementor-section-height-default\" data-id=\"e2fe833\" data-element_type=\"section\" data-e-type=\"section\">\n\t\t\t\t\t\t<div class=\"elementor-container elementor-column-gap-default\">\n\t\t\t\t\t<div class=\"elementor-column elementor-col-50 elementor-top-column elementor-element elementor-element-16bcb47\" data-id=\"16bcb47\" data-element_type=\"column\" data-e-type=\"column\">\n\t\t\t<div class=\"elementor-widget-wrap elementor-element-populated\">\n\t\t\t\t\t\t<div class=\"elementor-element elementor-element-86af7c2 elementor-align-left elementor-hidden-tablet elementor-hidden-mobile elementor-widget elementor-widget-button\" data-id=\"86af7c2\" data-element_type=\"widget\" data-e-type=\"widget\" data-widget_type=\"button.default\">\n\t\t\t\t<div class=\"elementor-widget-container\">\n\t\t\t\t\t\t\t\t\t<div class=\"elementor-button-wrapper\">\n\t\t\t\t\t<a class=\"elementor-button elementor-button-link elementor-size-sm elementor-animation-grow\" href=\"https:\/\/www.marronglace.com\/gl\/alta-cocina\/\">\n\t\t\t\t\t\t<span class=\"elementor-button-content-wrapper\">\n\t\t\t\t\t\t<span class=\"elementor-button-icon\">\n\t\t\t\t<i aria-hidden=\"true\" class=\" icomoon-the7-font-the7-arrow-29-3\"><\/i>\t\t\t<\/span>\n\t\t\t\t\t\t\t\t\t<span class=\"elementor-button-text\">volver <\/span>\n\t\t\t\t\t<\/span>\n\t\t\t\t\t<\/a>\n\t\t\t\t<\/div>\n\t\t\t\t\t\t\t\t<\/div>\n\t\t\t\t<\/div>\n\t\t\t\t<div class=\"elementor-element elementor-element-f5a38de elementor-widget elementor-widget-heading\" data-id=\"f5a38de\" data-element_type=\"widget\" data-e-type=\"widget\" data-widget_type=\"heading.default\">\n\t\t\t\t<div class=\"elementor-widget-container\">\n\t\t\t\t\t<h3 class=\"elementor-heading-title elementor-size-default\">ALTA COCI\u00d1A<\/h3>\t\t\t\t<\/div>\n\t\t\t\t<\/div>\n\t\t\t\t<div class=\"elementor-element elementor-element-0dbc8ec elementor-widget elementor-widget-heading\" data-id=\"0dbc8ec\" data-element_type=\"widget\" data-e-type=\"widget\" data-widget_type=\"heading.default\">\n\t\t\t\t<div class=\"elementor-widget-container\">\n\t\t\t\t\t<h2 class=\"elementor-heading-title elementor-size-default\">Cr\u00eape con pl\u00e1tano e crema de marron glac\u00e9.<\/h2>\t\t\t\t<\/div>\n\t\t\t\t<\/div>\n\t\t\t\t\t<\/div>\n\t\t<\/div>\n\t\t\t\t<div class=\"elementor-column elementor-col-50 elementor-top-column elementor-element elementor-element-24b40c1 elementor-hidden-tablet\" data-id=\"24b40c1\" data-element_type=\"column\" data-e-type=\"column\">\n\t\t\t<div class=\"elementor-widget-wrap\">\n\t\t\t\t\t\t\t<\/div>\n\t\t<\/div>\n\t\t\t\t\t<\/div>\n\t\t<\/section>\n\t\t\t\t<section class=\"elementor-section elementor-top-section elementor-element elementor-element-e2f4826 elementor-section-boxed elementor-section-height-default elementor-section-height-default\" data-id=\"e2f4826\" data-element_type=\"section\" data-e-type=\"section\">\n\t\t\t\t\t\t<div class=\"elementor-container elementor-column-gap-default\">\n\t\t\t\t\t<div class=\"elementor-column elementor-col-100 elementor-top-column elementor-element elementor-element-9e26324\" data-id=\"9e26324\" data-element_type=\"column\" data-e-type=\"column\">\n\t\t\t<div class=\"elementor-widget-wrap elementor-element-populated\">\n\t\t\t\t\t\t<div class=\"elementor-element elementor-element-0aae439 elementor-widget elementor-widget-image\" data-id=\"0aae439\" data-element_type=\"widget\" data-e-type=\"widget\" data-widget_type=\"image.default\">\n\t\t\t\t<div class=\"elementor-widget-container\">\n\t\t\t\t\t\t\t\t\t\t\t\t\t\t\t<img fetchpriority=\"high\" decoding=\"async\" width=\"940\" height=\"510\" src=\"https:\/\/www.marronglace.com\/wp-content\/uploads\/2023\/11\/filloa.jpg\" class=\"attachment-full size-full wp-image-1153\" alt=\"Crepe con pl\u00e1tano y crema de marron glac\u00e9\" srcset=\"https:\/\/www.marronglace.com\/wp-content\/uploads\/2023\/11\/filloa.jpg 940w, https:\/\/www.marronglace.com\/wp-content\/uploads\/2023\/11\/filloa-300x163.jpg 300w, https:\/\/www.marronglace.com\/wp-content\/uploads\/2023\/11\/filloa-768x417.jpg 768w, https:\/\/www.marronglace.com\/wp-content\/uploads\/2023\/11\/filloa-600x326.jpg 600w\" sizes=\"(max-width: 940px) 100vw, 940px\" \/>\t\t\t\t\t\t\t\t\t\t\t\t\t\t\t<\/div>\n\t\t\t\t<\/div>\n\t\t\t\t<div class=\"elementor-element elementor-element-5d5f0d3 elementor-widget__width-initial elementor-widget elementor-widget-text-editor\" data-id=\"5d5f0d3\" data-element_type=\"widget\" data-e-type=\"widget\" data-widget_type=\"text-editor.default\">\n\t\t\t\t<div class=\"elementor-widget-container\">\n\t\t\t\t\t\t\t\t\t<p>Empezamos cortando o pl\u00e1tano \u00e1 metade e cadr\u00e1molo. Estendemos unha cr\u00eape, unt\u00e1ndoa xenerosamente de crema de marron glac\u00e9. <\/p>\n<p>Colocamos os 2 anacos de pl\u00e1tano encima e enrol\u00e1mola. Cortamos as puntas e tam\u00e9n \u00e1 metade, e obtemos 2 porci\u00f3ns. Engadimos azucre glas e caramelizamos ao gusto.  <\/p>\n<p>Suxesti\u00f3n: \u00e1 preparaci\u00f3n das cr\u00eapes podemos engadirlle un pouco de reladura de laranxa e unhas pingas de ron para conseguir un sabor m\u00e1is persoal.<\/p>\n<p>Para esta receita necesitas a crema de marron glac\u00e9 de Cuevas Chef.<\/p>\n<p>Prato elaborado por Javier Gonz\u00e1lez (Restaurante A Rexidora).<\/p>\n\t\t\t\t\t\t\t\t<\/div>\n\t\t\t\t<\/div>\n\t\t\t\t<div class=\"elementor-element elementor-element-4046b55 elementor-align-left elementor-widget elementor-widget-button\" data-id=\"4046b55\" data-element_type=\"widget\" data-e-type=\"widget\" data-widget_type=\"button.default\">\n\t\t\t\t<div class=\"elementor-widget-container\">\n\t\t\t\t\t\t\t\t\t<div class=\"elementor-button-wrapper\">\n\t\t\t\t\t<a class=\"elementor-button elementor-button-link elementor-size-md elementor-animation-float\" href=\"https:\/\/www.marronglace.com\/producto\/crema-de-marron-glace\/\">\n\t\t\t\t\t\t<span class=\"elementor-button-content-wrapper\">\n\t\t\t\t\t\t\t\t\t<span class=\"elementor-button-text\">Comprar crema de marron glac\u00e9<\/span>\n\t\t\t\t\t<\/span>\n\t\t\t\t\t<\/a>\n\t\t\t\t<\/div>\n\t\t\t\t\t\t\t\t<\/div>\n\t\t\t\t<\/div>\n\t\t\t\t\t<\/div>\n\t\t<\/div>\n\t\t\t\t\t<\/div>\n\t\t<\/section>\n\t\t\t\t<\/div>\n\t\t","protected":false},"excerpt":{"rendered":"<p>volver ALTA COCI\u00d1A Cr\u00eape con pl\u00e1tano e crema de marron glac\u00e9. Empezamos cortando o pl\u00e1tano \u00e1 metade e cadr\u00e1molo. Estendemos unha cr\u00eape, unt\u00e1ndoa xenerosamente de crema de marron glac\u00e9. Colocamos os 2 anacos de pl\u00e1tano encima e enrol\u00e1mola. Cortamos as puntas e tam\u00e9n \u00e1 metade, e obtemos 2 porci\u00f3ns. Engadimos azucre glas e caramelizamos ao&hellip;<\/p>\n","protected":false},"author":3,"featured_media":0,"parent":0,"menu_order":0,"comment_status":"closed","ping_status":"open","template":"","meta":{"_acf_changed":false,"footnotes":""},"class_list":["post-1996","page","type-page","status-publish","hentry"],"acf":[],"yoast_head":"<!-- This site is optimized with the Yoast SEO plugin v27.4 - https:\/\/yoast.com\/product\/yoast-seo-wordpress\/ -->\n<title>Cr\u00eape con pl\u00e1tano e crema de marron glac\u00e9. - Marron Glac\u00e9<\/title>\n<meta name=\"robots\" content=\"index, follow, max-snippet:-1, max-image-preview:large, max-video-preview:-1\" \/>\n<link rel=\"canonical\" href=\"https:\/\/www.marronglace.com\/gl\/crepe-con-platano-e-crema-de-marron-glace\/\" \/>\n<meta property=\"og:locale\" content=\"gl_ES\" \/>\n<meta property=\"og:type\" content=\"article\" \/>\n<meta property=\"og:title\" content=\"Cr\u00eape con pl\u00e1tano e crema de marron glac\u00e9. - Marron Glac\u00e9\" \/>\n<meta property=\"og:description\" content=\"volver ALTA COCI\u00d1A Cr\u00eape con pl\u00e1tano e crema de marron glac\u00e9. Empezamos cortando o pl\u00e1tano \u00e1 metade e cadr\u00e1molo. Estendemos unha cr\u00eape, unt\u00e1ndoa xenerosamente de crema de marron glac\u00e9. Colocamos os 2 anacos de pl\u00e1tano encima e enrol\u00e1mola. Cortamos as puntas e tam\u00e9n \u00e1 metade, e obtemos 2 porci\u00f3ns. Engadimos azucre glas e caramelizamos ao&hellip;\" \/>\n<meta property=\"og:url\" content=\"https:\/\/www.marronglace.com\/gl\/crepe-con-platano-e-crema-de-marron-glace\/\" \/>\n<meta property=\"og:site_name\" content=\"Marron Glac\u00e9\" \/>\n<meta property=\"article:modified_time\" content=\"2024-02-08T16:49:29+00:00\" \/>\n<meta property=\"og:image\" content=\"https:\/\/www.marronglace.com\/wp-content\/uploads\/2023\/11\/filloa.jpg\" \/>\n<meta name=\"twitter:card\" content=\"summary_large_image\" \/>\n<meta name=\"twitter:label1\" content=\"Tempo de lectura\" \/>\n\t<meta name=\"twitter:data1\" content=\"1 minuto\" \/>\n<script type=\"application\/ld+json\" class=\"yoast-schema-graph\">{\"@context\":\"https:\\\/\\\/schema.org\",\"@graph\":[{\"@type\":\"WebPage\",\"@id\":\"https:\\\/\\\/www.marronglace.com\\\/gl\\\/crepe-con-platano-e-crema-de-marron-glace\\\/\",\"url\":\"https:\\\/\\\/www.marronglace.com\\\/gl\\\/crepe-con-platano-e-crema-de-marron-glace\\\/\",\"name\":\"Cr\u00eape con pl\u00e1tano e crema de marron glac\u00e9. - Marron Glac\u00e9\",\"isPartOf\":{\"@id\":\"https:\\\/\\\/www.marronglace.com\\\/gl\\\/#website\"},\"primaryImageOfPage\":{\"@id\":\"https:\\\/\\\/www.marronglace.com\\\/gl\\\/crepe-con-platano-e-crema-de-marron-glace\\\/#primaryimage\"},\"image\":{\"@id\":\"https:\\\/\\\/www.marronglace.com\\\/gl\\\/crepe-con-platano-e-crema-de-marron-glace\\\/#primaryimage\"},\"thumbnailUrl\":\"https:\\\/\\\/www.marronglace.com\\\/wp-content\\\/uploads\\\/2023\\\/11\\\/filloa.jpg\",\"datePublished\":\"2023-11-29T17:52:03+00:00\",\"dateModified\":\"2024-02-08T16:49:29+00:00\",\"breadcrumb\":{\"@id\":\"https:\\\/\\\/www.marronglace.com\\\/gl\\\/crepe-con-platano-e-crema-de-marron-glace\\\/#breadcrumb\"},\"inLanguage\":\"gl-ES\",\"potentialAction\":[{\"@type\":\"ReadAction\",\"target\":[\"https:\\\/\\\/www.marronglace.com\\\/gl\\\/crepe-con-platano-e-crema-de-marron-glace\\\/\"]}]},{\"@type\":\"ImageObject\",\"inLanguage\":\"gl-ES\",\"@id\":\"https:\\\/\\\/www.marronglace.com\\\/gl\\\/crepe-con-platano-e-crema-de-marron-glace\\\/#primaryimage\",\"url\":\"https:\\\/\\\/www.marronglace.com\\\/wp-content\\\/uploads\\\/2023\\\/11\\\/filloa.jpg\",\"contentUrl\":\"https:\\\/\\\/www.marronglace.com\\\/wp-content\\\/uploads\\\/2023\\\/11\\\/filloa.jpg\"},{\"@type\":\"BreadcrumbList\",\"@id\":\"https:\\\/\\\/www.marronglace.com\\\/gl\\\/crepe-con-platano-e-crema-de-marron-glace\\\/#breadcrumb\",\"itemListElement\":[{\"@type\":\"ListItem\",\"position\":1,\"name\":\"Portada\",\"item\":\"https:\\\/\\\/www.marronglace.com\\\/gl\\\/\"},{\"@type\":\"ListItem\",\"position\":2,\"name\":\"Cr\u00eape con pl\u00e1tano e crema de marron glac\u00e9.\"}]},{\"@type\":\"WebSite\",\"@id\":\"https:\\\/\\\/www.marronglace.com\\\/gl\\\/#website\",\"url\":\"https:\\\/\\\/www.marronglace.com\\\/gl\\\/\",\"name\":\"Marron Glac\u00e9\",\"description\":\"\",\"publisher\":{\"@id\":\"https:\\\/\\\/www.marronglace.com\\\/gl\\\/#organization\"},\"potentialAction\":[{\"@type\":\"SearchAction\",\"target\":{\"@type\":\"EntryPoint\",\"urlTemplate\":\"https:\\\/\\\/www.marronglace.com\\\/gl\\\/?s={search_term_string}\"},\"query-input\":{\"@type\":\"PropertyValueSpecification\",\"valueRequired\":true,\"valueName\":\"search_term_string\"}}],\"inLanguage\":\"gl-ES\"},{\"@type\":\"Organization\",\"@id\":\"https:\\\/\\\/www.marronglace.com\\\/gl\\\/#organization\",\"name\":\"Marron Glac\u00e9\",\"url\":\"https:\\\/\\\/www.marronglace.com\\\/gl\\\/\",\"logo\":{\"@type\":\"ImageObject\",\"inLanguage\":\"gl-ES\",\"@id\":\"https:\\\/\\\/www.marronglace.com\\\/gl\\\/#\\\/schema\\\/logo\\\/image\\\/\",\"url\":\"https:\\\/\\\/www.marronglace.com\\\/wp-content\\\/uploads\\\/2023\\\/11\\\/logo-cuevas-cia-normal.png\",\"contentUrl\":\"https:\\\/\\\/www.marronglace.com\\\/wp-content\\\/uploads\\\/2023\\\/11\\\/logo-cuevas-cia-normal.png\",\"width\":228,\"height\":57,\"caption\":\"Marron Glac\u00e9\"},\"image\":{\"@id\":\"https:\\\/\\\/www.marronglace.com\\\/gl\\\/#\\\/schema\\\/logo\\\/image\\\/\"}}]}<\/script>\n<!-- \/ Yoast SEO plugin. -->","yoast_head_json":{"title":"Cr\u00eape con pl\u00e1tano e crema de marron glac\u00e9. - Marron Glac\u00e9","robots":{"index":"index","follow":"follow","max-snippet":"max-snippet:-1","max-image-preview":"max-image-preview:large","max-video-preview":"max-video-preview:-1"},"canonical":"https:\/\/www.marronglace.com\/gl\/crepe-con-platano-e-crema-de-marron-glace\/","og_locale":"gl_ES","og_type":"article","og_title":"Cr\u00eape con pl\u00e1tano e crema de marron glac\u00e9. - Marron Glac\u00e9","og_description":"volver ALTA COCI\u00d1A Cr\u00eape con pl\u00e1tano e crema de marron glac\u00e9. Empezamos cortando o pl\u00e1tano \u00e1 metade e cadr\u00e1molo. Estendemos unha cr\u00eape, unt\u00e1ndoa xenerosamente de crema de marron glac\u00e9. Colocamos os 2 anacos de pl\u00e1tano encima e enrol\u00e1mola. Cortamos as puntas e tam\u00e9n \u00e1 metade, e obtemos 2 porci\u00f3ns. Engadimos azucre glas e caramelizamos ao&hellip;","og_url":"https:\/\/www.marronglace.com\/gl\/crepe-con-platano-e-crema-de-marron-glace\/","og_site_name":"Marron Glac\u00e9","article_modified_time":"2024-02-08T16:49:29+00:00","og_image":[{"url":"https:\/\/www.marronglace.com\/wp-content\/uploads\/2023\/11\/filloa.jpg","type":"","width":"","height":""}],"twitter_card":"summary_large_image","twitter_misc":{"Tempo de lectura":"1 minuto"},"schema":{"@context":"https:\/\/schema.org","@graph":[{"@type":"WebPage","@id":"https:\/\/www.marronglace.com\/gl\/crepe-con-platano-e-crema-de-marron-glace\/","url":"https:\/\/www.marronglace.com\/gl\/crepe-con-platano-e-crema-de-marron-glace\/","name":"Cr\u00eape con pl\u00e1tano e crema de marron glac\u00e9. - Marron Glac\u00e9","isPartOf":{"@id":"https:\/\/www.marronglace.com\/gl\/#website"},"primaryImageOfPage":{"@id":"https:\/\/www.marronglace.com\/gl\/crepe-con-platano-e-crema-de-marron-glace\/#primaryimage"},"image":{"@id":"https:\/\/www.marronglace.com\/gl\/crepe-con-platano-e-crema-de-marron-glace\/#primaryimage"},"thumbnailUrl":"https:\/\/www.marronglace.com\/wp-content\/uploads\/2023\/11\/filloa.jpg","datePublished":"2023-11-29T17:52:03+00:00","dateModified":"2024-02-08T16:49:29+00:00","breadcrumb":{"@id":"https:\/\/www.marronglace.com\/gl\/crepe-con-platano-e-crema-de-marron-glace\/#breadcrumb"},"inLanguage":"gl-ES","potentialAction":[{"@type":"ReadAction","target":["https:\/\/www.marronglace.com\/gl\/crepe-con-platano-e-crema-de-marron-glace\/"]}]},{"@type":"ImageObject","inLanguage":"gl-ES","@id":"https:\/\/www.marronglace.com\/gl\/crepe-con-platano-e-crema-de-marron-glace\/#primaryimage","url":"https:\/\/www.marronglace.com\/wp-content\/uploads\/2023\/11\/filloa.jpg","contentUrl":"https:\/\/www.marronglace.com\/wp-content\/uploads\/2023\/11\/filloa.jpg"},{"@type":"BreadcrumbList","@id":"https:\/\/www.marronglace.com\/gl\/crepe-con-platano-e-crema-de-marron-glace\/#breadcrumb","itemListElement":[{"@type":"ListItem","position":1,"name":"Portada","item":"https:\/\/www.marronglace.com\/gl\/"},{"@type":"ListItem","position":2,"name":"Cr\u00eape con pl\u00e1tano e crema de marron glac\u00e9."}]},{"@type":"WebSite","@id":"https:\/\/www.marronglace.com\/gl\/#website","url":"https:\/\/www.marronglace.com\/gl\/","name":"Marron Glac\u00e9","description":"","publisher":{"@id":"https:\/\/www.marronglace.com\/gl\/#organization"},"potentialAction":[{"@type":"SearchAction","target":{"@type":"EntryPoint","urlTemplate":"https:\/\/www.marronglace.com\/gl\/?s={search_term_string}"},"query-input":{"@type":"PropertyValueSpecification","valueRequired":true,"valueName":"search_term_string"}}],"inLanguage":"gl-ES"},{"@type":"Organization","@id":"https:\/\/www.marronglace.com\/gl\/#organization","name":"Marron Glac\u00e9","url":"https:\/\/www.marronglace.com\/gl\/","logo":{"@type":"ImageObject","inLanguage":"gl-ES","@id":"https:\/\/www.marronglace.com\/gl\/#\/schema\/logo\/image\/","url":"https:\/\/www.marronglace.com\/wp-content\/uploads\/2023\/11\/logo-cuevas-cia-normal.png","contentUrl":"https:\/\/www.marronglace.com\/wp-content\/uploads\/2023\/11\/logo-cuevas-cia-normal.png","width":228,"height":57,"caption":"Marron Glac\u00e9"},"image":{"@id":"https:\/\/www.marronglace.com\/gl\/#\/schema\/logo\/image\/"}}]}},"_links":{"self":[{"href":"https:\/\/www.marronglace.com\/gl\/wp-json\/wp\/v2\/pages\/1996","targetHints":{"allow":["GET"]}}],"collection":[{"href":"https:\/\/www.marronglace.com\/gl\/wp-json\/wp\/v2\/pages"}],"about":[{"href":"https:\/\/www.marronglace.com\/gl\/wp-json\/wp\/v2\/types\/page"}],"author":[{"embeddable":true,"href":"https:\/\/www.marronglace.com\/gl\/wp-json\/wp\/v2\/users\/3"}],"replies":[{"embeddable":true,"href":"https:\/\/www.marronglace.com\/gl\/wp-json\/wp\/v2\/comments?post=1996"}],"version-history":[{"count":1,"href":"https:\/\/www.marronglace.com\/gl\/wp-json\/wp\/v2\/pages\/1996\/revisions"}],"predecessor-version":[{"id":1997,"href":"https:\/\/www.marronglace.com\/gl\/wp-json\/wp\/v2\/pages\/1996\/revisions\/1997"}],"wp:attachment":[{"href":"https:\/\/www.marronglace.com\/gl\/wp-json\/wp\/v2\/media?parent=1996"}],"curies":[{"name":"wp","href":"https:\/\/api.w.org\/{rel}","templated":true}]}}