{"id":2041,"date":"2023-11-30T00:27:44","date_gmt":"2023-11-29T23:27:44","guid":{"rendered":"https:\/\/www.marronglace.com\/aviso-legal\/"},"modified":"2024-02-09T09:40:27","modified_gmt":"2024-02-09T08:40:27","slug":"aviso-legal","status":"publish","type":"page","link":"https:\/\/www.marronglace.com\/gl\/aviso-legal\/","title":{"rendered":"Aviso legal"},"content":{"rendered":"\t\t<div data-elementor-type=\"wp-page\" data-elementor-id=\"2041\" class=\"elementor elementor-2041 elementor-1207\" data-elementor-post-type=\"page\">\n\t\t\t\t\t\t<section class=\"elementor-section elementor-top-section elementor-element elementor-element-e2fe833 elementor-section-boxed elementor-section-height-default elementor-section-height-default\" data-id=\"e2fe833\" data-element_type=\"section\" data-e-type=\"section\">\n\t\t\t\t\t\t<div class=\"elementor-container elementor-column-gap-default\">\n\t\t\t\t\t<div class=\"elementor-column elementor-col-100 elementor-top-column elementor-element elementor-element-16bcb47\" data-id=\"16bcb47\" data-element_type=\"column\" data-e-type=\"column\">\n\t\t\t<div class=\"elementor-widget-wrap elementor-element-populated\">\n\t\t\t\t\t\t<div class=\"elementor-element elementor-element-0dbc8ec elementor-widget elementor-widget-heading\" data-id=\"0dbc8ec\" data-element_type=\"widget\" data-e-type=\"widget\" data-widget_type=\"heading.default\">\n\t\t\t\t<div class=\"elementor-widget-container\">\n\t\t\t\t\t<h2 class=\"elementor-heading-title elementor-size-default\">Aviso legal<\/h2>\t\t\t\t<\/div>\n\t\t\t\t<\/div>\n\t\t\t\t<div class=\"elementor-element elementor-element-169c97a elementor-widget elementor-widget-text-editor\" data-id=\"169c97a\" data-element_type=\"widget\" data-e-type=\"widget\" data-widget_type=\"text-editor.default\">\n\t\t\t\t<div class=\"elementor-widget-container\">\n\t\t\t\t\t\t\t\t\t<p><span style=\"color: var( --e-global-color-text ); font-family: var( --e-global-typography-text-font-family ), Sans-serif; font-size: var( --e-global-typography-text-font-size ); background-color: rgba(255, 255, 255, 0); letter-spacing: var(--the7-base-letter-spacing); text-transform: var(--the7-base-text-transform); word-spacing: normal;\"><b>Lei dos servizos da sociedade da informaci\u00f3n (LSSI)<\/b><\/span><\/p>\n<p>Cuevas y C\u00eda., SA, responsable do sitio web, en diante Responsable, pon ao dispor dos usuarios o presente documento, co que pretende cumprir as obrigaci\u00f3ns dispostas na Lei 34\/2002, do 11 de xullo, de servizos da sociedade da informaci\u00f3n e de comercio electr\u00f3nico (LSSICE), BOE n \u00ba 166, as\u00ed como informar a todos os usuarios do sitio web respecto a cales son as condici\u00f3ns de uso.<\/p>\n<p>Toda persoa que acceda a este sitio web asume o papel de usuario, e comprom\u00e9tese \u00e1 observancia e cumprimento rigoroso das disposici\u00f3ns aqu\u00ed dispostas, as\u00ed como a calquera outra disposici\u00f3n legal que fose de aplicaci\u00f3n.<\/p>\n<p>Todo usuario que acceda ao sitio web debe ser maior de 18 anos con suficiente capacidade legal para celebrar contratos. Cuevas y C\u00eda., SA res\u00e9rvase o dereito de modificar calquera tipo de informaci\u00f3n que puidese aparecer no sitio web, sen que exista a obrigaci\u00f3n de preavisar ou po\u00f1er en co\u00f1ecemento dos usuarios estas obrigaci\u00f3ns, entend\u00e9ndose como suficiente coa publicaci\u00f3n no sitio web de Cuevas y C\u00eda., SA.<\/p>\n<\/p>\n<h3>1. DATOS IDENTIFICATIVOS<\/h3>\n<p>Nome de dominio: http:\/\/www.marronglace.com\/<br \/>Nome comercial: CUEVAS Y CIA, SA<br \/>Denominaci\u00f3n social: CUEVAS Y CIA, SA<br \/>NIF: A32000630<br \/>Domicilio social: Pol\u00edgono Industrial San Cibrao Das Vi\u00f1as. Calle Principal 1 , 32901 Ourense (OURENSE)<br \/>Tel\u00e9fono: 988 383 822<br \/>enderezo-e: info@marronglace.com<br \/>Inscrita no Rexistro Mercantil de Ourense: tomo 66, libro 26, secci\u00f3n 3.\u00aa, folio 151, inscrici\u00f3n 2.\u00aa, folla 719<\/p>\n<\/p>\n<h3>2. DEREITOS DE PROPIEDADE INTELECTUAL E INDUSTRIAL<\/h3>\n<p>O sitio web, inclu\u00edndo a t\u00edtulo enunciativo, pero non limitativo a s\u00faa programaci\u00f3n, a edici\u00f3n, a compilaci\u00f3n e demais elementos necesarios para o seu funcionamento, os dese\u00f1os, os logotipos, o texto e\/ou os gr\u00e1ficos, son propiedade do Responsable ou, se \u00e9 o caso, disp\u00f3n de licenza ou autorizaci\u00f3n expresa por parte dos autores. Todos os contidos do sitio web at\u00f3panse debidamente protexidos pola normativa de propiedade intelectual e industrial, as\u00ed como inscritos nos rexistros p\u00fablicos correspondentes.<\/p>\n<p>Independentemente da finalidade para a que fosen destinados, a reproduci\u00f3n total ou parcial, o uso, a explotaci\u00f3n, a distribuci\u00f3n e a comercializaci\u00f3n requiren, en todo caso, da autorizaci\u00f3n escrita previa por parte do Responsable. Calquera uso non autorizado previamente consid\u00e9rase un incumprimento grave dos dereitos de propiedade intelectual ou industrial do autor.<\/p>\n<p>Os dese\u00f1os, os logotipos, o texto e\/ou os gr\u00e1ficos alleos ao Responsable e que puidesen aparecer no sitio web, pertencen aos seus respectivos propietarios, e ser\u00e1n eles mesmos responsables de calquera posible controversia que puidese suscitarse respecto a estes. O Responsable autoriza expresamente a que terceiros poidan redirixir directamente os contidos concretos do sitio web, e en todo caso redirixir ao sitio web principal de http:\/\/www.marronglace.com\/.<\/p>\n<p>O Responsable reco\u00f1ece a favor dos seus titulares os correspondentes dereitos de propiedade intelectual e industrial, non implicando a s\u00faa soa menci\u00f3n ou aparici\u00f3n no sitio web a existencia de dereitos ou ningunha responsabilidade sobre estes, como tampouco o respaldo, o patrocinio ou a recomendaci\u00f3n pola s\u00faa parte.<\/p>\n<p>Para realizar calquera tipo de observaci\u00f3n respecto a posibles incumprimentos dos dereitos de propiedade intelectual ou industrial, as\u00ed como sobre calquera dos contidos do sitio web, pode facelo a trav\u00e9s do correo electr\u00f3nico info@marronglace.com.<\/p>\n<\/p>\n<h3>3. EXENCI\u00d3N DE RESPONSABILIDADES<\/h3>\n<p>O Responsable ex\u00edmese de calquera tipo de responsabilidade derivada da informaci\u00f3n publicada no seu sitio web sempre que esta informaci\u00f3n fose manipulada ou introducida por un terceiro alleo ao mesmo.<\/p>\n<p><b>Uso de Cookies<\/b><br \/>Este sitio web de pode utilizar cookies t\u00e9cnicas (pequenos arquivos de informaci\u00f3n que o servidor lle env\u00eda ao computador de quen accede \u00e1 p\u00e1xina) para levar a cabo determinadas funci\u00f3ns que son consideradas imprescindibles para o correcto funcionamento e visualizaci\u00f3n do sitio. As cookies utilizadas te\u00f1en, en todo caso, car\u00e1cter temporal, coa \u00fanica finalidade de facer m\u00e1is eficaz a navegaci\u00f3n, e desaparecen ao terminar a sesi\u00f3n do usuario. En ning\u00fan caso, estas cookies proporcionan por si mesmas datos de car\u00e1cter persoal e non se utilizar\u00e1n para a s\u00faa recollida.<\/p>\n<p>Mediante o uso de cookies tam\u00e9n \u00e9 posible que o servidor onde se atopa a web reco\u00f1eza o navegador utilizado polo usuario coa finalidade de que a navegaci\u00f3n sexa m\u00e1is sinxela, e permita, por exemplo, o acceso dos usuarios que se rexistraron previamente \u00e1s \u00e1reas, aos servizos, \u00e1s promoci\u00f3ns ou aos concursos reservados exclusivamente a eles sen ter que rexistrarse en cada visita. Tam\u00e9n se poden utilizar para medir a audiencia, os par\u00e1metros de tr\u00e1fico, controlar o progreso e o n\u00famero de entradas etc. Nestes casos as cookies son prescindibles tecnicamente, pero beneficiosas para o usuario. Este sitio web non instalar\u00e1 cookies prescindibles sen o consentimento previo do usuario.<\/p>\n<p>O usuario ten a posibilidade de configurar o seu navegador para ser alertado da recepci\u00f3n de cookies e para impedir a s\u00faa instalaci\u00f3n no seu equipo. Por favor, consulte as instruci\u00f3ns do seu navegador para ampliar esta informaci\u00f3n.<\/p>\n<p><b>Pol\u00edtica de ligaz\u00f3ns<\/b><br \/>Desde o sitio web, \u00e9 posible que se redirixa a contidos de terceiros sitios web. Dado que o Responsable non pode controlar sempre os contidos introducidos polos terceiros nos seus respectivos sitios web, non asume ning\u00fan tipo de responsabilidade respecto aos devanditos contidos. En todo caso, proceder\u00e1 \u00e1 retirada inmediata de calquera contido que puidese contravir a lexislaci\u00f3n nacional ou internacional, a moral ou a orde p\u00fablica, proceder\u00e1 \u00e1 retirada inmediata da redirecci\u00f3n ao devandito sitio web, e por\u00e1 en co\u00f1ecemento das autoridades competentes o contido en cuesti\u00f3n.<\/p>\n<p>O Responsable non se fai responsable da informaci\u00f3n e contidos almacenados, a t\u00edtulo enunciativo, pero non limitativo, en foros, chats, xeradores de blogs, comentarios, redes sociais ou calquera outro medio que permita a terceiros publicar contidos de forma independente na p\u00e1xina web do Responsable. Con todo, e en cumprimento do disposto nos artigos 11 e 16 da LSSICE, ponse ao dispor de todos os usuarios, as autoridades e as forzas de seguridade, colaborando de forma activa na retirada ou, se \u00e9 o caso, no bloqueo de todos aqueles contidos que poidan afectar ou contravir a lexislaci\u00f3n nacional ou internacional, os dereitos de terceiros ou a moral e a orde p\u00fablica. No caso de que o usuario considere que existe no sitio web alg\u00fan contido que puidese ser susceptible desta clasificaci\u00f3n, r\u00f3gase o notifique de forma inmediata ao administrador do sitio web.<\/p>\n<p>Este sitio web foi revisado e probado para que funcione correctamente. En principio, pode garantirse o correcto funcionamento os 365 d\u00edas do ano, 24 horas ao d\u00eda. Con todo, o Responsable non descarta a posibilidade de que existan certos erros de programaci\u00f3n, ou que acontezan causas de forza maior, cat\u00e1strofes naturais, folgas ou circunstancias semellantes que fagan imposible o acceso \u00e1 p\u00e1xina web.<\/p>\n<p><b>Enderezos IP<\/b><br \/>Os servidores do sitio web poder\u00e1n detectar de maneira autom\u00e1tica o enderezo IP e o nome de dominio utilizados polo usuario. O enderezo IP \u00e9 un n\u00famero asignado automaticamente a un computador cando este se conecta a Internet. Toda esta informaci\u00f3n \u00e9 rexistrada nun ficheiro de actividade do servidor debidamente rexistrado que permite o posterior procesamento dos datos co fin de obter medici\u00f3ns unicamente estat\u00edsticas que permitan co\u00f1ecer o n\u00famero de impresi\u00f3ns de p\u00e1xinas, o n\u00famero de visitas realizadas aos servidores web, a orde de visitas, o punto de acceso etc.<\/p>\n<\/p>\n<h3>4. LEI APLICABLE E XURISDICI\u00d3N<\/h3>\n<p>Para a resoluci\u00f3n de todas as controversias ou cuesti\u00f3ns relacionadas co presente sitio web ou das actividades nel desenvoltas, ser\u00e1 de aplicaci\u00f3n a lexislaci\u00f3n espa\u00f1ola, \u00e1 que se someten expresamente as partes. Os xulgados e tribunais m\u00e1is pr\u00f3ximos a Ourense ser\u00e1n competentes para a resoluci\u00f3n de todos os conflitos derivados ou relacionados co seu uso.<\/p>\n\t\t\t\t\t\t\t\t<\/div>\n\t\t\t\t<\/div>\n\t\t\t\t\t<\/div>\n\t\t<\/div>\n\t\t\t\t\t<\/div>\n\t\t<\/section>\n\t\t\t\t<\/div>\n\t\t","protected":false},"excerpt":{"rendered":"<p>Aviso legal Lei dos servizos da sociedade da informaci\u00f3n (LSSI) Cuevas y C\u00eda., SA, responsable do sitio web, en diante Responsable, pon ao dispor dos usuarios o presente documento, co que pretende cumprir as obrigaci\u00f3ns dispostas na Lei 34\/2002, do 11 de xullo, de servizos da sociedade da informaci\u00f3n e de comercio electr\u00f3nico (LSSICE), BOE&hellip;<\/p>\n","protected":false},"author":3,"featured_media":0,"parent":0,"menu_order":0,"comment_status":"closed","ping_status":"open","template":"","meta":{"_acf_changed":false,"footnotes":""},"class_list":["post-2041","page","type-page","status-publish","hentry"],"acf":[],"yoast_head":"<!-- This site is optimized with the Yoast SEO plugin v27.4 - https:\/\/yoast.com\/product\/yoast-seo-wordpress\/ -->\n<title>Aviso legal - Marron Glac\u00e9<\/title>\n<meta name=\"robots\" content=\"index, follow, max-snippet:-1, max-image-preview:large, max-video-preview:-1\" \/>\n<link rel=\"canonical\" href=\"https:\/\/www.marronglace.com\/gl\/aviso-legal\/\" \/>\n<meta property=\"og:locale\" content=\"gl_ES\" \/>\n<meta property=\"og:type\" content=\"article\" \/>\n<meta property=\"og:title\" content=\"Aviso legal - Marron Glac\u00e9\" \/>\n<meta property=\"og:description\" content=\"Aviso legal Lei dos servizos da sociedade da informaci\u00f3n (LSSI) Cuevas y C\u00eda., SA, responsable do sitio web, en diante Responsable, pon ao dispor dos usuarios o presente documento, co que pretende cumprir as obrigaci\u00f3ns dispostas na Lei 34\/2002, do 11 de xullo, de servizos da sociedade da informaci\u00f3n e de comercio electr\u00f3nico (LSSICE), BOE&hellip;\" \/>\n<meta property=\"og:url\" content=\"https:\/\/www.marronglace.com\/gl\/aviso-legal\/\" \/>\n<meta property=\"og:site_name\" content=\"Marron Glac\u00e9\" \/>\n<meta property=\"article:modified_time\" content=\"2024-02-09T08:40:27+00:00\" \/>\n<meta name=\"twitter:card\" content=\"summary_large_image\" \/>\n<meta name=\"twitter:label1\" content=\"Tempo de lectura\" \/>\n\t<meta name=\"twitter:data1\" content=\"7 minutos\" \/>\n<script type=\"application\/ld+json\" class=\"yoast-schema-graph\">{\"@context\":\"https:\\\/\\\/schema.org\",\"@graph\":[{\"@type\":\"WebPage\",\"@id\":\"https:\\\/\\\/www.marronglace.com\\\/gl\\\/aviso-legal\\\/\",\"url\":\"https:\\\/\\\/www.marronglace.com\\\/gl\\\/aviso-legal\\\/\",\"name\":\"Aviso legal - Marron Glac\u00e9\",\"isPartOf\":{\"@id\":\"https:\\\/\\\/www.marronglace.com\\\/gl\\\/#website\"},\"datePublished\":\"2023-11-29T23:27:44+00:00\",\"dateModified\":\"2024-02-09T08:40:27+00:00\",\"breadcrumb\":{\"@id\":\"https:\\\/\\\/www.marronglace.com\\\/gl\\\/aviso-legal\\\/#breadcrumb\"},\"inLanguage\":\"gl-ES\",\"potentialAction\":[{\"@type\":\"ReadAction\",\"target\":[\"https:\\\/\\\/www.marronglace.com\\\/gl\\\/aviso-legal\\\/\"]}]},{\"@type\":\"BreadcrumbList\",\"@id\":\"https:\\\/\\\/www.marronglace.com\\\/gl\\\/aviso-legal\\\/#breadcrumb\",\"itemListElement\":[{\"@type\":\"ListItem\",\"position\":1,\"name\":\"Portada\",\"item\":\"https:\\\/\\\/www.marronglace.com\\\/gl\\\/\"},{\"@type\":\"ListItem\",\"position\":2,\"name\":\"Aviso legal\"}]},{\"@type\":\"WebSite\",\"@id\":\"https:\\\/\\\/www.marronglace.com\\\/gl\\\/#website\",\"url\":\"https:\\\/\\\/www.marronglace.com\\\/gl\\\/\",\"name\":\"Marron Glac\u00e9\",\"description\":\"\",\"publisher\":{\"@id\":\"https:\\\/\\\/www.marronglace.com\\\/gl\\\/#organization\"},\"potentialAction\":[{\"@type\":\"SearchAction\",\"target\":{\"@type\":\"EntryPoint\",\"urlTemplate\":\"https:\\\/\\\/www.marronglace.com\\\/gl\\\/?s={search_term_string}\"},\"query-input\":{\"@type\":\"PropertyValueSpecification\",\"valueRequired\":true,\"valueName\":\"search_term_string\"}}],\"inLanguage\":\"gl-ES\"},{\"@type\":\"Organization\",\"@id\":\"https:\\\/\\\/www.marronglace.com\\\/gl\\\/#organization\",\"name\":\"Marron Glac\u00e9\",\"url\":\"https:\\\/\\\/www.marronglace.com\\\/gl\\\/\",\"logo\":{\"@type\":\"ImageObject\",\"inLanguage\":\"gl-ES\",\"@id\":\"https:\\\/\\\/www.marronglace.com\\\/gl\\\/#\\\/schema\\\/logo\\\/image\\\/\",\"url\":\"https:\\\/\\\/www.marronglace.com\\\/wp-content\\\/uploads\\\/2023\\\/11\\\/logo-cuevas-cia-normal.png\",\"contentUrl\":\"https:\\\/\\\/www.marronglace.com\\\/wp-content\\\/uploads\\\/2023\\\/11\\\/logo-cuevas-cia-normal.png\",\"width\":228,\"height\":57,\"caption\":\"Marron Glac\u00e9\"},\"image\":{\"@id\":\"https:\\\/\\\/www.marronglace.com\\\/gl\\\/#\\\/schema\\\/logo\\\/image\\\/\"}}]}<\/script>\n<!-- \/ Yoast SEO plugin. -->","yoast_head_json":{"title":"Aviso legal - Marron Glac\u00e9","robots":{"index":"index","follow":"follow","max-snippet":"max-snippet:-1","max-image-preview":"max-image-preview:large","max-video-preview":"max-video-preview:-1"},"canonical":"https:\/\/www.marronglace.com\/gl\/aviso-legal\/","og_locale":"gl_ES","og_type":"article","og_title":"Aviso legal - Marron Glac\u00e9","og_description":"Aviso legal Lei dos servizos da sociedade da informaci\u00f3n (LSSI) Cuevas y C\u00eda., SA, responsable do sitio web, en diante Responsable, pon ao dispor dos usuarios o presente documento, co que pretende cumprir as obrigaci\u00f3ns dispostas na Lei 34\/2002, do 11 de xullo, de servizos da sociedade da informaci\u00f3n e de comercio electr\u00f3nico (LSSICE), BOE&hellip;","og_url":"https:\/\/www.marronglace.com\/gl\/aviso-legal\/","og_site_name":"Marron Glac\u00e9","article_modified_time":"2024-02-09T08:40:27+00:00","twitter_card":"summary_large_image","twitter_misc":{"Tempo de lectura":"7 minutos"},"schema":{"@context":"https:\/\/schema.org","@graph":[{"@type":"WebPage","@id":"https:\/\/www.marronglace.com\/gl\/aviso-legal\/","url":"https:\/\/www.marronglace.com\/gl\/aviso-legal\/","name":"Aviso legal - Marron Glac\u00e9","isPartOf":{"@id":"https:\/\/www.marronglace.com\/gl\/#website"},"datePublished":"2023-11-29T23:27:44+00:00","dateModified":"2024-02-09T08:40:27+00:00","breadcrumb":{"@id":"https:\/\/www.marronglace.com\/gl\/aviso-legal\/#breadcrumb"},"inLanguage":"gl-ES","potentialAction":[{"@type":"ReadAction","target":["https:\/\/www.marronglace.com\/gl\/aviso-legal\/"]}]},{"@type":"BreadcrumbList","@id":"https:\/\/www.marronglace.com\/gl\/aviso-legal\/#breadcrumb","itemListElement":[{"@type":"ListItem","position":1,"name":"Portada","item":"https:\/\/www.marronglace.com\/gl\/"},{"@type":"ListItem","position":2,"name":"Aviso legal"}]},{"@type":"WebSite","@id":"https:\/\/www.marronglace.com\/gl\/#website","url":"https:\/\/www.marronglace.com\/gl\/","name":"Marron Glac\u00e9","description":"","publisher":{"@id":"https:\/\/www.marronglace.com\/gl\/#organization"},"potentialAction":[{"@type":"SearchAction","target":{"@type":"EntryPoint","urlTemplate":"https:\/\/www.marronglace.com\/gl\/?s={search_term_string}"},"query-input":{"@type":"PropertyValueSpecification","valueRequired":true,"valueName":"search_term_string"}}],"inLanguage":"gl-ES"},{"@type":"Organization","@id":"https:\/\/www.marronglace.com\/gl\/#organization","name":"Marron Glac\u00e9","url":"https:\/\/www.marronglace.com\/gl\/","logo":{"@type":"ImageObject","inLanguage":"gl-ES","@id":"https:\/\/www.marronglace.com\/gl\/#\/schema\/logo\/image\/","url":"https:\/\/www.marronglace.com\/wp-content\/uploads\/2023\/11\/logo-cuevas-cia-normal.png","contentUrl":"https:\/\/www.marronglace.com\/wp-content\/uploads\/2023\/11\/logo-cuevas-cia-normal.png","width":228,"height":57,"caption":"Marron Glac\u00e9"},"image":{"@id":"https:\/\/www.marronglace.com\/gl\/#\/schema\/logo\/image\/"}}]}},"_links":{"self":[{"href":"https:\/\/www.marronglace.com\/gl\/wp-json\/wp\/v2\/pages\/2041","targetHints":{"allow":["GET"]}}],"collection":[{"href":"https:\/\/www.marronglace.com\/gl\/wp-json\/wp\/v2\/pages"}],"about":[{"href":"https:\/\/www.marronglace.com\/gl\/wp-json\/wp\/v2\/types\/page"}],"author":[{"embeddable":true,"href":"https:\/\/www.marronglace.com\/gl\/wp-json\/wp\/v2\/users\/3"}],"replies":[{"embeddable":true,"href":"https:\/\/www.marronglace.com\/gl\/wp-json\/wp\/v2\/comments?post=2041"}],"version-history":[{"count":3,"href":"https:\/\/www.marronglace.com\/gl\/wp-json\/wp\/v2\/pages\/2041\/revisions"}],"predecessor-version":[{"id":2044,"href":"https:\/\/www.marronglace.com\/gl\/wp-json\/wp\/v2\/pages\/2041\/revisions\/2044"}],"wp:attachment":[{"href":"https:\/\/www.marronglace.com\/gl\/wp-json\/wp\/v2\/media?parent=2041"}],"curies":[{"name":"wp","href":"https:\/\/api.w.org\/{rel}","templated":true}]}}