{"id":2045,"date":"2023-11-30T00:33:49","date_gmt":"2023-11-29T23:33:49","guid":{"rendered":"https:\/\/www.marronglace.com\/politica-de-privacidade\/"},"modified":"2024-02-09T09:54:27","modified_gmt":"2024-02-09T08:54:27","slug":"politica-de-privacidade","status":"publish","type":"page","link":"https:\/\/www.marronglace.com\/gl\/politica-de-privacidade\/","title":{"rendered":"Pol\u00edtica de privacidade"},"content":{"rendered":"\t\t<div data-elementor-type=\"wp-page\" data-elementor-id=\"2045\" class=\"elementor elementor-2045 elementor-1215\" data-elementor-post-type=\"page\">\n\t\t\t\t\t\t<section class=\"elementor-section elementor-top-section elementor-element elementor-element-e2fe833 elementor-section-boxed elementor-section-height-default elementor-section-height-default\" data-id=\"e2fe833\" data-element_type=\"section\" data-e-type=\"section\">\n\t\t\t\t\t\t<div class=\"elementor-container elementor-column-gap-default\">\n\t\t\t\t\t<div class=\"elementor-column elementor-col-100 elementor-top-column elementor-element elementor-element-16bcb47\" data-id=\"16bcb47\" data-element_type=\"column\" data-e-type=\"column\">\n\t\t\t<div class=\"elementor-widget-wrap elementor-element-populated\">\n\t\t\t\t\t\t<div class=\"elementor-element elementor-element-0dbc8ec elementor-widget elementor-widget-heading\" data-id=\"0dbc8ec\" data-element_type=\"widget\" data-e-type=\"widget\" data-widget_type=\"heading.default\">\n\t\t\t\t<div class=\"elementor-widget-container\">\n\t\t\t\t\t<h2 class=\"elementor-heading-title elementor-size-default\">Pol\u00edtica de privacidade<\/h2>\t\t\t\t<\/div>\n\t\t\t\t<\/div>\n\t\t\t\t<div class=\"elementor-element elementor-element-169c97a elementor-widget elementor-widget-text-editor\" data-id=\"169c97a\" data-element_type=\"widget\" data-e-type=\"widget\" data-widget_type=\"text-editor.default\">\n\t\t\t\t<div class=\"elementor-widget-container\">\n\t\t\t\t\t\t\t\t\t<p><span style=\"color: var( --e-global-color-text ); font-family: var( --e-global-typography-text-font-family ), Sans-serif; font-size: var( --e-global-typography-text-font-size ); font-weight: var( --e-global-typography-text-font-weight ); background-color: rgba(255, 255, 255, 0); letter-spacing: var(--the7-base-letter-spacing); text-transform: var(--the7-base-text-transform); word-spacing: normal;\">A t\u00faa privacidade \u00e9 importante para n\u00f3s. Recomend\u00e1mosche que dediques uns minutos para ler, comprender e, se \u00e9 o caso, aceptar a nosa pol\u00edtica de privacidade.<\/span><\/p>\n<h3>1. Quen \u00e9 o responsable do tratamento dos teus datos?<\/h3>\n<p>Cuevas y C\u00eda S.A.<br \/>Pol\u00edgono industrial San Cibrao das vi\u00f1as C10 Ourense<br \/>info@marronglace.com<br \/>tfno: 988 383 822<\/p>\n<\/p>\n<h3>2. Que datos teus tratamos, con que finalidade e durante canto tempo os conservamos?<\/h3>\n<p>Tratamos os datos que ti nos facilitaches \u2014xa sexa a trav\u00e9s de formularios de compra da nosa web ou trav\u00e9s do formulario de contacto\u2014 cando:<\/p>\n<p>a) Cobres o formulario para realizar o pedido de compra: nome e apelidos, DNI (s\u00f3 no caso de persoa f\u00edsica que exerza unha actividade profesional e solicite factura ao seu nome), tel\u00e9fono fixo e\/ou tel\u00e9fono m\u00f3bil, enderezo de correo electr\u00f3nico, localidade e provincia de residencia.<\/p>\n<p>Finalidade: poder xestionar o pedido de compra e a entrega dos nosos produtos de forma \u00f3ptima.<br \/>Conservaci\u00f3n: gardaremos os teus datos mentres non solicites expresamente a s\u00faa supresi\u00f3n. Neste caso, suprimiranse coas medidas de seguridade adecuadas.<\/p>\n<p>b) Solicitas recibir a nosa Newsletter, notificaci\u00f3ns \u201cpush\u201d, notificaci\u00f3ns \u201cmail\u201d, notificaci\u00f3ns \u201csms\u201d ou calquera outra notificaci\u00f3n sobre os nosos produtos, servizos e actividades: nome e apelidos, tel\u00e9fono m\u00f3bil, enderezo de correo electr\u00f3nico, localidade, provincia de residencia.<\/p>\n<p>Finalidade: poder informarte sobre as noticias, os produtos e os servizos das nosas marcas, as\u00ed como recibir alertas sobre as oportunidades e as promoci\u00f3ns que se van actualizando.<br \/>Conservaci\u00f3n: gardaremos os teus datos mentres non solicites a t\u00faa baixa como destinatario das comunicaci\u00f3ns antes relacionadas.<\/p>\n<p>c) Cando nos d\u00e1s o teu consentimento para a gravaci\u00f3n de imaxes\/sons con ocasi\u00f3n de sorteos, ou outras promoci\u00f3ns, as\u00ed como cando participas en visitas \u00e1s nosas instalaci\u00f3ns: nome e apelidos, DNI, imaxe (fotograf\u00eda e\/ou v\u00eddeo), audio, data nacemento, tel\u00e9fono fixo, tel\u00e9fono m\u00f3bil, enderezo de correo electr\u00f3nico e sinatura.<\/p>\n<p>Finalidade:<br \/>\u2013 A publicaci\u00f3n das imaxes\/audios na intranet privada da empresa.<br \/>\u2013 A publicaci\u00f3n das imaxes\/audios en redes sociais de Cuevas y C\u00eda., SA e empresas do grupo Cuevas.<br \/>\u2013 A publicaci\u00f3n das imaxes\/audios nunha posible revista, blog ou outro material\/soporte corporativo.<br \/>\u2013 A comunicaci\u00f3n das imaxes\/audios a medios de comunicaci\u00f3n.<\/p>\n<p>Conservaci\u00f3n: gardaremos os teus datos mentres non solicites expresamente a s\u00faa supresi\u00f3n. Neste caso, suprimiranse coas medidas de seguridade adecuadas.<\/p>\n<p>d) Cando contactas con n\u00f3s a trav\u00e9s de atenci\u00f3n ao cliente sobre unha cuesti\u00f3n xeral ou sobre alg\u00fan produto ou servizo en particular: nome e apelidos, enderezo de correo electr\u00f3nico.<\/p>\n<p>Finalidade: co\u00f1ecer a opini\u00f3n dos nosos clientes e resolver calquera tipo de incidencia, ben sexa relacionada co produto e as condici\u00f3ns de compra e entrega como de \u00e1mbito contable\/fiscal.<br \/>Conservaci\u00f3n: gardaremos os teus datos mentres non solicites expresamente a s\u00faa supresi\u00f3n. Neste caso, suprimiranse coas medidas de seguridade adecuadas.<\/p>\n<\/p>\n<h3>3. Cal \u00e9 a base legal que lexitima a Cuevas y C\u00eda., SA para tratar os teus datos?<\/h3>\n<p>a) Cando solicitas a tramitaci\u00f3n dun pedido dos nosos produtos lexit\u00edmanos que nos deses o teu consentimento expreso e inequ\u00edvoco.<\/p>\n<p>b) Cando solicitas recibir a nosa Newsletter, notificaci\u00f3ns \u201cpush\u201d, notificaci\u00f3ns \u201cmail\u201d, notificaci\u00f3ns \u201csms\u201d ou calquera outra notificaci\u00f3n sobre os nosos produtos, servizos e actividades lexit\u00edmanos o teu consentimento para recibir este tipo de notificaci\u00f3ns.<\/p>\n<p>c) Cando participas nalgunha gravaci\u00f3n de imaxes\/sons con ocasi\u00f3n de sorteos, ou outras promoci\u00f3ns ou cando participas en visitas \u00e1s nosas instalaci\u00f3ns, lexit\u00edmanos que nos deses o teu consentimento expreso e inequ\u00edvoco.<\/p>\n<p>d) Cando contactas connosco a trav\u00e9s de atenci\u00f3n ao cliente sobre unha cuesti\u00f3n xeral ou sobre alg\u00fan produto ou servizo en particular lexit\u00edmanos que nos deses o teu consentimento expreso e inequ\u00edvoco.<\/p>\n<\/p>\n<h3>4. Quen \u00e9 o destinatario dos teus datos?<\/h3>\n<p>Os datos que nos proporcionaches por algunha das v\u00edas que che explicamos anteriormente non se comunicar\u00e1n a terceiros excepto nos seguintes casos:<\/p>\n<p>\u2013 Cando solicitas a tramitaci\u00f3n dun pedido dos nosos produtos, a terceiras partes que nos presten servizos de apoio, tales como entidades financeiras, entidades de loita contra a fraude, provedores de servizos tecnol\u00f3xicos, de lox\u00edstica, transporte e entrega.<\/p>\n<p>\u2013 Cando participas na gravaci\u00f3n de imaxes\/sons con ocasi\u00f3n de sorteos ou outras promoci\u00f3ns, as\u00ed como en visitas \u00e1s nosas instalaci\u00f3ns e nos deches o consentimento expreso para comunicar os teus datos a medios de comunicaci\u00f3n.<\/p>\n<p>\u2013 Cando es destinatario da nosa Newsletter, notificaci\u00f3ns \u201cpush\u201d, notificaci\u00f3ns \u201cmail\u201d, notificaci\u00f3ns \u201csms\u201d ou calquera outra notificaci\u00f3n sobre os nosos produtos, servizos e actividades e nos deches o consentimento para comunicar os teus datos a terceiros para que xestionen o seu env\u00edo.<\/p>\n<p>En ning\u00fan outro caso se comunicar\u00e1n os teus datos a terceiros, salvo precepto legal que nos obrigue a iso. Esta pol\u00edtica modificarase a medida que sexa necesario comunicar datos teus a terceiros en casos distintos aos anteriores e a condici\u00f3n de que contemos previamente co teu consentimento expreso.<\/p>\n<\/p>\n<h3>5. Cales son os teus dereitos cando nos facilitas os teus datos?<\/h3>\n<p>Ao relacionarte con n\u00f3s, disp\u00f3s dunha serie de dereitos para que poidas decidir e controlar en todo momento como utilizamos os teus datos persoais. Podes exercitar estes dereitos en calquera momento e de forma gratu\u00edta. Poder\u00e1s dirixirte a n\u00f3s por calquera das seguintes v\u00edas:<\/p>\n<p>CUEVAS Y CIA S.A.<br \/>Pol. Industrial San Cibrao das vi\u00f1as, C1 n\u00ba 10, 32901 Ourense<br \/>info@marronglace.com<br \/>para que poidamos atender a t\u00faa solicitude, necesitamos asegurarnos de que realmente es ti, polo que deber\u00e1s facilitarnos unha copia do teu documento de identidade e que nos indiques o dereito que desexas exercitar. Se a t\u00faa solicitude non re\u00fane os requisitos anteriores, pedir\u00e9mosche que a emendes.<\/p>\n<p>En particular, disp\u00f3s dos seguintes dereitos:<\/p>\n<p>\u2013 Dereito a solicitar o acceso aos teus datos persoais.<br \/>\u2013 Dereito a solicitar a s\u00faa rectificaci\u00f3n.<br \/>\u2013 Dereito a solicitar a s\u00faa supresi\u00f3n.<br \/>\u2013 Dereito a solicitar a limitaci\u00f3n do teu tratamento.<br \/>\u2013 Dereito a opo\u00f1erse ao tratamento.<br \/>\u2013 Dereito \u00e1 portabilidade dos datos.<\/p>\n<p><b>En que consiste o dereito de acceso?<\/b><br \/>Podes solicitarnos que che indiquemos se estamos a utilizar ou non os teus datos persoais; no caso de que si os esteamos utilizando, tam\u00e9n te trasladaremos informaci\u00f3n adicional como que datos persoais temos sobre ti, para que os estamos utilizando, as entidades coas que os compartimos, o per\u00edodo durante o que imos conservar os teus datos ou se estamos a realizar perf\u00eds, entre outras cuesti\u00f3ns.<\/p>\n<p><b>En que consiste o dereito de rectificaci\u00f3n?<\/b><br \/>Podes pedirnos que modifiquemos alg\u00fan dos datos persoais que temos sobre ti para que sexan exactos e estean actualizados. En todo caso, \u00e9 aconsellable que mante\u00f1as actualizados en todo momento os datos que gardamos sobre ti.<\/p>\n<p><b>En que consiste o dereito de supresi\u00f3n?<\/b><br \/>Podes solicitarnos que eliminemos os datos persoais que temos sobre ti cando xa non sexan necesarios para a finalidade para a que os utilizamos ou cando nos retires o teu consentimento, no caso de que s\u00f3 os tratemos para desenvolver finalidades baseadas neste.<\/p>\n<p>En que consiste o dereito de limitaci\u00f3n?<br \/>Podes pedirnos que restrinxamos temporalmente a utilizaci\u00f3n dos teus datos persoais:<br \/>(i) Cando consideres que os teus datos son inexactos, ata que os verifiquemos ou actualicemos.<br \/>(ii) Cando xa non os necesitemos para levar a cabo as finalidades indicadas no apartado 2 anterior, pero ti prefiras que os conservemos para que poidas exercitar ou defenderche ante reclamaci\u00f3ns.<br \/>(iii) Cando te opo\u00f1as a que utilicemos os teus datos para algunha das finalidades recollidas no apartado 2 desta pol\u00edtica de privacidade, mentres valoramos se o interese lex\u00edtimo que temos en Ignacio de las Cuevas, SA prevalece sobre o teu dereito para opo\u00f1erte a que os utilicemos.<\/p>\n<p><b>En que consiste o dereito de portabilidade?<\/b><br \/>Podes solicitarnos que che entreguemos directamente ou que lle entreguemos a outra entidade, sempre que sexa posible tecnicamente, un arquivo estruturado, de uso com\u00fan e lexible por un sistema inform\u00e1tico, que conte\u00f1a os datos persoais dos que dispo\u00f1emos.<\/p>\n<p><b>En que consiste o dereito de oposici\u00f3n?<\/b><br \/>Podes opo\u00f1erte a que utilicemos os teus datos para algunha das finalidades recollidas no apartado 2 desta pol\u00edtica de privacidade. Queremos lembrarche especialmente que podes pedirnos que deixemos de analizar o teu perfil para enviarche comunicaci\u00f3ns promocionais. Ademais, podes presentar unha reclamaci\u00f3n ante a autoridade de control competente en materia de protecci\u00f3n de datos: Axencia Espa\u00f1ola de Protecci\u00f3n de Datos. De igual modo, poder\u00e1s retirar calquera consentimento que deses en calquera momento.<\/p>\n<\/p>\n<h3>6. Actualizaci\u00f3ns da nosa pol\u00edtica de privacidade<\/h3>\n<p>\u00c9 posible que realicemos actualizaci\u00f3ns da nosa pol\u00edtica de privacidade cando sexa necesario. A \u00faltima versi\u00f3n estar\u00e1 sempre dispo\u00f1ible no noso sitio web.<\/p>\n\t\t\t\t\t\t\t\t<\/div>\n\t\t\t\t<\/div>\n\t\t\t\t\t<\/div>\n\t\t<\/div>\n\t\t\t\t\t<\/div>\n\t\t<\/section>\n\t\t\t\t<\/div>\n\t\t","protected":false},"excerpt":{"rendered":"<p>Pol\u00edtica de privacidade A t\u00faa privacidade \u00e9 importante para n\u00f3s. Recomend\u00e1mosche que dediques uns minutos para ler, comprender e, se \u00e9 o caso, aceptar a nosa pol\u00edtica de privacidade. 1. Quen \u00e9 o responsable do tratamento dos teus datos? Cuevas y C\u00eda S.A.Pol\u00edgono industrial San Cibrao das vi\u00f1as C10 Ourenseinfo@marronglace.comtfno: 988 383 822 2. Que&hellip;<\/p>\n","protected":false},"author":3,"featured_media":0,"parent":0,"menu_order":0,"comment_status":"closed","ping_status":"open","template":"","meta":{"_acf_changed":false,"footnotes":""},"class_list":["post-2045","page","type-page","status-publish","hentry"],"acf":[],"yoast_head":"<!-- This site is optimized with the Yoast SEO plugin v27.4 - https:\/\/yoast.com\/product\/yoast-seo-wordpress\/ -->\n<title>Pol\u00edtica de privacidade - Marron Glac\u00e9<\/title>\n<meta name=\"robots\" content=\"index, follow, max-snippet:-1, max-image-preview:large, max-video-preview:-1\" \/>\n<link rel=\"canonical\" href=\"https:\/\/www.marronglace.com\/gl\/politica-de-privacidade\/\" \/>\n<meta property=\"og:locale\" content=\"gl_ES\" \/>\n<meta property=\"og:type\" content=\"article\" \/>\n<meta property=\"og:title\" content=\"Pol\u00edtica de privacidade - Marron Glac\u00e9\" \/>\n<meta property=\"og:description\" content=\"Pol\u00edtica de privacidade A t\u00faa privacidade \u00e9 importante para n\u00f3s. Recomend\u00e1mosche que dediques uns minutos para ler, comprender e, se \u00e9 o caso, aceptar a nosa pol\u00edtica de privacidade. 1. Quen \u00e9 o responsable do tratamento dos teus datos? Cuevas y C\u00eda S.A.Pol\u00edgono industrial San Cibrao das vi\u00f1as C10 Ourenseinfo@marronglace.comtfno: 988 383 822 2. Que&hellip;\" \/>\n<meta property=\"og:url\" content=\"https:\/\/www.marronglace.com\/gl\/politica-de-privacidade\/\" \/>\n<meta property=\"og:site_name\" content=\"Marron Glac\u00e9\" \/>\n<meta property=\"article:modified_time\" content=\"2024-02-09T08:54:27+00:00\" \/>\n<meta name=\"twitter:card\" content=\"summary_large_image\" \/>\n<meta name=\"twitter:label1\" content=\"Tempo de lectura\" \/>\n\t<meta name=\"twitter:data1\" content=\"8 minutos\" \/>\n<script type=\"application\/ld+json\" class=\"yoast-schema-graph\">{\"@context\":\"https:\\\/\\\/schema.org\",\"@graph\":[{\"@type\":\"WebPage\",\"@id\":\"https:\\\/\\\/www.marronglace.com\\\/gl\\\/politica-de-privacidade\\\/\",\"url\":\"https:\\\/\\\/www.marronglace.com\\\/gl\\\/politica-de-privacidade\\\/\",\"name\":\"Pol\u00edtica de privacidade - Marron Glac\u00e9\",\"isPartOf\":{\"@id\":\"https:\\\/\\\/www.marronglace.com\\\/gl\\\/#website\"},\"datePublished\":\"2023-11-29T23:33:49+00:00\",\"dateModified\":\"2024-02-09T08:54:27+00:00\",\"breadcrumb\":{\"@id\":\"https:\\\/\\\/www.marronglace.com\\\/gl\\\/politica-de-privacidade\\\/#breadcrumb\"},\"inLanguage\":\"gl-ES\",\"potentialAction\":[{\"@type\":\"ReadAction\",\"target\":[\"https:\\\/\\\/www.marronglace.com\\\/gl\\\/politica-de-privacidade\\\/\"]}]},{\"@type\":\"BreadcrumbList\",\"@id\":\"https:\\\/\\\/www.marronglace.com\\\/gl\\\/politica-de-privacidade\\\/#breadcrumb\",\"itemListElement\":[{\"@type\":\"ListItem\",\"position\":1,\"name\":\"Portada\",\"item\":\"https:\\\/\\\/www.marronglace.com\\\/gl\\\/\"},{\"@type\":\"ListItem\",\"position\":2,\"name\":\"Pol\u00edtica de privacidade\"}]},{\"@type\":\"WebSite\",\"@id\":\"https:\\\/\\\/www.marronglace.com\\\/gl\\\/#website\",\"url\":\"https:\\\/\\\/www.marronglace.com\\\/gl\\\/\",\"name\":\"Marron Glac\u00e9\",\"description\":\"\",\"publisher\":{\"@id\":\"https:\\\/\\\/www.marronglace.com\\\/gl\\\/#organization\"},\"potentialAction\":[{\"@type\":\"SearchAction\",\"target\":{\"@type\":\"EntryPoint\",\"urlTemplate\":\"https:\\\/\\\/www.marronglace.com\\\/gl\\\/?s={search_term_string}\"},\"query-input\":{\"@type\":\"PropertyValueSpecification\",\"valueRequired\":true,\"valueName\":\"search_term_string\"}}],\"inLanguage\":\"gl-ES\"},{\"@type\":\"Organization\",\"@id\":\"https:\\\/\\\/www.marronglace.com\\\/gl\\\/#organization\",\"name\":\"Marron Glac\u00e9\",\"url\":\"https:\\\/\\\/www.marronglace.com\\\/gl\\\/\",\"logo\":{\"@type\":\"ImageObject\",\"inLanguage\":\"gl-ES\",\"@id\":\"https:\\\/\\\/www.marronglace.com\\\/gl\\\/#\\\/schema\\\/logo\\\/image\\\/\",\"url\":\"https:\\\/\\\/www.marronglace.com\\\/wp-content\\\/uploads\\\/2023\\\/11\\\/logo-cuevas-cia-normal.png\",\"contentUrl\":\"https:\\\/\\\/www.marronglace.com\\\/wp-content\\\/uploads\\\/2023\\\/11\\\/logo-cuevas-cia-normal.png\",\"width\":228,\"height\":57,\"caption\":\"Marron Glac\u00e9\"},\"image\":{\"@id\":\"https:\\\/\\\/www.marronglace.com\\\/gl\\\/#\\\/schema\\\/logo\\\/image\\\/\"}}]}<\/script>\n<!-- \/ Yoast SEO plugin. -->","yoast_head_json":{"title":"Pol\u00edtica de privacidade - Marron Glac\u00e9","robots":{"index":"index","follow":"follow","max-snippet":"max-snippet:-1","max-image-preview":"max-image-preview:large","max-video-preview":"max-video-preview:-1"},"canonical":"https:\/\/www.marronglace.com\/gl\/politica-de-privacidade\/","og_locale":"gl_ES","og_type":"article","og_title":"Pol\u00edtica de privacidade - Marron Glac\u00e9","og_description":"Pol\u00edtica de privacidade A t\u00faa privacidade \u00e9 importante para n\u00f3s. Recomend\u00e1mosche que dediques uns minutos para ler, comprender e, se \u00e9 o caso, aceptar a nosa pol\u00edtica de privacidade. 1. Quen \u00e9 o responsable do tratamento dos teus datos? Cuevas y C\u00eda S.A.Pol\u00edgono industrial San Cibrao das vi\u00f1as C10 Ourenseinfo@marronglace.comtfno: 988 383 822 2. Que&hellip;","og_url":"https:\/\/www.marronglace.com\/gl\/politica-de-privacidade\/","og_site_name":"Marron Glac\u00e9","article_modified_time":"2024-02-09T08:54:27+00:00","twitter_card":"summary_large_image","twitter_misc":{"Tempo de lectura":"8 minutos"},"schema":{"@context":"https:\/\/schema.org","@graph":[{"@type":"WebPage","@id":"https:\/\/www.marronglace.com\/gl\/politica-de-privacidade\/","url":"https:\/\/www.marronglace.com\/gl\/politica-de-privacidade\/","name":"Pol\u00edtica de privacidade - Marron Glac\u00e9","isPartOf":{"@id":"https:\/\/www.marronglace.com\/gl\/#website"},"datePublished":"2023-11-29T23:33:49+00:00","dateModified":"2024-02-09T08:54:27+00:00","breadcrumb":{"@id":"https:\/\/www.marronglace.com\/gl\/politica-de-privacidade\/#breadcrumb"},"inLanguage":"gl-ES","potentialAction":[{"@type":"ReadAction","target":["https:\/\/www.marronglace.com\/gl\/politica-de-privacidade\/"]}]},{"@type":"BreadcrumbList","@id":"https:\/\/www.marronglace.com\/gl\/politica-de-privacidade\/#breadcrumb","itemListElement":[{"@type":"ListItem","position":1,"name":"Portada","item":"https:\/\/www.marronglace.com\/gl\/"},{"@type":"ListItem","position":2,"name":"Pol\u00edtica de privacidade"}]},{"@type":"WebSite","@id":"https:\/\/www.marronglace.com\/gl\/#website","url":"https:\/\/www.marronglace.com\/gl\/","name":"Marron Glac\u00e9","description":"","publisher":{"@id":"https:\/\/www.marronglace.com\/gl\/#organization"},"potentialAction":[{"@type":"SearchAction","target":{"@type":"EntryPoint","urlTemplate":"https:\/\/www.marronglace.com\/gl\/?s={search_term_string}"},"query-input":{"@type":"PropertyValueSpecification","valueRequired":true,"valueName":"search_term_string"}}],"inLanguage":"gl-ES"},{"@type":"Organization","@id":"https:\/\/www.marronglace.com\/gl\/#organization","name":"Marron Glac\u00e9","url":"https:\/\/www.marronglace.com\/gl\/","logo":{"@type":"ImageObject","inLanguage":"gl-ES","@id":"https:\/\/www.marronglace.com\/gl\/#\/schema\/logo\/image\/","url":"https:\/\/www.marronglace.com\/wp-content\/uploads\/2023\/11\/logo-cuevas-cia-normal.png","contentUrl":"https:\/\/www.marronglace.com\/wp-content\/uploads\/2023\/11\/logo-cuevas-cia-normal.png","width":228,"height":57,"caption":"Marron Glac\u00e9"},"image":{"@id":"https:\/\/www.marronglace.com\/gl\/#\/schema\/logo\/image\/"}}]}},"_links":{"self":[{"href":"https:\/\/www.marronglace.com\/gl\/wp-json\/wp\/v2\/pages\/2045","targetHints":{"allow":["GET"]}}],"collection":[{"href":"https:\/\/www.marronglace.com\/gl\/wp-json\/wp\/v2\/pages"}],"about":[{"href":"https:\/\/www.marronglace.com\/gl\/wp-json\/wp\/v2\/types\/page"}],"author":[{"embeddable":true,"href":"https:\/\/www.marronglace.com\/gl\/wp-json\/wp\/v2\/users\/3"}],"replies":[{"embeddable":true,"href":"https:\/\/www.marronglace.com\/gl\/wp-json\/wp\/v2\/comments?post=2045"}],"version-history":[{"count":1,"href":"https:\/\/www.marronglace.com\/gl\/wp-json\/wp\/v2\/pages\/2045\/revisions"}],"predecessor-version":[{"id":2046,"href":"https:\/\/www.marronglace.com\/gl\/wp-json\/wp\/v2\/pages\/2045\/revisions\/2046"}],"wp:attachment":[{"href":"https:\/\/www.marronglace.com\/gl\/wp-json\/wp\/v2\/media?parent=2045"}],"curies":[{"name":"wp","href":"https:\/\/api.w.org\/{rel}","templated":true}]}}