{"id":2047,"date":"2023-11-30T00:42:22","date_gmt":"2023-11-29T23:42:22","guid":{"rendered":"https:\/\/www.marronglace.com\/guia-da-compra\/"},"modified":"2024-03-18T18:08:02","modified_gmt":"2024-03-18T17:08:02","slug":"guia-da-compra","status":"publish","type":"page","link":"https:\/\/www.marronglace.com\/gl\/guia-da-compra\/","title":{"rendered":"Gu\u00eda da compra"},"content":{"rendered":"\t\t<div data-elementor-type=\"wp-page\" data-elementor-id=\"2047\" class=\"elementor elementor-2047 elementor-1226\" data-elementor-post-type=\"page\">\n\t\t\t\t\t\t<section class=\"elementor-section elementor-top-section elementor-element elementor-element-e2fe833 elementor-section-boxed elementor-section-height-default elementor-section-height-default\" data-id=\"e2fe833\" data-element_type=\"section\" data-e-type=\"section\">\n\t\t\t\t\t\t<div class=\"elementor-container elementor-column-gap-default\">\n\t\t\t\t\t<div class=\"elementor-column elementor-col-100 elementor-top-column elementor-element elementor-element-16bcb47\" data-id=\"16bcb47\" data-element_type=\"column\" data-e-type=\"column\">\n\t\t\t<div class=\"elementor-widget-wrap elementor-element-populated\">\n\t\t\t\t\t\t<div class=\"elementor-element elementor-element-0dbc8ec elementor-widget elementor-widget-heading\" data-id=\"0dbc8ec\" data-element_type=\"widget\" data-e-type=\"widget\" data-widget_type=\"heading.default\">\n\t\t\t\t<div class=\"elementor-widget-container\">\n\t\t\t\t\t<h2 class=\"elementor-heading-title elementor-size-default\">Gu\u00eda da compra (FAQ)<\/h2>\t\t\t\t<\/div>\n\t\t\t\t<\/div>\n\t\t\t\t<div class=\"elementor-element elementor-element-169c97a elementor-widget elementor-widget-text-editor\" data-id=\"169c97a\" data-element_type=\"widget\" data-e-type=\"widget\" data-widget_type=\"text-editor.default\">\n\t\t\t\t<div class=\"elementor-widget-container\">\n\t\t\t\t\t\t\t\t\t<p><b>Est\u00e1n o IVE os portes inclu\u00eddos nos prezos?<\/b><br \/>Si, todos os prezos que aparecen na nosa tenda incl\u00faen o IVE correspondente.<\/p><p><b>Como calculo o prezo do transporte?<\/b><br \/>O noso sistema calcula automaticamente o prezo do transporte do seu env\u00edo en funci\u00f3n do peso bruto e do lugar de destino. Non se aplicar\u00e1 a recarga da tarifa de env\u00edo a Espa\u00f1a (Pen\u00ednsula e Baleares) en pedidos cuxo importe sexa igual ou superior a 50 euros. Non servimos pedidos a apartados de correos.<\/p><p><b>Est\u00e1 limitado o n\u00famero de produtos que podo comprar?<\/b><br \/>O peso m\u00e1ximo a transportar por vulto ser\u00e1 de 40 Kg. Para pedidos de peso superior, por favor, contacte con n\u00f3s en atencionalcliente@marronglace.com<\/p><p><b>Podo comprar para regalar a un amigo que se atope noutro lugar a trav\u00e9s desta tenda en li\u00f1a?<\/b><br \/>Vostede pode realizar a compra nesta tenda en li\u00f1a e indicarnos onde quere que lle enviemos o seu paquete. Desta forma poder\u00e1 regalar os nosos produtos a quen vostede desexe dun modo r\u00e1pido e seguro.<\/p><p><b>Cal \u00e9 a dispo\u00f1ibilidade dos produtos?<\/b><br \/>Todos os produtos na nosa tenda est\u00e1n dispo\u00f1ibles, a menos que se indiquen como \u201cnon dispo\u00f1ible\u201d na ficha do produto. Nese caso, por favor contacte con n\u00f3s en <a href=\"mailto:atencionalcliente@marronglace.com\">atencionalcliente@marronglace.com<\/a> e informar\u00e9molo cando o produto desexado volva estar dispo\u00f1ible. Te\u00f1a en conta que, dada a s\u00faa natureza artes\u00e1, moitos dos nosos produtos te\u00f1en unha produci\u00f3n limitada. No caso de que se esgotasen as existencias dun produto no momento de realizar o seu pedido e non puid\u00e9semos actualizar esta informaci\u00f3n na tenda, contactaremos inmediatamente con vostede para propo\u00f1erlle un produto similar ou devolverlle a cantidade correspondente.<\/p><p><b>Desde onde se env\u00edan os nosos produtos?<\/b><br \/>Todos os nosos produtos env\u00edanse desde a nosa f\u00e1brica situada no Pol\u00edgono Industrial San Cibrao das Vi\u00f1as, Ourense<\/p><p><b>Podo especificar unha hora de entrega?<\/b><br \/>Non. Por iso recomendamos indicar un enderezo onde se atope algu\u00e9n que poida recibir o pedido. Un n\u00famero de tel\u00e9fono m\u00f3bil tam\u00e9n \u00e9 imprescindible para que poida contactar con vostede a empresa de mensaxer\u00eda no caso de que non estivese localizable no enderezo indicado.<\/p><p><b>Que sucede se estou ausente no momento da entrega do meu pedido?<\/b><br \/>En caso que o transportista intentase entregarlle o paquete e non houbese ningu\u00e9n para recibilo, deixaralle unha nota facendo constar o intento de entrega. Por favor, contacte co mensaxeiro canto antes a trav\u00e9s do n\u00famero de tel\u00e9fono que atopar\u00e1 na nota, co fin de acordar unha nova entrega.<\/p><p>Se nesta segunda entrega non houbese ningu\u00e9n para recibilo, deixaralle unha nota de novo facendo constancia do segundo intento de entrega. A partir de ent\u00f3n, o seu pedido permanecer\u00e1 na oficina da empresa de mensaxer\u00eda durante 15 d\u00edas. Despois de transcorrer estes d\u00edas, o seu pedido ser\u00e1 devolto ao noso almac\u00e9n.<\/p><p>Para calquera consulta ou posible incidencia lembre que estamos \u00e1 s\u00faa disposici\u00f3n en atencionalcliente@marronglace.com<\/p><p><b>Que ocorre se un produto chegou deteriorado?<\/b><br \/>Se un ou m\u00e1is produtos chegaron deteriorados por mor do transporte, enviar\u00e9moslle un produto\/s novo\/s ou devolver\u00e9moslle o importe correspondente no n\u00famero de conta que nos designe para os efectos. Cuevas y C\u00eda., SA correr\u00e1 con todos os gastos de transporte extra que poidan orixinarse, sempre que o produto non fose utilizado, alterado ou manipulado.<\/p><p>Para iso, rog\u00e1moslle contacte co noso departamento de atenci\u00f3n ao cliente no enderezo atencionalcliente@marronglace.com, nun prazo m\u00e1ximo de 15 d\u00edas naturais desde a recepci\u00f3n do pedido, indic\u00e1ndonos claramente cal \u00e9 o problema ou a raz\u00f3n da devoluci\u00f3n e achegue unha fotograf\u00eda do produto deteriorado. Por favor, te\u00f1a presente que para que poidamos tramitar calquera cambio ou devoluci\u00f3n \u00e9 imprescindible que previamente contacte con n\u00f3s. Non aceptaremos ning\u00fan cambio ou devoluci\u00f3n, se previamente non recibimos notificaci\u00f3n.<\/p><p>Se no momento de recepci\u00f3n do seu paquete, observa danos na embalaxe exterior, rogamos NON ACEPTE O ENV\u00cdO.<\/p><p>Neste caso, \u00e9 imprescindible que lle indique \u00e1 axencia do transporte o motivo do rexeitamento, que o faga constar no albar\u00e1 de entrega e que contacte co noso departamento de atenci\u00f3n ao cliente de Cuevas y C\u00eda., SA atencionalcliente@marronglace.com para solucionar inmediatamente a incidencia.<\/p><p><b>Que ocorre se o contido do paquete \u00e9 incorrecto?<\/b><br \/>Se un ou m\u00e1is produtos recibidos non se corresponden co seu pedido, enviar\u00e9moslle os produtos correctos ou devolver\u00e9moslle o importe correspondente no n\u00famero de conta que nos designe para os efectos. Cuevas y C\u00eda., SA correr\u00e1 con todos os gastos de transporte extra que poidan orixinarse, sempre que o produto non fose utilizado, alterado ou manipulado.<\/p><p>Para iso, rog\u00e1moslle contacte co noso departamento de atenci\u00f3n ao cliente no enderezo atencionalcliente@marronglace.com, nun prazo m\u00e1ximo de 15 d\u00edas naturais desde a recepci\u00f3n do pedido, indic\u00e1ndonos claramente cal \u00e9 o problema ou a raz\u00f3n da devoluci\u00f3n e achegue unha fotograf\u00eda do produto deteriorado. Por favor, te\u00f1a presente que para que poidamos tramitar calquera cambio ou devoluci\u00f3n \u00e9 imprescindible que previamente contacte con n\u00f3s. Non aceptaremos ning\u00fan cambio ou devoluci\u00f3n se previamente non recibimos a notificaci\u00f3n.<\/p><p><b>Adm\u00edtense devoluci\u00f3ns?<\/b><br \/>Rog\u00e1moslle lea detidamente as cl\u00e1usulas 6 e 12 da secci\u00f3n \u201cCondici\u00f3ns de Compra\u201d<\/p><p><b>Podo cancelar o meu pedido?<\/b><br \/>S\u00ed. Si. Se o seu pedido a\u00ednda non foi enviado, reintegrar\u00e9moslle o seu importe total. En calquera caso, por favor contacte con n\u00f3s en atencionalcliente@marronglace.com<\/p><p><b>\u00c9 seguro o pago con tarxeta?<\/b><br \/>O pago real\u00edzase a trav\u00e9s dos servizos de PayPal e pasarela de pagos Cecabank, que utilizan sistemas de seguridade que lle garanten que a transmisi\u00f3n dos seus datos se realiza de forma cifrada para que non sexa posible interceptar esa comunicaci\u00f3n. Para ampliar a informaci\u00f3n pode consultar a web de PayPal e Cecabank.<\/p><p><b>Como podo contactar con Cuevas y C\u00eda. S.A.?<\/b><br \/>A mellor maneira \u00e9 por correo electr\u00f3nico en: <a href=\"mailto:atencionalcliente@marronglace.com\">atencionalcliente@marronglace.com<\/a> ou <a href=\"mailto:info@marronglace.com\">info@marronglace.com<\/a>.<\/p>\t\t\t\t\t\t\t\t<\/div>\n\t\t\t\t<\/div>\n\t\t\t\t\t<\/div>\n\t\t<\/div>\n\t\t\t\t\t<\/div>\n\t\t<\/section>\n\t\t\t\t<\/div>\n\t\t","protected":false},"excerpt":{"rendered":"<p>Gu\u00eda da compra (FAQ) Est\u00e1n o IVE os portes inclu\u00eddos nos prezos?Si, todos os prezos que aparecen na nosa tenda incl\u00faen o IVE correspondente. Como calculo o prezo do transporte?O noso sistema calcula automaticamente o prezo do transporte do seu env\u00edo en funci\u00f3n do peso bruto e do lugar de destino. Non se aplicar\u00e1 a&hellip;<\/p>\n","protected":false},"author":3,"featured_media":0,"parent":0,"menu_order":0,"comment_status":"closed","ping_status":"closed","template":"","meta":{"_acf_changed":false,"footnotes":""},"class_list":["post-2047","page","type-page","status-publish","hentry"],"acf":[],"yoast_head":"<!-- This site is optimized with the Yoast SEO plugin v27.4 - https:\/\/yoast.com\/product\/yoast-seo-wordpress\/ -->\n<title>Gu\u00eda da compra - Marron Glac\u00e9<\/title>\n<meta name=\"robots\" content=\"index, follow, max-snippet:-1, max-image-preview:large, max-video-preview:-1\" \/>\n<link rel=\"canonical\" href=\"https:\/\/www.marronglace.com\/gl\/guia-da-compra\/\" \/>\n<meta property=\"og:locale\" content=\"gl_ES\" \/>\n<meta property=\"og:type\" content=\"article\" \/>\n<meta property=\"og:title\" content=\"Gu\u00eda da compra - Marron Glac\u00e9\" \/>\n<meta property=\"og:description\" content=\"Gu\u00eda da compra (FAQ) Est\u00e1n o IVE os portes inclu\u00eddos nos prezos?Si, todos os prezos que aparecen na nosa tenda incl\u00faen o IVE correspondente. Como calculo o prezo do transporte?O noso sistema calcula automaticamente o prezo do transporte do seu env\u00edo en funci\u00f3n do peso bruto e do lugar de destino. Non se aplicar\u00e1 a&hellip;\" \/>\n<meta property=\"og:url\" content=\"https:\/\/www.marronglace.com\/gl\/guia-da-compra\/\" \/>\n<meta property=\"og:site_name\" content=\"Marron Glac\u00e9\" \/>\n<meta property=\"article:modified_time\" content=\"2024-03-18T17:08:02+00:00\" \/>\n<meta name=\"twitter:card\" content=\"summary_large_image\" \/>\n<meta name=\"twitter:label1\" content=\"Tempo de lectura\" \/>\n\t<meta name=\"twitter:data1\" content=\"6 minutos\" \/>\n<script type=\"application\/ld+json\" class=\"yoast-schema-graph\">{\"@context\":\"https:\\\/\\\/schema.org\",\"@graph\":[{\"@type\":\"WebPage\",\"@id\":\"https:\\\/\\\/www.marronglace.com\\\/gl\\\/guia-da-compra\\\/\",\"url\":\"https:\\\/\\\/www.marronglace.com\\\/gl\\\/guia-da-compra\\\/\",\"name\":\"Gu\u00eda da compra - Marron Glac\u00e9\",\"isPartOf\":{\"@id\":\"https:\\\/\\\/www.marronglace.com\\\/gl\\\/#website\"},\"datePublished\":\"2023-11-29T23:42:22+00:00\",\"dateModified\":\"2024-03-18T17:08:02+00:00\",\"breadcrumb\":{\"@id\":\"https:\\\/\\\/www.marronglace.com\\\/gl\\\/guia-da-compra\\\/#breadcrumb\"},\"inLanguage\":\"gl-ES\",\"potentialAction\":[{\"@type\":\"ReadAction\",\"target\":[\"https:\\\/\\\/www.marronglace.com\\\/gl\\\/guia-da-compra\\\/\"]}]},{\"@type\":\"BreadcrumbList\",\"@id\":\"https:\\\/\\\/www.marronglace.com\\\/gl\\\/guia-da-compra\\\/#breadcrumb\",\"itemListElement\":[{\"@type\":\"ListItem\",\"position\":1,\"name\":\"Portada\",\"item\":\"https:\\\/\\\/www.marronglace.com\\\/gl\\\/\"},{\"@type\":\"ListItem\",\"position\":2,\"name\":\"Gu\u00eda da compra\"}]},{\"@type\":\"WebSite\",\"@id\":\"https:\\\/\\\/www.marronglace.com\\\/gl\\\/#website\",\"url\":\"https:\\\/\\\/www.marronglace.com\\\/gl\\\/\",\"name\":\"Marron Glac\u00e9\",\"description\":\"\",\"publisher\":{\"@id\":\"https:\\\/\\\/www.marronglace.com\\\/gl\\\/#organization\"},\"potentialAction\":[{\"@type\":\"SearchAction\",\"target\":{\"@type\":\"EntryPoint\",\"urlTemplate\":\"https:\\\/\\\/www.marronglace.com\\\/gl\\\/?s={search_term_string}\"},\"query-input\":{\"@type\":\"PropertyValueSpecification\",\"valueRequired\":true,\"valueName\":\"search_term_string\"}}],\"inLanguage\":\"gl-ES\"},{\"@type\":\"Organization\",\"@id\":\"https:\\\/\\\/www.marronglace.com\\\/gl\\\/#organization\",\"name\":\"Marron Glac\u00e9\",\"url\":\"https:\\\/\\\/www.marronglace.com\\\/gl\\\/\",\"logo\":{\"@type\":\"ImageObject\",\"inLanguage\":\"gl-ES\",\"@id\":\"https:\\\/\\\/www.marronglace.com\\\/gl\\\/#\\\/schema\\\/logo\\\/image\\\/\",\"url\":\"https:\\\/\\\/www.marronglace.com\\\/wp-content\\\/uploads\\\/2023\\\/11\\\/logo-cuevas-cia-normal.png\",\"contentUrl\":\"https:\\\/\\\/www.marronglace.com\\\/wp-content\\\/uploads\\\/2023\\\/11\\\/logo-cuevas-cia-normal.png\",\"width\":228,\"height\":57,\"caption\":\"Marron Glac\u00e9\"},\"image\":{\"@id\":\"https:\\\/\\\/www.marronglace.com\\\/gl\\\/#\\\/schema\\\/logo\\\/image\\\/\"}}]}<\/script>\n<!-- \/ Yoast SEO plugin. -->","yoast_head_json":{"title":"Gu\u00eda da compra - Marron Glac\u00e9","robots":{"index":"index","follow":"follow","max-snippet":"max-snippet:-1","max-image-preview":"max-image-preview:large","max-video-preview":"max-video-preview:-1"},"canonical":"https:\/\/www.marronglace.com\/gl\/guia-da-compra\/","og_locale":"gl_ES","og_type":"article","og_title":"Gu\u00eda da compra - Marron Glac\u00e9","og_description":"Gu\u00eda da compra (FAQ) Est\u00e1n o IVE os portes inclu\u00eddos nos prezos?Si, todos os prezos que aparecen na nosa tenda incl\u00faen o IVE correspondente. Como calculo o prezo do transporte?O noso sistema calcula automaticamente o prezo do transporte do seu env\u00edo en funci\u00f3n do peso bruto e do lugar de destino. Non se aplicar\u00e1 a&hellip;","og_url":"https:\/\/www.marronglace.com\/gl\/guia-da-compra\/","og_site_name":"Marron Glac\u00e9","article_modified_time":"2024-03-18T17:08:02+00:00","twitter_card":"summary_large_image","twitter_misc":{"Tempo de lectura":"6 minutos"},"schema":{"@context":"https:\/\/schema.org","@graph":[{"@type":"WebPage","@id":"https:\/\/www.marronglace.com\/gl\/guia-da-compra\/","url":"https:\/\/www.marronglace.com\/gl\/guia-da-compra\/","name":"Gu\u00eda da compra - Marron Glac\u00e9","isPartOf":{"@id":"https:\/\/www.marronglace.com\/gl\/#website"},"datePublished":"2023-11-29T23:42:22+00:00","dateModified":"2024-03-18T17:08:02+00:00","breadcrumb":{"@id":"https:\/\/www.marronglace.com\/gl\/guia-da-compra\/#breadcrumb"},"inLanguage":"gl-ES","potentialAction":[{"@type":"ReadAction","target":["https:\/\/www.marronglace.com\/gl\/guia-da-compra\/"]}]},{"@type":"BreadcrumbList","@id":"https:\/\/www.marronglace.com\/gl\/guia-da-compra\/#breadcrumb","itemListElement":[{"@type":"ListItem","position":1,"name":"Portada","item":"https:\/\/www.marronglace.com\/gl\/"},{"@type":"ListItem","position":2,"name":"Gu\u00eda da compra"}]},{"@type":"WebSite","@id":"https:\/\/www.marronglace.com\/gl\/#website","url":"https:\/\/www.marronglace.com\/gl\/","name":"Marron Glac\u00e9","description":"","publisher":{"@id":"https:\/\/www.marronglace.com\/gl\/#organization"},"potentialAction":[{"@type":"SearchAction","target":{"@type":"EntryPoint","urlTemplate":"https:\/\/www.marronglace.com\/gl\/?s={search_term_string}"},"query-input":{"@type":"PropertyValueSpecification","valueRequired":true,"valueName":"search_term_string"}}],"inLanguage":"gl-ES"},{"@type":"Organization","@id":"https:\/\/www.marronglace.com\/gl\/#organization","name":"Marron Glac\u00e9","url":"https:\/\/www.marronglace.com\/gl\/","logo":{"@type":"ImageObject","inLanguage":"gl-ES","@id":"https:\/\/www.marronglace.com\/gl\/#\/schema\/logo\/image\/","url":"https:\/\/www.marronglace.com\/wp-content\/uploads\/2023\/11\/logo-cuevas-cia-normal.png","contentUrl":"https:\/\/www.marronglace.com\/wp-content\/uploads\/2023\/11\/logo-cuevas-cia-normal.png","width":228,"height":57,"caption":"Marron Glac\u00e9"},"image":{"@id":"https:\/\/www.marronglace.com\/gl\/#\/schema\/logo\/image\/"}}]}},"_links":{"self":[{"href":"https:\/\/www.marronglace.com\/gl\/wp-json\/wp\/v2\/pages\/2047","targetHints":{"allow":["GET"]}}],"collection":[{"href":"https:\/\/www.marronglace.com\/gl\/wp-json\/wp\/v2\/pages"}],"about":[{"href":"https:\/\/www.marronglace.com\/gl\/wp-json\/wp\/v2\/types\/page"}],"author":[{"embeddable":true,"href":"https:\/\/www.marronglace.com\/gl\/wp-json\/wp\/v2\/users\/3"}],"replies":[{"embeddable":true,"href":"https:\/\/www.marronglace.com\/gl\/wp-json\/wp\/v2\/comments?post=2047"}],"version-history":[{"count":7,"href":"https:\/\/www.marronglace.com\/gl\/wp-json\/wp\/v2\/pages\/2047\/revisions"}],"predecessor-version":[{"id":2259,"href":"https:\/\/www.marronglace.com\/gl\/wp-json\/wp\/v2\/pages\/2047\/revisions\/2259"}],"wp:attachment":[{"href":"https:\/\/www.marronglace.com\/gl\/wp-json\/wp\/v2\/media?parent=2047"}],"curies":[{"name":"wp","href":"https:\/\/api.w.org\/{rel}","templated":true}]}}