{"id":2010,"date":"2023-12-01T00:33:31","date_gmt":"2023-11-30T23:33:31","guid":{"rendered":"https:\/\/www.marronglace.com\/producto\/caixa-sabores-gourmet\/"},"modified":"2023-12-01T00:33:31","modified_gmt":"2023-11-30T23:33:31","slug":"caixa-sabores-gourmet","status":"publish","type":"product","link":"https:\/\/www.marronglace.com\/gl\/producto\/caixa-sabores-gourmet\/","title":{"rendered":"Caixa &#8211; Sabores Gourmet"},"content":{"rendered":"","protected":false},"excerpt":{"rendered":"<p>Paquete de varios produtos ideal para agasallo. No proceso de compra poder\u00e1s indicar que \u00e9 para agasallo e engadir un texto que se incluir\u00e1 nunha tarxeta coa caixa.<\/p>\n<p>Esta caixa incl\u00fae os seguintes produtos:<\/p>\n<p>1 Marron Glac\u00e9 Classic 160g<br \/>\n1 Marron Glac\u00e9 ao Brandy 160g<br \/>\n1 Marron Glac\u00e9 ao Licor de Pera Williams<br \/>\n1 Casta\u00f1a Confeitada con Cobertura de Chocolate Negro<br \/>\n1 Crema de Marron Glac\u00e9<br \/>\n1 Casta\u00f1as en Alm\u00edbre<\/p>\n","protected":false},"featured_media":1540,"template":"","meta":{"_acf_changed":false},"product_brand":[],"product_cat":[44],"product_tag":[],"class_list":{"0":"post-2010","1":"product","2":"type-product","3":"status-publish","4":"has-post-thumbnail","6":"product_cat-caixas","7":"description-off","9":"first","10":"instock","11":"taxable","12":"shipping-taxable","13":"purchasable","14":"product-type-simple"},"acf":[],"yoast_head":"<!-- This site is optimized with the Yoast SEO plugin v27.4 - https:\/\/yoast.com\/product\/yoast-seo-wordpress\/ -->\n<title>Caixa - Sabores Gourmet - Marron Glac\u00e9<\/title>\n<meta name=\"robots\" content=\"index, follow, max-snippet:-1, max-image-preview:large, max-video-preview:-1\" \/>\n<link rel=\"canonical\" href=\"https:\/\/www.marronglace.com\/gl\/producto\/caixa-sabores-gourmet\/\" \/>\n<meta property=\"og:locale\" content=\"gl_ES\" \/>\n<meta property=\"og:type\" content=\"article\" \/>\n<meta property=\"og:title\" content=\"Caixa - Sabores Gourmet - Marron Glac\u00e9\" \/>\n<meta property=\"og:description\" content=\"Paquete de varios produtos ideal para agasallo. No proceso de compra poder\u00e1s indicar que \u00e9 para agasallo e engadir un texto que se incluir\u00e1 nunha tarxeta coa caixa. Esta caixa incl\u00fae os seguintes produtos: 1 Marron Glac\u00e9 Classic 160g 1 Marron Glac\u00e9 ao Brandy 160g 1 Marron Glac\u00e9 ao Licor de Pera Williams 1 Casta\u00f1a Confeitada con Cobertura de Chocolate Negro 1 Crema de Marron Glac\u00e9 1 Casta\u00f1as en Alm\u00edbre\" \/>\n<meta property=\"og:url\" content=\"https:\/\/www.marronglace.com\/gl\/producto\/caixa-sabores-gourmet\/\" \/>\n<meta property=\"og:site_name\" content=\"Marron Glac\u00e9\" \/>\n<meta property=\"og:image\" content=\"https:\/\/www.marronglace.com\/wp-content\/uploads\/2023\/12\/pack1-sabores-gourmet.png\" \/>\n\t<meta property=\"og:image:width\" content=\"510\" \/>\n\t<meta property=\"og:image:height\" content=\"510\" \/>\n\t<meta property=\"og:image:type\" content=\"image\/png\" \/>\n<meta name=\"twitter:card\" content=\"summary_large_image\" \/>\n<script type=\"application\/ld+json\" class=\"yoast-schema-graph\">{\"@context\":\"https:\\\/\\\/schema.org\",\"@graph\":[{\"@type\":\"WebPage\",\"@id\":\"https:\\\/\\\/www.marronglace.com\\\/gl\\\/producto\\\/caixa-sabores-gourmet\\\/\",\"url\":\"https:\\\/\\\/www.marronglace.com\\\/gl\\\/producto\\\/caixa-sabores-gourmet\\\/\",\"name\":\"Caixa - Sabores Gourmet - Marron Glac\u00e9\",\"isPartOf\":{\"@id\":\"https:\\\/\\\/www.marronglace.com\\\/gl\\\/#website\"},\"primaryImageOfPage\":{\"@id\":\"https:\\\/\\\/www.marronglace.com\\\/gl\\\/producto\\\/caixa-sabores-gourmet\\\/#primaryimage\"},\"image\":{\"@id\":\"https:\\\/\\\/www.marronglace.com\\\/gl\\\/producto\\\/caixa-sabores-gourmet\\\/#primaryimage\"},\"thumbnailUrl\":\"https:\\\/\\\/www.marronglace.com\\\/wp-content\\\/uploads\\\/2023\\\/12\\\/pack1-sabores-gourmet.png\",\"datePublished\":\"2023-11-30T23:33:31+00:00\",\"breadcrumb\":{\"@id\":\"https:\\\/\\\/www.marronglace.com\\\/gl\\\/producto\\\/caixa-sabores-gourmet\\\/#breadcrumb\"},\"inLanguage\":\"gl-ES\",\"potentialAction\":[{\"@type\":\"ReadAction\",\"target\":[\"https:\\\/\\\/www.marronglace.com\\\/gl\\\/producto\\\/caixa-sabores-gourmet\\\/\"]}]},{\"@type\":\"ImageObject\",\"inLanguage\":\"gl-ES\",\"@id\":\"https:\\\/\\\/www.marronglace.com\\\/gl\\\/producto\\\/caixa-sabores-gourmet\\\/#primaryimage\",\"url\":\"https:\\\/\\\/www.marronglace.com\\\/wp-content\\\/uploads\\\/2023\\\/12\\\/pack1-sabores-gourmet.png\",\"contentUrl\":\"https:\\\/\\\/www.marronglace.com\\\/wp-content\\\/uploads\\\/2023\\\/12\\\/pack1-sabores-gourmet.png\",\"width\":510,\"height\":510,\"caption\":\"Pack Sabores Gourmet\"},{\"@type\":\"BreadcrumbList\",\"@id\":\"https:\\\/\\\/www.marronglace.com\\\/gl\\\/producto\\\/caixa-sabores-gourmet\\\/#breadcrumb\",\"itemListElement\":[{\"@type\":\"ListItem\",\"position\":1,\"name\":\"Portada\",\"item\":\"https:\\\/\\\/www.marronglace.com\\\/gl\\\/\"},{\"@type\":\"ListItem\",\"position\":2,\"name\":\"Tenda\",\"item\":\"https:\\\/\\\/www.marronglace.com\\\/gl\\\/tenda\\\/\"},{\"@type\":\"ListItem\",\"position\":3,\"name\":\"Caixa &#8211; Sabores Gourmet\"}]},{\"@type\":\"WebSite\",\"@id\":\"https:\\\/\\\/www.marronglace.com\\\/gl\\\/#website\",\"url\":\"https:\\\/\\\/www.marronglace.com\\\/gl\\\/\",\"name\":\"Marron Glac\u00e9\",\"description\":\"\",\"publisher\":{\"@id\":\"https:\\\/\\\/www.marronglace.com\\\/gl\\\/#organization\"},\"potentialAction\":[{\"@type\":\"SearchAction\",\"target\":{\"@type\":\"EntryPoint\",\"urlTemplate\":\"https:\\\/\\\/www.marronglace.com\\\/gl\\\/?s={search_term_string}\"},\"query-input\":{\"@type\":\"PropertyValueSpecification\",\"valueRequired\":true,\"valueName\":\"search_term_string\"}}],\"inLanguage\":\"gl-ES\"},{\"@type\":\"Organization\",\"@id\":\"https:\\\/\\\/www.marronglace.com\\\/gl\\\/#organization\",\"name\":\"Marron Glac\u00e9\",\"url\":\"https:\\\/\\\/www.marronglace.com\\\/gl\\\/\",\"logo\":{\"@type\":\"ImageObject\",\"inLanguage\":\"gl-ES\",\"@id\":\"https:\\\/\\\/www.marronglace.com\\\/gl\\\/#\\\/schema\\\/logo\\\/image\\\/\",\"url\":\"https:\\\/\\\/www.marronglace.com\\\/wp-content\\\/uploads\\\/2023\\\/11\\\/logo-cuevas-cia-normal.png\",\"contentUrl\":\"https:\\\/\\\/www.marronglace.com\\\/wp-content\\\/uploads\\\/2023\\\/11\\\/logo-cuevas-cia-normal.png\",\"width\":228,\"height\":57,\"caption\":\"Marron Glac\u00e9\"},\"image\":{\"@id\":\"https:\\\/\\\/www.marronglace.com\\\/gl\\\/#\\\/schema\\\/logo\\\/image\\\/\"}}]}<\/script>\n<!-- \/ Yoast SEO plugin. -->","yoast_head_json":{"title":"Caixa - Sabores Gourmet - Marron Glac\u00e9","robots":{"index":"index","follow":"follow","max-snippet":"max-snippet:-1","max-image-preview":"max-image-preview:large","max-video-preview":"max-video-preview:-1"},"canonical":"https:\/\/www.marronglace.com\/gl\/producto\/caixa-sabores-gourmet\/","og_locale":"gl_ES","og_type":"article","og_title":"Caixa - Sabores Gourmet - Marron Glac\u00e9","og_description":"Paquete de varios produtos ideal para agasallo. No proceso de compra poder\u00e1s indicar que \u00e9 para agasallo e engadir un texto que se incluir\u00e1 nunha tarxeta coa caixa. Esta caixa incl\u00fae os seguintes produtos: 1 Marron Glac\u00e9 Classic 160g 1 Marron Glac\u00e9 ao Brandy 160g 1 Marron Glac\u00e9 ao Licor de Pera Williams 1 Casta\u00f1a Confeitada con Cobertura de Chocolate Negro 1 Crema de Marron Glac\u00e9 1 Casta\u00f1as en Alm\u00edbre","og_url":"https:\/\/www.marronglace.com\/gl\/producto\/caixa-sabores-gourmet\/","og_site_name":"Marron Glac\u00e9","og_image":[{"width":510,"height":510,"url":"https:\/\/www.marronglace.com\/wp-content\/uploads\/2023\/12\/pack1-sabores-gourmet.png","type":"image\/png"}],"twitter_card":"summary_large_image","schema":{"@context":"https:\/\/schema.org","@graph":[{"@type":"WebPage","@id":"https:\/\/www.marronglace.com\/gl\/producto\/caixa-sabores-gourmet\/","url":"https:\/\/www.marronglace.com\/gl\/producto\/caixa-sabores-gourmet\/","name":"Caixa - Sabores Gourmet - Marron Glac\u00e9","isPartOf":{"@id":"https:\/\/www.marronglace.com\/gl\/#website"},"primaryImageOfPage":{"@id":"https:\/\/www.marronglace.com\/gl\/producto\/caixa-sabores-gourmet\/#primaryimage"},"image":{"@id":"https:\/\/www.marronglace.com\/gl\/producto\/caixa-sabores-gourmet\/#primaryimage"},"thumbnailUrl":"https:\/\/www.marronglace.com\/wp-content\/uploads\/2023\/12\/pack1-sabores-gourmet.png","datePublished":"2023-11-30T23:33:31+00:00","breadcrumb":{"@id":"https:\/\/www.marronglace.com\/gl\/producto\/caixa-sabores-gourmet\/#breadcrumb"},"inLanguage":"gl-ES","potentialAction":[{"@type":"ReadAction","target":["https:\/\/www.marronglace.com\/gl\/producto\/caixa-sabores-gourmet\/"]}]},{"@type":"ImageObject","inLanguage":"gl-ES","@id":"https:\/\/www.marronglace.com\/gl\/producto\/caixa-sabores-gourmet\/#primaryimage","url":"https:\/\/www.marronglace.com\/wp-content\/uploads\/2023\/12\/pack1-sabores-gourmet.png","contentUrl":"https:\/\/www.marronglace.com\/wp-content\/uploads\/2023\/12\/pack1-sabores-gourmet.png","width":510,"height":510,"caption":"Pack Sabores Gourmet"},{"@type":"BreadcrumbList","@id":"https:\/\/www.marronglace.com\/gl\/producto\/caixa-sabores-gourmet\/#breadcrumb","itemListElement":[{"@type":"ListItem","position":1,"name":"Portada","item":"https:\/\/www.marronglace.com\/gl\/"},{"@type":"ListItem","position":2,"name":"Tenda","item":"https:\/\/www.marronglace.com\/gl\/tenda\/"},{"@type":"ListItem","position":3,"name":"Caixa &#8211; Sabores Gourmet"}]},{"@type":"WebSite","@id":"https:\/\/www.marronglace.com\/gl\/#website","url":"https:\/\/www.marronglace.com\/gl\/","name":"Marron Glac\u00e9","description":"","publisher":{"@id":"https:\/\/www.marronglace.com\/gl\/#organization"},"potentialAction":[{"@type":"SearchAction","target":{"@type":"EntryPoint","urlTemplate":"https:\/\/www.marronglace.com\/gl\/?s={search_term_string}"},"query-input":{"@type":"PropertyValueSpecification","valueRequired":true,"valueName":"search_term_string"}}],"inLanguage":"gl-ES"},{"@type":"Organization","@id":"https:\/\/www.marronglace.com\/gl\/#organization","name":"Marron Glac\u00e9","url":"https:\/\/www.marronglace.com\/gl\/","logo":{"@type":"ImageObject","inLanguage":"gl-ES","@id":"https:\/\/www.marronglace.com\/gl\/#\/schema\/logo\/image\/","url":"https:\/\/www.marronglace.com\/wp-content\/uploads\/2023\/11\/logo-cuevas-cia-normal.png","contentUrl":"https:\/\/www.marronglace.com\/wp-content\/uploads\/2023\/11\/logo-cuevas-cia-normal.png","width":228,"height":57,"caption":"Marron Glac\u00e9"},"image":{"@id":"https:\/\/www.marronglace.com\/gl\/#\/schema\/logo\/image\/"}}]}},"_links":{"self":[{"href":"https:\/\/www.marronglace.com\/gl\/wp-json\/wp\/v2\/product\/2010","targetHints":{"allow":["GET"]}}],"collection":[{"href":"https:\/\/www.marronglace.com\/gl\/wp-json\/wp\/v2\/product"}],"about":[{"href":"https:\/\/www.marronglace.com\/gl\/wp-json\/wp\/v2\/types\/product"}],"wp:featuredmedia":[{"embeddable":true,"href":"https:\/\/www.marronglace.com\/gl\/wp-json\/wp\/v2\/media\/1540"}],"wp:attachment":[{"href":"https:\/\/www.marronglace.com\/gl\/wp-json\/wp\/v2\/media?parent=2010"}],"wp:term":[{"taxonomy":"product_brand","embeddable":true,"href":"https:\/\/www.marronglace.com\/gl\/wp-json\/wp\/v2\/product_brand?post=2010"},{"taxonomy":"product_cat","embeddable":true,"href":"https:\/\/www.marronglace.com\/gl\/wp-json\/wp\/v2\/product_cat?post=2010"},{"taxonomy":"product_tag","embeddable":true,"href":"https:\/\/www.marronglace.com\/gl\/wp-json\/wp\/v2\/product_tag?post=2010"}],"curies":[{"name":"wp","href":"https:\/\/api.w.org\/{rel}","templated":true}]}}