{"id":2011,"date":"2023-12-01T00:36:53","date_gmt":"2023-11-30T23:36:53","guid":{"rendered":"https:\/\/www.marronglace.com\/producto\/caixa-un-gran-toque-de-maxia\/"},"modified":"2023-12-01T00:36:53","modified_gmt":"2023-11-30T23:36:53","slug":"caixa-un-gran-toque-de-maxia","status":"publish","type":"product","link":"https:\/\/www.marronglace.com\/gl\/producto\/caixa-un-gran-toque-de-maxia\/","title":{"rendered":"Caixa &#8211; Un gran toque de maxia"},"content":{"rendered":"","protected":false},"excerpt":{"rendered":"<p>Paquete de varios produtos ideal para agasallo. No proceso de compra poder\u00e1s indicar que \u00e9 para agasallo e engadir un texto que se incluir\u00e1 nunha tarxeta coa caixa.<\/p>\n<p>Esta caixa incl\u00fae os seguintes produtos:<\/p>\n<p>1 Crema de Marron Glac\u00e9<br \/>\n1 Casta\u00f1as en Alm\u00edbre<br \/>\n1 Pur\u00e9 de Casta\u00f1as<br \/>\n1 Guarnici\u00f3n de Casta\u00f1as 150g<br \/>\n1 Guarnici\u00f3n de Casta\u00f1as con Cirolas, Pi\u00f1\u00f3ns e Cogumelos 200g<\/p>\n","protected":false},"featured_media":1560,"template":"","meta":{"_acf_changed":false},"product_brand":[],"product_cat":[44],"product_tag":[],"class_list":{"0":"post-2011","1":"product","2":"type-product","3":"status-publish","4":"has-post-thumbnail","6":"product_cat-caixas","7":"description-off","9":"first","10":"instock","11":"taxable","12":"shipping-taxable","13":"purchasable","14":"product-type-simple"},"acf":[],"yoast_head":"<!-- This site is optimized with the Yoast SEO plugin v27.4 - https:\/\/yoast.com\/product\/yoast-seo-wordpress\/ -->\n<title>Caixa - Un gran toque de maxia - Marron Glac\u00e9<\/title>\n<meta name=\"robots\" content=\"index, follow, max-snippet:-1, max-image-preview:large, max-video-preview:-1\" \/>\n<link rel=\"canonical\" href=\"https:\/\/www.marronglace.com\/gl\/producto\/caixa-un-gran-toque-de-maxia\/\" \/>\n<meta property=\"og:locale\" content=\"gl_ES\" \/>\n<meta property=\"og:type\" content=\"article\" \/>\n<meta property=\"og:title\" content=\"Caixa - Un gran toque de maxia - Marron Glac\u00e9\" \/>\n<meta property=\"og:description\" content=\"Paquete de varios produtos ideal para agasallo. No proceso de compra poder\u00e1s indicar que \u00e9 para agasallo e engadir un texto que se incluir\u00e1 nunha tarxeta coa caixa. Esta caixa incl\u00fae os seguintes produtos: 1 Crema de Marron Glac\u00e9 1 Casta\u00f1as en Alm\u00edbre 1 Pur\u00e9 de Casta\u00f1as 1 Guarnici\u00f3n de Casta\u00f1as 150g 1 Guarnici\u00f3n de Casta\u00f1as con Cirolas, Pi\u00f1\u00f3ns e Cogumelos 200g\" \/>\n<meta property=\"og:url\" content=\"https:\/\/www.marronglace.com\/gl\/producto\/caixa-un-gran-toque-de-maxia\/\" \/>\n<meta property=\"og:site_name\" content=\"Marron Glac\u00e9\" \/>\n<meta property=\"og:image\" content=\"https:\/\/www.marronglace.com\/wp-content\/uploads\/2023\/12\/pack2-gran-toque-magia.png\" \/>\n\t<meta property=\"og:image:width\" content=\"510\" \/>\n\t<meta property=\"og:image:height\" content=\"510\" \/>\n\t<meta property=\"og:image:type\" content=\"image\/png\" \/>\n<meta name=\"twitter:card\" content=\"summary_large_image\" \/>\n<script type=\"application\/ld+json\" class=\"yoast-schema-graph\">{\"@context\":\"https:\\\/\\\/schema.org\",\"@graph\":[{\"@type\":\"WebPage\",\"@id\":\"https:\\\/\\\/www.marronglace.com\\\/gl\\\/producto\\\/caixa-un-gran-toque-de-maxia\\\/\",\"url\":\"https:\\\/\\\/www.marronglace.com\\\/gl\\\/producto\\\/caixa-un-gran-toque-de-maxia\\\/\",\"name\":\"Caixa - Un gran toque de maxia - Marron Glac\u00e9\",\"isPartOf\":{\"@id\":\"https:\\\/\\\/www.marronglace.com\\\/gl\\\/#website\"},\"primaryImageOfPage\":{\"@id\":\"https:\\\/\\\/www.marronglace.com\\\/gl\\\/producto\\\/caixa-un-gran-toque-de-maxia\\\/#primaryimage\"},\"image\":{\"@id\":\"https:\\\/\\\/www.marronglace.com\\\/gl\\\/producto\\\/caixa-un-gran-toque-de-maxia\\\/#primaryimage\"},\"thumbnailUrl\":\"https:\\\/\\\/www.marronglace.com\\\/wp-content\\\/uploads\\\/2023\\\/12\\\/pack2-gran-toque-magia.png\",\"datePublished\":\"2023-11-30T23:36:53+00:00\",\"breadcrumb\":{\"@id\":\"https:\\\/\\\/www.marronglace.com\\\/gl\\\/producto\\\/caixa-un-gran-toque-de-maxia\\\/#breadcrumb\"},\"inLanguage\":\"gl-ES\",\"potentialAction\":[{\"@type\":\"ReadAction\",\"target\":[\"https:\\\/\\\/www.marronglace.com\\\/gl\\\/producto\\\/caixa-un-gran-toque-de-maxia\\\/\"]}]},{\"@type\":\"ImageObject\",\"inLanguage\":\"gl-ES\",\"@id\":\"https:\\\/\\\/www.marronglace.com\\\/gl\\\/producto\\\/caixa-un-gran-toque-de-maxia\\\/#primaryimage\",\"url\":\"https:\\\/\\\/www.marronglace.com\\\/wp-content\\\/uploads\\\/2023\\\/12\\\/pack2-gran-toque-magia.png\",\"contentUrl\":\"https:\\\/\\\/www.marronglace.com\\\/wp-content\\\/uploads\\\/2023\\\/12\\\/pack2-gran-toque-magia.png\",\"width\":510,\"height\":510,\"caption\":\"Un gran toque de magia\"},{\"@type\":\"BreadcrumbList\",\"@id\":\"https:\\\/\\\/www.marronglace.com\\\/gl\\\/producto\\\/caixa-un-gran-toque-de-maxia\\\/#breadcrumb\",\"itemListElement\":[{\"@type\":\"ListItem\",\"position\":1,\"name\":\"Portada\",\"item\":\"https:\\\/\\\/www.marronglace.com\\\/gl\\\/\"},{\"@type\":\"ListItem\",\"position\":2,\"name\":\"Tenda\",\"item\":\"https:\\\/\\\/www.marronglace.com\\\/gl\\\/tenda\\\/\"},{\"@type\":\"ListItem\",\"position\":3,\"name\":\"Caixa &#8211; Un gran toque de maxia\"}]},{\"@type\":\"WebSite\",\"@id\":\"https:\\\/\\\/www.marronglace.com\\\/gl\\\/#website\",\"url\":\"https:\\\/\\\/www.marronglace.com\\\/gl\\\/\",\"name\":\"Marron Glac\u00e9\",\"description\":\"\",\"publisher\":{\"@id\":\"https:\\\/\\\/www.marronglace.com\\\/gl\\\/#organization\"},\"potentialAction\":[{\"@type\":\"SearchAction\",\"target\":{\"@type\":\"EntryPoint\",\"urlTemplate\":\"https:\\\/\\\/www.marronglace.com\\\/gl\\\/?s={search_term_string}\"},\"query-input\":{\"@type\":\"PropertyValueSpecification\",\"valueRequired\":true,\"valueName\":\"search_term_string\"}}],\"inLanguage\":\"gl-ES\"},{\"@type\":\"Organization\",\"@id\":\"https:\\\/\\\/www.marronglace.com\\\/gl\\\/#organization\",\"name\":\"Marron Glac\u00e9\",\"url\":\"https:\\\/\\\/www.marronglace.com\\\/gl\\\/\",\"logo\":{\"@type\":\"ImageObject\",\"inLanguage\":\"gl-ES\",\"@id\":\"https:\\\/\\\/www.marronglace.com\\\/gl\\\/#\\\/schema\\\/logo\\\/image\\\/\",\"url\":\"https:\\\/\\\/www.marronglace.com\\\/wp-content\\\/uploads\\\/2023\\\/11\\\/logo-cuevas-cia-normal.png\",\"contentUrl\":\"https:\\\/\\\/www.marronglace.com\\\/wp-content\\\/uploads\\\/2023\\\/11\\\/logo-cuevas-cia-normal.png\",\"width\":228,\"height\":57,\"caption\":\"Marron Glac\u00e9\"},\"image\":{\"@id\":\"https:\\\/\\\/www.marronglace.com\\\/gl\\\/#\\\/schema\\\/logo\\\/image\\\/\"}}]}<\/script>\n<!-- \/ Yoast SEO plugin. -->","yoast_head_json":{"title":"Caixa - Un gran toque de maxia - Marron Glac\u00e9","robots":{"index":"index","follow":"follow","max-snippet":"max-snippet:-1","max-image-preview":"max-image-preview:large","max-video-preview":"max-video-preview:-1"},"canonical":"https:\/\/www.marronglace.com\/gl\/producto\/caixa-un-gran-toque-de-maxia\/","og_locale":"gl_ES","og_type":"article","og_title":"Caixa - Un gran toque de maxia - Marron Glac\u00e9","og_description":"Paquete de varios produtos ideal para agasallo. No proceso de compra poder\u00e1s indicar que \u00e9 para agasallo e engadir un texto que se incluir\u00e1 nunha tarxeta coa caixa. Esta caixa incl\u00fae os seguintes produtos: 1 Crema de Marron Glac\u00e9 1 Casta\u00f1as en Alm\u00edbre 1 Pur\u00e9 de Casta\u00f1as 1 Guarnici\u00f3n de Casta\u00f1as 150g 1 Guarnici\u00f3n de Casta\u00f1as con Cirolas, Pi\u00f1\u00f3ns e Cogumelos 200g","og_url":"https:\/\/www.marronglace.com\/gl\/producto\/caixa-un-gran-toque-de-maxia\/","og_site_name":"Marron Glac\u00e9","og_image":[{"width":510,"height":510,"url":"https:\/\/www.marronglace.com\/wp-content\/uploads\/2023\/12\/pack2-gran-toque-magia.png","type":"image\/png"}],"twitter_card":"summary_large_image","schema":{"@context":"https:\/\/schema.org","@graph":[{"@type":"WebPage","@id":"https:\/\/www.marronglace.com\/gl\/producto\/caixa-un-gran-toque-de-maxia\/","url":"https:\/\/www.marronglace.com\/gl\/producto\/caixa-un-gran-toque-de-maxia\/","name":"Caixa - Un gran toque de maxia - Marron Glac\u00e9","isPartOf":{"@id":"https:\/\/www.marronglace.com\/gl\/#website"},"primaryImageOfPage":{"@id":"https:\/\/www.marronglace.com\/gl\/producto\/caixa-un-gran-toque-de-maxia\/#primaryimage"},"image":{"@id":"https:\/\/www.marronglace.com\/gl\/producto\/caixa-un-gran-toque-de-maxia\/#primaryimage"},"thumbnailUrl":"https:\/\/www.marronglace.com\/wp-content\/uploads\/2023\/12\/pack2-gran-toque-magia.png","datePublished":"2023-11-30T23:36:53+00:00","breadcrumb":{"@id":"https:\/\/www.marronglace.com\/gl\/producto\/caixa-un-gran-toque-de-maxia\/#breadcrumb"},"inLanguage":"gl-ES","potentialAction":[{"@type":"ReadAction","target":["https:\/\/www.marronglace.com\/gl\/producto\/caixa-un-gran-toque-de-maxia\/"]}]},{"@type":"ImageObject","inLanguage":"gl-ES","@id":"https:\/\/www.marronglace.com\/gl\/producto\/caixa-un-gran-toque-de-maxia\/#primaryimage","url":"https:\/\/www.marronglace.com\/wp-content\/uploads\/2023\/12\/pack2-gran-toque-magia.png","contentUrl":"https:\/\/www.marronglace.com\/wp-content\/uploads\/2023\/12\/pack2-gran-toque-magia.png","width":510,"height":510,"caption":"Un gran toque de magia"},{"@type":"BreadcrumbList","@id":"https:\/\/www.marronglace.com\/gl\/producto\/caixa-un-gran-toque-de-maxia\/#breadcrumb","itemListElement":[{"@type":"ListItem","position":1,"name":"Portada","item":"https:\/\/www.marronglace.com\/gl\/"},{"@type":"ListItem","position":2,"name":"Tenda","item":"https:\/\/www.marronglace.com\/gl\/tenda\/"},{"@type":"ListItem","position":3,"name":"Caixa &#8211; Un gran toque de maxia"}]},{"@type":"WebSite","@id":"https:\/\/www.marronglace.com\/gl\/#website","url":"https:\/\/www.marronglace.com\/gl\/","name":"Marron Glac\u00e9","description":"","publisher":{"@id":"https:\/\/www.marronglace.com\/gl\/#organization"},"potentialAction":[{"@type":"SearchAction","target":{"@type":"EntryPoint","urlTemplate":"https:\/\/www.marronglace.com\/gl\/?s={search_term_string}"},"query-input":{"@type":"PropertyValueSpecification","valueRequired":true,"valueName":"search_term_string"}}],"inLanguage":"gl-ES"},{"@type":"Organization","@id":"https:\/\/www.marronglace.com\/gl\/#organization","name":"Marron Glac\u00e9","url":"https:\/\/www.marronglace.com\/gl\/","logo":{"@type":"ImageObject","inLanguage":"gl-ES","@id":"https:\/\/www.marronglace.com\/gl\/#\/schema\/logo\/image\/","url":"https:\/\/www.marronglace.com\/wp-content\/uploads\/2023\/11\/logo-cuevas-cia-normal.png","contentUrl":"https:\/\/www.marronglace.com\/wp-content\/uploads\/2023\/11\/logo-cuevas-cia-normal.png","width":228,"height":57,"caption":"Marron Glac\u00e9"},"image":{"@id":"https:\/\/www.marronglace.com\/gl\/#\/schema\/logo\/image\/"}}]}},"_links":{"self":[{"href":"https:\/\/www.marronglace.com\/gl\/wp-json\/wp\/v2\/product\/2011","targetHints":{"allow":["GET"]}}],"collection":[{"href":"https:\/\/www.marronglace.com\/gl\/wp-json\/wp\/v2\/product"}],"about":[{"href":"https:\/\/www.marronglace.com\/gl\/wp-json\/wp\/v2\/types\/product"}],"wp:featuredmedia":[{"embeddable":true,"href":"https:\/\/www.marronglace.com\/gl\/wp-json\/wp\/v2\/media\/1560"}],"wp:attachment":[{"href":"https:\/\/www.marronglace.com\/gl\/wp-json\/wp\/v2\/media?parent=2011"}],"wp:term":[{"taxonomy":"product_brand","embeddable":true,"href":"https:\/\/www.marronglace.com\/gl\/wp-json\/wp\/v2\/product_brand?post=2011"},{"taxonomy":"product_cat","embeddable":true,"href":"https:\/\/www.marronglace.com\/gl\/wp-json\/wp\/v2\/product_cat?post=2011"},{"taxonomy":"product_tag","embeddable":true,"href":"https:\/\/www.marronglace.com\/gl\/wp-json\/wp\/v2\/product_tag?post=2011"}],"curies":[{"name":"wp","href":"https:\/\/api.w.org\/{rel}","templated":true}]}}