{"id":2019,"date":"2023-11-16T01:51:04","date_gmt":"2023-11-16T00:51:04","guid":{"rendered":"https:\/\/www.marronglace.com\/producto\/castana-confeitada-con-cobertura-de-chocolate-negro\/"},"modified":"2023-11-16T01:51:04","modified_gmt":"2023-11-16T00:51:04","slug":"castana-confeitada-con-cobertura-de-chocolate-negro","status":"publish","type":"product","link":"https:\/\/www.marronglace.com\/gl\/producto\/castana-confeitada-con-cobertura-de-chocolate-negro\/","title":{"rendered":"Casta\u00f1a Confeitada con Cobertura de Chocolate Negro"},"content":{"rendered":"<p><strong>Ingredientes:<\/strong><br \/>\nCasta\u00f1a confeitada (casta\u00f1a, azucre, xarope de glicosa, aroma de vainilla, conservador E223 (sulfitos)) e cobertura de chocolate negro, m\u00ednimo 11% (pasta de cacao, azucre, manteiga de cacao, emulgente: lecitina de soia e aroma natural de vainilla. Cacao 64% min). Pode conter trazas de leite e froitos de casca.<\/p>\n<p>Cont\u00e9n unha bolsi\u00f1a absorbedora de os\u00edxeno, non consumir. Manter en lugar seco e fresco.<\/p>\n<p>Manter nun lugar fresco e seco. Produto suxeito a desecaci\u00f3n. Unha vez aberto, manter en refrixeraci\u00f3n.<\/p>\n<p><strong>Valores nutricionais (g\/100g):<\/strong><br \/>\nValor enerx\u00e9tico: 339 Kcal &#8211; 1.429 kJ<br \/>\nGraxas: 9,4 g (das cales saturadas: 5,8 g)<br \/>\nHidratos de carbono: 60 g (das cales azucres: 55 g)<br \/>\nProte\u00ednas: 1,9 g<br \/>\nSal: 0,10 g<\/p>\n","protected":false},"excerpt":{"rendered":"<p>Ingredientes: Casta\u00f1a confeitada (casta\u00f1a, azucre, xarope de glicosa, aroma de vainilla, conservador E223 (sulfitos)) e cobertura de chocolate negro, m\u00ednimo 11% (pasta de cacao, azucre, manteiga de cacao, emulgente: lecitina de soia e aroma natural de vainilla. Cacao 64% min). Pode conter trazas de leite e froitos de casca. Cont\u00e9n unha bolsi\u00f1a absorbedora de os\u00edxeno,&hellip;<\/p>\n","protected":false},"featured_media":146,"template":"","meta":{"_acf_changed":false},"product_brand":[],"product_cat":[45],"product_tag":[],"class_list":{"0":"post-2019","1":"product","2":"type-product","3":"status-publish","4":"has-post-thumbnail","6":"product_cat-marron-glace-gl","7":"description-off","9":"first","10":"instock","11":"taxable","12":"shipping-taxable","13":"purchasable","14":"product-type-simple"},"acf":[],"yoast_head":"<!-- This site is optimized with the Yoast SEO plugin v27.4 - https:\/\/yoast.com\/product\/yoast-seo-wordpress\/ -->\n<title>Casta\u00f1a Confeitada con Cobertura de Chocolate Negro - Marron Glac\u00e9<\/title>\n<meta name=\"robots\" content=\"index, follow, max-snippet:-1, max-image-preview:large, max-video-preview:-1\" \/>\n<link rel=\"canonical\" href=\"https:\/\/www.marronglace.com\/gl\/producto\/castana-confeitada-con-cobertura-de-chocolate-negro\/\" \/>\n<meta property=\"og:locale\" content=\"gl_ES\" \/>\n<meta property=\"og:type\" content=\"article\" \/>\n<meta property=\"og:title\" content=\"Casta\u00f1a Confeitada con Cobertura de Chocolate Negro - Marron Glac\u00e9\" \/>\n<meta property=\"og:description\" content=\"Ingredientes: Casta\u00f1a confeitada (casta\u00f1a, azucre, xarope de glicosa, aroma de vainilla, conservador E223 (sulfitos)) e cobertura de chocolate negro, m\u00ednimo 11% (pasta de cacao, azucre, manteiga de cacao, emulgente: lecitina de soia e aroma natural de vainilla. Cacao 64% min). Pode conter trazas de leite e froitos de casca. Cont\u00e9n unha bolsi\u00f1a absorbedora de os\u00edxeno,&hellip;\" \/>\n<meta property=\"og:url\" content=\"https:\/\/www.marronglace.com\/gl\/producto\/castana-confeitada-con-cobertura-de-chocolate-negro\/\" \/>\n<meta property=\"og:site_name\" content=\"Marron Glac\u00e9\" \/>\n<meta property=\"og:image\" content=\"https:\/\/www.marronglace.com\/wp-content\/uploads\/2023\/11\/marron-glace-classic-bombon.jpg\" \/>\n\t<meta property=\"og:image:width\" content=\"510\" \/>\n\t<meta property=\"og:image:height\" content=\"510\" \/>\n\t<meta property=\"og:image:type\" content=\"image\/jpeg\" \/>\n<meta name=\"twitter:card\" content=\"summary_large_image\" \/>\n<meta name=\"twitter:label1\" content=\"Tempo de lectura\" \/>\n\t<meta name=\"twitter:data1\" content=\"1 minuto\" \/>\n<script type=\"application\/ld+json\" class=\"yoast-schema-graph\">{\"@context\":\"https:\\\/\\\/schema.org\",\"@graph\":[{\"@type\":\"WebPage\",\"@id\":\"https:\\\/\\\/www.marronglace.com\\\/gl\\\/producto\\\/castana-confeitada-con-cobertura-de-chocolate-negro\\\/\",\"url\":\"https:\\\/\\\/www.marronglace.com\\\/gl\\\/producto\\\/castana-confeitada-con-cobertura-de-chocolate-negro\\\/\",\"name\":\"Casta\u00f1a Confeitada con Cobertura de Chocolate Negro - Marron Glac\u00e9\",\"isPartOf\":{\"@id\":\"https:\\\/\\\/www.marronglace.com\\\/gl\\\/#website\"},\"primaryImageOfPage\":{\"@id\":\"https:\\\/\\\/www.marronglace.com\\\/gl\\\/producto\\\/castana-confeitada-con-cobertura-de-chocolate-negro\\\/#primaryimage\"},\"image\":{\"@id\":\"https:\\\/\\\/www.marronglace.com\\\/gl\\\/producto\\\/castana-confeitada-con-cobertura-de-chocolate-negro\\\/#primaryimage\"},\"thumbnailUrl\":\"https:\\\/\\\/www.marronglace.com\\\/wp-content\\\/uploads\\\/2023\\\/11\\\/marron-glace-classic-bombon.jpg\",\"datePublished\":\"2023-11-16T00:51:04+00:00\",\"breadcrumb\":{\"@id\":\"https:\\\/\\\/www.marronglace.com\\\/gl\\\/producto\\\/castana-confeitada-con-cobertura-de-chocolate-negro\\\/#breadcrumb\"},\"inLanguage\":\"gl-ES\",\"potentialAction\":[{\"@type\":\"ReadAction\",\"target\":[\"https:\\\/\\\/www.marronglace.com\\\/gl\\\/producto\\\/castana-confeitada-con-cobertura-de-chocolate-negro\\\/\"]}]},{\"@type\":\"ImageObject\",\"inLanguage\":\"gl-ES\",\"@id\":\"https:\\\/\\\/www.marronglace.com\\\/gl\\\/producto\\\/castana-confeitada-con-cobertura-de-chocolate-negro\\\/#primaryimage\",\"url\":\"https:\\\/\\\/www.marronglace.com\\\/wp-content\\\/uploads\\\/2023\\\/11\\\/marron-glace-classic-bombon.jpg\",\"contentUrl\":\"https:\\\/\\\/www.marronglace.com\\\/wp-content\\\/uploads\\\/2023\\\/11\\\/marron-glace-classic-bombon.jpg\",\"width\":510,\"height\":510},{\"@type\":\"BreadcrumbList\",\"@id\":\"https:\\\/\\\/www.marronglace.com\\\/gl\\\/producto\\\/castana-confeitada-con-cobertura-de-chocolate-negro\\\/#breadcrumb\",\"itemListElement\":[{\"@type\":\"ListItem\",\"position\":1,\"name\":\"Portada\",\"item\":\"https:\\\/\\\/www.marronglace.com\\\/gl\\\/\"},{\"@type\":\"ListItem\",\"position\":2,\"name\":\"Tenda\",\"item\":\"https:\\\/\\\/www.marronglace.com\\\/gl\\\/tenda\\\/\"},{\"@type\":\"ListItem\",\"position\":3,\"name\":\"Casta\u00f1a Confeitada con Cobertura de Chocolate Negro\"}]},{\"@type\":\"WebSite\",\"@id\":\"https:\\\/\\\/www.marronglace.com\\\/gl\\\/#website\",\"url\":\"https:\\\/\\\/www.marronglace.com\\\/gl\\\/\",\"name\":\"Marron Glac\u00e9\",\"description\":\"\",\"publisher\":{\"@id\":\"https:\\\/\\\/www.marronglace.com\\\/gl\\\/#organization\"},\"potentialAction\":[{\"@type\":\"SearchAction\",\"target\":{\"@type\":\"EntryPoint\",\"urlTemplate\":\"https:\\\/\\\/www.marronglace.com\\\/gl\\\/?s={search_term_string}\"},\"query-input\":{\"@type\":\"PropertyValueSpecification\",\"valueRequired\":true,\"valueName\":\"search_term_string\"}}],\"inLanguage\":\"gl-ES\"},{\"@type\":\"Organization\",\"@id\":\"https:\\\/\\\/www.marronglace.com\\\/gl\\\/#organization\",\"name\":\"Marron Glac\u00e9\",\"url\":\"https:\\\/\\\/www.marronglace.com\\\/gl\\\/\",\"logo\":{\"@type\":\"ImageObject\",\"inLanguage\":\"gl-ES\",\"@id\":\"https:\\\/\\\/www.marronglace.com\\\/gl\\\/#\\\/schema\\\/logo\\\/image\\\/\",\"url\":\"https:\\\/\\\/www.marronglace.com\\\/wp-content\\\/uploads\\\/2023\\\/11\\\/logo-cuevas-cia-normal.png\",\"contentUrl\":\"https:\\\/\\\/www.marronglace.com\\\/wp-content\\\/uploads\\\/2023\\\/11\\\/logo-cuevas-cia-normal.png\",\"width\":228,\"height\":57,\"caption\":\"Marron Glac\u00e9\"},\"image\":{\"@id\":\"https:\\\/\\\/www.marronglace.com\\\/gl\\\/#\\\/schema\\\/logo\\\/image\\\/\"}}]}<\/script>\n<!-- \/ Yoast SEO plugin. -->","yoast_head_json":{"title":"Casta\u00f1a Confeitada con Cobertura de Chocolate Negro - Marron Glac\u00e9","robots":{"index":"index","follow":"follow","max-snippet":"max-snippet:-1","max-image-preview":"max-image-preview:large","max-video-preview":"max-video-preview:-1"},"canonical":"https:\/\/www.marronglace.com\/gl\/producto\/castana-confeitada-con-cobertura-de-chocolate-negro\/","og_locale":"gl_ES","og_type":"article","og_title":"Casta\u00f1a Confeitada con Cobertura de Chocolate Negro - Marron Glac\u00e9","og_description":"Ingredientes: Casta\u00f1a confeitada (casta\u00f1a, azucre, xarope de glicosa, aroma de vainilla, conservador E223 (sulfitos)) e cobertura de chocolate negro, m\u00ednimo 11% (pasta de cacao, azucre, manteiga de cacao, emulgente: lecitina de soia e aroma natural de vainilla. Cacao 64% min). Pode conter trazas de leite e froitos de casca. Cont\u00e9n unha bolsi\u00f1a absorbedora de os\u00edxeno,&hellip;","og_url":"https:\/\/www.marronglace.com\/gl\/producto\/castana-confeitada-con-cobertura-de-chocolate-negro\/","og_site_name":"Marron Glac\u00e9","og_image":[{"width":510,"height":510,"url":"https:\/\/www.marronglace.com\/wp-content\/uploads\/2023\/11\/marron-glace-classic-bombon.jpg","type":"image\/jpeg"}],"twitter_card":"summary_large_image","twitter_misc":{"Tempo de lectura":"1 minuto"},"schema":{"@context":"https:\/\/schema.org","@graph":[{"@type":"WebPage","@id":"https:\/\/www.marronglace.com\/gl\/producto\/castana-confeitada-con-cobertura-de-chocolate-negro\/","url":"https:\/\/www.marronglace.com\/gl\/producto\/castana-confeitada-con-cobertura-de-chocolate-negro\/","name":"Casta\u00f1a Confeitada con Cobertura de Chocolate Negro - Marron Glac\u00e9","isPartOf":{"@id":"https:\/\/www.marronglace.com\/gl\/#website"},"primaryImageOfPage":{"@id":"https:\/\/www.marronglace.com\/gl\/producto\/castana-confeitada-con-cobertura-de-chocolate-negro\/#primaryimage"},"image":{"@id":"https:\/\/www.marronglace.com\/gl\/producto\/castana-confeitada-con-cobertura-de-chocolate-negro\/#primaryimage"},"thumbnailUrl":"https:\/\/www.marronglace.com\/wp-content\/uploads\/2023\/11\/marron-glace-classic-bombon.jpg","datePublished":"2023-11-16T00:51:04+00:00","breadcrumb":{"@id":"https:\/\/www.marronglace.com\/gl\/producto\/castana-confeitada-con-cobertura-de-chocolate-negro\/#breadcrumb"},"inLanguage":"gl-ES","potentialAction":[{"@type":"ReadAction","target":["https:\/\/www.marronglace.com\/gl\/producto\/castana-confeitada-con-cobertura-de-chocolate-negro\/"]}]},{"@type":"ImageObject","inLanguage":"gl-ES","@id":"https:\/\/www.marronglace.com\/gl\/producto\/castana-confeitada-con-cobertura-de-chocolate-negro\/#primaryimage","url":"https:\/\/www.marronglace.com\/wp-content\/uploads\/2023\/11\/marron-glace-classic-bombon.jpg","contentUrl":"https:\/\/www.marronglace.com\/wp-content\/uploads\/2023\/11\/marron-glace-classic-bombon.jpg","width":510,"height":510},{"@type":"BreadcrumbList","@id":"https:\/\/www.marronglace.com\/gl\/producto\/castana-confeitada-con-cobertura-de-chocolate-negro\/#breadcrumb","itemListElement":[{"@type":"ListItem","position":1,"name":"Portada","item":"https:\/\/www.marronglace.com\/gl\/"},{"@type":"ListItem","position":2,"name":"Tenda","item":"https:\/\/www.marronglace.com\/gl\/tenda\/"},{"@type":"ListItem","position":3,"name":"Casta\u00f1a Confeitada con Cobertura de Chocolate Negro"}]},{"@type":"WebSite","@id":"https:\/\/www.marronglace.com\/gl\/#website","url":"https:\/\/www.marronglace.com\/gl\/","name":"Marron Glac\u00e9","description":"","publisher":{"@id":"https:\/\/www.marronglace.com\/gl\/#organization"},"potentialAction":[{"@type":"SearchAction","target":{"@type":"EntryPoint","urlTemplate":"https:\/\/www.marronglace.com\/gl\/?s={search_term_string}"},"query-input":{"@type":"PropertyValueSpecification","valueRequired":true,"valueName":"search_term_string"}}],"inLanguage":"gl-ES"},{"@type":"Organization","@id":"https:\/\/www.marronglace.com\/gl\/#organization","name":"Marron Glac\u00e9","url":"https:\/\/www.marronglace.com\/gl\/","logo":{"@type":"ImageObject","inLanguage":"gl-ES","@id":"https:\/\/www.marronglace.com\/gl\/#\/schema\/logo\/image\/","url":"https:\/\/www.marronglace.com\/wp-content\/uploads\/2023\/11\/logo-cuevas-cia-normal.png","contentUrl":"https:\/\/www.marronglace.com\/wp-content\/uploads\/2023\/11\/logo-cuevas-cia-normal.png","width":228,"height":57,"caption":"Marron Glac\u00e9"},"image":{"@id":"https:\/\/www.marronglace.com\/gl\/#\/schema\/logo\/image\/"}}]}},"_links":{"self":[{"href":"https:\/\/www.marronglace.com\/gl\/wp-json\/wp\/v2\/product\/2019","targetHints":{"allow":["GET"]}}],"collection":[{"href":"https:\/\/www.marronglace.com\/gl\/wp-json\/wp\/v2\/product"}],"about":[{"href":"https:\/\/www.marronglace.com\/gl\/wp-json\/wp\/v2\/types\/product"}],"wp:featuredmedia":[{"embeddable":true,"href":"https:\/\/www.marronglace.com\/gl\/wp-json\/wp\/v2\/media\/146"}],"wp:attachment":[{"href":"https:\/\/www.marronglace.com\/gl\/wp-json\/wp\/v2\/media?parent=2019"}],"wp:term":[{"taxonomy":"product_brand","embeddable":true,"href":"https:\/\/www.marronglace.com\/gl\/wp-json\/wp\/v2\/product_brand?post=2019"},{"taxonomy":"product_cat","embeddable":true,"href":"https:\/\/www.marronglace.com\/gl\/wp-json\/wp\/v2\/product_cat?post=2019"},{"taxonomy":"product_tag","embeddable":true,"href":"https:\/\/www.marronglace.com\/gl\/wp-json\/wp\/v2\/product_tag?post=2019"}],"curies":[{"name":"wp","href":"https:\/\/api.w.org\/{rel}","templated":true}]}}