{"id":2020,"date":"2023-11-16T01:53:09","date_gmt":"2023-11-16T00:53:09","guid":{"rendered":"https:\/\/www.marronglace.com\/producto\/marron-glace-ao-licor-de-pera-williams\/"},"modified":"2023-11-16T01:53:09","modified_gmt":"2023-11-16T00:53:09","slug":"marron-glace-ao-licor-de-pera-williams","status":"publish","type":"product","link":"https:\/\/www.marronglace.com\/gl\/producto\/marron-glace-ao-licor-de-pera-williams\/","title":{"rendered":"Marron Glac\u00e9 ao Licor de Pera Williams"},"content":{"rendered":"<p><strong>Ingredientes:<\/strong><br \/>\nCasta\u00f1a (57%), azucre, xarope de glicosa, augardente de pera Williams (1,8%), aroma de vainilla e conservador E223 (sulfitos).<\/p>\n<p>Manter nun lugar fresco e seco. Produto suxeito a desecaci\u00f3n. Unha vez aberto, manter en refrixeraci\u00f3n.<\/p>\n<p><strong>Valores nutricionais (g\/100g):<\/strong><br \/>\nValor enerx\u00e9tico: 271 Kcal &#8211; 1.148 kJ<br \/>\nGraxas: 0,8 g (das cales saturadas: 0,0 g)<br \/>\nHidratos de carbono: 62 g (das cales azucres: 48 g)<br \/>\nFibra alimentaria: 2,8g<br \/>\nProte\u00ednas: 1,1 g<br \/>\nSal: 0,06 g<\/p>\n","protected":false},"excerpt":{"rendered":"<p class=\"entrada\">O sabor de sempre do exclusivo marron glac\u00e9 confeitado no exquisito licor de pera Williams, que lle confire un delicado e sorprendente sabor afroitado que sorprende ao padal. Marron glac\u00e9 macerado ao licor de pera Williams, envolvido individualmente e envasado ao baleiro.<\/p>\n<p class=\"entrada\">Apto para cel\u00edacos.<br \/>\nTarro de Cristal. Peso neto: 160g<\/p>\n","protected":false},"featured_media":151,"template":"","meta":{"_acf_changed":false},"product_brand":[],"product_cat":[45],"product_tag":[],"class_list":{"0":"post-2020","1":"product","2":"type-product","3":"status-publish","4":"has-post-thumbnail","6":"product_cat-marron-glace-gl","7":"description-off","9":"first","10":"instock","11":"taxable","12":"shipping-taxable","13":"purchasable","14":"product-type-simple"},"acf":[],"yoast_head":"<!-- This site is optimized with the Yoast SEO plugin v27.4 - https:\/\/yoast.com\/product\/yoast-seo-wordpress\/ -->\n<title>Marron Glac\u00e9 ao Licor de Pera Williams - Marron Glac\u00e9<\/title>\n<meta name=\"robots\" content=\"index, follow, max-snippet:-1, max-image-preview:large, max-video-preview:-1\" \/>\n<link rel=\"canonical\" href=\"https:\/\/www.marronglace.com\/gl\/producto\/marron-glace-ao-licor-de-pera-williams\/\" \/>\n<meta property=\"og:locale\" content=\"gl_ES\" \/>\n<meta property=\"og:type\" content=\"article\" \/>\n<meta property=\"og:title\" content=\"Marron Glac\u00e9 ao Licor de Pera Williams - Marron Glac\u00e9\" \/>\n<meta property=\"og:description\" content=\"O sabor de sempre do exclusivo marron glac\u00e9 confeitado no exquisito licor de pera Williams, que lle confire un delicado e sorprendente sabor afroitado que sorprende ao padal. Marron glac\u00e9 macerado ao licor de pera Williams, envolvido individualmente e envasado ao baleiro. Apto para cel\u00edacos. Tarro de Cristal. Peso neto: 160g\" \/>\n<meta property=\"og:url\" content=\"https:\/\/www.marronglace.com\/gl\/producto\/marron-glace-ao-licor-de-pera-williams\/\" \/>\n<meta property=\"og:site_name\" content=\"Marron Glac\u00e9\" \/>\n<meta property=\"og:image\" content=\"https:\/\/www.marronglace.com\/wp-content\/uploads\/2023\/11\/marron-glace-classic-pera.jpg\" \/>\n\t<meta property=\"og:image:width\" content=\"510\" \/>\n\t<meta property=\"og:image:height\" content=\"510\" \/>\n\t<meta property=\"og:image:type\" content=\"image\/jpeg\" \/>\n<meta name=\"twitter:card\" content=\"summary_large_image\" \/>\n<script type=\"application\/ld+json\" class=\"yoast-schema-graph\">{\"@context\":\"https:\\\/\\\/schema.org\",\"@graph\":[{\"@type\":\"WebPage\",\"@id\":\"https:\\\/\\\/www.marronglace.com\\\/gl\\\/producto\\\/marron-glace-ao-licor-de-pera-williams\\\/\",\"url\":\"https:\\\/\\\/www.marronglace.com\\\/gl\\\/producto\\\/marron-glace-ao-licor-de-pera-williams\\\/\",\"name\":\"Marron Glac\u00e9 ao Licor de Pera Williams - Marron Glac\u00e9\",\"isPartOf\":{\"@id\":\"https:\\\/\\\/www.marronglace.com\\\/gl\\\/#website\"},\"primaryImageOfPage\":{\"@id\":\"https:\\\/\\\/www.marronglace.com\\\/gl\\\/producto\\\/marron-glace-ao-licor-de-pera-williams\\\/#primaryimage\"},\"image\":{\"@id\":\"https:\\\/\\\/www.marronglace.com\\\/gl\\\/producto\\\/marron-glace-ao-licor-de-pera-williams\\\/#primaryimage\"},\"thumbnailUrl\":\"https:\\\/\\\/www.marronglace.com\\\/wp-content\\\/uploads\\\/2023\\\/11\\\/marron-glace-classic-pera.jpg\",\"datePublished\":\"2023-11-16T00:53:09+00:00\",\"breadcrumb\":{\"@id\":\"https:\\\/\\\/www.marronglace.com\\\/gl\\\/producto\\\/marron-glace-ao-licor-de-pera-williams\\\/#breadcrumb\"},\"inLanguage\":\"gl-ES\",\"potentialAction\":[{\"@type\":\"ReadAction\",\"target\":[\"https:\\\/\\\/www.marronglace.com\\\/gl\\\/producto\\\/marron-glace-ao-licor-de-pera-williams\\\/\"]}]},{\"@type\":\"ImageObject\",\"inLanguage\":\"gl-ES\",\"@id\":\"https:\\\/\\\/www.marronglace.com\\\/gl\\\/producto\\\/marron-glace-ao-licor-de-pera-williams\\\/#primaryimage\",\"url\":\"https:\\\/\\\/www.marronglace.com\\\/wp-content\\\/uploads\\\/2023\\\/11\\\/marron-glace-classic-pera.jpg\",\"contentUrl\":\"https:\\\/\\\/www.marronglace.com\\\/wp-content\\\/uploads\\\/2023\\\/11\\\/marron-glace-classic-pera.jpg\",\"width\":510,\"height\":510},{\"@type\":\"BreadcrumbList\",\"@id\":\"https:\\\/\\\/www.marronglace.com\\\/gl\\\/producto\\\/marron-glace-ao-licor-de-pera-williams\\\/#breadcrumb\",\"itemListElement\":[{\"@type\":\"ListItem\",\"position\":1,\"name\":\"Portada\",\"item\":\"https:\\\/\\\/www.marronglace.com\\\/gl\\\/\"},{\"@type\":\"ListItem\",\"position\":2,\"name\":\"Tenda\",\"item\":\"https:\\\/\\\/www.marronglace.com\\\/gl\\\/tenda\\\/\"},{\"@type\":\"ListItem\",\"position\":3,\"name\":\"Marron Glac\u00e9 ao Licor de Pera Williams\"}]},{\"@type\":\"WebSite\",\"@id\":\"https:\\\/\\\/www.marronglace.com\\\/gl\\\/#website\",\"url\":\"https:\\\/\\\/www.marronglace.com\\\/gl\\\/\",\"name\":\"Marron Glac\u00e9\",\"description\":\"\",\"publisher\":{\"@id\":\"https:\\\/\\\/www.marronglace.com\\\/gl\\\/#organization\"},\"potentialAction\":[{\"@type\":\"SearchAction\",\"target\":{\"@type\":\"EntryPoint\",\"urlTemplate\":\"https:\\\/\\\/www.marronglace.com\\\/gl\\\/?s={search_term_string}\"},\"query-input\":{\"@type\":\"PropertyValueSpecification\",\"valueRequired\":true,\"valueName\":\"search_term_string\"}}],\"inLanguage\":\"gl-ES\"},{\"@type\":\"Organization\",\"@id\":\"https:\\\/\\\/www.marronglace.com\\\/gl\\\/#organization\",\"name\":\"Marron Glac\u00e9\",\"url\":\"https:\\\/\\\/www.marronglace.com\\\/gl\\\/\",\"logo\":{\"@type\":\"ImageObject\",\"inLanguage\":\"gl-ES\",\"@id\":\"https:\\\/\\\/www.marronglace.com\\\/gl\\\/#\\\/schema\\\/logo\\\/image\\\/\",\"url\":\"https:\\\/\\\/www.marronglace.com\\\/wp-content\\\/uploads\\\/2023\\\/11\\\/logo-cuevas-cia-normal.png\",\"contentUrl\":\"https:\\\/\\\/www.marronglace.com\\\/wp-content\\\/uploads\\\/2023\\\/11\\\/logo-cuevas-cia-normal.png\",\"width\":228,\"height\":57,\"caption\":\"Marron Glac\u00e9\"},\"image\":{\"@id\":\"https:\\\/\\\/www.marronglace.com\\\/gl\\\/#\\\/schema\\\/logo\\\/image\\\/\"}}]}<\/script>\n<!-- \/ Yoast SEO plugin. -->","yoast_head_json":{"title":"Marron Glac\u00e9 ao Licor de Pera Williams - Marron Glac\u00e9","robots":{"index":"index","follow":"follow","max-snippet":"max-snippet:-1","max-image-preview":"max-image-preview:large","max-video-preview":"max-video-preview:-1"},"canonical":"https:\/\/www.marronglace.com\/gl\/producto\/marron-glace-ao-licor-de-pera-williams\/","og_locale":"gl_ES","og_type":"article","og_title":"Marron Glac\u00e9 ao Licor de Pera Williams - Marron Glac\u00e9","og_description":"O sabor de sempre do exclusivo marron glac\u00e9 confeitado no exquisito licor de pera Williams, que lle confire un delicado e sorprendente sabor afroitado que sorprende ao padal. Marron glac\u00e9 macerado ao licor de pera Williams, envolvido individualmente e envasado ao baleiro. Apto para cel\u00edacos. Tarro de Cristal. Peso neto: 160g","og_url":"https:\/\/www.marronglace.com\/gl\/producto\/marron-glace-ao-licor-de-pera-williams\/","og_site_name":"Marron Glac\u00e9","og_image":[{"width":510,"height":510,"url":"https:\/\/www.marronglace.com\/wp-content\/uploads\/2023\/11\/marron-glace-classic-pera.jpg","type":"image\/jpeg"}],"twitter_card":"summary_large_image","schema":{"@context":"https:\/\/schema.org","@graph":[{"@type":"WebPage","@id":"https:\/\/www.marronglace.com\/gl\/producto\/marron-glace-ao-licor-de-pera-williams\/","url":"https:\/\/www.marronglace.com\/gl\/producto\/marron-glace-ao-licor-de-pera-williams\/","name":"Marron Glac\u00e9 ao Licor de Pera Williams - Marron Glac\u00e9","isPartOf":{"@id":"https:\/\/www.marronglace.com\/gl\/#website"},"primaryImageOfPage":{"@id":"https:\/\/www.marronglace.com\/gl\/producto\/marron-glace-ao-licor-de-pera-williams\/#primaryimage"},"image":{"@id":"https:\/\/www.marronglace.com\/gl\/producto\/marron-glace-ao-licor-de-pera-williams\/#primaryimage"},"thumbnailUrl":"https:\/\/www.marronglace.com\/wp-content\/uploads\/2023\/11\/marron-glace-classic-pera.jpg","datePublished":"2023-11-16T00:53:09+00:00","breadcrumb":{"@id":"https:\/\/www.marronglace.com\/gl\/producto\/marron-glace-ao-licor-de-pera-williams\/#breadcrumb"},"inLanguage":"gl-ES","potentialAction":[{"@type":"ReadAction","target":["https:\/\/www.marronglace.com\/gl\/producto\/marron-glace-ao-licor-de-pera-williams\/"]}]},{"@type":"ImageObject","inLanguage":"gl-ES","@id":"https:\/\/www.marronglace.com\/gl\/producto\/marron-glace-ao-licor-de-pera-williams\/#primaryimage","url":"https:\/\/www.marronglace.com\/wp-content\/uploads\/2023\/11\/marron-glace-classic-pera.jpg","contentUrl":"https:\/\/www.marronglace.com\/wp-content\/uploads\/2023\/11\/marron-glace-classic-pera.jpg","width":510,"height":510},{"@type":"BreadcrumbList","@id":"https:\/\/www.marronglace.com\/gl\/producto\/marron-glace-ao-licor-de-pera-williams\/#breadcrumb","itemListElement":[{"@type":"ListItem","position":1,"name":"Portada","item":"https:\/\/www.marronglace.com\/gl\/"},{"@type":"ListItem","position":2,"name":"Tenda","item":"https:\/\/www.marronglace.com\/gl\/tenda\/"},{"@type":"ListItem","position":3,"name":"Marron Glac\u00e9 ao Licor de Pera Williams"}]},{"@type":"WebSite","@id":"https:\/\/www.marronglace.com\/gl\/#website","url":"https:\/\/www.marronglace.com\/gl\/","name":"Marron Glac\u00e9","description":"","publisher":{"@id":"https:\/\/www.marronglace.com\/gl\/#organization"},"potentialAction":[{"@type":"SearchAction","target":{"@type":"EntryPoint","urlTemplate":"https:\/\/www.marronglace.com\/gl\/?s={search_term_string}"},"query-input":{"@type":"PropertyValueSpecification","valueRequired":true,"valueName":"search_term_string"}}],"inLanguage":"gl-ES"},{"@type":"Organization","@id":"https:\/\/www.marronglace.com\/gl\/#organization","name":"Marron Glac\u00e9","url":"https:\/\/www.marronglace.com\/gl\/","logo":{"@type":"ImageObject","inLanguage":"gl-ES","@id":"https:\/\/www.marronglace.com\/gl\/#\/schema\/logo\/image\/","url":"https:\/\/www.marronglace.com\/wp-content\/uploads\/2023\/11\/logo-cuevas-cia-normal.png","contentUrl":"https:\/\/www.marronglace.com\/wp-content\/uploads\/2023\/11\/logo-cuevas-cia-normal.png","width":228,"height":57,"caption":"Marron Glac\u00e9"},"image":{"@id":"https:\/\/www.marronglace.com\/gl\/#\/schema\/logo\/image\/"}}]}},"_links":{"self":[{"href":"https:\/\/www.marronglace.com\/gl\/wp-json\/wp\/v2\/product\/2020","targetHints":{"allow":["GET"]}}],"collection":[{"href":"https:\/\/www.marronglace.com\/gl\/wp-json\/wp\/v2\/product"}],"about":[{"href":"https:\/\/www.marronglace.com\/gl\/wp-json\/wp\/v2\/types\/product"}],"wp:featuredmedia":[{"embeddable":true,"href":"https:\/\/www.marronglace.com\/gl\/wp-json\/wp\/v2\/media\/151"}],"wp:attachment":[{"href":"https:\/\/www.marronglace.com\/gl\/wp-json\/wp\/v2\/media?parent=2020"}],"wp:term":[{"taxonomy":"product_brand","embeddable":true,"href":"https:\/\/www.marronglace.com\/gl\/wp-json\/wp\/v2\/product_brand?post=2020"},{"taxonomy":"product_cat","embeddable":true,"href":"https:\/\/www.marronglace.com\/gl\/wp-json\/wp\/v2\/product_cat?post=2020"},{"taxonomy":"product_tag","embeddable":true,"href":"https:\/\/www.marronglace.com\/gl\/wp-json\/wp\/v2\/product_tag?post=2020"}],"curies":[{"name":"wp","href":"https:\/\/api.w.org\/{rel}","templated":true}]}}