{"id":2028,"date":"2023-11-20T22:48:50","date_gmt":"2023-11-20T21:48:50","guid":{"rendered":"https:\/\/www.marronglace.com\/producto\/crema-de-marron-glace\/"},"modified":"2023-11-20T22:48:50","modified_gmt":"2023-11-20T21:48:50","slug":"crema-de-marron-glace","status":"publish","type":"product","link":"https:\/\/www.marronglace.com\/gl\/producto\/crema-de-marron-glace\/","title":{"rendered":"Crema de Marron Glac\u00e9"},"content":{"rendered":"<p><strong>Ingredientes:<\/strong><br \/>\nMarron Glac\u00e9 57% (casta\u00f1a 57%, azucre, xarope de glicosa, aroma de vainilla e conservador E223 (sulfitos)), casta\u00f1a 19%, auga e xarope de glicosa.<\/p>\n<p>Unha vez aberto conservar refrixerado. Elaborada con 51g de casta\u00f1a en 100 g de produto.<\/p>\n<p><strong>Valores nutricionais (g\/100g):<\/strong><br \/>\nValor enerx\u00e9tico: 251 Kcal &#8211; 1.066 kJ<br \/>\nGraxas: 0,5 g (das cales saturadas: 0,0 g)<br \/>\nHidratos de carbono: 60 g (das cales az\u00facares: 47 g)<br \/>\nFibra alimentaria: 2,3 g<br \/>\nProte\u00ednas: 0,9 g<br \/>\nSal: 0,06 g<\/p>\n","protected":false},"excerpt":{"rendered":"<p class=\"entrada\">Marron glac\u00e9 en crema listo para preparar unha sobremesa r\u00e1pida e diferente, acompa\u00f1ando un xeado, unha mousse de iogur, un anaco de queixo ou como recheo de cr\u00eapes e tortas.<\/p>\n<p class=\"entrada\">Crema de Marron Glac\u00e9.<br \/>\nApto para cel\u00edacos.<br \/>\nTarro de Cristal. Peso neto: 285g<\/p>\n","protected":false},"featured_media":943,"template":"","meta":{"_acf_changed":false},"product_brand":[],"product_cat":[46],"product_tag":[],"class_list":{"0":"post-2028","1":"product","2":"type-product","3":"status-publish","4":"has-post-thumbnail","6":"product_cat-cuevas-chef-gl","7":"description-off","9":"first","10":"instock","11":"taxable","12":"shipping-taxable","13":"purchasable","14":"product-type-simple"},"acf":[],"yoast_head":"<!-- This site is optimized with the Yoast SEO plugin v27.4 - https:\/\/yoast.com\/product\/yoast-seo-wordpress\/ -->\n<title>Crema de Marron Glac\u00e9 - Marron Glac\u00e9<\/title>\n<meta name=\"robots\" content=\"index, follow, max-snippet:-1, max-image-preview:large, max-video-preview:-1\" \/>\n<link rel=\"canonical\" href=\"https:\/\/www.marronglace.com\/gl\/producto\/crema-de-marron-glace\/\" \/>\n<meta property=\"og:locale\" content=\"gl_ES\" \/>\n<meta property=\"og:type\" content=\"article\" \/>\n<meta property=\"og:title\" content=\"Crema de Marron Glac\u00e9 - Marron Glac\u00e9\" \/>\n<meta property=\"og:description\" content=\"Marron glac\u00e9 en crema listo para preparar unha sobremesa r\u00e1pida e diferente, acompa\u00f1ando un xeado, unha mousse de iogur, un anaco de queixo ou como recheo de cr\u00eapes e tortas. Crema de Marron Glac\u00e9. Apto para cel\u00edacos. Tarro de Cristal. Peso neto: 285g\" \/>\n<meta property=\"og:url\" content=\"https:\/\/www.marronglace.com\/gl\/producto\/crema-de-marron-glace\/\" \/>\n<meta property=\"og:site_name\" content=\"Marron Glac\u00e9\" \/>\n<meta property=\"og:image\" content=\"https:\/\/www.marronglace.biz\/wp-content\/uploads\/2023\/11\/cuevas-chef-crema-isolated.png\" \/>\n\t<meta property=\"og:image:width\" content=\"510\" \/>\n\t<meta property=\"og:image:height\" content=\"510\" \/>\n\t<meta property=\"og:image:type\" content=\"image\/png\" \/>\n<meta name=\"twitter:card\" content=\"summary_large_image\" \/>\n<script type=\"application\/ld+json\" class=\"yoast-schema-graph\">{\"@context\":\"https:\\\/\\\/schema.org\",\"@graph\":[{\"@type\":\"WebPage\",\"@id\":\"https:\\\/\\\/www.marronglace.com\\\/gl\\\/producto\\\/crema-de-marron-glace\\\/\",\"url\":\"https:\\\/\\\/www.marronglace.com\\\/gl\\\/producto\\\/crema-de-marron-glace\\\/\",\"name\":\"Crema de Marron Glac\u00e9 - Marron Glac\u00e9\",\"isPartOf\":{\"@id\":\"https:\\\/\\\/www.marronglace.com\\\/gl\\\/#website\"},\"primaryImageOfPage\":{\"@id\":\"https:\\\/\\\/www.marronglace.com\\\/gl\\\/producto\\\/crema-de-marron-glace\\\/#primaryimage\"},\"image\":{\"@id\":\"https:\\\/\\\/www.marronglace.com\\\/gl\\\/producto\\\/crema-de-marron-glace\\\/#primaryimage\"},\"thumbnailUrl\":\"https:\\\/\\\/www.marronglace.com\\\/wp-content\\\/uploads\\\/2023\\\/11\\\/cuevas-chef-crema-isolated.png\",\"datePublished\":\"2023-11-20T21:48:50+00:00\",\"breadcrumb\":{\"@id\":\"https:\\\/\\\/www.marronglace.com\\\/gl\\\/producto\\\/crema-de-marron-glace\\\/#breadcrumb\"},\"inLanguage\":\"gl-ES\",\"potentialAction\":[{\"@type\":\"ReadAction\",\"target\":[\"https:\\\/\\\/www.marronglace.com\\\/gl\\\/producto\\\/crema-de-marron-glace\\\/\"]}]},{\"@type\":\"ImageObject\",\"inLanguage\":\"gl-ES\",\"@id\":\"https:\\\/\\\/www.marronglace.com\\\/gl\\\/producto\\\/crema-de-marron-glace\\\/#primaryimage\",\"url\":\"https:\\\/\\\/www.marronglace.com\\\/wp-content\\\/uploads\\\/2023\\\/11\\\/cuevas-chef-crema-isolated.png\",\"contentUrl\":\"https:\\\/\\\/www.marronglace.com\\\/wp-content\\\/uploads\\\/2023\\\/11\\\/cuevas-chef-crema-isolated.png\",\"width\":510,\"height\":510,\"caption\":\"Crema de Marron Glac\u00e9\"},{\"@type\":\"BreadcrumbList\",\"@id\":\"https:\\\/\\\/www.marronglace.com\\\/gl\\\/producto\\\/crema-de-marron-glace\\\/#breadcrumb\",\"itemListElement\":[{\"@type\":\"ListItem\",\"position\":1,\"name\":\"Portada\",\"item\":\"https:\\\/\\\/www.marronglace.com\\\/gl\\\/\"},{\"@type\":\"ListItem\",\"position\":2,\"name\":\"Tenda\",\"item\":\"https:\\\/\\\/www.marronglace.com\\\/gl\\\/tenda\\\/\"},{\"@type\":\"ListItem\",\"position\":3,\"name\":\"Crema de Marron Glac\u00e9\"}]},{\"@type\":\"WebSite\",\"@id\":\"https:\\\/\\\/www.marronglace.com\\\/gl\\\/#website\",\"url\":\"https:\\\/\\\/www.marronglace.com\\\/gl\\\/\",\"name\":\"Marron Glac\u00e9\",\"description\":\"\",\"publisher\":{\"@id\":\"https:\\\/\\\/www.marronglace.com\\\/gl\\\/#organization\"},\"potentialAction\":[{\"@type\":\"SearchAction\",\"target\":{\"@type\":\"EntryPoint\",\"urlTemplate\":\"https:\\\/\\\/www.marronglace.com\\\/gl\\\/?s={search_term_string}\"},\"query-input\":{\"@type\":\"PropertyValueSpecification\",\"valueRequired\":true,\"valueName\":\"search_term_string\"}}],\"inLanguage\":\"gl-ES\"},{\"@type\":\"Organization\",\"@id\":\"https:\\\/\\\/www.marronglace.com\\\/gl\\\/#organization\",\"name\":\"Marron Glac\u00e9\",\"url\":\"https:\\\/\\\/www.marronglace.com\\\/gl\\\/\",\"logo\":{\"@type\":\"ImageObject\",\"inLanguage\":\"gl-ES\",\"@id\":\"https:\\\/\\\/www.marronglace.com\\\/gl\\\/#\\\/schema\\\/logo\\\/image\\\/\",\"url\":\"https:\\\/\\\/www.marronglace.com\\\/wp-content\\\/uploads\\\/2023\\\/11\\\/logo-cuevas-cia-normal.png\",\"contentUrl\":\"https:\\\/\\\/www.marronglace.com\\\/wp-content\\\/uploads\\\/2023\\\/11\\\/logo-cuevas-cia-normal.png\",\"width\":228,\"height\":57,\"caption\":\"Marron Glac\u00e9\"},\"image\":{\"@id\":\"https:\\\/\\\/www.marronglace.com\\\/gl\\\/#\\\/schema\\\/logo\\\/image\\\/\"}}]}<\/script>\n<!-- \/ Yoast SEO plugin. -->","yoast_head_json":{"title":"Crema de Marron Glac\u00e9 - Marron Glac\u00e9","robots":{"index":"index","follow":"follow","max-snippet":"max-snippet:-1","max-image-preview":"max-image-preview:large","max-video-preview":"max-video-preview:-1"},"canonical":"https:\/\/www.marronglace.com\/gl\/producto\/crema-de-marron-glace\/","og_locale":"gl_ES","og_type":"article","og_title":"Crema de Marron Glac\u00e9 - Marron Glac\u00e9","og_description":"Marron glac\u00e9 en crema listo para preparar unha sobremesa r\u00e1pida e diferente, acompa\u00f1ando un xeado, unha mousse de iogur, un anaco de queixo ou como recheo de cr\u00eapes e tortas. Crema de Marron Glac\u00e9. Apto para cel\u00edacos. Tarro de Cristal. Peso neto: 285g","og_url":"https:\/\/www.marronglace.com\/gl\/producto\/crema-de-marron-glace\/","og_site_name":"Marron Glac\u00e9","og_image":[{"width":510,"height":510,"url":"https:\/\/www.marronglace.biz\/wp-content\/uploads\/2023\/11\/cuevas-chef-crema-isolated.png","type":"image\/png"}],"twitter_card":"summary_large_image","schema":{"@context":"https:\/\/schema.org","@graph":[{"@type":"WebPage","@id":"https:\/\/www.marronglace.com\/gl\/producto\/crema-de-marron-glace\/","url":"https:\/\/www.marronglace.com\/gl\/producto\/crema-de-marron-glace\/","name":"Crema de Marron Glac\u00e9 - Marron Glac\u00e9","isPartOf":{"@id":"https:\/\/www.marronglace.com\/gl\/#website"},"primaryImageOfPage":{"@id":"https:\/\/www.marronglace.com\/gl\/producto\/crema-de-marron-glace\/#primaryimage"},"image":{"@id":"https:\/\/www.marronglace.com\/gl\/producto\/crema-de-marron-glace\/#primaryimage"},"thumbnailUrl":"https:\/\/www.marronglace.com\/wp-content\/uploads\/2023\/11\/cuevas-chef-crema-isolated.png","datePublished":"2023-11-20T21:48:50+00:00","breadcrumb":{"@id":"https:\/\/www.marronglace.com\/gl\/producto\/crema-de-marron-glace\/#breadcrumb"},"inLanguage":"gl-ES","potentialAction":[{"@type":"ReadAction","target":["https:\/\/www.marronglace.com\/gl\/producto\/crema-de-marron-glace\/"]}]},{"@type":"ImageObject","inLanguage":"gl-ES","@id":"https:\/\/www.marronglace.com\/gl\/producto\/crema-de-marron-glace\/#primaryimage","url":"https:\/\/www.marronglace.com\/wp-content\/uploads\/2023\/11\/cuevas-chef-crema-isolated.png","contentUrl":"https:\/\/www.marronglace.com\/wp-content\/uploads\/2023\/11\/cuevas-chef-crema-isolated.png","width":510,"height":510,"caption":"Crema de Marron Glac\u00e9"},{"@type":"BreadcrumbList","@id":"https:\/\/www.marronglace.com\/gl\/producto\/crema-de-marron-glace\/#breadcrumb","itemListElement":[{"@type":"ListItem","position":1,"name":"Portada","item":"https:\/\/www.marronglace.com\/gl\/"},{"@type":"ListItem","position":2,"name":"Tenda","item":"https:\/\/www.marronglace.com\/gl\/tenda\/"},{"@type":"ListItem","position":3,"name":"Crema de Marron Glac\u00e9"}]},{"@type":"WebSite","@id":"https:\/\/www.marronglace.com\/gl\/#website","url":"https:\/\/www.marronglace.com\/gl\/","name":"Marron Glac\u00e9","description":"","publisher":{"@id":"https:\/\/www.marronglace.com\/gl\/#organization"},"potentialAction":[{"@type":"SearchAction","target":{"@type":"EntryPoint","urlTemplate":"https:\/\/www.marronglace.com\/gl\/?s={search_term_string}"},"query-input":{"@type":"PropertyValueSpecification","valueRequired":true,"valueName":"search_term_string"}}],"inLanguage":"gl-ES"},{"@type":"Organization","@id":"https:\/\/www.marronglace.com\/gl\/#organization","name":"Marron Glac\u00e9","url":"https:\/\/www.marronglace.com\/gl\/","logo":{"@type":"ImageObject","inLanguage":"gl-ES","@id":"https:\/\/www.marronglace.com\/gl\/#\/schema\/logo\/image\/","url":"https:\/\/www.marronglace.com\/wp-content\/uploads\/2023\/11\/logo-cuevas-cia-normal.png","contentUrl":"https:\/\/www.marronglace.com\/wp-content\/uploads\/2023\/11\/logo-cuevas-cia-normal.png","width":228,"height":57,"caption":"Marron Glac\u00e9"},"image":{"@id":"https:\/\/www.marronglace.com\/gl\/#\/schema\/logo\/image\/"}}]}},"_links":{"self":[{"href":"https:\/\/www.marronglace.com\/gl\/wp-json\/wp\/v2\/product\/2028","targetHints":{"allow":["GET"]}}],"collection":[{"href":"https:\/\/www.marronglace.com\/gl\/wp-json\/wp\/v2\/product"}],"about":[{"href":"https:\/\/www.marronglace.com\/gl\/wp-json\/wp\/v2\/types\/product"}],"wp:featuredmedia":[{"embeddable":true,"href":"https:\/\/www.marronglace.com\/gl\/wp-json\/wp\/v2\/media\/943"}],"wp:attachment":[{"href":"https:\/\/www.marronglace.com\/gl\/wp-json\/wp\/v2\/media?parent=2028"}],"wp:term":[{"taxonomy":"product_brand","embeddable":true,"href":"https:\/\/www.marronglace.com\/gl\/wp-json\/wp\/v2\/product_brand?post=2028"},{"taxonomy":"product_cat","embeddable":true,"href":"https:\/\/www.marronglace.com\/gl\/wp-json\/wp\/v2\/product_cat?post=2028"},{"taxonomy":"product_tag","embeddable":true,"href":"https:\/\/www.marronglace.com\/gl\/wp-json\/wp\/v2\/product_tag?post=2028"}],"curies":[{"name":"wp","href":"https:\/\/api.w.org\/{rel}","templated":true}]}}