{"id":2035,"date":"2023-11-20T23:12:34","date_gmt":"2023-11-20T22:12:34","guid":{"rendered":"https:\/\/www.marronglace.com\/producto\/marron-glace-1kg\/"},"modified":"2023-11-20T23:12:34","modified_gmt":"2023-11-20T22:12:34","slug":"marron-glace-1kg","status":"publish","type":"product","link":"https:\/\/www.marronglace.com\/gl\/producto\/marron-glace-1kg\/","title":{"rendered":"Marron Glac\u00e9 1Kg"},"content":{"rendered":"<p><strong>Ingredientes:<\/strong><br \/>\nCasta\u00f1a (57%), azucre, xarope de glicosa, sabor a vainilla e conservante E223 (sulfitos).<\/p>\n<p>Manter nun lugar fresco e seco. Produto suxeito a desecaci\u00f3n. Unha vez aberto, manter en refrixeraci\u00f3n. Cont\u00e9n unha bolsi\u00f1a absorbedora de os\u00edxeno, non consumir.<\/p>\n<p><strong>Valores nutricionais (g\/100g):<\/strong><br \/>\nValor enerx\u00e9tico: 311 Kcal &#8211; 1.322 kJ<br \/>\nGraxas: 0,2 g (das cales saturadas: 0,0 g)<br \/>\nHidratos de carbono: 75 g (das cales azucres: 58 g)<br \/>\nFibra alimentaria: 2,8g<br \/>\nProte\u00ednas: 1,2 g<br \/>\nSal: 0,04 g<\/p>\n","protected":false},"excerpt":{"rendered":"<p class=\"entrada\">O noso produto m\u00e1is co\u00f1ecido, o orixinal. Un produto natural 100 % e unha receita mestra perfeccionada ao longo dos nosos m\u00e1is de 30 anos de experiencia.<\/p>\n<p class=\"entrada\">Marron glac\u00e9 envolvido individualmente envasado ao baleiro.<br \/>\nApto para cel\u00edacos.<br \/>\nTarro de Cristal. Peso neto: 1000g (42 unidades)<\/p>\n","protected":false},"featured_media":228,"template":"","meta":{"_acf_changed":false},"product_brand":[],"product_cat":[47,45],"product_tag":[],"class_list":{"0":"post-2035","1":"product","2":"type-product","3":"status-publish","4":"has-post-thumbnail","6":"product_cat-horeca-gl","7":"product_cat-marron-glace-gl","8":"description-off","10":"first","11":"instock","12":"taxable","13":"shipping-taxable","14":"purchasable","15":"product-type-simple"},"acf":[],"yoast_head":"<!-- This site is optimized with the Yoast SEO plugin v27.4 - https:\/\/yoast.com\/product\/yoast-seo-wordpress\/ -->\n<title>Marron Glac\u00e9 1Kg - Marron Glac\u00e9<\/title>\n<meta name=\"robots\" content=\"index, follow, max-snippet:-1, max-image-preview:large, max-video-preview:-1\" \/>\n<link rel=\"canonical\" href=\"https:\/\/www.marronglace.com\/gl\/producto\/marron-glace-1kg\/\" \/>\n<meta property=\"og:locale\" content=\"gl_ES\" \/>\n<meta property=\"og:type\" content=\"article\" \/>\n<meta property=\"og:title\" content=\"Marron Glac\u00e9 1Kg - Marron Glac\u00e9\" \/>\n<meta property=\"og:description\" content=\"O noso produto m\u00e1is co\u00f1ecido, o orixinal. Un produto natural 100 % e unha receita mestra perfeccionada ao longo dos nosos m\u00e1is de 30 anos de experiencia. Marron glac\u00e9 envolvido individualmente envasado ao baleiro. Apto para cel\u00edacos. Tarro de Cristal. Peso neto: 1000g (42 unidades)\" \/>\n<meta property=\"og:url\" content=\"https:\/\/www.marronglace.com\/gl\/producto\/marron-glace-1kg\/\" \/>\n<meta property=\"og:site_name\" content=\"Marron Glac\u00e9\" \/>\n<meta property=\"og:image\" content=\"https:\/\/www.cuevasycia.com\/wp-content\/uploads\/2023\/11\/mg-horeca-1kg.jpg\" \/>\n\t<meta property=\"og:image:width\" content=\"510\" \/>\n\t<meta property=\"og:image:height\" content=\"510\" \/>\n\t<meta property=\"og:image:type\" content=\"image\/jpeg\" \/>\n<meta name=\"twitter:card\" content=\"summary_large_image\" \/>\n<script type=\"application\/ld+json\" class=\"yoast-schema-graph\">{\"@context\":\"https:\\\/\\\/schema.org\",\"@graph\":[{\"@type\":\"WebPage\",\"@id\":\"https:\\\/\\\/www.marronglace.com\\\/gl\\\/producto\\\/marron-glace-1kg\\\/\",\"url\":\"https:\\\/\\\/www.marronglace.com\\\/gl\\\/producto\\\/marron-glace-1kg\\\/\",\"name\":\"Marron Glac\u00e9 1Kg - Marron Glac\u00e9\",\"isPartOf\":{\"@id\":\"https:\\\/\\\/www.marronglace.com\\\/gl\\\/#website\"},\"primaryImageOfPage\":{\"@id\":\"https:\\\/\\\/www.marronglace.com\\\/gl\\\/producto\\\/marron-glace-1kg\\\/#primaryimage\"},\"image\":{\"@id\":\"https:\\\/\\\/www.marronglace.com\\\/gl\\\/producto\\\/marron-glace-1kg\\\/#primaryimage\"},\"thumbnailUrl\":\"https:\\\/\\\/www.marronglace.com\\\/wp-content\\\/uploads\\\/2023\\\/11\\\/mg-horeca-1kg.jpg\",\"datePublished\":\"2023-11-20T22:12:34+00:00\",\"breadcrumb\":{\"@id\":\"https:\\\/\\\/www.marronglace.com\\\/gl\\\/producto\\\/marron-glace-1kg\\\/#breadcrumb\"},\"inLanguage\":\"gl-ES\",\"potentialAction\":[{\"@type\":\"ReadAction\",\"target\":[\"https:\\\/\\\/www.marronglace.com\\\/gl\\\/producto\\\/marron-glace-1kg\\\/\"]}]},{\"@type\":\"ImageObject\",\"inLanguage\":\"gl-ES\",\"@id\":\"https:\\\/\\\/www.marronglace.com\\\/gl\\\/producto\\\/marron-glace-1kg\\\/#primaryimage\",\"url\":\"https:\\\/\\\/www.marronglace.com\\\/wp-content\\\/uploads\\\/2023\\\/11\\\/mg-horeca-1kg.jpg\",\"contentUrl\":\"https:\\\/\\\/www.marronglace.com\\\/wp-content\\\/uploads\\\/2023\\\/11\\\/mg-horeca-1kg.jpg\",\"width\":510,\"height\":510,\"caption\":\"Marron Glac\u00e9\"},{\"@type\":\"BreadcrumbList\",\"@id\":\"https:\\\/\\\/www.marronglace.com\\\/gl\\\/producto\\\/marron-glace-1kg\\\/#breadcrumb\",\"itemListElement\":[{\"@type\":\"ListItem\",\"position\":1,\"name\":\"Portada\",\"item\":\"https:\\\/\\\/www.marronglace.com\\\/gl\\\/\"},{\"@type\":\"ListItem\",\"position\":2,\"name\":\"Tenda\",\"item\":\"https:\\\/\\\/www.marronglace.com\\\/gl\\\/tenda\\\/\"},{\"@type\":\"ListItem\",\"position\":3,\"name\":\"Marron Glac\u00e9 1Kg\"}]},{\"@type\":\"WebSite\",\"@id\":\"https:\\\/\\\/www.marronglace.com\\\/gl\\\/#website\",\"url\":\"https:\\\/\\\/www.marronglace.com\\\/gl\\\/\",\"name\":\"Marron Glac\u00e9\",\"description\":\"\",\"publisher\":{\"@id\":\"https:\\\/\\\/www.marronglace.com\\\/gl\\\/#organization\"},\"potentialAction\":[{\"@type\":\"SearchAction\",\"target\":{\"@type\":\"EntryPoint\",\"urlTemplate\":\"https:\\\/\\\/www.marronglace.com\\\/gl\\\/?s={search_term_string}\"},\"query-input\":{\"@type\":\"PropertyValueSpecification\",\"valueRequired\":true,\"valueName\":\"search_term_string\"}}],\"inLanguage\":\"gl-ES\"},{\"@type\":\"Organization\",\"@id\":\"https:\\\/\\\/www.marronglace.com\\\/gl\\\/#organization\",\"name\":\"Marron Glac\u00e9\",\"url\":\"https:\\\/\\\/www.marronglace.com\\\/gl\\\/\",\"logo\":{\"@type\":\"ImageObject\",\"inLanguage\":\"gl-ES\",\"@id\":\"https:\\\/\\\/www.marronglace.com\\\/gl\\\/#\\\/schema\\\/logo\\\/image\\\/\",\"url\":\"https:\\\/\\\/www.marronglace.com\\\/wp-content\\\/uploads\\\/2023\\\/11\\\/logo-cuevas-cia-normal.png\",\"contentUrl\":\"https:\\\/\\\/www.marronglace.com\\\/wp-content\\\/uploads\\\/2023\\\/11\\\/logo-cuevas-cia-normal.png\",\"width\":228,\"height\":57,\"caption\":\"Marron Glac\u00e9\"},\"image\":{\"@id\":\"https:\\\/\\\/www.marronglace.com\\\/gl\\\/#\\\/schema\\\/logo\\\/image\\\/\"}}]}<\/script>\n<!-- \/ Yoast SEO plugin. -->","yoast_head_json":{"title":"Marron Glac\u00e9 1Kg - Marron Glac\u00e9","robots":{"index":"index","follow":"follow","max-snippet":"max-snippet:-1","max-image-preview":"max-image-preview:large","max-video-preview":"max-video-preview:-1"},"canonical":"https:\/\/www.marronglace.com\/gl\/producto\/marron-glace-1kg\/","og_locale":"gl_ES","og_type":"article","og_title":"Marron Glac\u00e9 1Kg - Marron Glac\u00e9","og_description":"O noso produto m\u00e1is co\u00f1ecido, o orixinal. Un produto natural 100 % e unha receita mestra perfeccionada ao longo dos nosos m\u00e1is de 30 anos de experiencia. Marron glac\u00e9 envolvido individualmente envasado ao baleiro. Apto para cel\u00edacos. Tarro de Cristal. Peso neto: 1000g (42 unidades)","og_url":"https:\/\/www.marronglace.com\/gl\/producto\/marron-glace-1kg\/","og_site_name":"Marron Glac\u00e9","og_image":[{"width":510,"height":510,"url":"https:\/\/www.cuevasycia.com\/wp-content\/uploads\/2023\/11\/mg-horeca-1kg.jpg","type":"image\/jpeg"}],"twitter_card":"summary_large_image","schema":{"@context":"https:\/\/schema.org","@graph":[{"@type":"WebPage","@id":"https:\/\/www.marronglace.com\/gl\/producto\/marron-glace-1kg\/","url":"https:\/\/www.marronglace.com\/gl\/producto\/marron-glace-1kg\/","name":"Marron Glac\u00e9 1Kg - Marron Glac\u00e9","isPartOf":{"@id":"https:\/\/www.marronglace.com\/gl\/#website"},"primaryImageOfPage":{"@id":"https:\/\/www.marronglace.com\/gl\/producto\/marron-glace-1kg\/#primaryimage"},"image":{"@id":"https:\/\/www.marronglace.com\/gl\/producto\/marron-glace-1kg\/#primaryimage"},"thumbnailUrl":"https:\/\/www.marronglace.com\/wp-content\/uploads\/2023\/11\/mg-horeca-1kg.jpg","datePublished":"2023-11-20T22:12:34+00:00","breadcrumb":{"@id":"https:\/\/www.marronglace.com\/gl\/producto\/marron-glace-1kg\/#breadcrumb"},"inLanguage":"gl-ES","potentialAction":[{"@type":"ReadAction","target":["https:\/\/www.marronglace.com\/gl\/producto\/marron-glace-1kg\/"]}]},{"@type":"ImageObject","inLanguage":"gl-ES","@id":"https:\/\/www.marronglace.com\/gl\/producto\/marron-glace-1kg\/#primaryimage","url":"https:\/\/www.marronglace.com\/wp-content\/uploads\/2023\/11\/mg-horeca-1kg.jpg","contentUrl":"https:\/\/www.marronglace.com\/wp-content\/uploads\/2023\/11\/mg-horeca-1kg.jpg","width":510,"height":510,"caption":"Marron Glac\u00e9"},{"@type":"BreadcrumbList","@id":"https:\/\/www.marronglace.com\/gl\/producto\/marron-glace-1kg\/#breadcrumb","itemListElement":[{"@type":"ListItem","position":1,"name":"Portada","item":"https:\/\/www.marronglace.com\/gl\/"},{"@type":"ListItem","position":2,"name":"Tenda","item":"https:\/\/www.marronglace.com\/gl\/tenda\/"},{"@type":"ListItem","position":3,"name":"Marron Glac\u00e9 1Kg"}]},{"@type":"WebSite","@id":"https:\/\/www.marronglace.com\/gl\/#website","url":"https:\/\/www.marronglace.com\/gl\/","name":"Marron Glac\u00e9","description":"","publisher":{"@id":"https:\/\/www.marronglace.com\/gl\/#organization"},"potentialAction":[{"@type":"SearchAction","target":{"@type":"EntryPoint","urlTemplate":"https:\/\/www.marronglace.com\/gl\/?s={search_term_string}"},"query-input":{"@type":"PropertyValueSpecification","valueRequired":true,"valueName":"search_term_string"}}],"inLanguage":"gl-ES"},{"@type":"Organization","@id":"https:\/\/www.marronglace.com\/gl\/#organization","name":"Marron Glac\u00e9","url":"https:\/\/www.marronglace.com\/gl\/","logo":{"@type":"ImageObject","inLanguage":"gl-ES","@id":"https:\/\/www.marronglace.com\/gl\/#\/schema\/logo\/image\/","url":"https:\/\/www.marronglace.com\/wp-content\/uploads\/2023\/11\/logo-cuevas-cia-normal.png","contentUrl":"https:\/\/www.marronglace.com\/wp-content\/uploads\/2023\/11\/logo-cuevas-cia-normal.png","width":228,"height":57,"caption":"Marron Glac\u00e9"},"image":{"@id":"https:\/\/www.marronglace.com\/gl\/#\/schema\/logo\/image\/"}}]}},"_links":{"self":[{"href":"https:\/\/www.marronglace.com\/gl\/wp-json\/wp\/v2\/product\/2035","targetHints":{"allow":["GET"]}}],"collection":[{"href":"https:\/\/www.marronglace.com\/gl\/wp-json\/wp\/v2\/product"}],"about":[{"href":"https:\/\/www.marronglace.com\/gl\/wp-json\/wp\/v2\/types\/product"}],"wp:featuredmedia":[{"embeddable":true,"href":"https:\/\/www.marronglace.com\/gl\/wp-json\/wp\/v2\/media\/228"}],"wp:attachment":[{"href":"https:\/\/www.marronglace.com\/gl\/wp-json\/wp\/v2\/media?parent=2035"}],"wp:term":[{"taxonomy":"product_brand","embeddable":true,"href":"https:\/\/www.marronglace.com\/gl\/wp-json\/wp\/v2\/product_brand?post=2035"},{"taxonomy":"product_cat","embeddable":true,"href":"https:\/\/www.marronglace.com\/gl\/wp-json\/wp\/v2\/product_cat?post=2035"},{"taxonomy":"product_tag","embeddable":true,"href":"https:\/\/www.marronglace.com\/gl\/wp-json\/wp\/v2\/product_tag?post=2035"}],"curies":[{"name":"wp","href":"https:\/\/api.w.org\/{rel}","templated":true}]}}